{"id":884,"date":"2019-09-27T23:20:37","date_gmt":"2019-09-27T21:20:37","guid":{"rendered":"http:\/\/evoluscience.fr\/?page_id=884"},"modified":"2019-09-27T23:20:37","modified_gmt":"2019-09-27T21:20:37","slug":"conclusion","status":"publish","type":"page","link":"https:\/\/www.evoluscience.fr\/index.php\/cycle-4\/quatrieme-2\/quatrieme\/chapitre-1-la-transmission-de-la-vie-chez-lhomme\/activite-6\/conclusion\/","title":{"rendered":"Conclusion"},"content":{"rendered":"<div id=\"modal-ready\">\n<div class=\"wp-block-themeisle-blocks-advanced-columns has-1-columns has-desktop-equal-layout has-tablet-equal-layout has-mobile-equal-layout has-default-gap has-vertical-unset\" id=\"wp-block-themeisle-blocks-advanced-columns-90adb475\" style=\"border-width:0px;border-style:solid;border-color:#000000;border-radius:0px;justify-content:unset\"><div class=\"wp-themeisle-block-overlay\" style=\"opacity:0.5;mix-blend-mode:normal\"><\/div><div class=\"innerblocks-wrap\">\n<div class=\"wp-block-themeisle-blocks-advanced-column\" id=\"wp-block-themeisle-blocks-advanced-column-50743283\" style=\"border-width:0px;border-style:solid;border-color:#000000;border-radius:0px\">\n<p class=\"has-text-color has-drop-cap has-vivid-red-color\">La fertilit\u00e9\nest l\u2019aptitude \u00e0 la procr\u00e9ation.<\/p>\n\n\n\n<p class=\"has-text-color has-vivid-red-color\">Or, de plus\nen plus de couples ont des difficult\u00e9s \u00e0 concevoir. \n\nPour les aider, des centres d\u2019Aide M\u00e9dicale \u00e0 la Procr\u00e9ation leur\nproposent des ins\u00e9minations artificielles et des f\u00e9condations in vitro (avec\nleur ovule et spermatozo\u00efde ou via des dons).\n\n\n\n<\/p>\n<\/div>\n<\/div><\/div>\n<\/div>","protected":false},"excerpt":{"rendered":"","protected":false},"author":1,"featured_media":0,"parent":881,"menu_order":0,"comment_status":"closed","ping_status":"closed","template":"","meta":{"om_disable_all_campaigns":false,"_monsterinsights_skip_tracking":false,"_monsterinsights_sitenote_active":false,"_monsterinsights_sitenote_note":"","_monsterinsights_sitenote_category":0,"_themeisle_gutenberg_block_has_review":false,"footnotes":""},"c2tw_page_folder":[],"class_list":["post-884","page","type-page","status-publish","hentry"],"aioseo_notices":[],"_links":{"self":[{"href":"https:\/\/www.evoluscience.fr\/index.php\/wp-json\/wp\/v2\/pages\/884","targetHints":{"allow":["GET"]}}],"collection":[{"href":"https:\/\/www.evoluscience.fr\/index.php\/wp-json\/wp\/v2\/pages"}],"about":[{"href":"https:\/\/www.evoluscience.fr\/index.php\/wp-json\/wp\/v2\/types\/page"}],"author":[{"embeddable":true,"href":"https:\/\/www.evoluscience.fr\/index.php\/wp-json\/wp\/v2\/users\/1"}],"replies":[{"embeddable":true,"href":"https:\/\/www.evoluscience.fr\/index.php\/wp-json\/wp\/v2\/comments?post=884"}],"version-history":[{"count":0,"href":"https:\/\/www.evoluscience.fr\/index.php\/wp-json\/wp\/v2\/pages\/884\/revisions"}],"up":[{"embeddable":true,"href":"https:\/\/www.evoluscience.fr\/index.php\/wp-json\/wp\/v2\/pages\/881"}],"wp:attachment":[{"href":"https:\/\/www.evoluscience.fr\/index.php\/wp-json\/wp\/v2\/media?parent=884"}],"wp:term":[{"taxonomy":"c2tw_page_folder","embeddable":true,"href":"https:\/\/www.evoluscience.fr\/index.php\/wp-json\/wp\/v2\/c2tw_page_folder?post=884"}],"curies":[{"name":"wp","href":"https:\/\/api.w.org\/{rel}","templated":true}]}}