{"id":874,"date":"2019-09-27T23:12:26","date_gmt":"2019-09-27T21:12:26","guid":{"rendered":"http:\/\/evoluscience.fr\/?page_id=874"},"modified":"2024-08-19T13:31:25","modified_gmt":"2024-08-19T11:31:25","slug":"capsule","status":"publish","type":"page","link":"https:\/\/www.evoluscience.fr\/index.php\/cycle-4\/quatrieme-2\/quatrieme\/chapitre-1-la-transmission-de-la-vie-chez-lhomme\/activite-5\/capsule\/","title":{"rendered":"Capsule"},"content":{"rendered":"\n<div id=\"wp-block-themeisle-blocks-advanced-columns-e65e3928\" class=\"wp-block-themeisle-blocks-advanced-columns has-1-columns has-desktop-equal-layout has-tablet-equal-layout has-mobile-equal-layout has-vertical-unset\"><div class=\"wp-block-themeisle-blocks-advanced-columns-overlay\"><\/div><div class=\"innerblocks-wrap\">\n<div id=\"wp-block-themeisle-blocks-advanced-column-df7e0910\" class=\"wp-block-themeisle-blocks-advanced-column\">\n<p>A partir de recherches documentaires, r\u00e9aliser une carte d\u2019id\u00e9es expliquant l\u2019action d\u2019une drogue sur l\u2019organisme (Nom, r\u00e9sum\u00e9 d\u2019histoire, fabrication, action sur le syst\u00e8me nerveux, cons\u00e9quences sur l\u2019organisme, ce que dit la loi).<\/p>\n\n\n\n<p>Au choix : alcool, h\u00e9ro\u00efne, coca\u00efne, cannabis<\/p>\n\n\n\n<p>Rappel : Les capsules se r\u00e9alisent toujours sur une feuille.<\/p>\n\n\n\n<p>A r\u00e9aliser pour la s\u00e9ance Chp2Act3<\/p>\n<\/div>\n<\/div><\/div>\n","protected":false},"excerpt":{"rendered":"","protected":false},"author":1,"featured_media":0,"parent":866,"menu_order":3,"comment_status":"closed","ping_status":"closed","template":"","meta":{"_monsterinsights_skip_tracking":false,"_monsterinsights_sitenote_active":false,"_monsterinsights_sitenote_note":"","_monsterinsights_sitenote_category":0,"_themeisle_gutenberg_block_has_review":false,"footnotes":""},"c2tw_page_folder":[],"class_list":["post-874","page","type-page","status-publish","hentry"],"_links":{"self":[{"href":"https:\/\/www.evoluscience.fr\/index.php\/wp-json\/wp\/v2\/pages\/874","targetHints":{"allow":["GET"]}}],"collection":[{"href":"https:\/\/www.evoluscience.fr\/index.php\/wp-json\/wp\/v2\/pages"}],"about":[{"href":"https:\/\/www.evoluscience.fr\/index.php\/wp-json\/wp\/v2\/types\/page"}],"author":[{"embeddable":true,"href":"https:\/\/www.evoluscience.fr\/index.php\/wp-json\/wp\/v2\/users\/1"}],"replies":[{"embeddable":true,"href":"https:\/\/www.evoluscience.fr\/index.php\/wp-json\/wp\/v2\/comments?post=874"}],"version-history":[{"count":0,"href":"https:\/\/www.evoluscience.fr\/index.php\/wp-json\/wp\/v2\/pages\/874\/revisions"}],"up":[{"embeddable":true,"href":"https:\/\/www.evoluscience.fr\/index.php\/wp-json\/wp\/v2\/pages\/866"}],"wp:attachment":[{"href":"https:\/\/www.evoluscience.fr\/index.php\/wp-json\/wp\/v2\/media?parent=874"}],"wp:term":[{"taxonomy":"c2tw_page_folder","embeddable":true,"href":"https:\/\/www.evoluscience.fr\/index.php\/wp-json\/wp\/v2\/c2tw_page_folder?post=874"}],"curies":[{"name":"wp","href":"https:\/\/api.w.org\/{rel}","templated":true}]}}