{"id":852,"date":"2019-09-27T22:59:39","date_gmt":"2019-09-27T20:59:39","guid":{"rendered":"http:\/\/evoluscience.fr\/?page_id=852"},"modified":"2025-09-21T20:39:14","modified_gmt":"2025-09-21T18:39:14","slug":"activite-4","status":"publish","type":"page","link":"https:\/\/www.evoluscience.fr\/index.php\/cycle-4\/quatrieme-2\/quatrieme\/chapitre-1-la-transmission-de-la-vie-chez-lhomme\/activite-4\/","title":{"rendered":"Activit\u00e9 4"},"content":{"rendered":"\n<div id=\"wp-block-themeisle-blocks-advanced-columns-4993579f\" class=\"wp-block-themeisle-blocks-advanced-columns has-1-columns has-desktop-equal-layout has-tablet-equal-layout has-mobile-equal-layout has-vertical-unset\"><div class=\"wp-block-themeisle-blocks-advanced-columns-overlay\"><\/div><div class=\"innerblocks-wrap\">\n<div id=\"wp-block-themeisle-blocks-advanced-column-0e37a1e8\" class=\"wp-block-themeisle-blocks-advanced-column\">\n<p><iframe loading=\"lazy\" src=\"https:\/\/anchor.fm\/laure-emilie-verkest\/embed\/episodes\/4-PC-Chp1Act4-ejtoaa\" height=\"102px\" width=\"400px\" frameborder=\"0\" scrolling=\"no\"><\/iframe><\/p>\n\n\n\n<div style=\"height:100px\" aria-hidden=\"true\" class=\"wp-block-spacer\"><\/div>\n\n\n\n<figure class=\"wp-block-video\"><video height=\"360\" style=\"aspect-ratio: 640 \/ 360;\" width=\"640\" controls src=\"http:\/\/evoluscience.fr\/wp-content\/uploads\/2019\/09\/4-PC-Chp1AcT4.m4v\"><\/video><\/figure>\n\n\n\n<p><\/p>\n\n\n\n<div style=\"height:31px\" aria-hidden=\"true\" class=\"wp-block-spacer\"><\/div>\n\n\n\n<p class=\"has-vivid-green-cyan-color has-text-color\"><strong>Quels sont les\n\u00e9changes entre la m\u00e8re et le futur b\u00e9b\u00e9 pendant la grossesse? <\/strong><\/p>\n\n\n\n<p class=\"has-vivid-green-cyan-color has-text-color\"><strong>Comment se\nr\u00e9alise l&rsquo;accouchement?<\/strong><\/p>\n\n\n\n<div style=\"height:42px\" aria-hidden=\"true\" class=\"wp-block-spacer\"><\/div>\n\n\n\n<p class=\"has-background\" style=\"background-color:#ffebc2\">Activit\u00e9 4&nbsp;: A partir de recherches documentaires et d\u2019une vid\u00e9o, expliquer comment se r\u00e9alisent les \u00e9changes entre la m\u00e8re et le futur b\u00e9b\u00e9 pendant la grossesse et comment se d\u00e9roule un accouchement (court texte).<\/p>\n\n\n\n<div style=\"height:64px\" aria-hidden=\"true\" class=\"wp-block-spacer\"><\/div>\n\n\n\n<p><em>Comp\u00e9tences travaill\u00e9es&nbsp;:<\/em><\/p>\n\n\n\n<ul class=\"wp-block-list\">\n<li><em>Utiliser des outils de recherche<\/em><\/li>\n\n\n\n<li><em>D\u00e9velopper son esprit critique<\/em><\/li>\n<\/ul>\n\n\n\n<div style=\"height:55px\" aria-hidden=\"true\" class=\"wp-block-spacer\"><\/div>\n\n\n\n<p>Vid\u00e9o de l&rsquo;accouchement<\/p>\n\n\n\n<figure class=\"wp-block-video\"><video height=\"240\" style=\"aspect-ratio: 320 \/ 240;\" width=\"320\" controls poster=\"https:\/\/www.evoluscience.fr\/wp-content\/uploads\/2024\/08\/Accouchement-naturel-en-direct-Le-deroulement-de-laccouchement-normale-mp4-image.png\" src=\"https:\/\/www.evoluscience.fr\/wp-content\/uploads\/2024\/08\/Accouchement-naturel-en-direct-Le-deroulement-de-laccouchement-normale.mp4\"><\/video><\/figure>\n\n\n\n<p>Source : <a href=\"https:\/\/www.youtube.com\/watch?v=HJRxvosicaA\" target=\"_blank\" rel=\"noopener\" title=\"\">https:\/\/www.youtube.com\/watch?v=HJRxvosicaA<\/a><\/p>\n\n\n\n<div style=\"height:100px\" aria-hidden=\"true\" class=\"wp-block-spacer\"><\/div>\n\n\n\n<p>A vous de chercher comment se r\u00e9alise la communication entre la m\u00e8re et le foetus !<\/p>\n\n\n\n<p><\/p>\n\n\n\n<div style=\"height:45px\" aria-hidden=\"true\" class=\"wp-block-spacer\"><\/div>\n\n\n<div class=\"wp-block-image is-resized\">\n<figure class=\"aligncenter\"><a href=\"http:\/\/evoluscience.fr\/index.php\/cycle-4\/quatrieme-2\/quatrieme\/chapitre-1-la-transmission-de-la-vie-chez-lhomme\/activite-4\/conclusion\/\" target=\"_blank\" rel=\"noreferrer noopener\"><img loading=\"lazy\" decoding=\"async\" width=\"538\" height=\"538\" src=\"http:\/\/evoluscience.fr\/wp-content\/uploads\/2019\/09\/conclusion.png\" alt=\"\" class=\"wp-image-370\" srcset=\"https:\/\/www.evoluscience.fr\/wp-content\/uploads\/2019\/09\/conclusion.png 538w, https:\/\/www.evoluscience.fr\/wp-content\/uploads\/2019\/09\/conclusion-150x150.png 150w, https:\/\/www.evoluscience.fr\/wp-content\/uploads\/2019\/09\/conclusion-300x300.png 300w, https:\/\/www.evoluscience.fr\/wp-content\/uploads\/2019\/09\/conclusion-520x520.png 520w\" sizes=\"auto, (max-width: 538px) 100vw, 538px\" \/><\/a><\/figure>\n<\/div>\n\n<div class=\"wp-block-image is-resized\">\n<figure class=\"aligncenter\"><a href=\"http:\/\/evoluscience.fr\/index.php\/cycle-4\/quatrieme-2\/quatrieme\/chapitre-1-la-transmission-de-la-vie-chez-lhomme\/activite-4\/devoirs\/\" target=\"_blank\" rel=\"noreferrer noopener\"><img loading=\"lazy\" decoding=\"async\" width=\"538\" height=\"538\" src=\"http:\/\/evoluscience.fr\/wp-content\/uploads\/2019\/09\/devoirs.png\" alt=\"\" class=\"wp-image-428\" srcset=\"https:\/\/www.evoluscience.fr\/wp-content\/uploads\/2019\/09\/devoirs.png 538w, https:\/\/www.evoluscience.fr\/wp-content\/uploads\/2019\/09\/devoirs-150x150.png 150w, https:\/\/www.evoluscience.fr\/wp-content\/uploads\/2019\/09\/devoirs-300x300.png 300w, https:\/\/www.evoluscience.fr\/wp-content\/uploads\/2019\/09\/devoirs-520x520.png 520w\" sizes=\"auto, (max-width: 538px) 100vw, 538px\" \/><\/a><\/figure>\n<\/div>\n\n<div class=\"wp-block-image is-resized\">\n<figure class=\"aligncenter\"><a href=\"http:\/\/evoluscience.fr\/index.php\/cycle-4\/quatrieme-2\/quatrieme\/chapitre-1-la-transmission-de-la-vie-chez-lhomme\/activite-4\/learning-apps\/\" target=\"_blank\" rel=\"noreferrer noopener\"><img loading=\"lazy\" decoding=\"async\" width=\"499\" height=\"503\" src=\"http:\/\/evoluscience.fr\/wp-content\/uploads\/2019\/09\/learning-apps.jpg\" alt=\"\" class=\"wp-image-431\" srcset=\"https:\/\/www.evoluscience.fr\/wp-content\/uploads\/2019\/09\/learning-apps.jpg 499w, https:\/\/www.evoluscience.fr\/wp-content\/uploads\/2019\/09\/learning-apps-150x150.jpg 150w, https:\/\/www.evoluscience.fr\/wp-content\/uploads\/2019\/09\/learning-apps-298x300.jpg 298w\" sizes=\"auto, (max-width: 499px) 100vw, 499px\" \/><\/a><\/figure>\n<\/div><\/div>\n<\/div><\/div>\n\n\n<div class=\"wp-block-image is-resized\">\n<figure class=\"aligncenter size-large\"><a href=\"https:\/\/evoluscience.fr\/wp-content\/uploads\/2020\/03\/4-PC-Chp1Act4-FC.pdf\" target=\"_blank\" rel=\"noopener noreferrer\"><img loading=\"lazy\" decoding=\"async\" width=\"735\" height=\"735\" src=\"https:\/\/evoluscience.fr\/wp-content\/uploads\/2020\/03\/pjiece_jointe-1.png\" alt=\"\" class=\"wp-image-4366\" srcset=\"https:\/\/www.evoluscience.fr\/wp-content\/uploads\/2020\/03\/pjiece_jointe-1.png 735w, https:\/\/www.evoluscience.fr\/wp-content\/uploads\/2020\/03\/pjiece_jointe-1-300x300.png 300w, https:\/\/www.evoluscience.fr\/wp-content\/uploads\/2020\/03\/pjiece_jointe-1-150x150.png 150w, https:\/\/www.evoluscience.fr\/wp-content\/uploads\/2020\/03\/pjiece_jointe-1-520x520.png 520w\" sizes=\"auto, (max-width: 735px) 100vw, 735px\" \/><\/a><\/figure>\n<\/div>","protected":false},"excerpt":{"rendered":"","protected":false},"author":1,"featured_media":0,"parent":772,"menu_order":5,"comment_status":"closed","ping_status":"closed","template":"","meta":{"_monsterinsights_skip_tracking":false,"_monsterinsights_sitenote_active":false,"_monsterinsights_sitenote_note":"","_monsterinsights_sitenote_category":0,"_themeisle_gutenberg_block_has_review":false,"footnotes":""},"class_list":["post-852","page","type-page","status-publish","hentry"],"_links":{"self":[{"href":"https:\/\/www.evoluscience.fr\/index.php\/wp-json\/wp\/v2\/pages\/852","targetHints":{"allow":["GET"]}}],"collection":[{"href":"https:\/\/www.evoluscience.fr\/index.php\/wp-json\/wp\/v2\/pages"}],"about":[{"href":"https:\/\/www.evoluscience.fr\/index.php\/wp-json\/wp\/v2\/types\/page"}],"author":[{"embeddable":true,"href":"https:\/\/www.evoluscience.fr\/index.php\/wp-json\/wp\/v2\/users\/1"}],"replies":[{"embeddable":true,"href":"https:\/\/www.evoluscience.fr\/index.php\/wp-json\/wp\/v2\/comments?post=852"}],"version-history":[{"count":0,"href":"https:\/\/www.evoluscience.fr\/index.php\/wp-json\/wp\/v2\/pages\/852\/revisions"}],"up":[{"embeddable":true,"href":"https:\/\/www.evoluscience.fr\/index.php\/wp-json\/wp\/v2\/pages\/772"}],"wp:attachment":[{"href":"https:\/\/www.evoluscience.fr\/index.php\/wp-json\/wp\/v2\/media?parent=852"}],"curies":[{"name":"wp","href":"https:\/\/api.w.org\/{rel}","templated":true}]}}