{"id":842,"date":"2019-09-27T22:45:28","date_gmt":"2019-09-27T20:45:28","guid":{"rendered":"http:\/\/evoluscience.fr\/?page_id=842"},"modified":"2019-09-27T22:45:29","modified_gmt":"2019-09-27T20:45:29","slug":"conclusion","status":"publish","type":"page","link":"https:\/\/www.evoluscience.fr\/index.php\/cycle-4\/quatrieme-2\/quatrieme\/chapitre-1-la-transmission-de-la-vie-chez-lhomme\/activite-3\/conclusion\/","title":{"rendered":"Conclusion"},"content":{"rendered":"\n<div class=\"wp-block-themeisle-blocks-advanced-columns has-1-columns has-desktop-equal-layout has-tablet-equal-layout has-mobile-equal-layout has-default-gap has-vertical-unset\" id=\"wp-block-themeisle-blocks-advanced-columns-14f4fc54\" style=\"border-width:0px;border-style:solid;border-color:#000000;border-radius:0px;justify-content:unset\"><div class=\"wp-themeisle-block-overlay\" style=\"opacity:0.5;mix-blend-mode:normal\"><\/div><div class=\"innerblocks-wrap\">\n<div class=\"wp-block-themeisle-blocks-advanced-column\" id=\"wp-block-themeisle-blocks-advanced-column-203ca0ce\" style=\"border-width:0px;border-style:solid;border-color:#000000;border-radius:0px\">\n<p class=\"has-text-color has-drop-cap has-vivid-red-color\">Lors du rapport sexuel, les spermatozo\u00efdes\nsont d\u00e9pos\u00e9s au niveau du vagin. La f\u00e9condation a lieu dans l&rsquo;une des trompes\nformant une cellule-\u0153uf. La p\u00e9riode de f\u00e9condit\u00e9 est d\u2019environ 5 jours au cours\ndu cycle.<\/p>\n\n\n\n<p class=\"has-text-color has-vivid-red-color\">L\u2019embryon humain r\u00e9sulte des divisions de\nla cellule-\u0153uf &nbsp;qui se produisent dans\nles heures suivant un rapport sexuel. L\u2019embryon s\u2019implante dans l\u2019ut\u00e9rus\n(=nidation) &nbsp;puis s\u2019y d\u00e9veloppe. Si\nl\u2019implantation a lieu, la muqueuse ut\u00e9rine n\u2019est pas \u00e9limin\u00e9e: l\u2019absence de\nr\u00e8gles est l\u2019un des premiers signes de la grossesse.<\/p>\n\n\n\n<p class=\"has-text-color has-vivid-red-color\">L\u2019embryon grandit beaucoup plus vite \u00e0\npartir de deux mois&nbsp;: il devient un f\u0153tus.<\/p>\n<\/div>\n<\/div><\/div>\n","protected":false},"excerpt":{"rendered":"","protected":false},"author":1,"featured_media":0,"parent":838,"menu_order":0,"comment_status":"closed","ping_status":"closed","template":"","meta":{"_monsterinsights_skip_tracking":false,"_monsterinsights_sitenote_active":false,"_monsterinsights_sitenote_note":"","_monsterinsights_sitenote_category":0,"_themeisle_gutenberg_block_has_review":false,"footnotes":""},"class_list":["post-842","page","type-page","status-publish","hentry"],"_links":{"self":[{"href":"https:\/\/www.evoluscience.fr\/index.php\/wp-json\/wp\/v2\/pages\/842","targetHints":{"allow":["GET"]}}],"collection":[{"href":"https:\/\/www.evoluscience.fr\/index.php\/wp-json\/wp\/v2\/pages"}],"about":[{"href":"https:\/\/www.evoluscience.fr\/index.php\/wp-json\/wp\/v2\/types\/page"}],"author":[{"embeddable":true,"href":"https:\/\/www.evoluscience.fr\/index.php\/wp-json\/wp\/v2\/users\/1"}],"replies":[{"embeddable":true,"href":"https:\/\/www.evoluscience.fr\/index.php\/wp-json\/wp\/v2\/comments?post=842"}],"version-history":[{"count":0,"href":"https:\/\/www.evoluscience.fr\/index.php\/wp-json\/wp\/v2\/pages\/842\/revisions"}],"up":[{"embeddable":true,"href":"https:\/\/www.evoluscience.fr\/index.php\/wp-json\/wp\/v2\/pages\/838"}],"wp:attachment":[{"href":"https:\/\/www.evoluscience.fr\/index.php\/wp-json\/wp\/v2\/media?parent=842"}],"curies":[{"name":"wp","href":"https:\/\/api.w.org\/{rel}","templated":true}]}}