{"id":838,"date":"2019-09-27T22:41:09","date_gmt":"2019-09-27T20:41:09","guid":{"rendered":"http:\/\/evoluscience.fr\/?page_id=838"},"modified":"2025-09-21T20:38:21","modified_gmt":"2025-09-21T18:38:21","slug":"activite-3","status":"publish","type":"page","link":"https:\/\/www.evoluscience.fr\/index.php\/cycle-4\/quatrieme-2\/quatrieme\/chapitre-1-la-transmission-de-la-vie-chez-lhomme\/activite-3\/","title":{"rendered":"Activit\u00e9 3"},"content":{"rendered":"<div id=\"modal-ready\">\n<div id=\"wp-block-themeisle-blocks-advanced-columns-d0caf6d4\" class=\"wp-block-themeisle-blocks-advanced-columns has-1-columns has-desktop-equal-layout has-tablet-equal-layout has-mobile-equal-layout has-vertical-unset\"><div class=\"wp-block-themeisle-blocks-advanced-columns-overlay\"><\/div><div class=\"innerblocks-wrap\">\n<div id=\"wp-block-themeisle-blocks-advanced-column-8c87ce23\" class=\"wp-block-themeisle-blocks-advanced-column\">\n<p><iframe loading=\"lazy\" src=\"https:\/\/anchor.fm\/laure-emilie-verkest\/embed\/episodes\/4-PC-Chp1Act3-ejm7aa\/a-a37ivju\" height=\"102px\" width=\"400px\" frameborder=\"0\" scrolling=\"no\"><\/iframe><\/p>\n\n\n\n<div style=\"height:100px\" aria-hidden=\"true\" class=\"wp-block-spacer\"><\/div>\n\n\n\n<p class=\"has-vivid-red-color has-text-color has-large-font-size\">II. <strong>La formation d\u2019une nouvelle vie<\/strong><\/p>\n\n\n\n<div style=\"height:41px\" aria-hidden=\"true\" class=\"wp-block-spacer\"><\/div>\n\n\n\n<figure class=\"wp-block-video\"><video height=\"360\" style=\"aspect-ratio: 640 \/ 360;\" width=\"640\" controls src=\"http:\/\/evoluscience.fr\/wp-content\/uploads\/2019\/09\/4-PC-Chp1AcT3.m4v\"><\/video><\/figure>\n\n\n\n<div style=\"height:30px\" aria-hidden=\"true\" class=\"wp-block-spacer\"><\/div>\n\n\n\n<p class=\"has-vivid-green-cyan-color has-text-color\"><strong>Comment une nouvelle vie peut-elle \u00eatre cr\u00e9\u00e9e? Comment se d\u00e9veloppe le futur b\u00e9b\u00e9?<\/strong> <\/p>\n\n\n\n<div style=\"height:43px\" aria-hidden=\"true\" class=\"wp-block-spacer\"><\/div>\n\n\n\n<p class=\"has-background\" style=\"background-color:#fbe5ad\">Activit\u00e9 3&nbsp;: A partir de diff\u00e9rents ateliers, expliquer comment une nouvelle vie peut \u00eatre cr\u00e9\u00e9e et comment elle se d\u00e9veloppe durant la grossesse sous forme d\u2019une carte d\u2019id\u00e9es, d\u2019un sparkvid\u00e9o, d\u2019une bande dessin\u00e9e ou d\u2019un texte .<\/p>\n\n\n\n<div style=\"height:41px\" aria-hidden=\"true\" class=\"wp-block-spacer\"><\/div>\n\n\n\n<p><em>Comp\u00e9tences travaill\u00e9es&nbsp;:<\/em><\/p>\n\n\n\n<ul class=\"wp-block-list\">\n<li><em>Traduire des informations par un sch\u00e9ma<\/em><\/li>\n\n\n\n<li><em>Planifier le travail en groupe<\/em><\/li>\n\n\n\n<li><em>Cr\u00e9ation de document num\u00e9rique<\/em><\/li>\n\n\n\n<li><em>Inventer une production<\/em><\/li>\n<\/ul>\n\n\n\n<div style=\"height:44px\" aria-hidden=\"true\" class=\"wp-block-spacer\"><\/div>\n\n\n<a href=\"https:\/\/www.evoluscience.fr\/wp-content\/uploads\/2022\/09\/4-PC-Chp1Act3-AtelierA.pdf\" class=\"pdfemb-viewer\" style=\"\" data-width=\"max\" data-height=\"max\" data-toolbar=\"top\" data-toolbar-fixed=\"off\">4-PC-Chp1Act3-AtelierA<\/a>\n\n<a href=\"https:\/\/www.evoluscience.fr\/wp-content\/uploads\/2022\/09\/4-PC-Chp1Act3-AtelierB.pdf\" class=\"pdfemb-viewer\" style=\"\" data-width=\"max\" data-height=\"max\" data-toolbar=\"top\" data-toolbar-fixed=\"off\">4-PC-Chp1Act3-AtelierB<\/a>\n\n<a href=\"https:\/\/www.evoluscience.fr\/wp-content\/uploads\/2022\/09\/4-PC-Chp1Act3-AtelierC.pdf\" class=\"pdfemb-viewer\" style=\"\" data-width=\"max\" data-height=\"max\" data-toolbar=\"top\" data-toolbar-fixed=\"off\">4-PC-Chp1Act3-AtelierC<\/a>\n\n<a href=\"https:\/\/www.evoluscience.fr\/wp-content\/uploads\/2022\/09\/4-PC-Chp1Act3-AtelierD.pdf\" class=\"pdfemb-viewer\" style=\"\" data-width=\"max\" data-height=\"max\" data-toolbar=\"top\" data-toolbar-fixed=\"off\">4-PC-Chp1Act3-AtelierD<\/a>\n\n\n<figure class=\"wp-block-video\"><video height=\"1080\" style=\"aspect-ratio: 1920 \/ 1080;\" width=\"1920\" controls poster=\"https:\/\/www.evoluscience.fr\/wp-content\/uploads\/2024\/08\/GROSSESSE-Levolution-du-foetus-mois-par-mois-mp4-image.png\" src=\"https:\/\/www.evoluscience.fr\/wp-content\/uploads\/2024\/08\/GROSSESSE-Levolution-du-foetus-mois-par-mois.mp4\"><\/video><\/figure>\n\n\n\n<p>Source : <a href=\"https:\/\/www.youtube.com\/watch?v=puyFshDemwM\" target=\"_blank\" rel=\"noopener\" title=\"\">https:\/\/www.youtube.com\/watch?v=puyFshDemwM<\/a><\/p>\n\n\n\n<div style=\"height:48px\" aria-hidden=\"true\" class=\"wp-block-spacer\"><\/div>\n\n\n\n<p>Si vous avez l&rsquo;occasion de voir le film \u00ab\u00a0Le miracle de la vie\u00a0\u00bb, n&rsquo;h\u00e9sitez pas! Il est tr\u00e8s int\u00e9ressant!<\/p>\n\n\n\n<div style=\"height:68px\" aria-hidden=\"true\" class=\"wp-block-spacer\"><\/div>\n\n\n<div class=\"wp-block-image\">\n<figure class=\"aligncenter is-resized\"><a href=\"http:\/\/evoluscience.fr\/index.php\/cycle-4\/quatrieme-2\/quatrieme\/chapitre-1-la-transmission-de-la-vie-chez-lhomme\/activite-3\/conclusion\/\" target=\"_blank\" rel=\"noreferrer noopener\"><img loading=\"lazy\" decoding=\"async\" width=\"538\" height=\"538\" src=\"http:\/\/evoluscience.fr\/wp-content\/uploads\/2019\/09\/conclusion.png\" alt=\"\" class=\"wp-image-370\" style=\"width:327px;height:327px\" srcset=\"https:\/\/www.evoluscience.fr\/wp-content\/uploads\/2019\/09\/conclusion.png 538w, https:\/\/www.evoluscience.fr\/wp-content\/uploads\/2019\/09\/conclusion-150x150.png 150w, https:\/\/www.evoluscience.fr\/wp-content\/uploads\/2019\/09\/conclusion-300x300.png 300w, https:\/\/www.evoluscience.fr\/wp-content\/uploads\/2019\/09\/conclusion-520x520.png 520w\" sizes=\"auto, (max-width: 538px) 100vw, 538px\" \/><\/a><\/figure>\n<\/div>\n\n<div class=\"wp-block-image\">\n<figure class=\"aligncenter is-resized\"><a href=\"http:\/\/evoluscience.fr\/index.php\/cycle-4\/quatrieme-2\/quatrieme\/chapitre-1-la-transmission-de-la-vie-chez-lhomme\/activite-3\/capsule\/\" target=\"_blank\" rel=\"noreferrer noopener\"><img loading=\"lazy\" decoding=\"async\" width=\"538\" height=\"538\" src=\"http:\/\/evoluscience.fr\/wp-content\/uploads\/2019\/09\/capsule.png\" alt=\"\" class=\"wp-image-427\" style=\"width:344px;height:344px\" srcset=\"https:\/\/www.evoluscience.fr\/wp-content\/uploads\/2019\/09\/capsule.png 538w, https:\/\/www.evoluscience.fr\/wp-content\/uploads\/2019\/09\/capsule-150x150.png 150w, https:\/\/www.evoluscience.fr\/wp-content\/uploads\/2019\/09\/capsule-300x300.png 300w, https:\/\/www.evoluscience.fr\/wp-content\/uploads\/2019\/09\/capsule-520x520.png 520w\" sizes=\"auto, (max-width: 538px) 100vw, 538px\" \/><\/a><\/figure>\n<\/div>\n\n<div class=\"wp-block-image\">\n<figure class=\"aligncenter is-resized\"><a href=\"http:\/\/evoluscience.fr\/index.php\/cycle-4\/quatrieme-2\/quatrieme\/chapitre-1-la-transmission-de-la-vie-chez-lhomme\/activite-3\/learning-apps\/\" target=\"_blank\" rel=\"noreferrer noopener\"><img loading=\"lazy\" decoding=\"async\" width=\"499\" height=\"503\" src=\"http:\/\/evoluscience.fr\/wp-content\/uploads\/2019\/09\/learning-apps.jpg\" alt=\"\" class=\"wp-image-431\" style=\"width:265px;height:266px\" srcset=\"https:\/\/www.evoluscience.fr\/wp-content\/uploads\/2019\/09\/learning-apps.jpg 499w, https:\/\/www.evoluscience.fr\/wp-content\/uploads\/2019\/09\/learning-apps-150x150.jpg 150w, https:\/\/www.evoluscience.fr\/wp-content\/uploads\/2019\/09\/learning-apps-298x300.jpg 298w\" sizes=\"auto, (max-width: 499px) 100vw, 499px\" \/><\/a><\/figure>\n<\/div>\n\n<div class=\"wp-block-image\">\n<figure class=\"aligncenter is-resized\"><a href=\"https:\/\/www.lumni.fr\/video\/la-regulation-du-cycle-ovarien\" target=\"_blank\" rel=\"noreferrer noopener\"><img loading=\"lazy\" decoding=\"async\" width=\"538\" height=\"538\" src=\"http:\/\/evoluscience.fr\/wp-content\/uploads\/2019\/09\/bonus-1.png\" alt=\"\" class=\"wp-image-372\" style=\"width:305px;height:305px\" srcset=\"https:\/\/www.evoluscience.fr\/wp-content\/uploads\/2019\/09\/bonus-1.png 538w, https:\/\/www.evoluscience.fr\/wp-content\/uploads\/2019\/09\/bonus-1-150x150.png 150w, https:\/\/www.evoluscience.fr\/wp-content\/uploads\/2019\/09\/bonus-1-300x300.png 300w, https:\/\/www.evoluscience.fr\/wp-content\/uploads\/2019\/09\/bonus-1-520x520.png 520w\" sizes=\"auto, (max-width: 538px) 100vw, 538px\" \/><\/a><\/figure>\n<\/div><\/div>\n<\/div><\/div>\n\n\n<div class=\"wp-block-image\">\n<figure class=\"aligncenter size-large is-resized\"><a href=\"https:\/\/evoluscience.fr\/wp-content\/uploads\/2020\/03\/4-PC-Chp1Act3-FC.pdf\" target=\"_blank\" rel=\"noopener noreferrer\"><img loading=\"lazy\" decoding=\"async\" width=\"735\" height=\"735\" src=\"https:\/\/evoluscience.fr\/wp-content\/uploads\/2020\/03\/pjiece_jointe-1.png\" alt=\"\" class=\"wp-image-4366\" style=\"width:350px;height:350px\" srcset=\"https:\/\/www.evoluscience.fr\/wp-content\/uploads\/2020\/03\/pjiece_jointe-1.png 735w, https:\/\/www.evoluscience.fr\/wp-content\/uploads\/2020\/03\/pjiece_jointe-1-300x300.png 300w, https:\/\/www.evoluscience.fr\/wp-content\/uploads\/2020\/03\/pjiece_jointe-1-150x150.png 150w, https:\/\/www.evoluscience.fr\/wp-content\/uploads\/2020\/03\/pjiece_jointe-1-520x520.png 520w\" sizes=\"auto, (max-width: 735px) 100vw, 735px\" \/><\/a><\/figure>\n<\/div><\/div>","protected":false},"excerpt":{"rendered":"","protected":false},"author":1,"featured_media":0,"parent":772,"menu_order":4,"comment_status":"closed","ping_status":"closed","template":"","meta":{"om_disable_all_campaigns":false,"_monsterinsights_skip_tracking":false,"_monsterinsights_sitenote_active":false,"_monsterinsights_sitenote_note":"","_monsterinsights_sitenote_category":0,"_themeisle_gutenberg_block_has_review":false,"footnotes":""},"c2tw_page_folder":[],"class_list":["post-838","page","type-page","status-publish","hentry"],"aioseo_notices":[],"_links":{"self":[{"href":"https:\/\/www.evoluscience.fr\/index.php\/wp-json\/wp\/v2\/pages\/838","targetHints":{"allow":["GET"]}}],"collection":[{"href":"https:\/\/www.evoluscience.fr\/index.php\/wp-json\/wp\/v2\/pages"}],"about":[{"href":"https:\/\/www.evoluscience.fr\/index.php\/wp-json\/wp\/v2\/types\/page"}],"author":[{"embeddable":true,"href":"https:\/\/www.evoluscience.fr\/index.php\/wp-json\/wp\/v2\/users\/1"}],"replies":[{"embeddable":true,"href":"https:\/\/www.evoluscience.fr\/index.php\/wp-json\/wp\/v2\/comments?post=838"}],"version-history":[{"count":4,"href":"https:\/\/www.evoluscience.fr\/index.php\/wp-json\/wp\/v2\/pages\/838\/revisions"}],"predecessor-version":[{"id":12637,"href":"https:\/\/www.evoluscience.fr\/index.php\/wp-json\/wp\/v2\/pages\/838\/revisions\/12637"}],"up":[{"embeddable":true,"href":"https:\/\/www.evoluscience.fr\/index.php\/wp-json\/wp\/v2\/pages\/772"}],"wp:attachment":[{"href":"https:\/\/www.evoluscience.fr\/index.php\/wp-json\/wp\/v2\/media?parent=838"}],"wp:term":[{"taxonomy":"c2tw_page_folder","embeddable":true,"href":"https:\/\/www.evoluscience.fr\/index.php\/wp-json\/wp\/v2\/c2tw_page_folder?post=838"}],"curies":[{"name":"wp","href":"https:\/\/api.w.org\/{rel}","templated":true}]}}