{"id":736,"date":"2019-09-26T22:38:22","date_gmt":"2019-09-26T20:38:22","guid":{"rendered":"http:\/\/evoluscience.fr\/?page_id=736"},"modified":"2025-02-05T21:13:01","modified_gmt":"2025-02-05T20:13:01","slug":"capsules","status":"publish","type":"page","link":"https:\/\/www.evoluscience.fr\/index.php\/cycle-4\/cinquieme\/5-corps-et-sante\/chapitre-6-les-changements-au-sein-de-lorganisme\/capsules\/","title":{"rendered":"Capsules"},"content":{"rendered":"\n<div id=\"wp-block-themeisle-blocks-advanced-columns-4d0b442a\" class=\"wp-block-themeisle-blocks-advanced-columns has-1-columns has-desktop-equal-layout has-tablet-equal-layout has-mobile-equal-layout has-vertical-unset\"><div class=\"wp-block-themeisle-blocks-advanced-columns-overlay\"><\/div><div class=\"innerblocks-wrap\">\n<div id=\"wp-block-themeisle-blocks-advanced-column-99adaf72\" class=\"wp-block-themeisle-blocks-advanced-column\">\n<p>A partir de recherches documentaires, d\u00e9terminer les grands groupes de classification auxquels appartiennent le chat, la fourmi, le poisson rouge et le rosier.<br> (2 \u00e0 4 par esp\u00e8ce)<br> Coup de pouce : Exemple de groupe : eucaryote, animal\u2026.<\/p>\n\n\n\n<p>Rappel de 6e:<\/p>\n\n\n<a href=\"https:\/\/www.evoluscience.fr\/wp-content\/uploads\/2019\/09\/5-PV-Chp1Act1-Capsule-cours_classification_etresvivants_site_svt-collerama.pdf\" class=\"pdfemb-viewer\" style=\"\" data-width=\"max\" data-height=\"max\" data-toolbar=\"top\" data-toolbar-fixed=\"off\">5-PV-Chp1Act1-Capsule-cours_classification_etresvivants_site_svt-collerama<\/a>\n\n\n<p>+<\/p>\n\n\n\n<p>A partir de la courte vid\u00e9o issue de Microcosmos, compl\u00e9ter le tableau concernant les milieux de vie et de respiration.<\/p>\n\n\n\n<p>Vid\u00e9o montrant la biodiversit\u00e9 dans un \u00e9tang<\/p>\n\n\n\n<figure class=\"wp-block-table\"><table><tbody><tr><td><strong>Animal<\/strong><\/td><td><strong>Milieu de vie<\/strong><\/td><td><strong>Milieu de respiration<\/strong><\/td><td><strong>Organe respiratoire<\/strong><\/td><\/tr><tr><td>Triton<\/td><td>&nbsp;<\/td><td>&nbsp;<\/td><td>&nbsp;<\/td><\/tr><tr><td>Gerris<\/td><td>&nbsp;<\/td><td>&nbsp;<\/td><td>&nbsp;<\/td><\/tr><tr><td>Grenouille<\/td><td>&nbsp;<\/td><td>&nbsp;<\/td><td>&nbsp;<\/td><\/tr><tr><td>Notonecte<\/td><td>&nbsp;<\/td><td>&nbsp;<\/td><td>&nbsp;<\/td><\/tr><tr><td>Argyron\u00e8te<\/td><td>&nbsp;<\/td><td>&nbsp;<\/td><td>&nbsp;<\/td><\/tr><tr><td>Libellule<\/td><td>&nbsp;<\/td><td>&nbsp;<\/td><td>&nbsp;<\/td><\/tr><tr><td>\u00ab&nbsp;Poisson&nbsp;\u00bb<\/td><td>&nbsp;<\/td><td>&nbsp;<\/td><td>&nbsp;<\/td><\/tr><\/tbody><\/table><figcaption class=\"wp-element-caption\">Tableau comparant les animaux de l&rsquo;\u00e9tang<\/figcaption><\/figure>\n\n\n\n<p><a href=\"https:\/\/evoluscience.fr\/wp-content\/uploads\/2020\/03\/part1.mp4\" target=\"_blank\" rel=\"noreferrer noopener\">Vid\u00e9o Partie 1<\/a><\/p>\n\n\n\n<p><a href=\"https:\/\/evoluscience.fr\/wp-content\/uploads\/2020\/03\/part2.mp4\" target=\"_blank\" rel=\"noreferrer noopener\">Vid\u00e9o Partie <strong>2<\/strong><\/a><\/p>\n\n\n\n<p><\/p>\n\n\n\n<div style=\"height:100px\" aria-hidden=\"true\" class=\"wp-block-spacer\"><\/div>\n\n\n\n<p class=\"has-text-align-center\">+<\/p>\n\n\n\n<p>A partir de la vid\u00e9o (possibilit\u00e9 de compl\u00e9ter par une recherche documentaire), remplir la partie sur les mouvements respiratoires du criquet.   <\/p>\n\n\n\n<p><em>Pour dans deux s\u00e9ances<\/em><\/p>\n\n\n\n<p><\/p>\n\n\n\n<figure class=\"wp-block-video\"><video controls src=\"https:\/\/www.evoluscience.fr\/wp-content\/uploads\/2025\/02\/la-dissection-du-criquet-appareil-respiratoire-4-sur-6.mp4\"><\/video><\/figure>\n<\/div>\n<\/div><\/div>\n\n\n\n<p>Source : <a href=\"https:\/\/www.youtube.com\/watch?v=ol4dKHbniRE\" target=\"_blank\" rel=\"noopener\" title=\"\">https:\/\/www.youtube.com\/watch?v=ol4dKHbniRE<\/a><\/p>\n\n\n\n<p><\/p>\n","protected":false},"excerpt":{"rendered":"<p>Source : https:\/\/www.youtube.com\/watch?v=ol4dKHbniRE<\/p>\n","protected":false},"author":1,"featured_media":0,"parent":725,"menu_order":4,"comment_status":"closed","ping_status":"closed","template":"","meta":{"_monsterinsights_skip_tracking":false,"_monsterinsights_sitenote_active":false,"_monsterinsights_sitenote_note":"","_monsterinsights_sitenote_category":0,"_themeisle_gutenberg_block_has_review":false,"footnotes":""},"class_list":["post-736","page","type-page","status-publish","hentry"],"_links":{"self":[{"href":"https:\/\/www.evoluscience.fr\/index.php\/wp-json\/wp\/v2\/pages\/736","targetHints":{"allow":["GET"]}}],"collection":[{"href":"https:\/\/www.evoluscience.fr\/index.php\/wp-json\/wp\/v2\/pages"}],"about":[{"href":"https:\/\/www.evoluscience.fr\/index.php\/wp-json\/wp\/v2\/types\/page"}],"author":[{"embeddable":true,"href":"https:\/\/www.evoluscience.fr\/index.php\/wp-json\/wp\/v2\/users\/1"}],"replies":[{"embeddable":true,"href":"https:\/\/www.evoluscience.fr\/index.php\/wp-json\/wp\/v2\/comments?post=736"}],"version-history":[{"count":0,"href":"https:\/\/www.evoluscience.fr\/index.php\/wp-json\/wp\/v2\/pages\/736\/revisions"}],"up":[{"embeddable":true,"href":"https:\/\/www.evoluscience.fr\/index.php\/wp-json\/wp\/v2\/pages\/725"}],"wp:attachment":[{"href":"https:\/\/www.evoluscience.fr\/index.php\/wp-json\/wp\/v2\/media?parent=736"}],"curies":[{"name":"wp","href":"https:\/\/api.w.org\/{rel}","templated":true}]}}