{"id":730,"date":"2019-09-26T22:22:09","date_gmt":"2019-09-26T20:22:09","guid":{"rendered":"http:\/\/evoluscience.fr\/?page_id=730"},"modified":"2021-01-12T10:54:19","modified_gmt":"2021-01-12T09:54:19","slug":"conclusion","status":"publish","type":"page","link":"https:\/\/www.evoluscience.fr\/index.php\/cycle-4\/cinquieme\/5-corps-et-sante\/chapitre-6-les-changements-au-sein-de-lorganisme\/conclusion\/","title":{"rendered":"Conclusion"},"content":{"rendered":"\n<div class=\"wp-block-themeisle-blocks-advanced-columns has-1-columns has-desktop-equal-layout has-tablet-equal-layout has-mobile-equal-layout has-default-gap has-vertical-unset\" id=\"wp-block-themeisle-blocks-advanced-columns-59d4be12\"><div class=\"wp-block-themeisle-blocks-advanced-columns-overlay\"><\/div><div class=\"innerblocks-wrap\">\n<div class=\"wp-block-themeisle-blocks-advanced-column\" id=\"wp-block-themeisle-blocks-advanced-column-c4712304\">\n<p class=\"has-drop-cap has-vivid-red-color has-text-color\">L&rsquo;\u00eatre humain devient apte \u00e0 se\nreproduire \u00e0 la pubert\u00e9.<\/p>\n\n\n\n<p class=\"has-vivid-red-color has-text-color\">Durant la pubert\u00e9,&nbsp; les organes  reproducteurs du gar\u00e7on et de la fille deviennent fonctionnels et les caract\u00e8res sexuels secondaires se mettent en place. <\/p>\n\n\n\n<figure class=\"wp-block-image\"><img loading=\"lazy\" decoding=\"async\" width=\"506\" height=\"813\" src=\"http:\/\/evoluscience.fr\/wp-content\/uploads\/2019\/09\/image-2.png\" alt=\"\" class=\"wp-image-823\" srcset=\"https:\/\/www.evoluscience.fr\/wp-content\/uploads\/2019\/09\/image-2.png 506w, https:\/\/www.evoluscience.fr\/wp-content\/uploads\/2019\/09\/image-2-187x300.png 187w\" sizes=\"auto, (max-width: 506px) 100vw, 506px\" \/><\/figure>\n\n\n\n<div style=\"height:100px\" aria-hidden=\"true\" class=\"wp-block-spacer\"><\/div>\n\n\n\n<figure class=\"wp-block-table\"><table><tbody><tr><td>&nbsp;<\/td><td>Fille<\/td><td>Gar\u00e7on<\/td><\/tr><tr><td>Dur\u00e9e de la pubert\u00e9 (hors acn\u00e9)<\/td><td>4ans<\/td><td>3ans<\/td><\/tr><tr><td>Caract\u00e8res sexuels primaires (changement)<\/td><td>D\u00e9veloppement des ovaires D\u00e9veloppement de l\u2019ut\u00e9rus, clitoris Apparition des r\u00e8gles &nbsp;<\/td><td>D\u00e9veloppement des testicules &nbsp;D\u00e9veloppement du p\u00e9nis Ejaculations<\/td><\/tr><tr><td>Caract\u00e8res sexuels secondaires (apparition)<\/td><td>D\u00e9veloppement des seins Apparition des poils (pubis + aisselles)&nbsp; Elargissement des hanches Affinement de la taille<\/td><td>Apparition des poils du pubis Coloration des bourses D\u00e9veloppement des muscles D\u00e9veloppement des poils sur le corps Mue de la voix &nbsp;<\/td><\/tr><\/tbody><\/table><\/figure>\n\n\n\n<figure class=\"wp-block-table\"><table><tbody><tr><td>Changements de comportement<\/td><td>Agressivit\u00e9, opposition envers les adultes Recherche des autres \u00c9motivit\u00e9, anxi\u00e9t\u00e9 \u00a0<\/td><\/tr><\/tbody><\/table><\/figure>\n<\/div>\n<\/div><\/div>\n\n\n\n<p class=\"has-text-align-center\">Tableau r\u00e9capitulant les changements au cours de la pubert\u00e9<\/p>\n","protected":false},"excerpt":{"rendered":"<p>Tableau r\u00e9capitulant les changements au cours de la pubert\u00e9<\/p>\n","protected":false},"author":1,"featured_media":0,"parent":725,"menu_order":0,"comment_status":"closed","ping_status":"closed","template":"","meta":{"_monsterinsights_skip_tracking":false,"_monsterinsights_sitenote_active":false,"_monsterinsights_sitenote_note":"","_monsterinsights_sitenote_category":0,"_themeisle_gutenberg_block_has_review":false,"footnotes":""},"c2tw_page_folder":[],"class_list":["post-730","page","type-page","status-publish","hentry"],"_links":{"self":[{"href":"https:\/\/www.evoluscience.fr\/index.php\/wp-json\/wp\/v2\/pages\/730","targetHints":{"allow":["GET"]}}],"collection":[{"href":"https:\/\/www.evoluscience.fr\/index.php\/wp-json\/wp\/v2\/pages"}],"about":[{"href":"https:\/\/www.evoluscience.fr\/index.php\/wp-json\/wp\/v2\/types\/page"}],"author":[{"embeddable":true,"href":"https:\/\/www.evoluscience.fr\/index.php\/wp-json\/wp\/v2\/users\/1"}],"replies":[{"embeddable":true,"href":"https:\/\/www.evoluscience.fr\/index.php\/wp-json\/wp\/v2\/comments?post=730"}],"version-history":[{"count":0,"href":"https:\/\/www.evoluscience.fr\/index.php\/wp-json\/wp\/v2\/pages\/730\/revisions"}],"up":[{"embeddable":true,"href":"https:\/\/www.evoluscience.fr\/index.php\/wp-json\/wp\/v2\/pages\/725"}],"wp:attachment":[{"href":"https:\/\/www.evoluscience.fr\/index.php\/wp-json\/wp\/v2\/media?parent=730"}],"wp:term":[{"taxonomy":"c2tw_page_folder","embeddable":true,"href":"https:\/\/www.evoluscience.fr\/index.php\/wp-json\/wp\/v2\/c2tw_page_folder?post=730"}],"curies":[{"name":"wp","href":"https:\/\/api.w.org\/{rel}","templated":true}]}}