{"id":681,"date":"2019-09-26T17:53:52","date_gmt":"2019-09-26T15:53:52","guid":{"rendered":"http:\/\/evoluscience.fr\/?page_id=681"},"modified":"2019-11-02T22:32:58","modified_gmt":"2019-11-02T21:32:58","slug":"chapitre-5-la-communication-permettant-le-mouvement","status":"publish","type":"page","link":"https:\/\/www.evoluscience.fr\/index.php\/cycle-4\/cinquieme\/5-corps-et-sante\/chapitre-5-la-communication-permettant-le-mouvement\/","title":{"rendered":"Chapitre 5 &#8211; La communication permettant le mouvement"},"content":{"rendered":"<div id=\"modal-ready\">\n<div class=\"wp-block-themeisle-blocks-advanced-columns has-1-columns has-desktop-equal-layout has-tablet-equal-layout has-mobile-equal-layout has-default-gap has-vertical-unset\" id=\"wp-block-themeisle-blocks-advanced-columns-247f8b2e\" style=\"border-width:0px;border-style:solid;border-color:#000000;border-radius:0px;justify-content:unset\"><div class=\"wp-themeisle-block-overlay\" style=\"opacity:0.5;mix-blend-mode:normal\"><\/div><div class=\"innerblocks-wrap\">\n<div class=\"wp-block-themeisle-blocks-advanced-column\" id=\"wp-block-themeisle-blocks-advanced-column-04ceaaca\" style=\"border-width:0px;border-style:solid;border-color:#000000;border-radius:0px\">\n<p class=\"has-drop-cap\"><em>No\u00e9mie veut vraiment \u00eatre\nperformante pour le cross. Elle en sait plus sur comment fonctionne son corps\net comment les \u00e9l\u00e9ments indispensables sont apport\u00e9s \u00e0 ses muscles.<\/em><\/p>\n\n\n\n<p><em>Mais elle souhaite savoir comment\nles muscles sont mis en mouvement. <\/em><\/p>\n\n\n\n<p class=\"has-text-color has-vivid-green-cyan-color\">Comment peut-on choisir de r\u00e9aliser un mouvement&nbsp;?<\/p>\n\n\n\n<div style=\"height:48px\" aria-hidden=\"true\" class=\"wp-block-spacer\"><\/div>\n\n\n\n<p><a href=\"http:\/\/evoluscience.fr\/index.php\/cycle-4\/cinquieme\/5-corps-et-sante\/chapitre-5-la-communication-permettant-le-mouvement\/activite-1\/\">Activit\u00e9 1 &#8211;  Lors du cross, comment un \u00e9l\u00e8ve peut-il acc\u00e9l\u00e9rer ou doubler un camarade\u00a0? <\/a><\/p>\n\n\n\n<p><a href=\"http:\/\/evoluscience.fr\/index.php\/cycle-4\/cinquieme\/5-corps-et-sante\/chapitre-5-la-communication-permettant-le-mouvement\/activite-2\/\">Activit\u00e9 2 &#8211;  Comment sont organis\u00e9s les neurones du cerveau int\u00e9grant les informations\u00a0? <\/a><\/p>\n\n\n\n<p><a href=\"http:\/\/evoluscience.fr\/index.php\/cycle-4\/cinquieme\/5-corps-et-sante\/chapitre-5-la-communication-permettant-le-mouvement\/activite-3\/\">Activit\u00e9 3 &#8211;  Comment peut-on optimiser la coordination du corps\u00a0? <\/a><\/p>\n\n\n\n<p><\/p>\n<\/div>\n<\/div><\/div>\n<\/div>","protected":false},"excerpt":{"rendered":"","protected":false},"author":1,"featured_media":0,"parent":15,"menu_order":6,"comment_status":"closed","ping_status":"closed","template":"","meta":{"om_disable_all_campaigns":false,"_monsterinsights_skip_tracking":false,"_monsterinsights_sitenote_active":false,"_monsterinsights_sitenote_note":"","_monsterinsights_sitenote_category":0,"_themeisle_gutenberg_block_has_review":false,"footnotes":""},"c2tw_page_folder":[],"class_list":["post-681","page","type-page","status-publish","hentry"],"aioseo_notices":[],"_links":{"self":[{"href":"https:\/\/www.evoluscience.fr\/index.php\/wp-json\/wp\/v2\/pages\/681","targetHints":{"allow":["GET"]}}],"collection":[{"href":"https:\/\/www.evoluscience.fr\/index.php\/wp-json\/wp\/v2\/pages"}],"about":[{"href":"https:\/\/www.evoluscience.fr\/index.php\/wp-json\/wp\/v2\/types\/page"}],"author":[{"embeddable":true,"href":"https:\/\/www.evoluscience.fr\/index.php\/wp-json\/wp\/v2\/users\/1"}],"replies":[{"embeddable":true,"href":"https:\/\/www.evoluscience.fr\/index.php\/wp-json\/wp\/v2\/comments?post=681"}],"version-history":[{"count":0,"href":"https:\/\/www.evoluscience.fr\/index.php\/wp-json\/wp\/v2\/pages\/681\/revisions"}],"up":[{"embeddable":true,"href":"https:\/\/www.evoluscience.fr\/index.php\/wp-json\/wp\/v2\/pages\/15"}],"wp:attachment":[{"href":"https:\/\/www.evoluscience.fr\/index.php\/wp-json\/wp\/v2\/media?parent=681"}],"wp:term":[{"taxonomy":"c2tw_page_folder","embeddable":true,"href":"https:\/\/www.evoluscience.fr\/index.php\/wp-json\/wp\/v2\/c2tw_page_folder?post=681"}],"curies":[{"name":"wp","href":"https:\/\/api.w.org\/{rel}","templated":true}]}}