{"id":596,"date":"2019-09-26T13:47:53","date_gmt":"2019-09-26T11:47:53","guid":{"rendered":"http:\/\/evoluscience.fr\/?page_id=596"},"modified":"2025-11-12T17:08:16","modified_gmt":"2025-11-12T16:08:16","slug":"activite-2","status":"publish","type":"page","link":"https:\/\/www.evoluscience.fr\/index.php\/cycle-4\/cinquieme\/5-corps-et-sante\/chapitre-3-le-fonctionnement-de-lappareil-digestif\/activite-2\/","title":{"rendered":"Activit\u00e9 2"},"content":{"rendered":"<div id=\"modal-ready\">\n<div id=\"wp-block-themeisle-blocks-advanced-columns-691adcce\" class=\"wp-block-themeisle-blocks-advanced-columns has-1-columns has-desktop-equal-layout has-tablet-equal-layout has-mobile-equal-layout has-vertical-unset\"><div class=\"wp-block-themeisle-blocks-advanced-columns-overlay\"><\/div><div class=\"innerblocks-wrap\">\n<div id=\"wp-block-themeisle-blocks-advanced-column-cd121bf8\" class=\"wp-block-themeisle-blocks-advanced-column\">\n<p><\/p>\n\n\n\n<p><iframe loading=\"lazy\" src=\"https:\/\/anchor.fm\/laure-emilie-verkest\/embed\/episodes\/5-PC-Chp3Act2-ekvvse\/a-a57pl6\" scrolling=\"no\" width=\"400px\" height=\"102px\" frameborder=\"0\"><\/iframe><\/p>\n\n\n\n<div style=\"height:100px\" aria-hidden=\"true\" class=\"wp-block-spacer\"><\/div>\n\n\n\n<p class=\"has-vivid-green-cyan-color has-text-color\">Quel autre facteur peut \u00eatre aussi pris en compte dans la digestion&nbsp;?<\/p>\n\n\n\n<div style=\"height:56px\" aria-hidden=\"true\" class=\"wp-block-spacer\"><\/div>\n\n\n\n<p class=\"has-background\" style=\"background-color:#fff1c9\">Activit\u00e9 2&nbsp;: A partir d\u2019ateliers,&nbsp; expliquer comment les apports nutritionnels peuvent \u00eatre compl\u00e9t\u00e9s au sein du tube digestif sous forme d\u2019un texte, d\u2019une carte d\u2019id\u00e9e ou d\u2019une&nbsp;bande dessin\u00e9e.<\/p>\n\n\n\n<div style=\"height:52px\" aria-hidden=\"true\" class=\"wp-block-spacer\"><\/div>\n\n\n\n<p><em>Comp\u00e9tences travaill\u00e9es:<\/em><\/p>\n\n\n\n<ul class=\"wp-block-list\">\n<li><em>Planifier le travail en groupe<\/em><\/li>\n\n\n\n<li><em>Traduire les informations par un sch\u00e9ma<\/em><\/li>\n\n\n\n<li><em>Sensibiliser \u00e0 la sant\u00e9<\/em><\/li>\n<\/ul>\n\n\n\n<div style=\"height:57px\" aria-hidden=\"true\" class=\"wp-block-spacer\"><\/div>\n\n\n<a href=\"https:\/\/www.evoluscience.fr\/wp-content\/uploads\/2023\/12\/5-PC-Chp3Act2-Atelier-A-1.pdf\" class=\"pdfemb-viewer\" style=\"\" data-width=\"max\" data-height=\"max\" data-toolbar=\"top\" data-toolbar-fixed=\"off\">5-PC-Chp3Act2-Atelier-A-1<\/a>\n<p class=\"wp-block-pdfemb-pdf-embedder-viewer\"><\/p>\n\n\n\n<div class=\"wp-block-media-text has-media-on-the-right is-stacked-on-mobile\" style=\"grid-template-columns:auto 57%\"><div class=\"wp-block-media-text__content\">\n<p>Les diff\u00e9rents microbiotes<\/p>\n\n\n\n<p>Entretien de Marc-Andr\u00e9 Selosse, microbiologiste<\/p>\n\n\n\n<p>Regarder la vid\u00e9o du d\u00e9part jusqu&rsquo;\u00e0 2min04s.<\/p>\n<\/div><figure class=\"wp-block-media-text__media\"><a href=\"https:\/\/www.reseau-canope.fr\/corpus\/video\/l%E2%80%99acquisition-du-microbiote-adulte-chez-l%E2%80%99etre-humain-228.html\" target=\"_blank\" rel=\"noreferrer noopener\"><img loading=\"lazy\" decoding=\"async\" width=\"956\" height=\"485\" src=\"https:\/\/www.evoluscience.fr\/wp-content\/uploads\/2023\/12\/image-2.png\" alt=\"\" class=\"wp-image-9732 size-full\" srcset=\"https:\/\/www.evoluscience.fr\/wp-content\/uploads\/2023\/12\/image-2.png 956w, https:\/\/www.evoluscience.fr\/wp-content\/uploads\/2023\/12\/image-2-300x152.png 300w, https:\/\/www.evoluscience.fr\/wp-content\/uploads\/2023\/12\/image-2-768x390.png 768w, https:\/\/www.evoluscience.fr\/wp-content\/uploads\/2023\/12\/image-2-520x264.png 520w, https:\/\/www.evoluscience.fr\/wp-content\/uploads\/2023\/12\/image-2-740x375.png 740w\" sizes=\"auto, (max-width: 956px) 100vw, 956px\" \/><\/a><\/figure><\/div>\n\n\n\n<div style=\"height:69px\" aria-hidden=\"true\" class=\"wp-block-spacer\"><\/div>\n\n\n<a href=\"https:\/\/www.evoluscience.fr\/wp-content\/uploads\/2023\/12\/5-PC-Chp3Act2-Atelier-B.pdf\" class=\"pdfemb-viewer\" style=\"\" data-width=\"max\" data-height=\"max\" data-toolbar=\"top\" data-toolbar-fixed=\"off\">5-PC-Chp3Act2-Atelier-B<\/a>\n<p class=\"wp-block-pdfemb-pdf-embedder-viewer\"><\/p>\n\n\n\n<div class=\"wp-block-media-text is-stacked-on-mobile\" style=\"grid-template-columns:64% auto\"><figure class=\"wp-block-media-text__media\"><a href=\"https:\/\/www.reseau-canope.fr\/corpus\/video\/le-microbiote-intestinal-225.html\" target=\"_blank\" rel=\"noreferrer noopener\"><img loading=\"lazy\" decoding=\"async\" width=\"956\" height=\"487\" src=\"https:\/\/www.evoluscience.fr\/wp-content\/uploads\/2023\/12\/image-1.png\" alt=\"\" class=\"wp-image-9728 size-full\" srcset=\"https:\/\/www.evoluscience.fr\/wp-content\/uploads\/2023\/12\/image-1.png 956w, https:\/\/www.evoluscience.fr\/wp-content\/uploads\/2023\/12\/image-1-300x153.png 300w, https:\/\/www.evoluscience.fr\/wp-content\/uploads\/2023\/12\/image-1-768x391.png 768w, https:\/\/www.evoluscience.fr\/wp-content\/uploads\/2023\/12\/image-1-520x265.png 520w, https:\/\/www.evoluscience.fr\/wp-content\/uploads\/2023\/12\/image-1-740x377.png 740w\" sizes=\"auto, (max-width: 956px) 100vw, 956px\" \/><\/a><\/figure><div class=\"wp-block-media-text__content\">\n<p>Le r\u00f4le du microbiote <\/p>\n\n\n\n<p>Regarder la vid\u00e9o \u00e0 partir de 1min27s<\/p>\n<\/div><\/div>\n\n\n\n<div style=\"height:63px\" aria-hidden=\"true\" class=\"wp-block-spacer\"><\/div>\n\n\n<a href=\"https:\/\/www.evoluscience.fr\/wp-content\/uploads\/2023\/12\/5-PC-Chp3Act2-Atelier-C.pdf\" class=\"pdfemb-viewer\" style=\"\" data-width=\"max\" data-height=\"max\" data-toolbar=\"top\" data-toolbar-fixed=\"off\">5-PC-Chp3Act2-Atelier-C<\/a>\n<p class=\"wp-block-pdfemb-pdf-embedder-viewer\"><\/p>\n\n\n\n<p><\/p>\n\n\n\n<p><\/p>\n\n\n\n<div style=\"height:100px\" aria-hidden=\"true\" class=\"wp-block-spacer\"><\/div>\n\n\n<div class=\"wp-block-image is-resized\">\n<figure class=\"aligncenter\"><a href=\"http:\/\/evoluscience.fr\/index.php\/cycle-4\/cinquieme\/5-corps-et-sante\/chapitre-3-le-fonctionnement-de-lappareil-digestif\/activite-2\/conclusion\/\" target=\"_blank\" rel=\"noreferrer noopener\"><img loading=\"lazy\" decoding=\"async\" width=\"538\" height=\"538\" src=\"http:\/\/evoluscience.fr\/wp-content\/uploads\/2019\/09\/conclusion.png\" alt=\"\" class=\"wp-image-370\" srcset=\"https:\/\/www.evoluscience.fr\/wp-content\/uploads\/2019\/09\/conclusion.png 538w, https:\/\/www.evoluscience.fr\/wp-content\/uploads\/2019\/09\/conclusion-150x150.png 150w, https:\/\/www.evoluscience.fr\/wp-content\/uploads\/2019\/09\/conclusion-300x300.png 300w, https:\/\/www.evoluscience.fr\/wp-content\/uploads\/2019\/09\/conclusion-520x520.png 520w\" sizes=\"auto, (max-width: 538px) 100vw, 538px\" \/><\/a><\/figure>\n<\/div><\/div>\n<\/div><\/div>\n\n\n<div class=\"wp-block-image\">\n<figure class=\"aligncenter size-large is-resized\"><a href=\"https:\/\/evoluscience.fr\/wp-content\/uploads\/2020\/03\/5-PC-Chp3Act2-FC.pdf\" target=\"_blank\" rel=\"noopener noreferrer\"><img loading=\"lazy\" decoding=\"async\" width=\"735\" height=\"735\" src=\"https:\/\/evoluscience.fr\/wp-content\/uploads\/2020\/03\/pjiece_jointe-1.png\" alt=\"\" class=\"wp-image-4366\" style=\"width:360px;height:360px\" srcset=\"https:\/\/www.evoluscience.fr\/wp-content\/uploads\/2020\/03\/pjiece_jointe-1.png 735w, https:\/\/www.evoluscience.fr\/wp-content\/uploads\/2020\/03\/pjiece_jointe-1-300x300.png 300w, https:\/\/www.evoluscience.fr\/wp-content\/uploads\/2020\/03\/pjiece_jointe-1-150x150.png 150w, https:\/\/www.evoluscience.fr\/wp-content\/uploads\/2020\/03\/pjiece_jointe-1-520x520.png 520w\" sizes=\"auto, (max-width: 735px) 100vw, 735px\" \/><\/a><\/figure>\n<\/div><\/div>","protected":false},"excerpt":{"rendered":"","protected":false},"author":1,"featured_media":0,"parent":579,"menu_order":3,"comment_status":"closed","ping_status":"closed","template":"","meta":{"om_disable_all_campaigns":false,"_monsterinsights_skip_tracking":false,"_monsterinsights_sitenote_active":false,"_monsterinsights_sitenote_note":"","_monsterinsights_sitenote_category":0,"_themeisle_gutenberg_block_has_review":false,"footnotes":""},"c2tw_page_folder":[],"class_list":["post-596","page","type-page","status-publish","hentry"],"aioseo_notices":[],"_links":{"self":[{"href":"https:\/\/www.evoluscience.fr\/index.php\/wp-json\/wp\/v2\/pages\/596","targetHints":{"allow":["GET"]}}],"collection":[{"href":"https:\/\/www.evoluscience.fr\/index.php\/wp-json\/wp\/v2\/pages"}],"about":[{"href":"https:\/\/www.evoluscience.fr\/index.php\/wp-json\/wp\/v2\/types\/page"}],"author":[{"embeddable":true,"href":"https:\/\/www.evoluscience.fr\/index.php\/wp-json\/wp\/v2\/users\/1"}],"replies":[{"embeddable":true,"href":"https:\/\/www.evoluscience.fr\/index.php\/wp-json\/wp\/v2\/comments?post=596"}],"version-history":[{"count":10,"href":"https:\/\/www.evoluscience.fr\/index.php\/wp-json\/wp\/v2\/pages\/596\/revisions"}],"predecessor-version":[{"id":12815,"href":"https:\/\/www.evoluscience.fr\/index.php\/wp-json\/wp\/v2\/pages\/596\/revisions\/12815"}],"up":[{"embeddable":true,"href":"https:\/\/www.evoluscience.fr\/index.php\/wp-json\/wp\/v2\/pages\/579"}],"wp:attachment":[{"href":"https:\/\/www.evoluscience.fr\/index.php\/wp-json\/wp\/v2\/media?parent=596"}],"wp:term":[{"taxonomy":"c2tw_page_folder","embeddable":true,"href":"https:\/\/www.evoluscience.fr\/index.php\/wp-json\/wp\/v2\/c2tw_page_folder?post=596"}],"curies":[{"name":"wp","href":"https:\/\/api.w.org\/{rel}","templated":true}]}}