{"id":579,"date":"2019-09-26T13:04:39","date_gmt":"2019-09-26T11:04:39","guid":{"rendered":"http:\/\/evoluscience.fr\/?page_id=579"},"modified":"2024-08-19T12:48:12","modified_gmt":"2024-08-19T10:48:12","slug":"chapitre-3-le-fonctionnement-de-lappareil-digestif","status":"publish","type":"page","link":"https:\/\/www.evoluscience.fr\/index.php\/cycle-4\/cinquieme\/5-corps-et-sante\/chapitre-3-le-fonctionnement-de-lappareil-digestif\/","title":{"rendered":"Chapitre 3 &#8211; Le fonctionnement de l&rsquo;appareil digestif"},"content":{"rendered":"<div id=\"modal-ready\">\n<div id=\"wp-block-themeisle-blocks-advanced-columns-5348a8f7\" class=\"wp-block-themeisle-blocks-advanced-columns has-1-columns has-desktop-equal-layout has-tablet-equal-layout has-mobile-equal-layout has-vertical-unset\"><div class=\"wp-block-themeisle-blocks-advanced-columns-overlay\"><\/div><div class=\"innerblocks-wrap\">\n<div id=\"wp-block-themeisle-blocks-advanced-column-9c469953\" class=\"wp-block-themeisle-blocks-advanced-column\">\n<p class=\"has-drop-cap\"><em>No\u00e9mie sait maintenant comment le\ndioxyg\u00e8ne est apport\u00e9 \u00e0 l\u2019organisme mais se pose des questions concernant le\nglucose. Son professeur lui a parl\u00e9 de nutriments et de transformation mais\ncela lui semble obscur. Elle souhaite des explications simples.<\/em><\/p>\n\n\n\n<figure class=\"wp-block-video\"><video height=\"360\" style=\"aspect-ratio: 640 \/ 360;\" width=\"640\" controls src=\"http:\/\/evoluscience.fr\/wp-content\/uploads\/2019\/09\/5-PC-Chp3AcT1.mov\"><\/video><\/figure>\n\n\n\n<p class=\"has-vivid-green-cyan-color has-text-color\">Comment les nutriments sont-ils\nproduits&nbsp;?<\/p>\n\n\n\n<div style=\"height:100px\" aria-hidden=\"true\" class=\"wp-block-spacer\"><\/div>\n\n\n\n<p>Cas des exp\u00e9riences de R\u00e9aumur et de Spallanzani<\/p>\n\n\n<a href=\"https:\/\/www.evoluscience.fr\/wp-content\/uploads\/2022\/10\/5-PC-Chp3Act1-intro.pdf\" class=\"pdfemb-viewer\" style=\"\" data-width=\"max\" data-height=\"max\" data-toolbar=\"top\" data-toolbar-fixed=\"off\">5-PC-Chp3Act1-intro<\/a>\n<p class=\"wp-block-pdfemb-pdf-embedder-viewer\"><\/p>\n\n\n\n<div style=\"height:39px\" aria-hidden=\"true\" class=\"wp-block-spacer\"><\/div>\n\n\n\n<p>Vid\u00e9o montrant une exp\u00e9rience de digestion in vitro<\/p>\n\n\n<div class=\"wp-block-image\">\n<figure class=\"aligncenter size-full is-resized\"><a href=\"https:\/\/www.evoluscience.fr\/wp-content\/uploads\/2024\/08\/Une-experience-de-digestion-in-vitro-dans-la-cuisine-dEric-Hamonou.mp4\" target=\"_blank\" rel=\"noreferrer noopener\"><img loading=\"lazy\" decoding=\"async\" width=\"638\" height=\"323\" src=\"https:\/\/www.evoluscience.fr\/wp-content\/uploads\/2024\/08\/image-7.png\" alt=\"\" class=\"wp-image-10224\" style=\"width:788px;height:auto\" srcset=\"https:\/\/www.evoluscience.fr\/wp-content\/uploads\/2024\/08\/image-7.png 638w, https:\/\/www.evoluscience.fr\/wp-content\/uploads\/2024\/08\/image-7-300x152.png 300w, https:\/\/www.evoluscience.fr\/wp-content\/uploads\/2024\/08\/image-7-520x263.png 520w\" sizes=\"auto, (max-width: 638px) 100vw, 638px\" \/><\/a><\/figure>\n<\/div>\n\n\n<p>Source : <a href=\"https:\/\/www.youtube.com\/watch?v=FJ6UK-73D44\" target=\"_blank\" rel=\"noopener\" title=\"\">https:\/\/www.youtube.com\/watch?v=FJ6UK-73D44<\/a><\/p>\n\n\n\n<div style=\"height:100px\" aria-hidden=\"true\" class=\"wp-block-spacer\"><\/div>\n\n\n\n<div style=\"height:100px\" aria-hidden=\"true\" class=\"wp-block-spacer\"><\/div>\n\n\n\n<p><a href=\"http:\/\/evoluscience.fr\/index.php\/cycle-4\/cinquieme\/5-corps-et-sante\/chapitre-3-le-fonctionnement-de-lappareil-digestif\/activite-1\/\">Activit\u00e9 1<\/a> &#8211; Comment les aliments sont-ils transform\u00e9s le long du tube digestif&nbsp;?<\/p>\n\n\n\n<p><a href=\"http:\/\/evoluscience.fr\/index.php\/cycle-4\/cinquieme\/5-corps-et-sante\/chapitre-3-le-fonctionnement-de-lappareil-digestif\/activite-2\/\">Activit\u00e9 2<\/a> &#8211; Quel autre facteur peut \u00eatre aussi pris en compte dans la digestion&nbsp;?<\/p>\n\n\n\n<p><a href=\"http:\/\/evoluscience.fr\/index.php\/cycle-4\/cinquieme\/5-corps-et-sante\/chapitre-3-le-fonctionnement-de-lappareil-digestif\/activite-3\/\">Activit\u00e9 3<\/a> &#8211; Comment les nutriments sont-ils absorb\u00e9s et transport\u00e9s dans l\u2019organisme&nbsp;?<\/p>\n\n\n\n<p><a href=\"http:\/\/evoluscience.fr\/index.php\/cycle-4\/cinquieme\/chapitre-3-le-fonctionnement-de-lappareil-digestif\/activite-4\/\">Activit\u00e9 4<\/a> &#8211; De quoi un \u00e9l\u00e8ve de 5e a-t-il besoin pour faire le cross&nbsp;?<\/p>\n\n\n\n<p><a href=\"http:\/\/evoluscience.fr\/index.php\/cycle-4\/cinquieme\/chapitre-3-le-fonctionnement-de-lappareil-digestif\/activite-5\/\">Activit\u00e9 5<\/a> &#8211; Comment mangent les autres jeunes de 12ans dans le monde&nbsp;?<\/p>\n<\/div>\n<\/div><\/div>\n<\/div>","protected":false},"excerpt":{"rendered":"","protected":false},"author":1,"featured_media":0,"parent":15,"menu_order":4,"comment_status":"closed","ping_status":"closed","template":"","meta":{"om_disable_all_campaigns":false,"_monsterinsights_skip_tracking":false,"_monsterinsights_sitenote_active":false,"_monsterinsights_sitenote_note":"","_monsterinsights_sitenote_category":0,"_themeisle_gutenberg_block_has_review":false,"footnotes":""},"c2tw_page_folder":[],"class_list":["post-579","page","type-page","status-publish","hentry"],"aioseo_notices":[],"_links":{"self":[{"href":"https:\/\/www.evoluscience.fr\/index.php\/wp-json\/wp\/v2\/pages\/579","targetHints":{"allow":["GET"]}}],"collection":[{"href":"https:\/\/www.evoluscience.fr\/index.php\/wp-json\/wp\/v2\/pages"}],"about":[{"href":"https:\/\/www.evoluscience.fr\/index.php\/wp-json\/wp\/v2\/types\/page"}],"author":[{"embeddable":true,"href":"https:\/\/www.evoluscience.fr\/index.php\/wp-json\/wp\/v2\/users\/1"}],"replies":[{"embeddable":true,"href":"https:\/\/www.evoluscience.fr\/index.php\/wp-json\/wp\/v2\/comments?post=579"}],"version-history":[{"count":0,"href":"https:\/\/www.evoluscience.fr\/index.php\/wp-json\/wp\/v2\/pages\/579\/revisions"}],"up":[{"embeddable":true,"href":"https:\/\/www.evoluscience.fr\/index.php\/wp-json\/wp\/v2\/pages\/15"}],"wp:attachment":[{"href":"https:\/\/www.evoluscience.fr\/index.php\/wp-json\/wp\/v2\/media?parent=579"}],"wp:term":[{"taxonomy":"c2tw_page_folder","embeddable":true,"href":"https:\/\/www.evoluscience.fr\/index.php\/wp-json\/wp\/v2\/c2tw_page_folder?post=579"}],"curies":[{"name":"wp","href":"https:\/\/api.w.org\/{rel}","templated":true}]}}