{"id":5490,"date":"2020-06-26T16:13:08","date_gmt":"2020-06-26T14:13:08","guid":{"rendered":"http:\/\/evoluscience.fr\/?page_id=5490"},"modified":"2021-06-14T09:00:28","modified_gmt":"2021-06-14T07:00:28","slug":"realiser-les-fiches-de-revision-pour-le-brevet","status":"publish","type":"page","link":"https:\/\/www.evoluscience.fr\/index.php\/methodologie\/fiches-methodologiques\/realiser-les-fiches-de-revision-pour-le-brevet\/","title":{"rendered":"R\u00e9aliser les fiches de r\u00e9vision pour le brevet"},"content":{"rendered":"\n<div class=\"wp-block-themeisle-blocks-advanced-columns has-1-columns has-desktop-equal-layout has-tablet-equal-layout has-mobile-equal-layout has-default-gap has-vertical-unset\" id=\"wp-block-themeisle-blocks-advanced-columns-0da5ffc5\"><div class=\"wp-block-themeisle-blocks-advanced-columns-overlay\"><\/div><div class=\"innerblocks-wrap\">\n<div class=\"wp-block-themeisle-blocks-advanced-column\" id=\"wp-block-themeisle-blocks-advanced-column-9af8b54a\">\n<p>L\u2019examen du brevet portera sur <strong>les connaissances et les comp\u00e9tences du cycle 4<\/strong>. Il faut donc les pr\u00e9parer d\u00e8s la 5e pour leur acquisition soit progressive jusqu&rsquo;en 3e.<\/p>\n\n\n\n<p>En SVT, vous avez plusieurs occasions pour vous <strong>pr\u00e9parer au brevet<\/strong> et surtout pour le lyc\u00e9e <strong>de mani\u00e8re progressive<\/strong>.<\/p>\n\n\n\n<div style=\"height:100px\" aria-hidden=\"true\" class=\"wp-block-spacer\"><\/div>\n\n\n\n<p>Au niveau des connaissances :<\/p>\n\n\n\n<ul class=\"wp-block-list\"><li>Apprendre pour chaque s\u00e9ance la le\u00e7on (activit\u00e9 et conclusion) pour que ce soit plus facile et que vous ma\u00eetrisiez les mots de vocabulaire la s\u00e9ance suivante.<\/li><li>Faire les fiches de r\u00e9vision au fur et \u00e0 mesure (d\u00e8s la 5e) pour aider pour l&rsquo;\u00e9valuation et avoir moins de r\u00e9vision en 3e.<\/li><\/ul>\n\n\n\n<p><\/p>\n\n\n\n<figure class=\"wp-block-video aligncenter\"><video height=\"720\" style=\"aspect-ratio: 1280 \/ 720;\" width=\"1280\" autoplay controls src=\"https:\/\/evoluscience.fr\/wp-content\/uploads\/2020\/03\/Les-fiches-de-revision-pour-le-brevet.mov\"><\/video><\/figure>\n\n\n\n<p>Dans une fiche de r\u00e9vision, il doit absolument y avoir les mots de vocabulaire importants (contenus dans des phrases synth\u00e9tiques) et des sch\u00e9mas. <\/p>\n\n\n\n<div style=\"height:100px\" aria-hidden=\"true\" class=\"wp-block-spacer\"><\/div>\n\n\n\n<p><\/p>\n\n\n\n<p>Bonne pr\u00e9paration. <\/p>\n\n\n\n<p>Vive la curiosit\u00e9 !<\/p>\n\n\n\n<p class=\"has-text-align-right\">Mme Verkest<\/p>\n\n\n\n<div class=\"wp-block-image\"><figure class=\"alignright size-large\"><img loading=\"lazy\" decoding=\"async\" width=\"257\" height=\"257\" src=\"https:\/\/evoluscience.fr\/wp-content\/uploads\/2020\/11\/logo-edited.png\" alt=\"\" class=\"wp-image-5902\" srcset=\"https:\/\/www.evoluscience.fr\/wp-content\/uploads\/2020\/11\/logo-edited.png 257w, https:\/\/www.evoluscience.fr\/wp-content\/uploads\/2020\/11\/logo-edited-150x150.png 150w\" sizes=\"auto, (max-width: 257px) 100vw, 257px\" \/><\/figure><\/div>\n\n\n\n<p><\/p>\n<\/div>\n<\/div><\/div>\n","protected":false},"excerpt":{"rendered":"","protected":false},"author":1,"featured_media":0,"parent":271,"menu_order":13,"comment_status":"closed","ping_status":"closed","template":"","meta":{"_monsterinsights_skip_tracking":false,"_monsterinsights_sitenote_active":false,"_monsterinsights_sitenote_note":"","_monsterinsights_sitenote_category":0,"_themeisle_gutenberg_block_has_review":false,"footnotes":""},"class_list":["post-5490","page","type-page","status-publish","hentry"],"_links":{"self":[{"href":"https:\/\/www.evoluscience.fr\/index.php\/wp-json\/wp\/v2\/pages\/5490","targetHints":{"allow":["GET"]}}],"collection":[{"href":"https:\/\/www.evoluscience.fr\/index.php\/wp-json\/wp\/v2\/pages"}],"about":[{"href":"https:\/\/www.evoluscience.fr\/index.php\/wp-json\/wp\/v2\/types\/page"}],"author":[{"embeddable":true,"href":"https:\/\/www.evoluscience.fr\/index.php\/wp-json\/wp\/v2\/users\/1"}],"replies":[{"embeddable":true,"href":"https:\/\/www.evoluscience.fr\/index.php\/wp-json\/wp\/v2\/comments?post=5490"}],"version-history":[{"count":0,"href":"https:\/\/www.evoluscience.fr\/index.php\/wp-json\/wp\/v2\/pages\/5490\/revisions"}],"up":[{"embeddable":true,"href":"https:\/\/www.evoluscience.fr\/index.php\/wp-json\/wp\/v2\/pages\/271"}],"wp:attachment":[{"href":"https:\/\/www.evoluscience.fr\/index.php\/wp-json\/wp\/v2\/media?parent=5490"}],"curies":[{"name":"wp","href":"https:\/\/api.w.org\/{rel}","templated":true}]}}