{"id":5485,"date":"2020-06-26T17:00:06","date_gmt":"2020-06-26T15:00:06","guid":{"rendered":"http:\/\/evoluscience.fr\/?page_id=5485"},"modified":"2020-06-26T17:09:01","modified_gmt":"2020-06-26T15:09:01","slug":"la-lecture-de-consignes","status":"publish","type":"page","link":"https:\/\/www.evoluscience.fr\/index.php\/methodologie\/fiches-methodologiques\/la-lecture-de-consignes\/","title":{"rendered":"La lecture de consignes"},"content":{"rendered":"\n<div class=\"wp-block-themeisle-blocks-advanced-columns has-1-columns has-desktop-equal-layout has-tablet-equal-layout has-mobile-equal-layout has-default-gap has-vertical-unset\" id=\"wp-block-themeisle-blocks-advanced-columns-38e06bbd\"><div class=\"wp-block-themeisle-blocks-advanced-columns-overlay\"><\/div><div class=\"innerblocks-wrap\">\n<div class=\"wp-block-themeisle-blocks-advanced-column\" id=\"wp-block-themeisle-blocks-advanced-column-5c990967\">\n<div class=\"wp-block-image\"><figure class=\"aligncenter size-large\"><img loading=\"lazy\" decoding=\"async\" width=\"1024\" height=\"363\" src=\"http:\/\/evoluscience.fr\/wp-content\/uploads\/2020\/06\/image-103-1024x363.png\" alt=\"\" class=\"wp-image-5500\" srcset=\"https:\/\/www.evoluscience.fr\/wp-content\/uploads\/2020\/06\/image-103-1024x363.png 1024w, https:\/\/www.evoluscience.fr\/wp-content\/uploads\/2020\/06\/image-103-300x106.png 300w, https:\/\/www.evoluscience.fr\/wp-content\/uploads\/2020\/06\/image-103-768x272.png 768w, https:\/\/www.evoluscience.fr\/wp-content\/uploads\/2020\/06\/image-103-520x184.png 520w, https:\/\/www.evoluscience.fr\/wp-content\/uploads\/2020\/06\/image-103-740x262.png 740w, https:\/\/www.evoluscience.fr\/wp-content\/uploads\/2020\/06\/image-103.png 1391w\" sizes=\"auto, (max-width: 1024px) 100vw, 1024px\" \/><\/figure><\/div>\n\n\n\n<div style=\"height:100px\" aria-hidden=\"true\" class=\"wp-block-spacer\"><\/div>\n\n\n\n<p>Associer les d\u00e9finitions aux verbes d&rsquo;action. <\/p>\n\n\n\n<p>Apr\u00e8s avoir v\u00e9rifi\u00e9, compl\u00e9ter la fiche expliquant la lecture de consignes.<\/p>\n\n\n\n<div class=\"h5p-iframe-wrapper\"><iframe id=\"h5p-iframe-5\" class=\"h5p-iframe\" data-content-id=\"5\" style=\"height:1px\" src=\"about:blank\" frameBorder=\"0\" scrolling=\"no\" title=\"Les verbes d&#039;action de la consigne\"><\/iframe><\/div>\n\n\n\n<p><\/p>\n<\/div>\n<\/div><\/div>\n","protected":false},"excerpt":{"rendered":"","protected":false},"author":1,"featured_media":0,"parent":271,"menu_order":12,"comment_status":"closed","ping_status":"closed","template":"","meta":{"_monsterinsights_skip_tracking":false,"_monsterinsights_sitenote_active":false,"_monsterinsights_sitenote_note":"","_monsterinsights_sitenote_category":0,"_themeisle_gutenberg_block_has_review":false,"footnotes":""},"c2tw_page_folder":[],"class_list":["post-5485","page","type-page","status-publish","hentry"],"_links":{"self":[{"href":"https:\/\/www.evoluscience.fr\/index.php\/wp-json\/wp\/v2\/pages\/5485","targetHints":{"allow":["GET"]}}],"collection":[{"href":"https:\/\/www.evoluscience.fr\/index.php\/wp-json\/wp\/v2\/pages"}],"about":[{"href":"https:\/\/www.evoluscience.fr\/index.php\/wp-json\/wp\/v2\/types\/page"}],"author":[{"embeddable":true,"href":"https:\/\/www.evoluscience.fr\/index.php\/wp-json\/wp\/v2\/users\/1"}],"replies":[{"embeddable":true,"href":"https:\/\/www.evoluscience.fr\/index.php\/wp-json\/wp\/v2\/comments?post=5485"}],"version-history":[{"count":0,"href":"https:\/\/www.evoluscience.fr\/index.php\/wp-json\/wp\/v2\/pages\/5485\/revisions"}],"up":[{"embeddable":true,"href":"https:\/\/www.evoluscience.fr\/index.php\/wp-json\/wp\/v2\/pages\/271"}],"wp:attachment":[{"href":"https:\/\/www.evoluscience.fr\/index.php\/wp-json\/wp\/v2\/media?parent=5485"}],"wp:term":[{"taxonomy":"c2tw_page_folder","embeddable":true,"href":"https:\/\/www.evoluscience.fr\/index.php\/wp-json\/wp\/v2\/c2tw_page_folder?post=5485"}],"curies":[{"name":"wp","href":"https:\/\/api.w.org\/{rel}","templated":true}]}}