{"id":519,"date":"2019-09-25T17:02:07","date_gmt":"2019-09-25T15:02:07","guid":{"rendered":"http:\/\/evoluscience.fr\/?page_id=519"},"modified":"2019-09-25T17:02:08","modified_gmt":"2019-09-25T15:02:08","slug":"conclusion","status":"publish","type":"page","link":"https:\/\/www.evoluscience.fr\/index.php\/cycle-4\/cinquieme\/5-corps-et-sante\/chapitre-1-activite-musculaire-et-besoin-en-energie\/activite-3\/conclusion\/","title":{"rendered":"Conclusion"},"content":{"rendered":"\n<div class=\"wp-block-themeisle-blocks-advanced-columns has-1-columns has-desktop-equal-layout has-tablet-equal-layout has-mobile-equal-layout has-default-gap has-vertical-unset\" id=\"wp-block-themeisle-blocks-advanced-columns-7a8233a5\" style=\"border-width:0px;border-style:solid;border-color:#000000;border-radius:0px;justify-content:unset\"><div class=\"wp-themeisle-block-overlay\" style=\"opacity:0.5;mix-blend-mode:normal\"><\/div><div class=\"innerblocks-wrap\">\n<div class=\"wp-block-themeisle-blocks-advanced-column\" id=\"wp-block-themeisle-blocks-advanced-column-ab062c2c\" style=\"border-width:0px;border-style:solid;border-color:#000000;border-radius:0px\">\n<p class=\"has-text-color has-drop-cap has-vivid-red-color\">La consommation de nutriments et de dioxyg\u00e8ne, le\nrejet de dioxyde de carbone par les organes varient selon leur activit\u00e9.<\/p>\n\n\n\n<p class=\"has-text-color has-vivid-red-color\">Cela s\u2019accompagne de modifications au niveau de\nl\u2019organisme&nbsp;: augmentation de la temp\u00e9rature, des rythmes cardiaque et\nrespiratoire. L\u2019effort fourni par l\u2019organisme doit \u00eatre limit\u00e9&nbsp;: les\nchangements extr\u00eames peuvent \u00eatre dangereux voire mortels.<\/p>\n\n\n\n<p class=\"has-text-color has-vivid-red-color\">Nutriments et dioxyg\u00e8ne lib\u00e8rent de l\u2019\u00e9nergie\nutilisable, entre autre, pour le fonctionnement des organes.<\/p>\n\n\n\n<p class=\"has-text-color has-vivid-red-color\">L\u2019\u00e9nergie lib\u00e9r\u00e9e au cours de la r\u00e9action chimique\nentre les nutriments et du dioxyg\u00e8ne, est utilis\u00e9e pour le fonctionnement des\norganes et transf\u00e9r\u00e9e en partie sous forme de chaleur.<\/p>\n<\/div>\n<\/div><\/div>\n","protected":false},"excerpt":{"rendered":"","protected":false},"author":1,"featured_media":0,"parent":515,"menu_order":0,"comment_status":"closed","ping_status":"closed","template":"","meta":{"_monsterinsights_skip_tracking":false,"_monsterinsights_sitenote_active":false,"_monsterinsights_sitenote_note":"","_monsterinsights_sitenote_category":0,"_themeisle_gutenberg_block_has_review":false,"footnotes":""},"class_list":["post-519","page","type-page","status-publish","hentry"],"_links":{"self":[{"href":"https:\/\/www.evoluscience.fr\/index.php\/wp-json\/wp\/v2\/pages\/519","targetHints":{"allow":["GET"]}}],"collection":[{"href":"https:\/\/www.evoluscience.fr\/index.php\/wp-json\/wp\/v2\/pages"}],"about":[{"href":"https:\/\/www.evoluscience.fr\/index.php\/wp-json\/wp\/v2\/types\/page"}],"author":[{"embeddable":true,"href":"https:\/\/www.evoluscience.fr\/index.php\/wp-json\/wp\/v2\/users\/1"}],"replies":[{"embeddable":true,"href":"https:\/\/www.evoluscience.fr\/index.php\/wp-json\/wp\/v2\/comments?post=519"}],"version-history":[{"count":0,"href":"https:\/\/www.evoluscience.fr\/index.php\/wp-json\/wp\/v2\/pages\/519\/revisions"}],"up":[{"embeddable":true,"href":"https:\/\/www.evoluscience.fr\/index.php\/wp-json\/wp\/v2\/pages\/515"}],"wp:attachment":[{"href":"https:\/\/www.evoluscience.fr\/index.php\/wp-json\/wp\/v2\/media?parent=519"}],"curies":[{"name":"wp","href":"https:\/\/api.w.org\/{rel}","templated":true}]}}