{"id":4066,"date":"2020-03-04T04:28:38","date_gmt":"2020-03-04T03:28:38","guid":{"rendered":"http:\/\/evoluscience.fr\/?page_id=4066"},"modified":"2025-04-09T12:23:47","modified_gmt":"2025-04-09T10:23:47","slug":"activite-5","status":"publish","type":"page","link":"https:\/\/www.evoluscience.fr\/index.php\/cycle-4\/troisieme-2\/3e-la-planete-terre-lenvironnement-laction-humaine\/chapitre-3-levolution-de-la-surface-de-la-terre-au-cours-du-temps\/activite-5\/","title":{"rendered":"Activit\u00e9 5"},"content":{"rendered":"<div id=\"modal-ready\">\n<div id=\"wp-block-themeisle-blocks-advanced-columns-f43a4efc\" class=\"wp-block-themeisle-blocks-advanced-columns has-1-columns has-desktop-equal-layout has-tablet-equal-layout has-mobile-equal-layout has-vertical-unset\"><div class=\"wp-block-themeisle-blocks-advanced-columns-overlay\"><\/div><div class=\"innerblocks-wrap\">\n<div id=\"wp-block-themeisle-blocks-advanced-column-064511fa\" class=\"wp-block-themeisle-blocks-advanced-column\">\n<p><\/p>\n\n\n\n<p class=\"has-text-align-center\"><iframe loading=\"lazy\" src=\"https:\/\/anchor.fm\/laure-emilie-verkest\/embed\/episodes\/3-PT-Chp3Act5-edhppi\/a-a23c7j6\" height=\"102px\" width=\"400px\" frameborder=\"0\" scrolling=\"no\"><\/iframe><\/p>\n\n\n\n<p><\/p>\n\n\n\n<div style=\"height:100px\" aria-hidden=\"true\" class=\"wp-block-spacer\"><\/div>\n\n\n\n<p><\/p>\n\n\n\n<p class=\"has-vivid-green-cyan-color has-text-color\"><strong>Comment les montagnes se\nforment-elles&nbsp;?<\/strong><\/p>\n\n\n\n<div style=\"height:44px\" aria-hidden=\"true\" class=\"wp-block-spacer\"><\/div>\n\n\n\n<p class=\"has-background\" style=\"background-color:#ffe8c0\">Activit\u00e9 5: A partir d\u2019une \u00e9tude de documents, expliquer comment se forme une cha\u00eene de montagnes.<\/p>\n\n\n\n<div style=\"height:100px\" aria-hidden=\"true\" class=\"wp-block-spacer\"><\/div>\n\n\n\n<p><em>Comp\u00e9tences travaill\u00e9es&nbsp;:<\/em><\/p>\n\n\n\n<ul class=\"wp-block-list\">\n<li><em>Traduire des informations sous forme de sch\u00e9ma<\/em><\/li>\n<\/ul>\n\n\n\n<ul class=\"wp-block-list\">\n<li><em>R\u00e9aliser une \u00e9tude de documents<\/em><\/li>\n\n\n\n<li>R\u00e9aliser une mod\u00e9lisation<\/li>\n<\/ul>\n\n\n\n<div style=\"height:100px\" aria-hidden=\"true\" class=\"wp-block-spacer\"><\/div>\n\n\n\n<p> Faites l\u2019\u00e9tude de documents \u00e0 partir des indices puis compl\u00e9tez le sch\u00e9ma-bilan. <\/p>\n\n\n\n<p>Vid\u00e9o animation expliquant la formation des cha\u00eenes de montagnes :<\/p>\n\n\n\n<figure class=\"wp-block-video aligncenter\"><video height=\"902\" style=\"aspect-ratio: 1202 \/ 902;\" width=\"1202\" controls src=\"http:\/\/evoluscience.fr\/wp-content\/uploads\/2020\/04\/Vid\u00e9o-animation-Formation-dune-cha\u00eene-de-montagnes.mp4\"><\/video><\/figure>\n\n\n\n<div style=\"height:100px\" aria-hidden=\"true\" class=\"wp-block-spacer\"><\/div>\n\n\n\n<p>Remarque : La convergence entre deux plaques lithosph\u00e9riques continentales s&rsquo;appelle la collision.<\/p>\n\n\n\n<div style=\"height:100px\" aria-hidden=\"true\" class=\"wp-block-spacer\"><\/div>\n\n\n\n<p>Bilan de la tectonique des plaques:<\/p>\n\n\n\n<figure class=\"wp-block-video\"><video controls src=\"https:\/\/www.evoluscience.fr\/wp-content\/uploads\/2025\/04\/Le-mouvement-des-plaques.mp4\"><\/video><\/figure>\n\n\n\n<p>Source : <a href=\"https:\/\/www.youtube.com\/watch?v=RDW0vsccuRQ\" target=\"_blank\" rel=\"noopener\" title=\"\">https:\/\/www.youtube.com\/watch?v=RDW0vsccuRQ<\/a><\/p>\n\n\n\n<figure class=\"wp-block-video\"><video controls src=\"https:\/\/www.evoluscience.fr\/wp-content\/uploads\/2025\/04\/Quest-ce-que-la-tectonique-des-plaques-.mp4\"><\/video><\/figure>\n\n\n\n<p>Source : <a href=\"https:\/\/www.youtube.com\/watch?v=xn3aS3m09PQ\" target=\"_blank\" rel=\"noopener\" title=\"\">https:\/\/www.youtube.com\/watch?v=xn3aS3m09PQ<\/a><\/p>\n\n\n\n<figure class=\"wp-block-video\"><video controls src=\"https:\/\/www.evoluscience.fr\/wp-content\/uploads\/2025\/04\/Activite-des-Limites-de-Plaques-TERRE-18-SVT-College-Mathrix.mp4\"><\/video><\/figure>\n\n\n\n<p>Source : <a href=\"https:\/\/www.youtube.com\/watch?v=isj5cbPVDHQ\" target=\"_blank\" rel=\"noopener\" title=\"\">https:\/\/www.youtube.com\/watch?v=isj5cbPVDHQ<\/a><\/p>\n\n\n\n<div style=\"height:100px\" aria-hidden=\"true\" class=\"wp-block-spacer\"><\/div>\n\n\n<div class=\"wp-block-image\">\n<figure class=\"aligncenter size-large is-resized\"><a href=\"http:\/\/evoluscience.fr\/index.php\/cycle-4\/troisieme-2\/3e-la-planete-terre-lenvironnement-laction-humaine\/chapitre-3-levolution-de-la-surface-de-la-terre-au-cours-du-temps\/activite-5\/conclusion\/\" target=\"_blank\" rel=\"noreferrer noopener\"><img loading=\"lazy\" decoding=\"async\" width=\"538\" height=\"538\" src=\"http:\/\/evoluscience.fr\/wp-content\/uploads\/2019\/09\/conclusion.png\" alt=\"\" class=\"wp-image-370\" style=\"width:338px;height:338px\" srcset=\"https:\/\/www.evoluscience.fr\/wp-content\/uploads\/2019\/09\/conclusion.png 538w, https:\/\/www.evoluscience.fr\/wp-content\/uploads\/2019\/09\/conclusion-150x150.png 150w, https:\/\/www.evoluscience.fr\/wp-content\/uploads\/2019\/09\/conclusion-300x300.png 300w, https:\/\/www.evoluscience.fr\/wp-content\/uploads\/2019\/09\/conclusion-520x520.png 520w\" sizes=\"auto, (max-width: 538px) 100vw, 538px\" \/><\/a><\/figure>\n<\/div>\n\n<div class=\"wp-block-image\">\n<figure class=\"aligncenter size-large is-resized\"><a href=\"http:\/\/evoluscience.fr\/index.php\/cycle-4\/troisieme-2\/3e-la-planete-terre-lenvironnement-laction-humaine\/chapitre-3-levolution-de-la-surface-de-la-terre-au-cours-du-temps\/activite-5\/devoir\/\" target=\"_blank\" rel=\"noreferrer noopener\"><img loading=\"lazy\" decoding=\"async\" width=\"538\" height=\"538\" src=\"http:\/\/evoluscience.fr\/wp-content\/uploads\/2019\/09\/devoirs.png\" alt=\"\" class=\"wp-image-428\" style=\"width:330px;height:330px\" srcset=\"https:\/\/www.evoluscience.fr\/wp-content\/uploads\/2019\/09\/devoirs.png 538w, https:\/\/www.evoluscience.fr\/wp-content\/uploads\/2019\/09\/devoirs-150x150.png 150w, https:\/\/www.evoluscience.fr\/wp-content\/uploads\/2019\/09\/devoirs-300x300.png 300w, https:\/\/www.evoluscience.fr\/wp-content\/uploads\/2019\/09\/devoirs-520x520.png 520w\" sizes=\"auto, (max-width: 538px) 100vw, 538px\" \/><\/a><\/figure>\n<\/div>\n\n<div class=\"wp-block-image\">\n<figure class=\"aligncenter size-large is-resized\"><a href=\"http:\/\/evoluscience.fr\/wp-content\/uploads\/2020\/04\/3-PT-Chp3Act5-FC.pdf\" target=\"_blank\" rel=\"noreferrer noopener\"><img loading=\"lazy\" decoding=\"async\" width=\"735\" height=\"735\" src=\"http:\/\/evoluscience.fr\/wp-content\/uploads\/2020\/03\/pjiece_jointe-1.png\" alt=\"\" class=\"wp-image-4366\" style=\"width:303px;height:303px\" srcset=\"https:\/\/www.evoluscience.fr\/wp-content\/uploads\/2020\/03\/pjiece_jointe-1.png 735w, https:\/\/www.evoluscience.fr\/wp-content\/uploads\/2020\/03\/pjiece_jointe-1-300x300.png 300w, https:\/\/www.evoluscience.fr\/wp-content\/uploads\/2020\/03\/pjiece_jointe-1-150x150.png 150w, https:\/\/www.evoluscience.fr\/wp-content\/uploads\/2020\/03\/pjiece_jointe-1-520x520.png 520w\" sizes=\"auto, (max-width: 735px) 100vw, 735px\" \/><\/a><\/figure>\n<\/div>\n\n\n<p><\/p>\n<\/div>\n<\/div><\/div>\n<\/div>","protected":false},"excerpt":{"rendered":"","protected":false},"author":1,"featured_media":0,"parent":4007,"menu_order":5,"comment_status":"closed","ping_status":"closed","template":"","meta":{"om_disable_all_campaigns":false,"_monsterinsights_skip_tracking":false,"_monsterinsights_sitenote_active":false,"_monsterinsights_sitenote_note":"","_monsterinsights_sitenote_category":0,"_themeisle_gutenberg_block_has_review":false,"footnotes":""},"c2tw_page_folder":[],"class_list":["post-4066","page","type-page","status-publish","hentry"],"aioseo_notices":[],"_links":{"self":[{"href":"https:\/\/www.evoluscience.fr\/index.php\/wp-json\/wp\/v2\/pages\/4066","targetHints":{"allow":["GET"]}}],"collection":[{"href":"https:\/\/www.evoluscience.fr\/index.php\/wp-json\/wp\/v2\/pages"}],"about":[{"href":"https:\/\/www.evoluscience.fr\/index.php\/wp-json\/wp\/v2\/types\/page"}],"author":[{"embeddable":true,"href":"https:\/\/www.evoluscience.fr\/index.php\/wp-json\/wp\/v2\/users\/1"}],"replies":[{"embeddable":true,"href":"https:\/\/www.evoluscience.fr\/index.php\/wp-json\/wp\/v2\/comments?post=4066"}],"version-history":[{"count":2,"href":"https:\/\/www.evoluscience.fr\/index.php\/wp-json\/wp\/v2\/pages\/4066\/revisions"}],"predecessor-version":[{"id":11980,"href":"https:\/\/www.evoluscience.fr\/index.php\/wp-json\/wp\/v2\/pages\/4066\/revisions\/11980"}],"up":[{"embeddable":true,"href":"https:\/\/www.evoluscience.fr\/index.php\/wp-json\/wp\/v2\/pages\/4007"}],"wp:attachment":[{"href":"https:\/\/www.evoluscience.fr\/index.php\/wp-json\/wp\/v2\/media?parent=4066"}],"wp:term":[{"taxonomy":"c2tw_page_folder","embeddable":true,"href":"https:\/\/www.evoluscience.fr\/index.php\/wp-json\/wp\/v2\/c2tw_page_folder?post=4066"}],"curies":[{"name":"wp","href":"https:\/\/api.w.org\/{rel}","templated":true}]}}