{"id":4011,"date":"2020-03-04T03:33:08","date_gmt":"2020-03-04T02:33:08","guid":{"rendered":"http:\/\/evoluscience.fr\/?page_id=4011"},"modified":"2024-04-26T18:54:22","modified_gmt":"2024-04-26T16:54:22","slug":"activite-1","status":"publish","type":"page","link":"https:\/\/www.evoluscience.fr\/index.php\/cycle-4\/troisieme-2\/3e-la-planete-terre-lenvironnement-laction-humaine\/chapitre-3-levolution-de-la-surface-de-la-terre-au-cours-du-temps\/activite-1\/","title":{"rendered":"Activit\u00e9 1"},"content":{"rendered":"<div id=\"modal-ready\">\n<div id=\"wp-block-themeisle-blocks-advanced-columns-6b4a9e95\" class=\"wp-block-themeisle-blocks-advanced-columns has-1-columns has-desktop-equal-layout has-tablet-equal-layout has-mobile-equal-layout has-vertical-unset\"><div class=\"wp-block-themeisle-blocks-advanced-columns-overlay\"><\/div><div class=\"innerblocks-wrap\">\n<div id=\"wp-block-themeisle-blocks-advanced-column-4d676569\" class=\"wp-block-themeisle-blocks-advanced-column\">\n<p><\/p>\n\n\n\n<p><iframe loading=\"lazy\" src=\"https:\/\/anchor.fm\/laure-emilie-verkest\/embed\/episodes\/3-PT-Chp3Act1-edhoim\/a-a57pl6\" height=\"102px\" width=\"400px\" frameborder=\"0\" scrolling=\"no\"><\/iframe><\/p>\n\n\n\n<p><\/p>\n\n\n\n<div style=\"height:100px\" aria-hidden=\"true\" class=\"wp-block-spacer\"><\/div>\n\n\n\n<p class=\"has-drop-cap\"><em>Hugo a appris aussi l\u2019ann\u00e9e derni\u00e8re que certaines zones de la Terre comportent plus de volcans qu\u2019ailleurs. Par exemple, il y a beaucoup de s\u00e9ismes et de volcans au Japon. Le relief peut aussi \u00eatre particulier comme les cha\u00eenes de montagnes et la fosse oc\u00e9anique des Mariannes.<\/em><\/p>\n\n\n\n<div style=\"height:100px\" aria-hidden=\"true\" class=\"wp-block-spacer\"><\/div>\n\n\n\n<p class=\"has-vivid-red-color has-text-color has-large-font-size\">I. <strong>La structure de la surface de la Terre<\/strong><\/p>\n\n\n\n<div style=\"height:100px\" aria-hidden=\"true\" class=\"wp-block-spacer\"><\/div>\n\n\n\n<p class=\"has-vivid-green-cyan-color has-text-color\"><strong>Comment&nbsp; est structur\u00e9e la surface terrestre&nbsp;?<\/strong><\/p>\n\n\n\n<div style=\"height:46px\" aria-hidden=\"true\" class=\"wp-block-spacer\"><\/div>\n\n\n\n<p class=\"has-background\" style=\"background-color:#ffdcb4\">Activit\u00e9 1&nbsp;: A partir d\u2019une animation et de documents, d\u00e9terminer comment est d\u00e9limit\u00e9e la surface terrestre et sa structure verticale par une carte, un sch\u00e9ma et un texte.<\/p>\n\n\n\n<div style=\"height:100px\" aria-hidden=\"true\" class=\"wp-block-spacer\"><\/div>\n\n\n\n<p><em>Comp\u00e9tences travaill\u00e9es&nbsp;:<\/em><\/p>\n\n\n\n<ul class=\"wp-block-list\">\n<li> <em>Traduire des informations sous forme de sch\u00e9ma<\/em><\/li>\n<\/ul>\n\n\n\n<ul class=\"wp-block-list\">\n<li><em>Traiter des donn\u00e9es sous forme d\u2019un graphique<\/em><\/li>\n<\/ul>\n\n\n\n<ul class=\"wp-block-list\">\n<li><em>Planifier le travail en groupe<\/em><\/li>\n<\/ul>\n\n\n\n<div style=\"height:100px\" aria-hidden=\"true\" class=\"wp-block-spacer\"><\/div>\n\n\n<a href=\"https:\/\/www.evoluscience.fr\/wp-content\/uploads\/2023\/04\/3-PT-Chp3Act1.pdf\" class=\"pdfemb-viewer\" style=\"\" data-width=\"max\" data-height=\"max\" data-toolbar=\"top\" data-toolbar-fixed=\"off\">3-PT-Chp3Act1<\/a>\n<p class=\"wp-block-pdfemb-pdf-embedder-viewer\"><\/p>\n\n\n\n<p>Dans le document 1, le trac\u00e9 bleu correspond \u00e0 la plaque oc\u00e9anique et celui rouge \u00e0 la plaque continentale.<\/p>\n\n\n\n<div style=\"height:100px\" aria-hidden=\"true\" class=\"wp-block-spacer\"><\/div>\n\n\n\n<p>Vid\u00e9o animation concernant les limites de plaques:<\/p>\n\n\n\n<p><\/p>\n\n\n\n<figure class=\"wp-block-video aligncenter\"><video height=\"902\" style=\"aspect-ratio: 1202 \/ 902;\" width=\"1202\" controls src=\"http:\/\/evoluscience.fr\/wp-content\/uploads\/2020\/04\/Vid\u00e9o-animation-Limites-de-plaques-lithosph\u00e9riques.mp4\"><\/video><\/figure>\n\n\n\n<div style=\"height:42px\" aria-hidden=\"true\" class=\"wp-block-spacer\"><\/div>\n\n\n\n<p>Planisph\u00e8re compl\u00e9t\u00e9 en 5e :<\/p>\n\n\n<div class=\"wp-block-image\">\n<figure class=\"aligncenter size-large\"><a href=\"http:\/\/evoluscience.fr\/wp-content\/uploads\/2020\/04\/5-PT-Chp4-carte-tectonique-des-plaques-s\u00e9ismes-scaled.jpg\" target=\"_blank\" rel=\"noreferrer noopener\"><img loading=\"lazy\" decoding=\"async\" width=\"1024\" height=\"714\" src=\"http:\/\/evoluscience.fr\/wp-content\/uploads\/2020\/04\/5-PT-Chp4-carte-tectonique-des-plaques-s\u00e9ismes-1024x714.jpg\" alt=\"\" class=\"wp-image-4786\" srcset=\"https:\/\/www.evoluscience.fr\/wp-content\/uploads\/2020\/04\/5-PT-Chp4-carte-tectonique-des-plaques-s\u00e9ismes-1024x714.jpg 1024w, https:\/\/www.evoluscience.fr\/wp-content\/uploads\/2020\/04\/5-PT-Chp4-carte-tectonique-des-plaques-s\u00e9ismes-300x209.jpg 300w, https:\/\/www.evoluscience.fr\/wp-content\/uploads\/2020\/04\/5-PT-Chp4-carte-tectonique-des-plaques-s\u00e9ismes-768x535.jpg 768w, https:\/\/www.evoluscience.fr\/wp-content\/uploads\/2020\/04\/5-PT-Chp4-carte-tectonique-des-plaques-s\u00e9ismes-1536x1070.jpg 1536w, https:\/\/www.evoluscience.fr\/wp-content\/uploads\/2020\/04\/5-PT-Chp4-carte-tectonique-des-plaques-s\u00e9ismes-2048x1427.jpg 2048w, https:\/\/www.evoluscience.fr\/wp-content\/uploads\/2020\/04\/5-PT-Chp4-carte-tectonique-des-plaques-s\u00e9ismes-520x362.jpg 520w, https:\/\/www.evoluscience.fr\/wp-content\/uploads\/2020\/04\/5-PT-Chp4-carte-tectonique-des-plaques-s\u00e9ismes-740x516.jpg 740w\" sizes=\"auto, (max-width: 1024px) 100vw, 1024px\" \/><\/a><\/figure>\n<\/div>\n\n\n<p>Pour indiquer les limites de plaques lithosph\u00e9riques, ajouter un calque en le collant par une bande \u00e0 gauche de la feuille.<\/p>\n\n\n\n<p>Indiquer par un trait au crayon \u00e0 papier  la limite des plaques puis indiquer le nom des plaques lithosph\u00e9riques.<\/p>\n\n\n\n<div style=\"height:100px\" aria-hidden=\"true\" class=\"wp-block-spacer\"><\/div>\n\n\n<div class=\"wp-block-image\">\n<figure class=\"aligncenter size-large\"><img loading=\"lazy\" decoding=\"async\" width=\"655\" height=\"471\" src=\"http:\/\/evoluscience.fr\/wp-content\/uploads\/2020\/03\/image-16.png\" alt=\"\" class=\"wp-image-4018\" srcset=\"https:\/\/www.evoluscience.fr\/wp-content\/uploads\/2020\/03\/image-16.png 655w, https:\/\/www.evoluscience.fr\/wp-content\/uploads\/2020\/03\/image-16-300x216.png 300w, https:\/\/www.evoluscience.fr\/wp-content\/uploads\/2020\/03\/image-16-520x374.png 520w\" sizes=\"auto, (max-width: 655px) 100vw, 655px\" \/><\/figure>\n<\/div>\n\n\n<div style=\"height:100px\" aria-hidden=\"true\" class=\"wp-block-spacer\"><\/div>\n\n\n\n<div style=\"height:100px\" aria-hidden=\"true\" class=\"wp-block-spacer\"><\/div>\n\n\n<div class=\"wp-block-image\">\n<figure class=\"aligncenter size-large is-resized\"><a href=\"http:\/\/evoluscience.fr\/index.php\/cycle-4\/troisieme-2\/3e-la-planete-terre-lenvironnement-laction-humaine\/chapitre-3-levolution-de-la-surface-de-la-terre-au-cours-du-temps\/activite-1\/conclusion\/\" target=\"_blank\" rel=\"noreferrer noopener\"><img loading=\"lazy\" decoding=\"async\" width=\"538\" height=\"538\" src=\"http:\/\/evoluscience.fr\/wp-content\/uploads\/2019\/09\/conclusion.png\" alt=\"\" class=\"wp-image-370\" style=\"width:333px;height:333px\" srcset=\"https:\/\/www.evoluscience.fr\/wp-content\/uploads\/2019\/09\/conclusion.png 538w, https:\/\/www.evoluscience.fr\/wp-content\/uploads\/2019\/09\/conclusion-150x150.png 150w, https:\/\/www.evoluscience.fr\/wp-content\/uploads\/2019\/09\/conclusion-300x300.png 300w, https:\/\/www.evoluscience.fr\/wp-content\/uploads\/2019\/09\/conclusion-520x520.png 520w\" sizes=\"auto, (max-width: 538px) 100vw, 538px\" \/><\/a><\/figure>\n<\/div>\n\n<div class=\"wp-block-image\">\n<figure class=\"aligncenter size-large is-resized\"><a href=\"http:\/\/evoluscience.fr\/index.php\/cycle-4\/troisieme-2\/3e-la-planete-terre-lenvironnement-laction-humaine\/chapitre-3-levolution-de-la-surface-de-la-terre-au-cours-du-temps\/activite-1\/bonus\/\" target=\"_blank\" rel=\"noreferrer noopener\"><img loading=\"lazy\" decoding=\"async\" width=\"538\" height=\"538\" src=\"http:\/\/evoluscience.fr\/wp-content\/uploads\/2019\/09\/bonus-1.png\" alt=\"\" class=\"wp-image-372\" style=\"width:299px;height:299px\" srcset=\"https:\/\/www.evoluscience.fr\/wp-content\/uploads\/2019\/09\/bonus-1.png 538w, https:\/\/www.evoluscience.fr\/wp-content\/uploads\/2019\/09\/bonus-1-150x150.png 150w, https:\/\/www.evoluscience.fr\/wp-content\/uploads\/2019\/09\/bonus-1-300x300.png 300w, https:\/\/www.evoluscience.fr\/wp-content\/uploads\/2019\/09\/bonus-1-520x520.png 520w\" sizes=\"auto, (max-width: 538px) 100vw, 538px\" \/><\/a><\/figure>\n<\/div>\n\n<div class=\"wp-block-image\">\n<figure class=\"aligncenter size-large is-resized\"><a href=\"http:\/\/evoluscience.fr\/wp-content\/uploads\/2020\/04\/3-PT-Chp3Act1-FC.pdf\" target=\"_blank\" rel=\"noreferrer noopener\"><img loading=\"lazy\" decoding=\"async\" width=\"735\" height=\"735\" src=\"http:\/\/evoluscience.fr\/wp-content\/uploads\/2020\/03\/pjiece_jointe-1.png\" alt=\"\" class=\"wp-image-4366\" style=\"width:316px;height:316px\" srcset=\"https:\/\/www.evoluscience.fr\/wp-content\/uploads\/2020\/03\/pjiece_jointe-1.png 735w, https:\/\/www.evoluscience.fr\/wp-content\/uploads\/2020\/03\/pjiece_jointe-1-300x300.png 300w, https:\/\/www.evoluscience.fr\/wp-content\/uploads\/2020\/03\/pjiece_jointe-1-150x150.png 150w, https:\/\/www.evoluscience.fr\/wp-content\/uploads\/2020\/03\/pjiece_jointe-1-520x520.png 520w\" sizes=\"auto, (max-width: 735px) 100vw, 735px\" \/><\/a><\/figure>\n<\/div><\/div>\n<\/div><\/div>\n<\/div>","protected":false},"excerpt":{"rendered":"","protected":false},"author":1,"featured_media":0,"parent":4007,"menu_order":1,"comment_status":"closed","ping_status":"closed","template":"","meta":{"om_disable_all_campaigns":false,"_monsterinsights_skip_tracking":false,"_monsterinsights_sitenote_active":false,"_monsterinsights_sitenote_note":"","_monsterinsights_sitenote_category":0,"_themeisle_gutenberg_block_has_review":false,"footnotes":""},"c2tw_page_folder":[],"class_list":["post-4011","page","type-page","status-publish","hentry"],"aioseo_notices":[],"_links":{"self":[{"href":"https:\/\/www.evoluscience.fr\/index.php\/wp-json\/wp\/v2\/pages\/4011","targetHints":{"allow":["GET"]}}],"collection":[{"href":"https:\/\/www.evoluscience.fr\/index.php\/wp-json\/wp\/v2\/pages"}],"about":[{"href":"https:\/\/www.evoluscience.fr\/index.php\/wp-json\/wp\/v2\/types\/page"}],"author":[{"embeddable":true,"href":"https:\/\/www.evoluscience.fr\/index.php\/wp-json\/wp\/v2\/users\/1"}],"replies":[{"embeddable":true,"href":"https:\/\/www.evoluscience.fr\/index.php\/wp-json\/wp\/v2\/comments?post=4011"}],"version-history":[{"count":0,"href":"https:\/\/www.evoluscience.fr\/index.php\/wp-json\/wp\/v2\/pages\/4011\/revisions"}],"up":[{"embeddable":true,"href":"https:\/\/www.evoluscience.fr\/index.php\/wp-json\/wp\/v2\/pages\/4007"}],"wp:attachment":[{"href":"https:\/\/www.evoluscience.fr\/index.php\/wp-json\/wp\/v2\/media?parent=4011"}],"wp:term":[{"taxonomy":"c2tw_page_folder","embeddable":true,"href":"https:\/\/www.evoluscience.fr\/index.php\/wp-json\/wp\/v2\/c2tw_page_folder?post=4011"}],"curies":[{"name":"wp","href":"https:\/\/api.w.org\/{rel}","templated":true}]}}