{"id":4007,"date":"2020-03-04T03:25:05","date_gmt":"2020-03-04T02:25:05","guid":{"rendered":"http:\/\/evoluscience.fr\/?page_id=4007"},"modified":"2020-03-04T04:28:48","modified_gmt":"2020-03-04T03:28:48","slug":"chapitre-3-levolution-de-la-surface-de-la-terre-au-cours-du-temps","status":"publish","type":"page","link":"https:\/\/www.evoluscience.fr\/index.php\/cycle-4\/troisieme-2\/3e-la-planete-terre-lenvironnement-laction-humaine\/chapitre-3-levolution-de-la-surface-de-la-terre-au-cours-du-temps\/","title":{"rendered":"Chapitre 3 &#8211; L&rsquo;\u00e9volution de la surface de la Terre au cours du temps"},"content":{"rendered":"<div id=\"modal-ready\">\n<div class=\"wp-block-themeisle-blocks-advanced-columns has-1-columns has-desktop-equal-layout has-tablet-equal-layout has-mobile-equal-layout has-default-gap has-vertical-unset\" id=\"wp-block-themeisle-blocks-advanced-columns-1b7a6e4c\" style=\"border-width:0px;border-style:solid;border-color:#000000;border-radius:0px;justify-content:unset\"><div class=\"wp-themeisle-block-overlay\" style=\"opacity:0.5;mix-blend-mode:normal\"><\/div><div class=\"innerblocks-wrap\">\n<div class=\"wp-block-themeisle-blocks-advanced-column\" id=\"wp-block-themeisle-blocks-advanced-column-069f2cd6\" style=\"border-width:0px;border-style:solid;border-color:#000000;border-radius:0px\">\n<p class=\"has-drop-cap\"><em>Hugo&nbsp; vient\njuste d\u2019apprendre que le volcanisme plus intense \u00e0 certaines p\u00e9riodes a eu un\nr\u00f4le dans les crises biologiques du Permo-Trias et du Cr\u00e9tac\u00e9-Pal\u00e9og\u00e8ne. Donc,\nil y a toujours eu des mouvements \u00e0 la surface de la Terre.<\/em><\/p>\n\n\n\n<div style=\"height:100px\" aria-hidden=\"true\" class=\"wp-block-spacer\"><\/div>\n\n\n\n<p class=\"has-text-color has-vivid-green-cyan-color\">Comment\nla surface terrestre est-elle en perp\u00e9tuel remaniement&nbsp;?<\/p>\n\n\n\n<div style=\"height:100px\" aria-hidden=\"true\" class=\"wp-block-spacer\"><\/div>\n\n\n\n<p><a href=\"http:\/\/evoluscience.fr\/index.php\/cycle-4\/troisieme-2\/3e-la-planete-terre-lenvironnement-laction-humaine\/chapitre-3-levolution-de-la-surface-de-la-terre-au-cours-du-temps\/activite-1\/\">Activit\u00e9 1 &#8211; Comment\u00a0 est structur\u00e9e la surface terrestre\u00a0?<\/a><\/p>\n\n\n\n<p><a href=\"http:\/\/evoluscience.fr\/index.php\/cycle-4\/troisieme-2\/3e-la-planete-terre-lenvironnement-laction-humaine\/chapitre-3-levolution-de-la-surface-de-la-terre-au-cours-du-temps\/activite-2\/\">Activit\u00e9 2 &#8211; Comment la surface de la Terre a-t-elle \u00e9volu\u00e9 \u00e0 l\u2019\u00e9chelle de l\u2019Homme et celle g\u00e9ologique\u00a0?<\/a><\/p>\n\n\n\n<p><a href=\"http:\/\/evoluscience.fr\/index.php\/cycle-4\/troisieme-2\/3e-la-planete-terre-lenvironnement-laction-humaine\/chapitre-3-levolution-de-la-surface-de-la-terre-au-cours-du-temps\/activite-3\/\">Activit\u00e9 3 &#8211; Comment un oc\u00e9an se ferme-t-il\u00a0?<\/a><\/p>\n\n\n\n<p><a href=\"http:\/\/evoluscience.fr\/index.php\/cycle-4\/troisieme-2\/3e-la-planete-terre-lenvironnement-laction-humaine\/chapitre-3-levolution-de-la-surface-de-la-terre-au-cours-du-temps\/activite-4\/\">Activit\u00e9 4 &#8211; Comment se forme l\u2019oc\u00e9an\u00a0?<\/a><\/p>\n\n\n\n<p><a href=\"http:\/\/evoluscience.fr\/index.php\/cycle-4\/troisieme-2\/3e-la-planete-terre-lenvironnement-laction-humaine\/chapitre-3-levolution-de-la-surface-de-la-terre-au-cours-du-temps\/activite-5\/\">Activit\u00e9 5 &#8211; Comment les montagnes se forment-elles\u00a0?<\/a><\/p>\n\n\n\n<p><\/p>\n\n\n\n<p><\/p>\n<\/div>\n<\/div><\/div>\n<\/div>","protected":false},"excerpt":{"rendered":"","protected":false},"author":1,"featured_media":0,"parent":3818,"menu_order":5,"comment_status":"closed","ping_status":"closed","template":"","meta":{"om_disable_all_campaigns":false,"_monsterinsights_skip_tracking":false,"_monsterinsights_sitenote_active":false,"_monsterinsights_sitenote_note":"","_monsterinsights_sitenote_category":0,"_themeisle_gutenberg_block_has_review":false,"footnotes":""},"c2tw_page_folder":[],"class_list":["post-4007","page","type-page","status-publish","hentry"],"aioseo_notices":[],"_links":{"self":[{"href":"https:\/\/www.evoluscience.fr\/index.php\/wp-json\/wp\/v2\/pages\/4007","targetHints":{"allow":["GET"]}}],"collection":[{"href":"https:\/\/www.evoluscience.fr\/index.php\/wp-json\/wp\/v2\/pages"}],"about":[{"href":"https:\/\/www.evoluscience.fr\/index.php\/wp-json\/wp\/v2\/types\/page"}],"author":[{"embeddable":true,"href":"https:\/\/www.evoluscience.fr\/index.php\/wp-json\/wp\/v2\/users\/1"}],"replies":[{"embeddable":true,"href":"https:\/\/www.evoluscience.fr\/index.php\/wp-json\/wp\/v2\/comments?post=4007"}],"version-history":[{"count":0,"href":"https:\/\/www.evoluscience.fr\/index.php\/wp-json\/wp\/v2\/pages\/4007\/revisions"}],"up":[{"embeddable":true,"href":"https:\/\/www.evoluscience.fr\/index.php\/wp-json\/wp\/v2\/pages\/3818"}],"wp:attachment":[{"href":"https:\/\/www.evoluscience.fr\/index.php\/wp-json\/wp\/v2\/media?parent=4007"}],"wp:term":[{"taxonomy":"c2tw_page_folder","embeddable":true,"href":"https:\/\/www.evoluscience.fr\/index.php\/wp-json\/wp\/v2\/c2tw_page_folder?post=4007"}],"curies":[{"name":"wp","href":"https:\/\/api.w.org\/{rel}","templated":true}]}}