{"id":3958,"date":"2020-03-03T21:12:23","date_gmt":"2020-03-03T20:12:23","guid":{"rendered":"http:\/\/evoluscience.fr\/?page_id=3958"},"modified":"2020-03-28T17:30:18","modified_gmt":"2020-03-28T16:30:18","slug":"conclusion","status":"publish","type":"page","link":"https:\/\/www.evoluscience.fr\/index.php\/cycle-4\/troisieme-2\/3e-la-planete-terre-lenvironnement-laction-humaine\/chapitre-2-les-evolutions-meteorologiques-et-climatiques-au-cours-du-temps\/activite-2\/conclusion\/","title":{"rendered":"Conclusion"},"content":{"rendered":"<div id=\"modal-ready\">\n<div class=\"wp-block-themeisle-blocks-advanced-columns has-1-columns has-desktop-equal-layout has-tablet-equal-layout has-mobile-equal-layout has-default-gap has-vertical-unset\" id=\"wp-block-themeisle-blocks-advanced-columns-4c253443\"><div class=\"wp-block-themeisle-blocks-advanced-columns-overlay\"><\/div><div class=\"innerblocks-wrap\">\n<div class=\"wp-block-themeisle-blocks-advanced-column\" id=\"wp-block-themeisle-blocks-advanced-column-658680eb\">\n<p class=\"has-text-color has-drop-cap has-vivid-red-color\">Depuis des milliards d\u2019ann\u00e9es, le climat varie continuellement \u00e0 cause de facteurs naturels externes (dont les rayonnements solaires) entra\u00eenant une alternance de p\u00e9riodes glaciaires et de p\u00e9riodes interglaciaires.&nbsp; <\/p>\n\n\n\n<p class=\"has-text-color has-vivid-red-color\">N\u00e9anmoins, bien que nous entrions en p\u00e9riode glaciaire, la temp\u00e9rature \u00e0 la surface de la Terre et le taux de dioxyde de carbone atmosph\u00e9rique augmentent\u00a0 trop vite. <\/p>\n\n\n\n<p class=\"has-text-color has-vivid-red-color\">Dans le rapport du GIEC, les\nscientifiques informent que les activit\u00e9s humaines sont en cause et qu\u2019il faut\nfortement r\u00e9duire les \u00e9missions des gaz \u00e0 effet de serre pour \u00e9viter les\nchangements climatiques trop importants et dramatiques dans le futur.<\/p>\n<\/div>\n<\/div><\/div>\n<\/div>","protected":false},"excerpt":{"rendered":"","protected":false},"author":1,"featured_media":0,"parent":3940,"menu_order":1,"comment_status":"closed","ping_status":"closed","template":"","meta":{"om_disable_all_campaigns":false,"_monsterinsights_skip_tracking":false,"_monsterinsights_sitenote_active":false,"_monsterinsights_sitenote_note":"","_monsterinsights_sitenote_category":0,"_themeisle_gutenberg_block_has_review":false,"footnotes":""},"c2tw_page_folder":[],"class_list":["post-3958","page","type-page","status-publish","hentry"],"aioseo_notices":[],"_links":{"self":[{"href":"https:\/\/www.evoluscience.fr\/index.php\/wp-json\/wp\/v2\/pages\/3958","targetHints":{"allow":["GET"]}}],"collection":[{"href":"https:\/\/www.evoluscience.fr\/index.php\/wp-json\/wp\/v2\/pages"}],"about":[{"href":"https:\/\/www.evoluscience.fr\/index.php\/wp-json\/wp\/v2\/types\/page"}],"author":[{"embeddable":true,"href":"https:\/\/www.evoluscience.fr\/index.php\/wp-json\/wp\/v2\/users\/1"}],"replies":[{"embeddable":true,"href":"https:\/\/www.evoluscience.fr\/index.php\/wp-json\/wp\/v2\/comments?post=3958"}],"version-history":[{"count":0,"href":"https:\/\/www.evoluscience.fr\/index.php\/wp-json\/wp\/v2\/pages\/3958\/revisions"}],"up":[{"embeddable":true,"href":"https:\/\/www.evoluscience.fr\/index.php\/wp-json\/wp\/v2\/pages\/3940"}],"wp:attachment":[{"href":"https:\/\/www.evoluscience.fr\/index.php\/wp-json\/wp\/v2\/media?parent=3958"}],"wp:term":[{"taxonomy":"c2tw_page_folder","embeddable":true,"href":"https:\/\/www.evoluscience.fr\/index.php\/wp-json\/wp\/v2\/c2tw_page_folder?post=3958"}],"curies":[{"name":"wp","href":"https:\/\/api.w.org\/{rel}","templated":true}]}}