{"id":3940,"date":"2020-03-03T17:31:57","date_gmt":"2020-03-03T16:31:57","guid":{"rendered":"http:\/\/evoluscience.fr\/?page_id=3940"},"modified":"2025-04-04T21:52:29","modified_gmt":"2025-04-04T19:52:29","slug":"activite-2","status":"publish","type":"page","link":"https:\/\/www.evoluscience.fr\/index.php\/cycle-4\/troisieme-2\/3e-la-planete-terre-lenvironnement-laction-humaine\/chapitre-2-les-evolutions-meteorologiques-et-climatiques-au-cours-du-temps\/activite-2\/","title":{"rendered":"Activit\u00e9 2"},"content":{"rendered":"\n<div id=\"wp-block-themeisle-blocks-advanced-columns-7b419145\" class=\"wp-block-themeisle-blocks-advanced-columns has-1-columns has-desktop-equal-layout has-tablet-equal-layout has-mobile-equal-layout has-vertical-unset\"><div class=\"wp-block-themeisle-blocks-advanced-columns-overlay\"><\/div><div class=\"innerblocks-wrap\">\n<div id=\"wp-block-themeisle-blocks-advanced-column-376bcb6e\" class=\"wp-block-themeisle-blocks-advanced-column\">\n<p><\/p>\n\n\n\n<p class=\"has-text-align-center\"><iframe loading=\"lazy\" src=\"https:\/\/anchor.fm\/laure-emilie-verkest\/embed\/episodes\/3-PT-Chp2Act2-ec2k2p\/a-a57pl6\" height=\"102px\" width=\"400px\" frameborder=\"0\" scrolling=\"no\"><\/iframe><\/p>\n\n\n\n<p><\/p>\n\n\n\n<div style=\"height:100px\" aria-hidden=\"true\" class=\"wp-block-spacer\"><\/div>\n\n\n\n<p class=\"has-drop-cap\"><em>Effectivement, Hugo est d\u2019accord qu\u2019il y a beaucoup de ph\u00e9nom\u00e8nes m\u00e9t\u00e9orologiques extr\u00eames. Mais avant de dire que tout est la faute de l\u2019esp\u00e8ce humaine, il veut comparer le climat \u00e0 diff\u00e9rentes p\u00e9riodes dans le dernier million d\u2019ann\u00e9es et observer les possibles changements.<\/em><\/p>\n\n\n\n<div style=\"height:100px\" aria-hidden=\"true\" class=\"wp-block-spacer\"><\/div>\n\n\n\n<p class=\"has-vivid-red-color has-text-color has-large-font-size\">II. <strong>Le climat au cours du temps<\/strong><\/p>\n\n\n\n<div style=\"height:100px\" aria-hidden=\"true\" class=\"wp-block-spacer\"><\/div>\n\n\n\n<p class=\"has-vivid-green-cyan-color has-text-color\"><strong>Comment&nbsp; \u00e9volue le climat \u00e0 l\u2019\u00e9chelle de\nl\u2019humanit\u00e9&nbsp;?<\/strong><\/p>\n\n\n\n<div style=\"height:27px\" aria-hidden=\"true\" class=\"wp-block-spacer\"><\/div>\n\n\n\n<p class=\"has-background\" style=\"background-color:#fff0ca\">Activit\u00e9 2 : A partir de documents et de l\u2019application ClimatHD, d\u00e9terminer comment a \u00e9volu\u00e9 le climat depuis 1900 et quelles sont les pr\u00e9visions futures en r\u00e9pondant aux questions.<\/p>\n\n\n\n<div style=\"height:100px\" aria-hidden=\"true\" class=\"wp-block-spacer\"><\/div>\n\n\n\n<p><em>Comp\u00e9tences travaill\u00e9es&nbsp;:<\/em><\/p>\n\n\n\n<ul class=\"wp-block-list\">\n<li><em>Traiter des donn\u00e9es sous forme de graphique<\/em><\/li>\n<\/ul>\n\n\n\n<ul class=\"wp-block-list\">\n<li><em>Planifier le travail en groupe<\/em><\/li>\n<\/ul>\n\n\n\n<ul class=\"wp-block-list\">\n<li><em>R\u00e9aliser une \u00e9tude de documents<\/em><\/li>\n<\/ul>\n\n\n\n<ul class=\"wp-block-list\">\n<li><em>D\u00e9velopper son esprit critique<\/em><\/li>\n<\/ul>\n\n\n\n<ul class=\"wp-block-list\">\n<li><em>Sensibiliser au d\u00e9veloppement durable <\/em><\/li>\n\n\n\n<li><em>Etudier des repr\u00e9sentations du temps <\/em><\/li>\n<\/ul>\n\n\n\n<div style=\"height:100px\" aria-hidden=\"true\" class=\"wp-block-spacer\"><\/div>\n\n\n\n<p>Rappel de la capsule:<\/p>\n\n\n\n<div style=\"height:100px\" aria-hidden=\"true\" class=\"wp-block-spacer\"><\/div>\n\n\n\n<div class=\"_df_book df-lite\" id=\"df_11769\"  _slug=\"3-pt-chp2act2-capsule-2\" data-title=\"3-pt-chp2act2-capsule\" wpoptions=\"true\" thumbtype=\"\" ><\/div><script class=\"df-shortcode-script\" nowprocket type=\"application\/javascript\">window.option_df_11769 = {\"outline\":[],\"autoEnableOutline\":\"false\",\"autoEnableThumbnail\":\"false\",\"overwritePDFOutline\":\"false\",\"enableDownload\":\"false\",\"direction\":\"1\",\"pageSize\":\"0\",\"soundEnable\":\"false\",\"autoPlay\":\"false\",\"source\":\"https:\\\/\\\/www.evoluscience.fr\\\/wp-content\\\/uploads\\\/2023\\\/04\\\/3-PT-Chp2Act2-Capsule.pdf\",\"wpOptions\":\"true\"}; if(window.DFLIP && window.DFLIP.parseBooks){window.DFLIP.parseBooks();}<\/script>\n\n\n\n<p><a href=\"https:\/\/meteofrance.com\/climathd\" target=\"_blank\" rel=\"noreferrer noopener\">Site internet de l&rsquo;application en ligne ClimatHD<\/a> (aussi en application)<\/p>\n\n\n\n<div class=\"_df_book df-lite\" id=\"df_11772\"  _slug=\"3-pt-chp2act2bis\" data-title=\"3-pt-chp2act2bis\" wpoptions=\"true\" thumbtype=\"\" ><\/div><script class=\"df-shortcode-script\" nowprocket type=\"application\/javascript\">window.option_df_11772 = {\"outline\":[],\"autoEnableOutline\":\"false\",\"autoEnableThumbnail\":\"false\",\"overwritePDFOutline\":\"false\",\"enableDownload\":\"false\",\"direction\":\"1\",\"pageSize\":\"0\",\"soundEnable\":\"false\",\"autoPlay\":\"false\",\"source\":\"https:\\\/\\\/www.evoluscience.fr\\\/wp-content\\\/uploads\\\/2023\\\/04\\\/3-PT-Chp2Act2bis.pdf\",\"wpOptions\":\"true\"}; if(window.DFLIP && window.DFLIP.parseBooks){window.DFLIP.parseBooks();}<\/script>\n\n\n\n<div style=\"height:100px\" aria-hidden=\"true\" class=\"wp-block-spacer\"><\/div>\n\n\n\n<p>Le 17 septembre 2019, des donn\u00e9es issues de nouvelles simulations concernant les changements climatiques pour pr\u00e9parer le GIEC 2021 ont \u00e9t\u00e9 publi\u00e9es dans la presse.<\/p>\n\n\n\n<p>Elles doivent encore \u00eatre travaill\u00e9es mais elles laissent pr\u00e9sager que le sc\u00e9nario RCP 8.5 aura des cons\u00e9quences plus graves que pr\u00e9vues.<\/p>\n\n\n\n<figure class=\"wp-block-video\"><video controls src=\"https:\/\/www.evoluscience.fr\/wp-content\/uploads\/2025\/04\/Simulations-climatiques-changement-de-temperature-de-latmosphere-1880-2100.mp4\"><\/video><\/figure>\n\n\n\n<p>Source : <a href=\"https:\/\/www.youtube.com\/watch?v=uMFEdI2HLEM\" target=\"_blank\" rel=\"noopener\" title=\"\">https:\/\/www.youtube.com\/watch?v=uMFEdI2HLEM<\/a><\/p>\n\n\n\n<div style=\"height:100px\" aria-hidden=\"true\" class=\"wp-block-spacer\"><\/div>\n\n\n\n<figure class=\"wp-block-video\"><video controls src=\"https:\/\/www.evoluscience.fr\/wp-content\/uploads\/2025\/04\/Rapport-du-GIEC-2021-chaque-degre-compte.mp4\"><\/video><\/figure>\n\n\n\n<p>Source : <a href=\"https:\/\/www.youtube.com\/watch?v=Q0O8BSeQAQg\" target=\"_blank\" rel=\"noopener\" title=\"\">https:\/\/www.youtube.com\/watch?v=Q0O8BSeQAQg<\/a><\/p>\n\n\n\n<p><\/p>\n\n\n\n<p>Vid\u00e9o expliquant les autres cons\u00e9quences de la hausse des temp\u00e9ratures dans le futur :<\/p>\n\n\n\n<p><a href=\"https:\/\/www.lumni.fr\/video\/rechauffement-climatique-quelles-consequences\">https:\/\/www.lumni.fr\/video\/rechauffement-climatique-quelles-consequences<\/a><\/p>\n\n\n\n<div style=\"height:100px\" aria-hidden=\"true\" class=\"wp-block-spacer\"><\/div>\n\n\n<div class=\"wp-block-image\">\n<figure class=\"aligncenter size-large is-resized\"><a href=\"http:\/\/evoluscience.fr\/index.php\/cycle-4\/troisieme-2\/3e-la-planete-terre-lenvironnement-laction-humaine\/chapitre-2-les-evolutions-meteorologiques-et-climatiques-au-cours-du-temps\/activite-2\/conclusion\/\" target=\"_blank\" rel=\"noreferrer noopener\"><img loading=\"lazy\" decoding=\"async\" width=\"538\" height=\"538\" src=\"http:\/\/evoluscience.fr\/wp-content\/uploads\/2019\/09\/conclusion.png\" alt=\"\" class=\"wp-image-370\" style=\"width:329px;height:329px\" srcset=\"https:\/\/www.evoluscience.fr\/wp-content\/uploads\/2019\/09\/conclusion.png 538w, https:\/\/www.evoluscience.fr\/wp-content\/uploads\/2019\/09\/conclusion-150x150.png 150w, https:\/\/www.evoluscience.fr\/wp-content\/uploads\/2019\/09\/conclusion-300x300.png 300w, https:\/\/www.evoluscience.fr\/wp-content\/uploads\/2019\/09\/conclusion-520x520.png 520w\" sizes=\"auto, (max-width: 538px) 100vw, 538px\" \/><\/a><\/figure>\n<\/div>\n\n<div class=\"wp-block-image\">\n<figure class=\"aligncenter size-large is-resized\"><a href=\"http:\/\/evoluscience.fr\/index.php\/cycle-4\/troisieme-2\/3e-la-planete-terre-lenvironnement-laction-humaine\/chapitre-2-les-evolutions-meteorologiques-et-climatiques-au-cours-du-temps\/activite-2\/bonus\/\" target=\"_blank\" rel=\"noreferrer noopener\"><img loading=\"lazy\" decoding=\"async\" width=\"538\" height=\"538\" src=\"http:\/\/evoluscience.fr\/wp-content\/uploads\/2019\/09\/bonus-1.png\" alt=\"\" class=\"wp-image-372\" style=\"width:281px;height:281px\" srcset=\"https:\/\/www.evoluscience.fr\/wp-content\/uploads\/2019\/09\/bonus-1.png 538w, https:\/\/www.evoluscience.fr\/wp-content\/uploads\/2019\/09\/bonus-1-150x150.png 150w, https:\/\/www.evoluscience.fr\/wp-content\/uploads\/2019\/09\/bonus-1-300x300.png 300w, https:\/\/www.evoluscience.fr\/wp-content\/uploads\/2019\/09\/bonus-1-520x520.png 520w\" sizes=\"auto, (max-width: 538px) 100vw, 538px\" \/><\/a><\/figure>\n<\/div>\n\n<div class=\"wp-block-image\">\n<figure class=\"aligncenter size-large is-resized\"><a href=\"http:\/\/evoluscience.fr\/wp-content\/uploads\/2020\/03\/3-PT-Chp2Act2-FC.pdf\" target=\"_blank\" rel=\"noreferrer noopener\"><img loading=\"lazy\" decoding=\"async\" width=\"735\" height=\"735\" src=\"http:\/\/evoluscience.fr\/wp-content\/uploads\/2020\/03\/pjiece_jointe-1.png\" alt=\"\" class=\"wp-image-4366\" style=\"width:282px;height:282px\" srcset=\"https:\/\/www.evoluscience.fr\/wp-content\/uploads\/2020\/03\/pjiece_jointe-1.png 735w, https:\/\/www.evoluscience.fr\/wp-content\/uploads\/2020\/03\/pjiece_jointe-1-300x300.png 300w, https:\/\/www.evoluscience.fr\/wp-content\/uploads\/2020\/03\/pjiece_jointe-1-150x150.png 150w, https:\/\/www.evoluscience.fr\/wp-content\/uploads\/2020\/03\/pjiece_jointe-1-520x520.png 520w\" sizes=\"auto, (max-width: 735px) 100vw, 735px\" \/><\/a><\/figure>\n<\/div><\/div>\n<\/div><\/div>\n","protected":false},"excerpt":{"rendered":"","protected":false},"author":1,"featured_media":0,"parent":3913,"menu_order":2,"comment_status":"closed","ping_status":"closed","template":"","meta":{"_monsterinsights_skip_tracking":false,"_monsterinsights_sitenote_active":false,"_monsterinsights_sitenote_note":"","_monsterinsights_sitenote_category":0,"_themeisle_gutenberg_block_has_review":false,"footnotes":""},"class_list":["post-3940","page","type-page","status-publish","hentry"],"_links":{"self":[{"href":"https:\/\/www.evoluscience.fr\/index.php\/wp-json\/wp\/v2\/pages\/3940","targetHints":{"allow":["GET"]}}],"collection":[{"href":"https:\/\/www.evoluscience.fr\/index.php\/wp-json\/wp\/v2\/pages"}],"about":[{"href":"https:\/\/www.evoluscience.fr\/index.php\/wp-json\/wp\/v2\/types\/page"}],"author":[{"embeddable":true,"href":"https:\/\/www.evoluscience.fr\/index.php\/wp-json\/wp\/v2\/users\/1"}],"replies":[{"embeddable":true,"href":"https:\/\/www.evoluscience.fr\/index.php\/wp-json\/wp\/v2\/comments?post=3940"}],"version-history":[{"count":0,"href":"https:\/\/www.evoluscience.fr\/index.php\/wp-json\/wp\/v2\/pages\/3940\/revisions"}],"up":[{"embeddable":true,"href":"https:\/\/www.evoluscience.fr\/index.php\/wp-json\/wp\/v2\/pages\/3913"}],"wp:attachment":[{"href":"https:\/\/www.evoluscience.fr\/index.php\/wp-json\/wp\/v2\/media?parent=3940"}],"curies":[{"name":"wp","href":"https:\/\/api.w.org\/{rel}","templated":true}]}}