{"id":3913,"date":"2020-03-03T16:18:30","date_gmt":"2020-03-03T15:18:30","guid":{"rendered":"http:\/\/evoluscience.fr\/?page_id=3913"},"modified":"2020-03-03T22:05:50","modified_gmt":"2020-03-03T21:05:50","slug":"chapitre-2-les-evolutions-meteorologiques-et-climatiques-au-cours-du-temps","status":"publish","type":"page","link":"https:\/\/www.evoluscience.fr\/index.php\/cycle-4\/troisieme-2\/3e-la-planete-terre-lenvironnement-laction-humaine\/chapitre-2-les-evolutions-meteorologiques-et-climatiques-au-cours-du-temps\/","title":{"rendered":"Chapitre 2 &#8211; Les \u00e9volutions m\u00e9t\u00e9orologiques  et climatiques au cours du temps"},"content":{"rendered":"\n<div class=\"wp-block-themeisle-blocks-advanced-columns has-1-columns has-desktop-equal-layout has-tablet-equal-layout has-mobile-equal-layout has-default-gap has-vertical-unset\" id=\"wp-block-themeisle-blocks-advanced-columns-a91e9670\" style=\"border-width:0px;border-style:solid;border-color:#000000;border-radius:0px;justify-content:unset\"><div class=\"wp-themeisle-block-overlay\" style=\"opacity:0.5;mix-blend-mode:normal\"><\/div><div class=\"innerblocks-wrap\">\n<div class=\"wp-block-themeisle-blocks-advanced-column\" id=\"wp-block-themeisle-blocks-advanced-column-631c30f7\" style=\"border-width:0px;border-style:solid;border-color:#000000;border-radius:0px\">\n<p class=\"has-drop-cap\"><em>En d\u00e9cembre 2019 a eu lieu la COP 25.<\/em><\/p>\n\n\n\n<p><em>La Conf\u00e9rence de Madrid de 2019 sur les changements\nclimatiques est une conf\u00e9rence internationale organis\u00e9e par les Nations unies\nqui se d\u00e9roule du 2 au 14 d\u00e9cembre 2019 \u00e0 Madrid, en Espagne. Pr\u00e9sid\u00e9e par le\ngouvernement chilien, elle est la 25e Conf\u00e9rence des parties (d&rsquo;o\u00f9 son acronyme\n: COP25), qui r\u00e9unit les pays signataires de la Convention-cadre des Nations\nunies sur les changements climatiques (CCNUCC).<\/em><\/p>\n\n\n\n<p><em>Son slogan est \u00ab Time for Action \u00bb.<\/em><\/p>\n\n\n\n<p><em>Certains pays pensent qu\u2019il est important d\u2019agir\npour ralentir un changement climatique mais d\u2019autres, comme les Etats-Unis\npr\u00e9sid\u00e9s par Donald Trump, affirment que le climat n\u2019\u00e9volue pas.<\/em><\/p>\n\n\n\n<div style=\"height:100px\" aria-hidden=\"true\" class=\"wp-block-spacer\"><\/div>\n\n\n\n<p class=\"has-text-color has-vivid-green-cyan-color\">Comment les activit\u00e9s m\u00e9t\u00e9orologiques et climatiques \u00e9voluent-elles au cours du temps&nbsp;?<\/p>\n\n\n\n<div style=\"height:100px\" aria-hidden=\"true\" class=\"wp-block-spacer\"><\/div>\n\n\n\n<p><a href=\"http:\/\/evoluscience.fr\/index.php\/cycle-4\/troisieme-2\/3e-la-planete-terre-lenvironnement-laction-humaine\/chapitre-2-les-evolutions-meteorologiques-et-climatiques-au-cours-du-temps\/activite-1\/\">Activit\u00e9 1 &#8211; Comment&nbsp; les ph\u00e9nom\u00e8nes m\u00e9t\u00e9orologiques extr\u00eames peuvent-ils agir sur les hommes et comment les pr\u00e9venir&nbsp;?<\/a><\/p>\n\n\n\n<p><a href=\"http:\/\/evoluscience.fr\/index.php\/cycle-4\/troisieme-2\/3e-la-planete-terre-lenvironnement-laction-humaine\/chapitre-2-les-evolutions-meteorologiques-et-climatiques-au-cours-du-temps\/activite-2\/\">Activit\u00e9 2 &#8211; Comment&nbsp; \u00e9volue le climat \u00e0 l\u2019\u00e9chelle de l\u2019humanit\u00e9&nbsp;?<\/a><\/p>\n\n\n\n<p><a href=\"http:\/\/evoluscience.fr\/index.php\/cycle-4\/troisieme-2\/3e-la-planete-terre-lenvironnement-laction-humaine\/chapitre-2-les-evolutions-meteorologiques-et-climatiques-au-cours-du-temps\/activite-3\/\">Activit\u00e9 3 &#8211; Comment fonctionne l\u2019effet de serre ?<\/a><\/p>\n\n\n\n<p><a href=\"http:\/\/evoluscience.fr\/index.php\/cycle-4\/troisieme-2\/3e-la-planete-terre-lenvironnement-laction-humaine\/chapitre-2-les-evolutions-meteorologiques-et-climatiques-au-cours-du-temps\/activite-4\/\">Activit\u00e9 4 &#8211; Quelles sont les traces d\u2019un climat pass\u00e9\u00a0?<\/a><br><\/p>\n\n\n\n<p><\/p>\n<\/div>\n<\/div><\/div>\n","protected":false},"excerpt":{"rendered":"","protected":false},"author":1,"featured_media":0,"parent":3818,"menu_order":4,"comment_status":"closed","ping_status":"closed","template":"","meta":{"_monsterinsights_skip_tracking":false,"_monsterinsights_sitenote_active":false,"_monsterinsights_sitenote_note":"","_monsterinsights_sitenote_category":0,"_themeisle_gutenberg_block_has_review":false,"footnotes":""},"class_list":["post-3913","page","type-page","status-publish","hentry"],"_links":{"self":[{"href":"https:\/\/www.evoluscience.fr\/index.php\/wp-json\/wp\/v2\/pages\/3913","targetHints":{"allow":["GET"]}}],"collection":[{"href":"https:\/\/www.evoluscience.fr\/index.php\/wp-json\/wp\/v2\/pages"}],"about":[{"href":"https:\/\/www.evoluscience.fr\/index.php\/wp-json\/wp\/v2\/types\/page"}],"author":[{"embeddable":true,"href":"https:\/\/www.evoluscience.fr\/index.php\/wp-json\/wp\/v2\/users\/1"}],"replies":[{"embeddable":true,"href":"https:\/\/www.evoluscience.fr\/index.php\/wp-json\/wp\/v2\/comments?post=3913"}],"version-history":[{"count":0,"href":"https:\/\/www.evoluscience.fr\/index.php\/wp-json\/wp\/v2\/pages\/3913\/revisions"}],"up":[{"embeddable":true,"href":"https:\/\/www.evoluscience.fr\/index.php\/wp-json\/wp\/v2\/pages\/3818"}],"wp:attachment":[{"href":"https:\/\/www.evoluscience.fr\/index.php\/wp-json\/wp\/v2\/media?parent=3913"}],"curies":[{"name":"wp","href":"https:\/\/api.w.org\/{rel}","templated":true}]}}