{"id":391,"date":"2019-09-24T21:46:53","date_gmt":"2019-09-24T19:46:53","guid":{"rendered":"http:\/\/evoluscience.fr\/?page_id=391"},"modified":"2020-05-03T10:45:44","modified_gmt":"2020-05-03T08:45:44","slug":"chapitre-1-activite-musculaire-et-besoin-en-energie","status":"publish","type":"page","link":"https:\/\/www.evoluscience.fr\/index.php\/cycle-4\/cinquieme\/5-corps-et-sante\/chapitre-1-activite-musculaire-et-besoin-en-energie\/","title":{"rendered":"Chapitre 1 &#8211; Activit\u00e9 musculaire et besoin en \u00e9nergie"},"content":{"rendered":"\n<div class=\"wp-block-themeisle-blocks-advanced-columns has-1-columns has-desktop-equal-layout has-tablet-equal-layout has-mobile-equal-layout has-default-gap has-vertical-unset\" id=\"wp-block-themeisle-blocks-advanced-columns-de916825\"><div class=\"wp-block-themeisle-blocks-advanced-columns-overlay\"><\/div><div class=\"innerblocks-wrap\">\n<div class=\"wp-block-themeisle-blocks-advanced-column\" id=\"wp-block-themeisle-blocks-advanced-column-283bd4f9\">\n<p class=\"has-text-color has-vivid-green-cyan-color\"> <\/p>\n\n\n\n<p><em>Le professeur de EPS apprend \u00e0 Nicolas et No\u00e9mie qu\u2019ils vont r\u00e9aliser un cross pour une association. <\/em><\/p>\n\n\n\n<p><\/p>\n\n\n\n<figure class=\"wp-block-video\"><video height=\"360\" style=\"aspect-ratio: 640 \/ 360;\" width=\"640\" controls src=\"http:\/\/evoluscience.fr\/wp-content\/uploads\/2019\/09\/5-PC-Chp1AcT1bis.mov\"><\/video><\/figure>\n\n\n\n<p><em>Pas de coup de mou\nautoris\u00e9&nbsp;!!<\/em><\/p>\n\n\n\n<p><em>Pouvez-vous les aider&nbsp; \u00e0 mieux comprendre le fonctionnement de leur\ncorps et \u00e0 mettre toutes les chances de leur c\u00f4t\u00e9 pour la course&nbsp;?<\/em><\/p>\n\n\n\n<p class=\"has-text-color has-vivid-green-cyan-color\">Comment fonctionne le corps et comment apporter ce dont on a besoin pour r\u00e9ussir la course&nbsp;?<\/p>\n\n\n\n<p class=\"has-text-align-center\"><a href=\"http:\/\/evoluscience.fr\/index.php\/cycle-4\/cinquieme\/5-corps-et-sante\/chapitre-1-activite-musculaire-et-besoin-en-energie\/activite-1\/\">Activit\u00e9 1<\/a><\/p>\n\n\n\n<p class=\"has-text-align-center\"><a href=\"http:\/\/evoluscience.fr\/index.php\/cycle-4\/cinquieme\/5-corps-et-sante\/chapitre-1-activite-musculaire-et-besoin-en-energie\/activite-2\/\">Activit\u00e9 2<\/a><\/p>\n\n\n\n<p class=\"has-text-align-center\"><a href=\"http:\/\/evoluscience.fr\/index.php\/cycle-4\/cinquieme\/5-corps-et-sante\/chapitre-1-activite-musculaire-et-besoin-en-energie\/activite-3\/\">Activit\u00e9 3<\/a><\/p>\n<\/div>\n<\/div><\/div>\n","protected":false},"excerpt":{"rendered":"","protected":false},"author":1,"featured_media":0,"parent":15,"menu_order":3,"comment_status":"closed","ping_status":"closed","template":"","meta":{"_monsterinsights_skip_tracking":false,"_monsterinsights_sitenote_active":false,"_monsterinsights_sitenote_note":"","_monsterinsights_sitenote_category":0,"_themeisle_gutenberg_block_has_review":false,"footnotes":""},"class_list":["post-391","page","type-page","status-publish","hentry"],"_links":{"self":[{"href":"https:\/\/www.evoluscience.fr\/index.php\/wp-json\/wp\/v2\/pages\/391","targetHints":{"allow":["GET"]}}],"collection":[{"href":"https:\/\/www.evoluscience.fr\/index.php\/wp-json\/wp\/v2\/pages"}],"about":[{"href":"https:\/\/www.evoluscience.fr\/index.php\/wp-json\/wp\/v2\/types\/page"}],"author":[{"embeddable":true,"href":"https:\/\/www.evoluscience.fr\/index.php\/wp-json\/wp\/v2\/users\/1"}],"replies":[{"embeddable":true,"href":"https:\/\/www.evoluscience.fr\/index.php\/wp-json\/wp\/v2\/comments?post=391"}],"version-history":[{"count":0,"href":"https:\/\/www.evoluscience.fr\/index.php\/wp-json\/wp\/v2\/pages\/391\/revisions"}],"up":[{"embeddable":true,"href":"https:\/\/www.evoluscience.fr\/index.php\/wp-json\/wp\/v2\/pages\/15"}],"wp:attachment":[{"href":"https:\/\/www.evoluscience.fr\/index.php\/wp-json\/wp\/v2\/media?parent=391"}],"curies":[{"name":"wp","href":"https:\/\/api.w.org\/{rel}","templated":true}]}}