{"id":3877,"date":"2020-03-03T15:50:11","date_gmt":"2020-03-03T14:50:11","guid":{"rendered":"http:\/\/evoluscience.fr\/?page_id=3877"},"modified":"2025-03-25T20:45:38","modified_gmt":"2025-03-25T19:45:38","slug":"capsule","status":"publish","type":"page","link":"https:\/\/www.evoluscience.fr\/index.php\/cycle-4\/troisieme-2\/3e-la-planete-terre-lenvironnement-laction-humaine\/chapitre-1-linfluence-de-lhomme-sur-la-planete-terre\/activite-3\/capsule\/","title":{"rendered":"Capsule"},"content":{"rendered":"\n<div id=\"wp-block-themeisle-blocks-advanced-columns-0f12758d\" class=\"wp-block-themeisle-blocks-advanced-columns has-1-columns has-desktop-equal-layout has-tablet-equal-layout has-mobile-equal-layout has-vertical-unset\"><div class=\"wp-block-themeisle-blocks-advanced-columns-overlay\"><\/div><div class=\"innerblocks-wrap\">\n<div id=\"wp-block-themeisle-blocks-advanced-column-9af8f0eb\" class=\"wp-block-themeisle-blocks-advanced-column\">\n<p>Capsule&nbsp;pour le chapitre 2 : <\/p>\n\n\n\n<p>Revoir les cours sur la m\u00e9t\u00e9orologique et le climat. <\/p>\n\n\n\n<p>Revoir les d\u00e9finitions d\u2019al\u00e9a, d\u2019enjeu et de risque.<\/p>\n\n\n\n<div style=\"height:52px\" aria-hidden=\"true\" class=\"wp-block-spacer\"><\/div>\n\n\n\n<p class=\"has-text-align-center\">+<\/p>\n\n\n\n<div style=\"height:66px\" aria-hidden=\"true\" class=\"wp-block-spacer\"><\/div>\n\n\n\n<p>A partir de documents et de recherches documentaires, indiquer dans le\ntableau et sur la carte une d\u00e9finition des ph\u00e9nom\u00e8nes m\u00e9t\u00e9orologiques extr\u00eames\net les lieux d\u2019un al\u00e9a fort.<\/p>\n\n\n\n<div class=\"_df_book df-lite\" id=\"df_11749\"  _slug=\"3-pt-chp2act1-capsule\" data-title=\"3-pt-chp2act1-capsule\" wpoptions=\"true\" thumbtype=\"\" ><\/div><script class=\"df-shortcode-script\" nowprocket type=\"application\/javascript\">window.option_df_11749 = {\"outline\":[],\"autoEnableOutline\":\"false\",\"autoEnableThumbnail\":\"false\",\"overwritePDFOutline\":\"false\",\"enableDownload\":\"false\",\"direction\":\"1\",\"pageSize\":\"0\",\"soundEnable\":\"false\",\"autoPlay\":\"false\",\"source\":\"https:\\\/\\\/www.evoluscience.fr\\\/wp-content\\\/uploads\\\/2023\\\/04\\\/3-PT-Chp2Act1-Capsule.pdf\",\"wpOptions\":\"true\"}; if(window.DFLIP && window.DFLIP.parseBooks){window.DFLIP.parseBooks();}<\/script>\n\n\n\n<div style=\"height:100px\" aria-hidden=\"true\" class=\"wp-block-spacer\"><\/div>\n\n\n\n<p> Site internet traitant du risque cyclonique<\/p>\n\n\n\n<p><a href=\"https:\/\/www.georisques.gouv.fr\/minformer-sur-un-risque\/cyclone\" target=\"_blank\" rel=\"noopener\" title=\"\">https:\/\/www.georisques.gouv.fr\/minformer-sur-un-risque\/cyclone<\/a><\/p>\n\n\n\n<div style=\"height:100px\" aria-hidden=\"true\" class=\"wp-block-spacer\"><\/div>\n\n\n\n<p>Site traitant du risque d\u2019inondation<\/p>\n\n\n\n<p><a href=\"https:\/\/www.georisques.gouv.fr\/minformer-sur-un-risque\/inondation\" target=\"_blank\" rel=\"noopener\" title=\"\">https:\/\/www.georisques.gouv.fr\/minformer-sur-un-risque\/inondation<\/a><\/p>\n\n\n\n<div style=\"height:100px\" aria-hidden=\"true\" class=\"wp-block-spacer\"><\/div>\n\n\n\n<p>Site traitant du risque de s\u00e9cheresse<\/p>\n\n\n\n<p><a href=\"https:\/\/www.georisques.gouv.fr\/minformer-sur-un-risque\/secheresse\" target=\"_blank\" rel=\"noopener\" title=\"\">https:\/\/www.georisques.gouv.fr\/minformer-sur-un-risque\/secheresse<\/a><\/p>\n\n\n\n<div style=\"height:100px\" aria-hidden=\"true\" class=\"wp-block-spacer\"><\/div>\n\n\n\n<p>Pour dans deux s\u00e9ances<\/p>\n\n\n\n<p><\/p>\n\n\n\n<p><\/p>\n<\/div>\n<\/div><\/div>\n","protected":false},"excerpt":{"rendered":"","protected":false},"author":1,"featured_media":0,"parent":3867,"menu_order":2,"comment_status":"closed","ping_status":"closed","template":"","meta":{"_monsterinsights_skip_tracking":false,"_monsterinsights_sitenote_active":false,"_monsterinsights_sitenote_note":"","_monsterinsights_sitenote_category":0,"_themeisle_gutenberg_block_has_review":false,"footnotes":""},"class_list":["post-3877","page","type-page","status-publish","hentry"],"_links":{"self":[{"href":"https:\/\/www.evoluscience.fr\/index.php\/wp-json\/wp\/v2\/pages\/3877","targetHints":{"allow":["GET"]}}],"collection":[{"href":"https:\/\/www.evoluscience.fr\/index.php\/wp-json\/wp\/v2\/pages"}],"about":[{"href":"https:\/\/www.evoluscience.fr\/index.php\/wp-json\/wp\/v2\/types\/page"}],"author":[{"embeddable":true,"href":"https:\/\/www.evoluscience.fr\/index.php\/wp-json\/wp\/v2\/users\/1"}],"replies":[{"embeddable":true,"href":"https:\/\/www.evoluscience.fr\/index.php\/wp-json\/wp\/v2\/comments?post=3877"}],"version-history":[{"count":0,"href":"https:\/\/www.evoluscience.fr\/index.php\/wp-json\/wp\/v2\/pages\/3877\/revisions"}],"up":[{"embeddable":true,"href":"https:\/\/www.evoluscience.fr\/index.php\/wp-json\/wp\/v2\/pages\/3867"}],"wp:attachment":[{"href":"https:\/\/www.evoluscience.fr\/index.php\/wp-json\/wp\/v2\/media?parent=3877"}],"curies":[{"name":"wp","href":"https:\/\/api.w.org\/{rel}","templated":true}]}}