{"id":3839,"date":"2020-03-03T15:01:40","date_gmt":"2020-03-03T14:01:40","guid":{"rendered":"http:\/\/evoluscience.fr\/?page_id=3839"},"modified":"2020-03-03T15:01:41","modified_gmt":"2020-03-03T14:01:41","slug":"conclusion","status":"publish","type":"page","link":"https:\/\/www.evoluscience.fr\/index.php\/cycle-4\/troisieme-2\/3e-la-planete-terre-lenvironnement-laction-humaine\/chapitre-1-linfluence-de-lhomme-sur-la-planete-terre\/activite-1\/conclusion\/","title":{"rendered":"Conclusion"},"content":{"rendered":"\n<div class=\"wp-block-themeisle-blocks-advanced-columns has-1-columns has-desktop-equal-layout has-tablet-equal-layout has-mobile-equal-layout has-default-gap has-vertical-unset\" id=\"wp-block-themeisle-blocks-advanced-columns-ceb1400d\" style=\"border-width:0px;border-style:solid;border-color:#000000;border-radius:0px;justify-content:unset\"><div class=\"wp-themeisle-block-overlay\" style=\"opacity:0.5;mix-blend-mode:normal\"><\/div><div class=\"innerblocks-wrap\">\n<div class=\"wp-block-themeisle-blocks-advanced-column\" id=\"wp-block-themeisle-blocks-advanced-column-bfa0a181\" style=\"border-width:0px;border-style:solid;border-color:#000000;border-radius:0px\">\n<p class=\"has-text-color has-drop-cap has-vivid-red-color\">Une <strong>ressource\nnon renouvelable<\/strong> est une <strong>ressource<\/strong> naturelle qui peut \u00eatre\ncompl\u00e8tement \u00e9puis\u00e9e \u00e0 la surface de la terre suite aux extractions et \u00e0\nl&rsquo;exploitation par l&rsquo;Homme. Ce sont les cas de l\u2019exploitation du p\u00e9trole et de\nl\u2019utilisation d\u2019uranium dans les centrales nucl\u00e9aires.<\/p>\n\n\n\n<p class=\"has-text-color has-vivid-red-color\">Une fois la <strong>ressource<\/strong>\n\u00e9puis\u00e9e (ici entre 50 et 100 ans), il faudra soit se tourner vers d&rsquo;autres\nmodes technologiques, soit trouver des mati\u00e8res premi\u00e8res de substitution.<\/p>\n<\/div>\n<\/div><\/div>\n","protected":false},"excerpt":{"rendered":"","protected":false},"author":1,"featured_media":0,"parent":3827,"menu_order":1,"comment_status":"closed","ping_status":"closed","template":"","meta":{"_monsterinsights_skip_tracking":false,"_monsterinsights_sitenote_active":false,"_monsterinsights_sitenote_note":"","_monsterinsights_sitenote_category":0,"_themeisle_gutenberg_block_has_review":false,"footnotes":""},"class_list":["post-3839","page","type-page","status-publish","hentry"],"_links":{"self":[{"href":"https:\/\/www.evoluscience.fr\/index.php\/wp-json\/wp\/v2\/pages\/3839","targetHints":{"allow":["GET"]}}],"collection":[{"href":"https:\/\/www.evoluscience.fr\/index.php\/wp-json\/wp\/v2\/pages"}],"about":[{"href":"https:\/\/www.evoluscience.fr\/index.php\/wp-json\/wp\/v2\/types\/page"}],"author":[{"embeddable":true,"href":"https:\/\/www.evoluscience.fr\/index.php\/wp-json\/wp\/v2\/users\/1"}],"replies":[{"embeddable":true,"href":"https:\/\/www.evoluscience.fr\/index.php\/wp-json\/wp\/v2\/comments?post=3839"}],"version-history":[{"count":0,"href":"https:\/\/www.evoluscience.fr\/index.php\/wp-json\/wp\/v2\/pages\/3839\/revisions"}],"up":[{"embeddable":true,"href":"https:\/\/www.evoluscience.fr\/index.php\/wp-json\/wp\/v2\/pages\/3827"}],"wp:attachment":[{"href":"https:\/\/www.evoluscience.fr\/index.php\/wp-json\/wp\/v2\/media?parent=3839"}],"curies":[{"name":"wp","href":"https:\/\/api.w.org\/{rel}","templated":true}]}}