{"id":3821,"date":"2020-03-03T14:45:16","date_gmt":"2020-03-03T13:45:16","guid":{"rendered":"http:\/\/evoluscience.fr\/?page_id=3821"},"modified":"2020-03-03T16:00:58","modified_gmt":"2020-03-03T15:00:58","slug":"chapitre-1-linfluence-de-lhomme-sur-la-planete-terre","status":"publish","type":"page","link":"https:\/\/www.evoluscience.fr\/index.php\/cycle-4\/troisieme-2\/3e-la-planete-terre-lenvironnement-laction-humaine\/chapitre-1-linfluence-de-lhomme-sur-la-planete-terre\/","title":{"rendered":"Chapitre 1 &#8211; L&rsquo;influence de l&rsquo;Homme sur la plan\u00e8te Terre"},"content":{"rendered":"\n<div class=\"wp-block-themeisle-blocks-advanced-columns has-1-columns has-desktop-equal-layout has-tablet-equal-layout has-mobile-equal-layout has-default-gap has-vertical-unset\" id=\"wp-block-themeisle-blocks-advanced-columns-69559d24\" style=\"border-width:0px;border-style:solid;border-color:#000000;border-radius:0px;justify-content:unset\"><div class=\"wp-themeisle-block-overlay\" style=\"opacity:0.5;mix-blend-mode:normal\"><\/div><div class=\"innerblocks-wrap\">\n<div class=\"wp-block-themeisle-blocks-advanced-column\" id=\"wp-block-themeisle-blocks-advanced-column-3f1b2b5d\" style=\"border-width:0px;border-style:solid;border-color:#000000;border-radius:0px\">\n<p class=\"has-drop-cap\"><em>L\u2019Homme utilise les ressources pr\u00e9sentes sur Terre pour r\u00e9pondre \u00e0 ses besoins. Or, la population humaine atteint actuellement 7,7 milliards d\u2019habitants (01\/01\/2020).<\/em><\/p>\n\n\n\n<div style=\"height:100px\" aria-hidden=\"true\" class=\"wp-block-spacer\"><\/div>\n\n\n\n<p class=\"has-text-color has-vivid-green-cyan-color\">Quelle influence a l\u2019Homme sur la plan\u00e8te Terre\u00a0?<\/p>\n\n\n\n<div style=\"height:100px\" aria-hidden=\"true\" class=\"wp-block-spacer\"><\/div>\n\n\n\n<p><a href=\"http:\/\/evoluscience.fr\/index.php\/cycle-4\/troisieme-2\/3e-la-planete-terre-lenvironnement-laction-humaine\/chapitre-1-linfluence-de-lhomme-sur-la-planete-terre\/activite-1\/\">Activit\u00e9 1 &#8211; Quelles cons\u00e9quences l\u2019exploitation des ressources naturelles non renouvelables par l\u2019Homme produit-elle\u00a0?<\/a><\/p>\n\n\n\n<p><a href=\"http:\/\/evoluscience.fr\/index.php\/cycle-4\/troisieme-2\/3e-la-planete-terre-lenvironnement-laction-humaine\/chapitre-1-linfluence-de-lhomme-sur-la-planete-terre\/activite-2\/\">Activit\u00e9 2 &#8211;  Quelles alternatives recherche l\u2019Homme pour r\u00e9aliser ses activit\u00e9s quotidiennes\u00a0?<\/a><\/p>\n\n\n\n<p><a href=\"http:\/\/evoluscience.fr\/index.php\/cycle-4\/troisieme-2\/3e-la-planete-terre-lenvironnement-laction-humaine\/chapitre-1-linfluence-de-lhomme-sur-la-planete-terre\/activite-3\/\">Activit\u00e9 3 &#8211; En quoi l\u2019exploitation du bois a-t-elle une cons\u00e9quence sur l\u2019environnement\u00a0?<\/a><\/p>\n\n\n\n<p><a href=\"http:\/\/evoluscience.fr\/index.php\/cycle-4\/troisieme-2\/3e-la-planete-terre-lenvironnement-laction-humaine\/chapitre-1-linfluence-de-lhomme-sur-la-planete-terre\/activite-4\/\">Activit\u00e9 4 &#8211; Quels effets ont les activit\u00e9s humaines sur la dynamique des populations\u00a0?<\/a><\/p>\n\n\n\n<p><\/p>\n<\/div>\n<\/div><\/div>\n","protected":false},"excerpt":{"rendered":"","protected":false},"author":1,"featured_media":0,"parent":3818,"menu_order":1,"comment_status":"closed","ping_status":"closed","template":"","meta":{"_monsterinsights_skip_tracking":false,"_monsterinsights_sitenote_active":false,"_monsterinsights_sitenote_note":"","_monsterinsights_sitenote_category":0,"_themeisle_gutenberg_block_has_review":false,"footnotes":""},"class_list":["post-3821","page","type-page","status-publish","hentry"],"_links":{"self":[{"href":"https:\/\/www.evoluscience.fr\/index.php\/wp-json\/wp\/v2\/pages\/3821","targetHints":{"allow":["GET"]}}],"collection":[{"href":"https:\/\/www.evoluscience.fr\/index.php\/wp-json\/wp\/v2\/pages"}],"about":[{"href":"https:\/\/www.evoluscience.fr\/index.php\/wp-json\/wp\/v2\/types\/page"}],"author":[{"embeddable":true,"href":"https:\/\/www.evoluscience.fr\/index.php\/wp-json\/wp\/v2\/users\/1"}],"replies":[{"embeddable":true,"href":"https:\/\/www.evoluscience.fr\/index.php\/wp-json\/wp\/v2\/comments?post=3821"}],"version-history":[{"count":0,"href":"https:\/\/www.evoluscience.fr\/index.php\/wp-json\/wp\/v2\/pages\/3821\/revisions"}],"up":[{"embeddable":true,"href":"https:\/\/www.evoluscience.fr\/index.php\/wp-json\/wp\/v2\/pages\/3818"}],"wp:attachment":[{"href":"https:\/\/www.evoluscience.fr\/index.php\/wp-json\/wp\/v2\/media?parent=3821"}],"curies":[{"name":"wp","href":"https:\/\/api.w.org\/{rel}","templated":true}]}}