{"id":3761,"date":"2020-03-03T13:01:08","date_gmt":"2020-03-03T12:01:08","guid":{"rendered":"http:\/\/evoluscience.fr\/?page_id=3761"},"modified":"2025-02-21T15:47:33","modified_gmt":"2025-02-21T14:47:33","slug":"bonus","status":"publish","type":"page","link":"https:\/\/www.evoluscience.fr\/index.php\/cycle-4\/quatrieme-2\/4e-la-planete-terre-lenvironnement-laction-humaine\/chapitre-3-la-meteorologie\/activite-1\/bonus\/","title":{"rendered":"Bonus"},"content":{"rendered":"\n<div id=\"wp-block-themeisle-blocks-advanced-columns-d2b5fc1a\" class=\"wp-block-themeisle-blocks-advanced-columns has-1-columns has-desktop-equal-layout has-tablet-equal-layout has-mobile-equal-layout has-vertical-unset\"><div class=\"wp-block-themeisle-blocks-advanced-columns-overlay\"><\/div><div class=\"innerblocks-wrap\">\n<div id=\"wp-block-themeisle-blocks-advanced-column-9b063b46\" class=\"wp-block-themeisle-blocks-advanced-column\">\n<p>Bonus&nbsp;: Comment r\u00e9alise-t-on une pr\u00e9vision\nm\u00e9t\u00e9orologique&nbsp;?<\/p>\n\n\n\n<p><a href=\"https:\/\/meteofrance.com\/actualites-et-dossiers\/atmosphere\/comment-prevoit-le-temps\" target=\"_blank\" rel=\"noopener\" title=\"\">https:\/\/meteofrance.fr\/missions\/observer-et-prevoir\/comment-fait-une-prevision<\/a><\/p>\n\n\n\n<div style=\"height:100px\" aria-hidden=\"true\" class=\"wp-block-spacer\"><\/div>\n\n\n\n<p>Bonus&nbsp;: Les mots utilis\u00e9s dans les pr\u00e9visions m\u00e9t\u00e9o<\/p>\n\n\n\n<p><a href=\"https:\/\/meteofrance.com\/education\/comprendre-la-meteo\" target=\"_blank\" rel=\"noopener\" title=\"\">https:\/\/meteofrance.com\/education\/comprendre-la-meteo<\/a><\/p>\n\n\n\n<div style=\"height:100px\" aria-hidden=\"true\" class=\"wp-block-spacer\"><\/div>\n\n\n\n<p>Bonus&nbsp;: Le bulletin m\u00e9t\u00e9o expliqu\u00e9 par C\u2019est pas sorcier<\/p>\n\n\n\n<figure class=\"wp-block-embed is-type-video is-provider-youtube wp-block-embed-youtube wp-embed-aspect-4-3 wp-has-aspect-ratio\"><div class=\"wp-block-embed__wrapper\">\n<iframe loading=\"lazy\" title=\"M\u00e9t\u00e9o : Pr\u00e9voir le temps de demain - C&#039;est pas sorcier [Int\u00e9grale]\" width=\"1170\" height=\"878\" src=\"https:\/\/www.youtube.com\/embed\/V1sVOEq51_o?feature=oembed\" frameborder=\"0\" allow=\"accelerometer; autoplay; clipboard-write; encrypted-media; gyroscope; picture-in-picture; web-share\" referrerpolicy=\"strict-origin-when-cross-origin\" allowfullscreen><\/iframe>\n<\/div><\/figure>\n\n\n\n<div style=\"height:100px\" aria-hidden=\"true\" class=\"wp-block-spacer\"><\/div>\n\n\n\n<p>Bonus&nbsp;: Les ph\u00e9nom\u00e8nes m\u00e9t\u00e9o<\/p>\n\n\n\n<p><a href=\"https:\/\/meteofrance.com\/comprendre-la-meteo\/orages\" target=\"_blank\" rel=\"noopener\" title=\"\">https:\/\/meteofrance.com\/comprendre-la-meteo\/orages<\/a><\/p>\n\n\n\n<p><a href=\"https:\/\/meteofrance.com\/comprendre-la-meteo\/le-vent\/quest-ce-que-le-vent\" target=\"_blank\" rel=\"noopener\" title=\"\">https:\/\/meteofrance.com\/comprendre-la-meteo\/le-vent\/quest-ce-que-le-vent<\/a><\/p>\n\n\n\n<div style=\"height:100px\" aria-hidden=\"true\" class=\"wp-block-spacer\"><\/div>\n\n\n\n<p><\/p>\n\n\n\n<p><\/p>\n\n\n\n<p><\/p>\n<\/div>\n<\/div><\/div>\n","protected":false},"excerpt":{"rendered":"","protected":false},"author":1,"featured_media":0,"parent":3728,"menu_order":2,"comment_status":"closed","ping_status":"closed","template":"","meta":{"_monsterinsights_skip_tracking":false,"_monsterinsights_sitenote_active":false,"_monsterinsights_sitenote_note":"","_monsterinsights_sitenote_category":0,"_themeisle_gutenberg_block_has_review":false,"footnotes":""},"class_list":["post-3761","page","type-page","status-publish","hentry"],"_links":{"self":[{"href":"https:\/\/www.evoluscience.fr\/index.php\/wp-json\/wp\/v2\/pages\/3761","targetHints":{"allow":["GET"]}}],"collection":[{"href":"https:\/\/www.evoluscience.fr\/index.php\/wp-json\/wp\/v2\/pages"}],"about":[{"href":"https:\/\/www.evoluscience.fr\/index.php\/wp-json\/wp\/v2\/types\/page"}],"author":[{"embeddable":true,"href":"https:\/\/www.evoluscience.fr\/index.php\/wp-json\/wp\/v2\/users\/1"}],"replies":[{"embeddable":true,"href":"https:\/\/www.evoluscience.fr\/index.php\/wp-json\/wp\/v2\/comments?post=3761"}],"version-history":[{"count":0,"href":"https:\/\/www.evoluscience.fr\/index.php\/wp-json\/wp\/v2\/pages\/3761\/revisions"}],"up":[{"embeddable":true,"href":"https:\/\/www.evoluscience.fr\/index.php\/wp-json\/wp\/v2\/pages\/3728"}],"wp:attachment":[{"href":"https:\/\/www.evoluscience.fr\/index.php\/wp-json\/wp\/v2\/media?parent=3761"}],"curies":[{"name":"wp","href":"https:\/\/api.w.org\/{rel}","templated":true}]}}