{"id":3713,"date":"2020-03-02T21:28:17","date_gmt":"2020-03-02T20:28:17","guid":{"rendered":"http:\/\/evoluscience.fr\/?page_id=3713"},"modified":"2020-03-02T21:28:18","modified_gmt":"2020-03-02T20:28:18","slug":"conclusion","status":"publish","type":"page","link":"https:\/\/www.evoluscience.fr\/index.php\/cycle-4\/quatrieme-2\/4e-la-planete-terre-lenvironnement-laction-humaine\/chapitre-2-le-fonctionnement-des-seismes\/activite-3\/conclusion\/","title":{"rendered":"Conclusion"},"content":{"rendered":"\n<div class=\"wp-block-themeisle-blocks-advanced-columns has-1-columns has-desktop-equal-layout has-tablet-equal-layout has-mobile-equal-layout has-default-gap has-vertical-unset\" id=\"wp-block-themeisle-blocks-advanced-columns-7dd9893d\" style=\"border-width:0px;border-style:solid;border-color:#000000;border-radius:0px;justify-content:unset\"><div class=\"wp-themeisle-block-overlay\" style=\"opacity:0.5;mix-blend-mode:normal\"><\/div><div class=\"innerblocks-wrap\">\n<div class=\"wp-block-themeisle-blocks-advanced-column\" id=\"wp-block-themeisle-blocks-advanced-column-28147a9e\" style=\"border-width:0px;border-style:solid;border-color:#000000;border-radius:0px\">\n<p class=\"has-text-color has-drop-cap has-vivid-red-color\">En profondeur, des contraintes s\u2019exercent en permanence sur les\nroches.<\/p>\n\n\n\n<p class=\"has-text-color has-vivid-red-color\">Sous l\u2019effet de ces contraintes, les roches accumulent de\nl\u2019\u00e9nergie. Elles se d\u00e9forment et se cassent au niveau d\u2019une faille.<\/p>\n\n\n\n<p class=\"has-text-color has-vivid-red-color\">Le foyer du s\u00e9isme est le lieu o\u00f9 se produit la rupture. A partir du foyer, la d\u00e9formation se propage sous forme d\u2019ondes sismiques.<\/p>\n\n\n\n<div style=\"height:100px\" aria-hidden=\"true\" class=\"wp-block-spacer\"><\/div>\n\n\n\n<div class=\"wp-block-image\"><figure class=\"aligncenter size-large\"><img loading=\"lazy\" decoding=\"async\" width=\"622\" height=\"559\" src=\"http:\/\/evoluscience.fr\/wp-content\/uploads\/2020\/03\/image-7.png\" alt=\"\" class=\"wp-image-3714\" srcset=\"https:\/\/www.evoluscience.fr\/wp-content\/uploads\/2020\/03\/image-7.png 622w, https:\/\/www.evoluscience.fr\/wp-content\/uploads\/2020\/03\/image-7-300x270.png 300w, https:\/\/www.evoluscience.fr\/wp-content\/uploads\/2020\/03\/image-7-520x467.png 520w\" sizes=\"auto, (max-width: 622px) 100vw, 622px\" \/><\/figure><\/div>\n<\/div>\n<\/div><\/div>\n","protected":false},"excerpt":{"rendered":"","protected":false},"author":1,"featured_media":0,"parent":3708,"menu_order":1,"comment_status":"closed","ping_status":"closed","template":"","meta":{"_monsterinsights_skip_tracking":false,"_monsterinsights_sitenote_active":false,"_monsterinsights_sitenote_note":"","_monsterinsights_sitenote_category":0,"_themeisle_gutenberg_block_has_review":false,"footnotes":""},"class_list":["post-3713","page","type-page","status-publish","hentry"],"_links":{"self":[{"href":"https:\/\/www.evoluscience.fr\/index.php\/wp-json\/wp\/v2\/pages\/3713","targetHints":{"allow":["GET"]}}],"collection":[{"href":"https:\/\/www.evoluscience.fr\/index.php\/wp-json\/wp\/v2\/pages"}],"about":[{"href":"https:\/\/www.evoluscience.fr\/index.php\/wp-json\/wp\/v2\/types\/page"}],"author":[{"embeddable":true,"href":"https:\/\/www.evoluscience.fr\/index.php\/wp-json\/wp\/v2\/users\/1"}],"replies":[{"embeddable":true,"href":"https:\/\/www.evoluscience.fr\/index.php\/wp-json\/wp\/v2\/comments?post=3713"}],"version-history":[{"count":0,"href":"https:\/\/www.evoluscience.fr\/index.php\/wp-json\/wp\/v2\/pages\/3713\/revisions"}],"up":[{"embeddable":true,"href":"https:\/\/www.evoluscience.fr\/index.php\/wp-json\/wp\/v2\/pages\/3708"}],"wp:attachment":[{"href":"https:\/\/www.evoluscience.fr\/index.php\/wp-json\/wp\/v2\/media?parent=3713"}],"curies":[{"name":"wp","href":"https:\/\/api.w.org\/{rel}","templated":true}]}}