{"id":3702,"date":"2020-03-02T21:19:18","date_gmt":"2020-03-02T20:19:18","guid":{"rendered":"http:\/\/evoluscience.fr\/?page_id=3702"},"modified":"2025-02-21T15:31:42","modified_gmt":"2025-02-21T14:31:42","slug":"capsules","status":"publish","type":"page","link":"https:\/\/www.evoluscience.fr\/index.php\/cycle-4\/quatrieme-2\/4e-la-planete-terre-lenvironnement-laction-humaine\/chapitre-2-le-fonctionnement-des-seismes\/activite-2\/capsules\/","title":{"rendered":"Capsules"},"content":{"rendered":"\n<div id=\"wp-block-themeisle-blocks-advanced-columns-bde5eaca\" class=\"wp-block-themeisle-blocks-advanced-columns has-1-columns has-desktop-equal-layout has-tablet-equal-layout has-mobile-equal-layout has-vertical-unset\"><div class=\"wp-block-themeisle-blocks-advanced-columns-overlay\"><\/div><div class=\"innerblocks-wrap\">\n<div id=\"wp-block-themeisle-blocks-advanced-column-13b6e46b\" class=\"wp-block-themeisle-blocks-advanced-column\">\n<p>Revoir\nle climat sur la Terre<\/p>\n\n\n\n<div style=\"height:100px\" aria-hidden=\"true\" class=\"wp-block-spacer\"><\/div>\n\n\n\n<p>+ Rappel de 5e : Voir la vid\u00e9o expliquant les diff\u00e9rences entre le climat et la m\u00e9t\u00e9orologie<\/p>\n\n\n\n<figure class=\"wp-block-video\"><video controls src=\"https:\/\/www.evoluscience.fr\/wp-content\/uploads\/2025\/02\/Ne-confondez-pas-climat-et-meteo-.mp4\"><\/video><\/figure>\n\n\n\n<p>Source : <a href=\"https:\/\/youtu.be\/7t6G41O1Vyc\" target=\"_blank\" rel=\"noopener\" title=\"\">https:\/\/youtu.be\/7t6G41O1Vyc<\/a><\/p>\n\n\n\n<p>Expliquer\nla diff\u00e9rence entre le climat et la m\u00e9t\u00e9orologie.<\/p>\n\n\n\n<div style=\"height:100px\" aria-hidden=\"true\" class=\"wp-block-spacer\"><\/div>\n\n\n\n<p>+ Rappel de 5e : Vid\u00e9o concernant la notion d\u2019atmosph\u00e8re (3e vid\u00e9o)<\/p>\n\n\n\n<figure class=\"wp-block-embed-wordpress wp-block-embed is-type-wp-embed is-provider-l-039-esprit-sorcier\"><div class=\"wp-block-embed__wrapper\">\n<blockquote class=\"wp-embedded-content\" data-secret=\"gxEkEbRJhq\"><a href=\"https:\/\/lespritsorcier.org\/dossier-semaine\/latmosphere\/\">Atmosph\u00e8re<\/a><\/blockquote><iframe loading=\"lazy\" class=\"wp-embedded-content\" sandbox=\"allow-scripts\" security=\"restricted\" style=\"position: absolute; visibility: hidden;\" title=\"\u00ab\u00a0Atmosph\u00e8re\u00a0\u00bb &#8212; L&#039;Esprit Sorcier\" src=\"https:\/\/lespritsorcier.org\/dossier-semaine\/latmosphere\/embed\/#?secret=gxEkEbRJhq\" data-secret=\"gxEkEbRJhq\" width=\"600\" height=\"338\" frameborder=\"0\" marginwidth=\"0\" marginheight=\"0\" scrolling=\"no\"><\/iframe>\n<\/div><\/figure>\n\n\n\n<p>Expliquer\nce qu\u2019est l\u2019atmosph\u00e8re.<\/p>\n\n\n\n<div style=\"height:100px\" aria-hidden=\"true\" class=\"wp-block-spacer\"><\/div>\n\n\n\n<p>+ Regarder le bulletin m\u00e9t\u00e9o de TF1<\/p>\n\n\n\n<p class=\"has-text-align-center\"> <div class=\"h5p-iframe-wrapper\"><iframe id=\"h5p-iframe-2\" class=\"h5p-iframe\" data-content-id=\"2\" style=\"height:1px\" src=\"about:blank\" frameBorder=\"0\" scrolling=\"no\" title=\"Bulletin m\u00e9t\u00e9o TF1 du 19\/04\/2020 avec Tatiana Silva\"><\/iframe><\/div> <\/p>\n\n\n\n<p>ou regarder un bulletin m\u00e9t\u00e9o gr\u00e2ce au lien ci-dessous (plan B):<\/p>\n\n\n\n<p><a href=\"http:\/\/meteo.tf1.fr\/meteo-france\/\">http:\/\/meteo.tf1.fr\/meteo-france\/<\/a><\/p>\n\n\n\n<p>D\u00e9crire les diff\u00e9rentes parties du bulletin m\u00e9t\u00e9o et indiquer les mots de vocabulaire utilis\u00e9s.<\/p>\n\n\n\n<div style=\"height:100px\" aria-hidden=\"true\" class=\"wp-block-spacer\"><\/div>\n\n\n\n<p>Pour dans deux s\u00e9ances<\/p>\n<\/div>\n<\/div><\/div>\n","protected":false},"excerpt":{"rendered":"","protected":false},"author":1,"featured_media":0,"parent":3694,"menu_order":2,"comment_status":"closed","ping_status":"closed","template":"","meta":{"_monsterinsights_skip_tracking":false,"_monsterinsights_sitenote_active":false,"_monsterinsights_sitenote_note":"","_monsterinsights_sitenote_category":0,"_themeisle_gutenberg_block_has_review":false,"footnotes":""},"class_list":["post-3702","page","type-page","status-publish","hentry"],"_links":{"self":[{"href":"https:\/\/www.evoluscience.fr\/index.php\/wp-json\/wp\/v2\/pages\/3702","targetHints":{"allow":["GET"]}}],"collection":[{"href":"https:\/\/www.evoluscience.fr\/index.php\/wp-json\/wp\/v2\/pages"}],"about":[{"href":"https:\/\/www.evoluscience.fr\/index.php\/wp-json\/wp\/v2\/types\/page"}],"author":[{"embeddable":true,"href":"https:\/\/www.evoluscience.fr\/index.php\/wp-json\/wp\/v2\/users\/1"}],"replies":[{"embeddable":true,"href":"https:\/\/www.evoluscience.fr\/index.php\/wp-json\/wp\/v2\/comments?post=3702"}],"version-history":[{"count":0,"href":"https:\/\/www.evoluscience.fr\/index.php\/wp-json\/wp\/v2\/pages\/3702\/revisions"}],"up":[{"embeddable":true,"href":"https:\/\/www.evoluscience.fr\/index.php\/wp-json\/wp\/v2\/pages\/3694"}],"wp:attachment":[{"href":"https:\/\/www.evoluscience.fr\/index.php\/wp-json\/wp\/v2\/media?parent=3702"}],"curies":[{"name":"wp","href":"https:\/\/api.w.org\/{rel}","templated":true}]}}