{"id":3684,"date":"2020-03-02T21:01:16","date_gmt":"2020-03-02T20:01:16","guid":{"rendered":"http:\/\/evoluscience.fr\/?page_id=3684"},"modified":"2024-04-26T17:06:10","modified_gmt":"2024-04-26T15:06:10","slug":"activite-1","status":"publish","type":"page","link":"https:\/\/www.evoluscience.fr\/index.php\/cycle-4\/quatrieme-2\/4e-la-planete-terre-lenvironnement-laction-humaine\/chapitre-2-le-fonctionnement-des-seismes\/activite-1\/","title":{"rendered":"Activit\u00e9 1"},"content":{"rendered":"<div id=\"modal-ready\">\n<div id=\"wp-block-themeisle-blocks-advanced-columns-a9f052a3\" class=\"wp-block-themeisle-blocks-advanced-columns has-1-columns has-desktop-equal-layout has-tablet-equal-layout has-mobile-equal-layout has-vertical-unset\"><div class=\"wp-block-themeisle-blocks-advanced-columns-overlay\"><\/div><div class=\"innerblocks-wrap\">\n<div id=\"wp-block-themeisle-blocks-advanced-column-65294e05\" class=\"wp-block-themeisle-blocks-advanced-column\">\n<p><\/p>\n\n\n\n<p class=\"has-text-align-center\"><iframe loading=\"lazy\" src=\"https:\/\/anchor.fm\/laure-emilie-verkest\/embed\/episodes\/4-PT-Chp2Act1-edh73e\/a-a57pl6\" height=\"102px\" width=\"400px\" frameborder=\"0\" scrolling=\"no\"><\/iframe><\/p>\n\n\n\n<p><\/p>\n\n\n\n<div style=\"height:100px\" aria-hidden=\"true\" class=\"wp-block-spacer\"><\/div>\n\n\n\n<p class=\"has-vivid-red-color has-text-color has-large-font-size\">I. <strong>L\u2019enregistrement d\u2019un s\u00e9isme<\/strong><\/p>\n\n\n\n<div style=\"height:59px\" aria-hidden=\"true\" class=\"wp-block-spacer\"><\/div>\n\n\n\n<p class=\"has-vivid-green-cyan-color has-text-color\"><strong>Comment peut-on garder une trace d\u2019un\ns\u00e9isme et mesurer sa puissance&nbsp;?<\/strong><\/p>\n\n\n\n<div style=\"height:100px\" aria-hidden=\"true\" class=\"wp-block-spacer\"><\/div>\n\n\n\n<p class=\"has-background\" style=\"background-color:#f7e8d7\">Activit\u00e9\n1&nbsp;: A partir d\u2019animations, &nbsp;expliquer\ncomment on \u00e9tudie un s\u00e9isme sous forme d\u2019un texte<\/p>\n\n\n\n<div style=\"height:100px\" aria-hidden=\"true\" class=\"wp-block-spacer\"><\/div>\n\n\n\n<div style=\"height:100px\" aria-hidden=\"true\" class=\"wp-block-spacer\"><\/div>\n\n\n\n<p>A partir des animations, r\u00e9pondre aux questions : <\/p>\n\n\n\n<ul class=\"wp-block-list\">\n<li>Quels sont les param\u00e8tres influen\u00e7ant l\u2019intensit\u00e9 d\u2019un s\u00e9isme\u00a0?<\/li>\n<\/ul>\n\n\n\n<ul class=\"wp-block-list\">\n<li>Qu\u2019est-ce que la magnitude d\u2019un s\u00e9isme\u00a0?<\/li>\n<\/ul>\n\n\n\n<ul class=\"wp-block-list\">\n<li>Comment se propagent les vibrations d\u2019un s\u00e9isme\u00a0?<\/li>\n<\/ul>\n\n\n\n<ul class=\"wp-block-list\">\n<li>Comment un sismom\u00e8tre enregistre-t-il les ondes sismiques\u00a0?<\/li>\n<\/ul>\n\n\n\n<div style=\"height:100px\" aria-hidden=\"true\" class=\"wp-block-spacer\"><\/div>\n\n\n\n<p>S\u00e9isme magnitude <\/p>\n\n\n\n<figure class=\"wp-block-video aligncenter\"><video height=\"902\" style=\"aspect-ratio: 1202 \/ 902;\" width=\"1202\" controls src=\"http:\/\/evoluscience.fr\/wp-content\/uploads\/2020\/04\/Vid\u00e9o-animation-Magnitude-profondeur-du-foyer-et-intensit\u00e9-dun-s\u00e9isme.mp4\"><\/video><figcaption class=\"wp-element-caption\">Vid\u00e9o concernant les magnitudes issue de l&rsquo;animation de  <a href=\"http:\/\/svtocsl.free.fr\/\">http:\/\/svtocsl.free.fr\/<\/a> <\/figcaption><\/figure>\n\n\n\n<div style=\"height:100px\" aria-hidden=\"true\" class=\"wp-block-spacer\"><\/div>\n\n\n\n<p>Sismom\u00e8tre, sismogramme, \u00e9picentre <\/p>\n\n\n\n<figure class=\"wp-block-video aligncenter\"><video height=\"902\" style=\"aspect-ratio: 1202 \/ 902;\" width=\"1202\" controls src=\"http:\/\/evoluscience.fr\/wp-content\/uploads\/2020\/04\/Vid\u00e9o-animation-Fonctionnement-du-sismom\u00e8tre.mp4\"><\/video><figcaption class=\"wp-element-caption\"> Vid\u00e9o concernant le fonctionnement du sismom\u00e8tre  issue de l&rsquo;animation de  <a href=\"http:\/\/svtocsl.free.fr\/\">http:\/\/svtocsl.free.fr\/<\/a>  <\/figcaption><\/figure>\n\n\n\n<div style=\"height:32px\" aria-hidden=\"true\" class=\"wp-block-spacer\"><\/div>\n\n\n\n<figure class=\"wp-block-image\"><img decoding=\"async\" src=\"http:\/\/evoluscience.fr\/wp-content\/uploads\/2020\/03\/image-6.png\" alt=\"L\u2019attribut alt de cette image est vide, son nom de fichier est image-6.png.\"\/><figcaption class=\"wp-element-caption\"> Sch\u00e9ma d&rsquo;un sismom\u00e8tre vertical <\/figcaption><\/figure>\n\n\n\n<div style=\"height:100px\" aria-hidden=\"true\" class=\"wp-block-spacer\"><\/div>\n\n\n<div class=\"wp-block-image\">\n<figure class=\"aligncenter size-large is-resized\"><a href=\"http:\/\/evoluscience.fr\/index.php\/cycle-4\/quatrieme-2\/4e-la-planete-terre-lenvironnement-laction-humaine\/chapitre-2-le-fonctionnement-des-seismes\/activite-1\/conclusion\/\" target=\"_blank\" rel=\"noreferrer noopener\"><img loading=\"lazy\" decoding=\"async\" width=\"538\" height=\"538\" src=\"http:\/\/evoluscience.fr\/wp-content\/uploads\/2019\/09\/conclusion.png\" alt=\"\" class=\"wp-image-370\" style=\"width:344px;height:344px\" srcset=\"https:\/\/www.evoluscience.fr\/wp-content\/uploads\/2019\/09\/conclusion.png 538w, https:\/\/www.evoluscience.fr\/wp-content\/uploads\/2019\/09\/conclusion-150x150.png 150w, https:\/\/www.evoluscience.fr\/wp-content\/uploads\/2019\/09\/conclusion-300x300.png 300w, https:\/\/www.evoluscience.fr\/wp-content\/uploads\/2019\/09\/conclusion-520x520.png 520w\" sizes=\"auto, (max-width: 538px) 100vw, 538px\" \/><\/a><\/figure>\n<\/div>\n\n<div class=\"wp-block-image\">\n<figure class=\"aligncenter size-large is-resized\"><a href=\"http:\/\/evoluscience.fr\/wp-content\/uploads\/2020\/03\/4-PT-Chp2Act1-FC.pdf\" target=\"_blank\" rel=\"noreferrer noopener\"><img loading=\"lazy\" decoding=\"async\" width=\"735\" height=\"735\" src=\"http:\/\/evoluscience.fr\/wp-content\/uploads\/2020\/03\/pjiece_jointe-1.png\" alt=\"\" class=\"wp-image-4366\" style=\"width:295px;height:295px\" srcset=\"https:\/\/www.evoluscience.fr\/wp-content\/uploads\/2020\/03\/pjiece_jointe-1.png 735w, https:\/\/www.evoluscience.fr\/wp-content\/uploads\/2020\/03\/pjiece_jointe-1-300x300.png 300w, https:\/\/www.evoluscience.fr\/wp-content\/uploads\/2020\/03\/pjiece_jointe-1-150x150.png 150w, https:\/\/www.evoluscience.fr\/wp-content\/uploads\/2020\/03\/pjiece_jointe-1-520x520.png 520w\" sizes=\"auto, (max-width: 735px) 100vw, 735px\" \/><\/a><\/figure>\n<\/div><\/div>\n<\/div><\/div>\n<\/div>","protected":false},"excerpt":{"rendered":"","protected":false},"author":1,"featured_media":0,"parent":3681,"menu_order":1,"comment_status":"closed","ping_status":"closed","template":"","meta":{"om_disable_all_campaigns":false,"_monsterinsights_skip_tracking":false,"_monsterinsights_sitenote_active":false,"_monsterinsights_sitenote_note":"","_monsterinsights_sitenote_category":0,"_themeisle_gutenberg_block_has_review":false,"footnotes":""},"c2tw_page_folder":[],"class_list":["post-3684","page","type-page","status-publish","hentry"],"aioseo_notices":[],"_links":{"self":[{"href":"https:\/\/www.evoluscience.fr\/index.php\/wp-json\/wp\/v2\/pages\/3684","targetHints":{"allow":["GET"]}}],"collection":[{"href":"https:\/\/www.evoluscience.fr\/index.php\/wp-json\/wp\/v2\/pages"}],"about":[{"href":"https:\/\/www.evoluscience.fr\/index.php\/wp-json\/wp\/v2\/types\/page"}],"author":[{"embeddable":true,"href":"https:\/\/www.evoluscience.fr\/index.php\/wp-json\/wp\/v2\/users\/1"}],"replies":[{"embeddable":true,"href":"https:\/\/www.evoluscience.fr\/index.php\/wp-json\/wp\/v2\/comments?post=3684"}],"version-history":[{"count":1,"href":"https:\/\/www.evoluscience.fr\/index.php\/wp-json\/wp\/v2\/pages\/3684\/revisions"}],"predecessor-version":[{"id":10020,"href":"https:\/\/www.evoluscience.fr\/index.php\/wp-json\/wp\/v2\/pages\/3684\/revisions\/10020"}],"up":[{"embeddable":true,"href":"https:\/\/www.evoluscience.fr\/index.php\/wp-json\/wp\/v2\/pages\/3681"}],"wp:attachment":[{"href":"https:\/\/www.evoluscience.fr\/index.php\/wp-json\/wp\/v2\/media?parent=3684"}],"wp:term":[{"taxonomy":"c2tw_page_folder","embeddable":true,"href":"https:\/\/www.evoluscience.fr\/index.php\/wp-json\/wp\/v2\/c2tw_page_folder?post=3684"}],"curies":[{"name":"wp","href":"https:\/\/api.w.org\/{rel}","templated":true}]}}