{"id":3672,"date":"2020-03-02T20:46:50","date_gmt":"2020-03-02T19:46:50","guid":{"rendered":"http:\/\/evoluscience.fr\/?page_id=3672"},"modified":"2020-03-02T20:47:25","modified_gmt":"2020-03-02T19:47:25","slug":"conclusion","status":"publish","type":"page","link":"https:\/\/www.evoluscience.fr\/index.php\/cycle-4\/quatrieme-2\/4e-la-planete-terre-lenvironnement-laction-humaine\/chapitre-1-le-fonctionnement-du-volcanisme\/activite-4\/conclusion\/","title":{"rendered":"Conclusion"},"content":{"rendered":"\n<div class=\"wp-block-themeisle-blocks-advanced-columns has-1-columns has-desktop-equal-layout has-tablet-equal-layout has-mobile-equal-layout has-default-gap has-vertical-unset\" id=\"wp-block-themeisle-blocks-advanced-columns-475ed5ac\" style=\"border-width:0px;border-style:solid;border-color:#000000;border-radius:0px;justify-content:unset\"><div class=\"wp-themeisle-block-overlay\" style=\"opacity:0.5;mix-blend-mode:normal\"><\/div><div class=\"innerblocks-wrap\">\n<div class=\"wp-block-themeisle-blocks-advanced-column\" id=\"wp-block-themeisle-blocks-advanced-column-449b6747\" style=\"border-width:0px;border-style:solid;border-color:#000000;border-radius:0px\">\n<p class=\"has-text-color has-luminous-vivid-orange-color\">Un <strong>fossile<\/strong>\nest une trace de vie (coquilles, bois, pollen\u2026) qui a \u00e9t\u00e9 pr\u00e9serv\u00e9e dans des\nroches s\u00e9dimentaires qui se sont form\u00e9es apr\u00e8s l\u2019\u00e9rosion de relief.&nbsp; Au cours du temps, les tissus de l&rsquo;organisme\nmort sont progressivement remplac\u00e9s par des min\u00e9raux (<strong>min\u00e9ralisation<\/strong>).<\/p>\n\n\n\n<p class=\"has-text-color has-vivid-red-color\">L\u2019\u00e9chelle\ndes temps g\u00e9ologiques est subdivis\u00e9e en \u00e8res puis en p\u00e9riodes (certaines\nlimites sont d\u00e9termin\u00e9es par les crises biologiques).<\/p>\n\n\n\n<p class=\"has-text-color has-vivid-red-color\">Le\nfort volcanisme au Permien a entra\u00een\u00e9 un fort refroidissement puis un\nr\u00e9chauffement de la plan\u00e8te. Beaucoup d\u2019esp\u00e8ces n\u2019ont pas r\u00e9ussi \u00e0 s\u2019adapter \u00e0\nces changements d\u2019environnement.<\/p>\n<\/div>\n<\/div><\/div>\n","protected":false},"excerpt":{"rendered":"","protected":false},"author":1,"featured_media":0,"parent":3668,"menu_order":1,"comment_status":"closed","ping_status":"closed","template":"","meta":{"_monsterinsights_skip_tracking":false,"_monsterinsights_sitenote_active":false,"_monsterinsights_sitenote_note":"","_monsterinsights_sitenote_category":0,"_themeisle_gutenberg_block_has_review":false,"footnotes":""},"class_list":["post-3672","page","type-page","status-publish","hentry"],"_links":{"self":[{"href":"https:\/\/www.evoluscience.fr\/index.php\/wp-json\/wp\/v2\/pages\/3672","targetHints":{"allow":["GET"]}}],"collection":[{"href":"https:\/\/www.evoluscience.fr\/index.php\/wp-json\/wp\/v2\/pages"}],"about":[{"href":"https:\/\/www.evoluscience.fr\/index.php\/wp-json\/wp\/v2\/types\/page"}],"author":[{"embeddable":true,"href":"https:\/\/www.evoluscience.fr\/index.php\/wp-json\/wp\/v2\/users\/1"}],"replies":[{"embeddable":true,"href":"https:\/\/www.evoluscience.fr\/index.php\/wp-json\/wp\/v2\/comments?post=3672"}],"version-history":[{"count":0,"href":"https:\/\/www.evoluscience.fr\/index.php\/wp-json\/wp\/v2\/pages\/3672\/revisions"}],"up":[{"embeddable":true,"href":"https:\/\/www.evoluscience.fr\/index.php\/wp-json\/wp\/v2\/pages\/3668"}],"wp:attachment":[{"href":"https:\/\/www.evoluscience.fr\/index.php\/wp-json\/wp\/v2\/media?parent=3672"}],"curies":[{"name":"wp","href":"https:\/\/api.w.org\/{rel}","templated":true}]}}