{"id":3612,"date":"2020-03-02T19:26:24","date_gmt":"2020-03-02T18:26:24","guid":{"rendered":"http:\/\/evoluscience.fr\/?page_id=3612"},"modified":"2026-03-23T18:54:00","modified_gmt":"2026-03-23T17:54:00","slug":"4e-la-planete-terre-lenvironnement-laction-humaine","status":"publish","type":"page","link":"https:\/\/www.evoluscience.fr\/index.php\/cycle-4\/quatrieme-2\/4e-la-planete-terre-lenvironnement-laction-humaine\/","title":{"rendered":"4e &#8211; La plan\u00e8te Terre, l\u2019environnement &#038; l\u2019action humaine"},"content":{"rendered":"<div id=\"modal-ready\">\n<div id=\"wp-block-themeisle-blocks-advanced-columns-77525db3\" class=\"wp-block-themeisle-blocks-advanced-columns has-1-columns has-desktop-equal-layout has-tablet-equal-layout has-mobile-equal-layout has-vertical-unset\"><div class=\"wp-block-themeisle-blocks-advanced-columns-overlay\"><\/div><div class=\"innerblocks-wrap\">\n<div id=\"wp-block-themeisle-blocks-advanced-column-3a4a8729\" class=\"wp-block-themeisle-blocks-advanced-column\">\n<div class=\"wp-block-media-text alignwide\"><figure class=\"wp-block-media-text__media\"><img loading=\"lazy\" decoding=\"async\" width=\"600\" height=\"600\" src=\"https:\/\/evoluscience.fr\/wp-content\/uploads\/2019\/09\/terre_bleu.jpg\" alt=\"\" class=\"wp-image-252 size-full\" srcset=\"https:\/\/www.evoluscience.fr\/wp-content\/uploads\/2019\/09\/terre_bleu.jpg 600w, https:\/\/www.evoluscience.fr\/wp-content\/uploads\/2019\/09\/terre_bleu-150x150.jpg 150w, https:\/\/www.evoluscience.fr\/wp-content\/uploads\/2019\/09\/terre_bleu-300x300.jpg 300w, https:\/\/www.evoluscience.fr\/wp-content\/uploads\/2019\/09\/terre_bleu-520x520.jpg 520w\" sizes=\"auto, (max-width: 600px) 100vw, 600px\" \/><\/figure><div class=\"wp-block-media-text__content\">\n<p class=\"has-text-color has-large-font-size\" style=\"color:#186fa2\">La plan\u00e8te Terre, l\u2019environnement &amp; l\u2019action humaine<\/p>\n<\/div><\/div>\n\n\n\n<div style=\"height:100px\" aria-hidden=\"true\" class=\"wp-block-spacer\"><\/div>\n\n\n\n<p class=\"has-drop-cap\"><em>Les parents de Chlo\u00e9 et ceux de\nBastien commencent \u00e0 r\u00e9fl\u00e9chir \u00e0 une destination pour les vacances. Cette\nann\u00e9e, ils souhaitent chacun peut-\u00eatre partir \u00e0 l\u2019\u00e9tranger. Les deux jeunes se\nrenseignent et d\u00e9couvrent que certains pays qui les int\u00e9ressent peuvent \u00eatre\ndangereux&nbsp;: \u00e9ruption actuelle de l\u2019Etna en Sicile et du Colima au Mexique.\nIl leur faut donc soit prendre des pr\u00e9cautions ou \u00e9viter les zones.<\/em><\/p>\n\n\n\n<div style=\"height:100px\" aria-hidden=\"true\" class=\"wp-block-spacer\"><\/div>\n\n\n\n<p class=\"has-vivid-green-cyan-color has-text-color\">Comment fonctionne la plan\u00e8te Terre et quelle est l\u2019importance de comprendre ce fonctionnement&nbsp;?<\/p>\n\n\n\n<div style=\"height:100px\" aria-hidden=\"true\" class=\"wp-block-spacer\"><\/div>\n\n\n\n<p><a href=\"https:\/\/evoluscience.fr\/index.php\/cycle-4\/quatrieme-2\/4e-la-planete-terre-lenvironnement-laction-humaine\/chapitre-1-le-fonctionnement-du-volcanisme\/\">Chapitre 1 &#8211; Le fonctionnement du volcanisme<\/a><\/p>\n\n\n\n<p><a href=\"https:\/\/evoluscience.fr\/index.php\/cycle-4\/quatrieme-2\/4e-la-planete-terre-lenvironnement-laction-humaine\/chapitre-2-le-fonctionnement-des-seismes\/\">Chapitre 2 &#8211; Le fonctionnement des s\u00e9ismes<\/a><\/p>\n\n\n\n<p><a href=\"https:\/\/evoluscience.fr\/index.php\/cycle-4\/quatrieme-2\/4e-la-planete-terre-lenvironnement-laction-humaine\/chapitre-3-la-meteorologie\/\">Chapitre 3 &#8211; La m\u00e9t\u00e9orologie<\/a><\/p>\n<\/div>\n<\/div><\/div>\n\n\n\n<div style=\"height:100px\" aria-hidden=\"true\" class=\"wp-block-spacer\"><\/div>\n\n\n\n<p>Acc\u00e8s aux cours de SVT<\/p>\n<\/div>","protected":false},"excerpt":{"rendered":"<p>Acc\u00e8s aux cours de SVT<\/p>\n","protected":false},"author":1,"featured_media":0,"parent":1343,"menu_order":4,"comment_status":"closed","ping_status":"closed","template":"","meta":{"om_disable_all_campaigns":false,"_monsterinsights_skip_tracking":false,"_monsterinsights_sitenote_active":false,"_monsterinsights_sitenote_note":"","_monsterinsights_sitenote_category":0,"_themeisle_gutenberg_block_has_review":false,"footnotes":""},"c2tw_page_folder":[],"class_list":["post-3612","page","type-page","status-publish","hentry"],"aioseo_notices":[],"_links":{"self":[{"href":"https:\/\/www.evoluscience.fr\/index.php\/wp-json\/wp\/v2\/pages\/3612","targetHints":{"allow":["GET"]}}],"collection":[{"href":"https:\/\/www.evoluscience.fr\/index.php\/wp-json\/wp\/v2\/pages"}],"about":[{"href":"https:\/\/www.evoluscience.fr\/index.php\/wp-json\/wp\/v2\/types\/page"}],"author":[{"embeddable":true,"href":"https:\/\/www.evoluscience.fr\/index.php\/wp-json\/wp\/v2\/users\/1"}],"replies":[{"embeddable":true,"href":"https:\/\/www.evoluscience.fr\/index.php\/wp-json\/wp\/v2\/comments?post=3612"}],"version-history":[{"count":1,"href":"https:\/\/www.evoluscience.fr\/index.php\/wp-json\/wp\/v2\/pages\/3612\/revisions"}],"predecessor-version":[{"id":13630,"href":"https:\/\/www.evoluscience.fr\/index.php\/wp-json\/wp\/v2\/pages\/3612\/revisions\/13630"}],"up":[{"embeddable":true,"href":"https:\/\/www.evoluscience.fr\/index.php\/wp-json\/wp\/v2\/pages\/1343"}],"wp:attachment":[{"href":"https:\/\/www.evoluscience.fr\/index.php\/wp-json\/wp\/v2\/media?parent=3612"}],"wp:term":[{"taxonomy":"c2tw_page_folder","embeddable":true,"href":"https:\/\/www.evoluscience.fr\/index.php\/wp-json\/wp\/v2\/c2tw_page_folder?post=3612"}],"curies":[{"name":"wp","href":"https:\/\/api.w.org\/{rel}","templated":true}]}}