{"id":3572,"date":"2020-03-02T17:58:43","date_gmt":"2020-03-02T16:58:43","guid":{"rendered":"http:\/\/evoluscience.fr\/?page_id=3572"},"modified":"2020-03-02T17:58:44","modified_gmt":"2020-03-02T16:58:44","slug":"conclusion","status":"publish","type":"page","link":"https:\/\/www.evoluscience.fr\/index.php\/cycle-4\/cinquieme\/5e-la-planete-terre-lenvironnement-et-laction-humaine\/chapitre-4-les-indices-de-lactivite-interne-de-la-terre\/activite-4\/conclusion\/","title":{"rendered":"Conclusion"},"content":{"rendered":"<div id=\"modal-ready\">\n<div class=\"wp-block-themeisle-blocks-advanced-columns has-1-columns has-desktop-equal-layout has-tablet-equal-layout has-mobile-equal-layout has-default-gap has-vertical-unset\" id=\"wp-block-themeisle-blocks-advanced-columns-6a211255\" style=\"border-width:0px;border-style:solid;border-color:#000000;border-radius:0px;justify-content:unset\"><div class=\"wp-themeisle-block-overlay\" style=\"opacity:0.5;mix-blend-mode:normal\"><\/div><div class=\"innerblocks-wrap\">\n<div class=\"wp-block-themeisle-blocks-advanced-column\" id=\"wp-block-themeisle-blocks-advanced-column-d7bbef3d\" style=\"border-width:0px;border-style:solid;border-color:#000000;border-radius:0px\">\n<p class=\"has-text-color has-luminous-vivid-orange-color\">Un <strong>al\u00e9a<\/strong> est la probabilit\u00e9 qu&rsquo;un \u00e9v\u00e9nement\nnaturel se produise au cours d&rsquo;une p\u00e9riode d\u00e9termin\u00e9e.<\/p>\n\n\n\n<p class=\"has-text-color has-luminous-vivid-orange-color\">Le <strong>risque sismique<\/strong> est donc la combinaison entre <strong>l\u2019al\u00e9a sismique<\/strong> en un point donn\u00e9 et la <strong>vuln\u00e9rabilit\u00e9<\/strong> des <strong>enjeux<\/strong> qui s\u2019y trouvent expos\u00e9s (personnes, b\u00e2timents,\ninfrastructures\u2026). <\/p>\n\n\n\n<div style=\"height:100px\" aria-hidden=\"true\" class=\"wp-block-spacer\"><\/div>\n\n\n\n<p class=\"has-text-color has-drop-cap has-vivid-red-color\">Les al\u00e9as sismiques et volcaniques dus \u00e0 l\u2019activit\u00e9 de la plan\u00e8te engendrent des risques pour l\u2019Homme.<\/p>\n\n\n\n<div style=\"height:100px\" aria-hidden=\"true\" class=\"wp-block-spacer\"><\/div>\n\n\n\n<div class=\"wp-block-image\"><figure class=\"aligncenter size-large\"><img loading=\"lazy\" decoding=\"async\" width=\"752\" height=\"578\" src=\"http:\/\/evoluscience.fr\/wp-content\/uploads\/2020\/03\/image-4.png\" alt=\"\" class=\"wp-image-3575\" srcset=\"https:\/\/www.evoluscience.fr\/wp-content\/uploads\/2020\/03\/image-4.png 752w, https:\/\/www.evoluscience.fr\/wp-content\/uploads\/2020\/03\/image-4-300x231.png 300w, https:\/\/www.evoluscience.fr\/wp-content\/uploads\/2020\/03\/image-4-520x400.png 520w, https:\/\/www.evoluscience.fr\/wp-content\/uploads\/2020\/03\/image-4-740x569.png 740w\" sizes=\"auto, (max-width: 752px) 100vw, 752px\" \/><\/figure><\/div>\n<\/div>\n<\/div><\/div>\n<\/div>","protected":false},"excerpt":{"rendered":"","protected":false},"author":1,"featured_media":0,"parent":3560,"menu_order":1,"comment_status":"closed","ping_status":"closed","template":"","meta":{"om_disable_all_campaigns":false,"_monsterinsights_skip_tracking":false,"_monsterinsights_sitenote_active":false,"_monsterinsights_sitenote_note":"","_monsterinsights_sitenote_category":0,"_themeisle_gutenberg_block_has_review":false,"footnotes":""},"c2tw_page_folder":[],"class_list":["post-3572","page","type-page","status-publish","hentry"],"aioseo_notices":[],"_links":{"self":[{"href":"https:\/\/www.evoluscience.fr\/index.php\/wp-json\/wp\/v2\/pages\/3572","targetHints":{"allow":["GET"]}}],"collection":[{"href":"https:\/\/www.evoluscience.fr\/index.php\/wp-json\/wp\/v2\/pages"}],"about":[{"href":"https:\/\/www.evoluscience.fr\/index.php\/wp-json\/wp\/v2\/types\/page"}],"author":[{"embeddable":true,"href":"https:\/\/www.evoluscience.fr\/index.php\/wp-json\/wp\/v2\/users\/1"}],"replies":[{"embeddable":true,"href":"https:\/\/www.evoluscience.fr\/index.php\/wp-json\/wp\/v2\/comments?post=3572"}],"version-history":[{"count":0,"href":"https:\/\/www.evoluscience.fr\/index.php\/wp-json\/wp\/v2\/pages\/3572\/revisions"}],"up":[{"embeddable":true,"href":"https:\/\/www.evoluscience.fr\/index.php\/wp-json\/wp\/v2\/pages\/3560"}],"wp:attachment":[{"href":"https:\/\/www.evoluscience.fr\/index.php\/wp-json\/wp\/v2\/media?parent=3572"}],"wp:term":[{"taxonomy":"c2tw_page_folder","embeddable":true,"href":"https:\/\/www.evoluscience.fr\/index.php\/wp-json\/wp\/v2\/c2tw_page_folder?post=3572"}],"curies":[{"name":"wp","href":"https:\/\/api.w.org\/{rel}","templated":true}]}}