{"id":3557,"date":"2020-03-02T17:04:54","date_gmt":"2020-03-02T16:04:54","guid":{"rendered":"http:\/\/evoluscience.fr\/?page_id=3557"},"modified":"2020-04-16T18:42:57","modified_gmt":"2020-04-16T16:42:57","slug":"conclusion","status":"publish","type":"page","link":"https:\/\/www.evoluscience.fr\/index.php\/cycle-4\/cinquieme\/5e-la-planete-terre-lenvironnement-et-laction-humaine\/chapitre-4-les-indices-de-lactivite-interne-de-la-terre\/activite-3\/conclusion\/","title":{"rendered":"Conclusion"},"content":{"rendered":"<div id=\"modal-ready\">\n<div class=\"wp-block-themeisle-blocks-advanced-columns has-1-columns has-desktop-equal-layout has-tablet-equal-layout has-mobile-equal-layout has-default-gap has-vertical-unset\" id=\"wp-block-themeisle-blocks-advanced-columns-8a1d0b9e\"><div class=\"wp-block-themeisle-blocks-advanced-columns-overlay\"><\/div><div class=\"innerblocks-wrap\">\n<div class=\"wp-block-themeisle-blocks-advanced-column\" id=\"wp-block-themeisle-blocks-advanced-column-e50bd661\">\n<p class=\"has-text-color has-drop-cap has-vivid-red-color\">Un s\u00e9isme, ou tremblement de terre, se\nmanifeste par des vibrations du sol br\u00e8ves et brutales se propageant.<\/p>\n\n\n\n<p class=\"has-text-color has-vivid-red-color\">L\u2019effet d\u2019un s\u00e9isme en un lieu donn\u00e9 est\nmesur\u00e9 par son intensit\u00e9 (I \u00e0 XII) \u00e9tablie \u00e0 partir de l\u2019importance des\ndestructions et des perceptions de la population.<\/p>\n\n\n\n<p class=\"has-text-color has-vivid-red-color\">L\u2019intensit\u00e9 sismique diminue en s\u2019\u00e9loignant\nde l\u2019\u00e9picentre (en surface o\u00f9 le s\u00e9isme est le plus fortement ressenti).<\/p>\n\n\n\n<p class=\"has-text-color has-vivid-red-color\">Les s\u00e9ismes sont pr\u00e9sents au niveau de\nl\u2019axe des dorsales, des fosses oc\u00e9aniques et des cha\u00eenes de montagne.<\/p>\n\n\n\n<div style=\"height:100px\" aria-hidden=\"true\" class=\"wp-block-spacer\"><\/div>\n\n\n\n<p>Quelques d\u00e9finitions&nbsp;:<\/p>\n\n\n\n<p class=\"has-text-color has-luminous-vivid-orange-color\"><strong>Dorsale oc\u00e9anique<\/strong>&nbsp;:\nrelief sous-marin important (65 000 km de long, plus de 1000 km de large,\nd\u00e9nivellation de plus de 2000 m),&nbsp; lieu\nd\u2019activit\u00e9s sismiques et volcaniques importantes.<\/p>\n\n\n\n<p class=\"has-text-color has-luminous-vivid-orange-color\"><strong>Fosse oc\u00e9anique<\/strong>\u00a0: Longue d\u00e9pression, profonde et large longeant des continents ou des archipels volcaniques.<\/p>\n\n\n\n<div style=\"height:66px\" aria-hidden=\"true\" class=\"wp-block-spacer\"><\/div>\n\n\n\n<div class=\"wp-block-image\"><figure class=\"aligncenter size-large\"><a href=\"http:\/\/evoluscience.fr\/wp-content\/uploads\/2020\/04\/5-PT-Chp4-carte-tectonique-des-plaques-s\u00e9ismes-scaled.jpg\" target=\"_blank\" rel=\"noreferrer noopener\"><img loading=\"lazy\" decoding=\"async\" width=\"1024\" height=\"714\" src=\"http:\/\/evoluscience.fr\/wp-content\/uploads\/2020\/04\/5-PT-Chp4-carte-tectonique-des-plaques-s\u00e9ismes-1024x714.jpg\" alt=\"\" class=\"wp-image-4786\" srcset=\"https:\/\/www.evoluscience.fr\/wp-content\/uploads\/2020\/04\/5-PT-Chp4-carte-tectonique-des-plaques-s\u00e9ismes-1024x714.jpg 1024w, https:\/\/www.evoluscience.fr\/wp-content\/uploads\/2020\/04\/5-PT-Chp4-carte-tectonique-des-plaques-s\u00e9ismes-300x209.jpg 300w, https:\/\/www.evoluscience.fr\/wp-content\/uploads\/2020\/04\/5-PT-Chp4-carte-tectonique-des-plaques-s\u00e9ismes-768x535.jpg 768w, https:\/\/www.evoluscience.fr\/wp-content\/uploads\/2020\/04\/5-PT-Chp4-carte-tectonique-des-plaques-s\u00e9ismes-1536x1070.jpg 1536w, https:\/\/www.evoluscience.fr\/wp-content\/uploads\/2020\/04\/5-PT-Chp4-carte-tectonique-des-plaques-s\u00e9ismes-2048x1427.jpg 2048w, https:\/\/www.evoluscience.fr\/wp-content\/uploads\/2020\/04\/5-PT-Chp4-carte-tectonique-des-plaques-s\u00e9ismes-520x362.jpg 520w, https:\/\/www.evoluscience.fr\/wp-content\/uploads\/2020\/04\/5-PT-Chp4-carte-tectonique-des-plaques-s\u00e9ismes-740x516.jpg 740w\" sizes=\"auto, (max-width: 1024px) 100vw, 1024px\" \/><\/a><\/figure><\/div>\n<\/div>\n<\/div><\/div>\n<\/div>","protected":false},"excerpt":{"rendered":"","protected":false},"author":1,"featured_media":0,"parent":3554,"menu_order":2,"comment_status":"closed","ping_status":"closed","template":"","meta":{"om_disable_all_campaigns":false,"_monsterinsights_skip_tracking":false,"_monsterinsights_sitenote_active":false,"_monsterinsights_sitenote_note":"","_monsterinsights_sitenote_category":0,"_themeisle_gutenberg_block_has_review":false,"footnotes":""},"c2tw_page_folder":[],"class_list":["post-3557","page","type-page","status-publish","hentry"],"aioseo_notices":[],"_links":{"self":[{"href":"https:\/\/www.evoluscience.fr\/index.php\/wp-json\/wp\/v2\/pages\/3557","targetHints":{"allow":["GET"]}}],"collection":[{"href":"https:\/\/www.evoluscience.fr\/index.php\/wp-json\/wp\/v2\/pages"}],"about":[{"href":"https:\/\/www.evoluscience.fr\/index.php\/wp-json\/wp\/v2\/types\/page"}],"author":[{"embeddable":true,"href":"https:\/\/www.evoluscience.fr\/index.php\/wp-json\/wp\/v2\/users\/1"}],"replies":[{"embeddable":true,"href":"https:\/\/www.evoluscience.fr\/index.php\/wp-json\/wp\/v2\/comments?post=3557"}],"version-history":[{"count":0,"href":"https:\/\/www.evoluscience.fr\/index.php\/wp-json\/wp\/v2\/pages\/3557\/revisions"}],"up":[{"embeddable":true,"href":"https:\/\/www.evoluscience.fr\/index.php\/wp-json\/wp\/v2\/pages\/3554"}],"wp:attachment":[{"href":"https:\/\/www.evoluscience.fr\/index.php\/wp-json\/wp\/v2\/media?parent=3557"}],"wp:term":[{"taxonomy":"c2tw_page_folder","embeddable":true,"href":"https:\/\/www.evoluscience.fr\/index.php\/wp-json\/wp\/v2\/c2tw_page_folder?post=3557"}],"curies":[{"name":"wp","href":"https:\/\/api.w.org\/{rel}","templated":true}]}}