{"id":3521,"date":"2020-03-02T16:28:14","date_gmt":"2020-03-02T15:28:14","guid":{"rendered":"http:\/\/evoluscience.fr\/?page_id=3521"},"modified":"2025-02-19T17:55:40","modified_gmt":"2025-02-19T16:55:40","slug":"capsules","status":"publish","type":"page","link":"https:\/\/www.evoluscience.fr\/index.php\/cycle-4\/cinquieme\/5e-la-planete-terre-lenvironnement-et-laction-humaine\/chapitre-4-les-indices-de-lactivite-interne-de-la-terre\/activite-1\/capsules\/","title":{"rendered":"Capsule"},"content":{"rendered":"<div id=\"modal-ready\">\n<div id=\"wp-block-themeisle-blocks-advanced-columns-893b25d6\" class=\"wp-block-themeisle-blocks-advanced-columns has-1-columns has-desktop-equal-layout has-tablet-equal-layout has-mobile-equal-layout has-vertical-unset\"><div class=\"wp-block-themeisle-blocks-advanced-columns-overlay\"><\/div><div class=\"innerblocks-wrap\">\n<div id=\"wp-block-themeisle-blocks-advanced-column-03ad1ea1\" class=\"wp-block-themeisle-blocks-advanced-column\">\n<p>Capsule&nbsp;: A partir de sites internet, d\u00e9terminer les actions \u00e0 r\u00e9aliser lors d\u2019un s\u00e9isme ou d\u2019une \u00e9ruption volcanique.<\/p>\n\n\n\n<p><a href=\"https:\/\/www.georisques.gouv.fr\/minformer-sur-un-risque\/seisme\" target=\"_blank\" rel=\"noopener\" title=\"\">https:\/\/www.georisques.gouv.fr\/minformer-sur-un-risque\/seisme<\/a><\/p>\n\n\n\n<p><\/p>\n\n\n\n<p><a href=\"http:\/\/www.risquesnaturels.re\/conseils\/conseils-en-cas-deruption-volcanique\/\" target=\"_blank\" rel=\"noopener\" title=\"\">http:\/\/www.risquesnaturels.re\/conseils\/conseils-en-cas-deruption-volcanique\/<\/a>  (jusqu&rsquo;\u00e0 2min10s)<\/p>\n\n\n\n<figure class=\"wp-block-video\"><video controls src=\"https:\/\/www.evoluscience.fr\/wp-content\/uploads\/2025\/02\/Worlds-Largest-Earthquake-Test.mp4\"><\/video><\/figure>\n\n\n\n<p>Source : <a href=\"https:\/\/www.youtube.com\/watch?v=hSwjkG3nv1c\" target=\"_blank\" rel=\"noopener\" title=\"\">https:\/\/www.youtube.com\/watch?v=hSwjkG3nv1c<\/a><\/p>\n\n\n\n<p>Regarder la vid\u00e9o ci-dessous jusqu&rsquo;\u00e0 1min55s<\/p>\n\n\n\n<figure class=\"wp-block-video\"><video controls src=\"https:\/\/www.evoluscience.fr\/wp-content\/uploads\/2025\/02\/Comment-prevoir-les-seismes-C-a-vous-18042016.mp4\"><\/video><\/figure>\n\n\n\n<p>Source : <a href=\"https:\/\/www.youtube.com\/watch?v=TFAaoj_3J3A\" target=\"_blank\" rel=\"noopener\" title=\"\">https:\/\/www.youtube.com\/watch?v=TFAaoj_3J3A<\/a><\/p>\n\n\n\n<p><a href=\"https:\/\/www.georisques.gouv.fr\/minformer-sur-un-risque\/eruption-volcanique\">https:\/\/www.georisques.gouv.fr\/minformer-sur-un-risque\/eruption-volcanique<\/a><\/p>\n\n\n\n<p><a href=\"http:\/\/www.risquesnaturels.re\/conseils\/conseils-en-cas-deruption-volcanique\/\" target=\"_blank\" rel=\"noopener\" title=\"\">http:\/\/www.risquesnaturels.re\/conseils\/conseils-en-cas-deruption-volcanique\/<\/a><\/p>\n\n\n\n<p>Pour dans trois s\u00e9ances.<\/p>\n<\/div>\n<\/div><\/div>\n<\/div>","protected":false},"excerpt":{"rendered":"","protected":false},"author":1,"featured_media":0,"parent":3499,"menu_order":3,"comment_status":"closed","ping_status":"closed","template":"","meta":{"om_disable_all_campaigns":false,"_monsterinsights_skip_tracking":false,"_monsterinsights_sitenote_active":false,"_monsterinsights_sitenote_note":"","_monsterinsights_sitenote_category":0,"_themeisle_gutenberg_block_has_review":false,"footnotes":""},"c2tw_page_folder":[],"class_list":["post-3521","page","type-page","status-publish","hentry"],"aioseo_notices":[],"_links":{"self":[{"href":"https:\/\/www.evoluscience.fr\/index.php\/wp-json\/wp\/v2\/pages\/3521","targetHints":{"allow":["GET"]}}],"collection":[{"href":"https:\/\/www.evoluscience.fr\/index.php\/wp-json\/wp\/v2\/pages"}],"about":[{"href":"https:\/\/www.evoluscience.fr\/index.php\/wp-json\/wp\/v2\/types\/page"}],"author":[{"embeddable":true,"href":"https:\/\/www.evoluscience.fr\/index.php\/wp-json\/wp\/v2\/users\/1"}],"replies":[{"embeddable":true,"href":"https:\/\/www.evoluscience.fr\/index.php\/wp-json\/wp\/v2\/comments?post=3521"}],"version-history":[{"count":5,"href":"https:\/\/www.evoluscience.fr\/index.php\/wp-json\/wp\/v2\/pages\/3521\/revisions"}],"predecessor-version":[{"id":11001,"href":"https:\/\/www.evoluscience.fr\/index.php\/wp-json\/wp\/v2\/pages\/3521\/revisions\/11001"}],"up":[{"embeddable":true,"href":"https:\/\/www.evoluscience.fr\/index.php\/wp-json\/wp\/v2\/pages\/3499"}],"wp:attachment":[{"href":"https:\/\/www.evoluscience.fr\/index.php\/wp-json\/wp\/v2\/media?parent=3521"}],"wp:term":[{"taxonomy":"c2tw_page_folder","embeddable":true,"href":"https:\/\/www.evoluscience.fr\/index.php\/wp-json\/wp\/v2\/c2tw_page_folder?post=3521"}],"curies":[{"name":"wp","href":"https:\/\/api.w.org\/{rel}","templated":true}]}}