{"id":3491,"date":"2020-03-02T13:57:48","date_gmt":"2020-03-02T12:57:48","guid":{"rendered":"http:\/\/evoluscience.fr\/?page_id=3491"},"modified":"2020-03-02T13:57:49","modified_gmt":"2020-03-02T12:57:49","slug":"conclusion","status":"publish","type":"page","link":"https:\/\/www.evoluscience.fr\/index.php\/cycle-4\/cinquieme\/5e-la-planete-terre-lenvironnement-et-laction-humaine\/chapitre-3-les-ressources-naturelles-regionales\/conclusion\/","title":{"rendered":"Conclusion"},"content":{"rendered":"\n<div class=\"wp-block-themeisle-blocks-advanced-columns has-1-columns has-desktop-equal-layout has-tablet-equal-layout has-mobile-equal-layout has-default-gap has-vertical-unset\" id=\"wp-block-themeisle-blocks-advanced-columns-cd4622bb\" style=\"border-width:0px;border-style:solid;border-color:#000000;border-radius:0px;justify-content:unset\"><div class=\"wp-themeisle-block-overlay\" style=\"opacity:0.5;mix-blend-mode:normal\"><\/div><div class=\"innerblocks-wrap\">\n<div class=\"wp-block-themeisle-blocks-advanced-column\" id=\"wp-block-themeisle-blocks-advanced-column-fe179c01\" style=\"border-width:0px;border-style:solid;border-color:#000000;border-radius:0px\">\n<p class=\"has-text-color has-drop-cap has-vivid-red-color\">Sur Terre, il existe deux types de ressources\nnaturelles selon leur exploitation par l\u2019Homme. <\/p>\n\n\n\n<p class=\"has-text-color has-vivid-red-color\">Les ressources naturelles renouvelables se\ncaract\u00e9risent par le fait qu\u2019elles sont disponibles en grande quantit\u00e9 et\nqu\u2019elles se renouvellent dans l\u2019ann\u00e9e.<\/p>\n\n\n\n<p class=\"has-text-color has-vivid-red-color\">Au contraire, les ressources naturelles non\nrenouvelables peuvent \u00eatre compl\u00e8tement \u00e9puis\u00e9es \u00e0 la surface de la terre suite\n\u00e0 l&rsquo;exploitation par l&rsquo;Homme.<\/p>\n\n\n\n<p class=\"has-text-color has-luminous-vivid-orange-color\">Un\n<strong>\u00e9cosyst\u00e8me<\/strong> est un ensemble vivant\nform\u00e9 par un groupement de diff\u00e9rentes esp\u00e8ces en inter-relations (nutrition,\nreproduction, pr\u00e9dation\u2026), entre elles et avec leur environnement&nbsp; (air, eau\u2026) en un lieu donn\u00e9.<\/p>\n\n\n\n<p class=\"has-text-color has-vivid-red-color\">Une exploitation non r\u00e9fl\u00e9chie et modifiant\nprofond\u00e9ment l\u2019environnement peut perturber l\u2019\u00e9quilibre des relations entre les\nesp\u00e8ces et leur environnement. Il est important de penser \u00e0 une exploitation\ndes ressources naturelles dont l\u2019impact est att\u00e9nu\u00e9 sur l\u2019environnement.\n(exploitation raisonn\u00e9e du bois)<\/p>\n\n\n\n<p class=\"has-text-color has-vivid-red-color\">Certaines zones sont pr\u00e9serv\u00e9es volontairement sous\nforme d\u2019espaces prot\u00e9g\u00e9s pour r\u00e9aliser de la pr\u00e9vention&nbsp;: l\u2019Homme ne doit\npas y intervenir.<\/p>\n<\/div>\n<\/div><\/div>\n","protected":false},"excerpt":{"rendered":"","protected":false},"author":1,"featured_media":0,"parent":3484,"menu_order":2,"comment_status":"closed","ping_status":"closed","template":"","meta":{"_monsterinsights_skip_tracking":false,"_monsterinsights_sitenote_active":false,"_monsterinsights_sitenote_note":"","_monsterinsights_sitenote_category":0,"_themeisle_gutenberg_block_has_review":false,"footnotes":""},"class_list":["post-3491","page","type-page","status-publish","hentry"],"_links":{"self":[{"href":"https:\/\/www.evoluscience.fr\/index.php\/wp-json\/wp\/v2\/pages\/3491","targetHints":{"allow":["GET"]}}],"collection":[{"href":"https:\/\/www.evoluscience.fr\/index.php\/wp-json\/wp\/v2\/pages"}],"about":[{"href":"https:\/\/www.evoluscience.fr\/index.php\/wp-json\/wp\/v2\/types\/page"}],"author":[{"embeddable":true,"href":"https:\/\/www.evoluscience.fr\/index.php\/wp-json\/wp\/v2\/users\/1"}],"replies":[{"embeddable":true,"href":"https:\/\/www.evoluscience.fr\/index.php\/wp-json\/wp\/v2\/comments?post=3491"}],"version-history":[{"count":0,"href":"https:\/\/www.evoluscience.fr\/index.php\/wp-json\/wp\/v2\/pages\/3491\/revisions"}],"up":[{"embeddable":true,"href":"https:\/\/www.evoluscience.fr\/index.php\/wp-json\/wp\/v2\/pages\/3484"}],"wp:attachment":[{"href":"https:\/\/www.evoluscience.fr\/index.php\/wp-json\/wp\/v2\/media?parent=3491"}],"curies":[{"name":"wp","href":"https:\/\/api.w.org\/{rel}","templated":true}]}}