{"id":3484,"date":"2020-03-02T13:54:56","date_gmt":"2020-03-02T12:54:56","guid":{"rendered":"http:\/\/evoluscience.fr\/?page_id=3484"},"modified":"2025-02-19T17:02:31","modified_gmt":"2025-02-19T16:02:31","slug":"chapitre-3-les-ressources-naturelles-regionales","status":"publish","type":"page","link":"https:\/\/www.evoluscience.fr\/index.php\/cycle-4\/cinquieme\/5e-la-planete-terre-lenvironnement-et-laction-humaine\/chapitre-3-les-ressources-naturelles-regionales\/","title":{"rendered":"Chapitre 2 &#8211; Les ressources naturelles r\u00e9gionales"},"content":{"rendered":"\n<div id=\"wp-block-themeisle-blocks-advanced-columns-155f02b5\" class=\"wp-block-themeisle-blocks-advanced-columns has-1-columns has-desktop-equal-layout has-tablet-equal-layout has-mobile-equal-layout has-vertical-unset\"><div class=\"wp-block-themeisle-blocks-advanced-columns-overlay\"><\/div><div class=\"innerblocks-wrap\">\n<div id=\"wp-block-themeisle-blocks-advanced-column-b3c13787\" class=\"wp-block-themeisle-blocks-advanced-column\">\n<p><\/p>\n\n\n\n<p class=\"has-text-align-center\"><iframe loading=\"lazy\" src=\"https:\/\/anchor.fm\/laure-emilie-verkest\/embed\/episodes\/5-PT-Chp3-edgek3\/a-a57pl6\" height=\"102px\" width=\"400px\" frameborder=\"0\" scrolling=\"no\"><\/iframe><\/p>\n\n\n\n<div style=\"height:100px\" aria-hidden=\"true\" class=\"wp-block-spacer\"><\/div>\n\n\n\n<p><\/p>\n\n\n\n<p class=\"has-drop-cap\"><em>Depuis 2018, Greta Thunberg milite dans le monde entier pour que les Hommes soient sensibilis\u00e9s aux cons\u00e9quences de leurs actions pour les g\u00e9n\u00e9rations futures. Une meilleure utilisation des ressources naturelles pour r\u00e9pondre aux besoins des Hommes tout en respectant la plan\u00e8te Terre est importante. Faisons le point sur les ressources naturelles utilis\u00e9es dans notre r\u00e9gion.<\/em><\/p>\n\n\n\n<div style=\"height:100px\" aria-hidden=\"true\" class=\"wp-block-spacer\"><\/div>\n\n\n\n<p class=\"has-luminous-vivid-orange-color has-text-color\">Le d\u00e9veloppement durable est un mode de d\u00e9veloppement qui r\u00e9pond aux besoins des g\u00e9n\u00e9rations pr\u00e9sentes sans compromettre la capacit\u00e9 des g\u00e9n\u00e9rations futures de r\u00e9pondre aux leurs.&nbsp;<\/p>\n\n\n<div class=\"wp-block-image\">\n<figure class=\"aligncenter size-large is-resized\"><img loading=\"lazy\" decoding=\"async\" width=\"236\" height=\"224\" src=\"http:\/\/evoluscience.fr\/wp-content\/uploads\/2020\/03\/image.png\" alt=\"\" class=\"wp-image-3485\" style=\"width:276px;height:262px\"\/><\/figure>\n<\/div>\n\n\n<figure class=\"wp-block-video\"><video controls src=\"https:\/\/www.evoluscience.fr\/wp-content\/uploads\/2025\/02\/Deux-minutes-pour-comprendre-le-developpement-durable-1.mp4\"><\/video><\/figure>\n\n\n\n<p>Source : <a href=\"https:\/\/www.youtube.com\/watch?v=VAPfpaTwp_A\" target=\"_blank\" rel=\"noopener\" title=\"\">https:\/\/www.youtube.com\/watch?v=VAPfpaTwp_A<\/a><\/p>\n\n\n\n<div style=\"height:100px\" aria-hidden=\"true\" class=\"wp-block-spacer\"><\/div>\n\n\n\n<p class=\"has-vivid-green-cyan-color has-text-color\">Quelles sont les\nressources naturelles r\u00e9gionales exploit\u00e9es par l\u2019Homme, leurs enjeux et en\nquoi ces exploitations influencent-elles les \u00e9cosyst\u00e8mes locaux?<\/p>\n\n\n\n<p class=\"has-background\" style=\"background-color:#ffe9c2\">Activit\u00e9 : A partir de recherches documentaires, r\u00e9aliser un expos\u00e9 pour pr\u00e9senter l\u2019exploitation des ressources naturelles par l\u2019Homme, ses enjeux pour l\u2019Homme et ses cons\u00e9quences sur les \u00e9cosyst\u00e8mes au niveau de la r\u00e9gion.<\/p>\n\n\n\n<div style=\"height:100px\" aria-hidden=\"true\" class=\"wp-block-spacer\"><\/div>\n\n\n\n<p><em>Comp\u00e9tences travaill\u00e9es:<\/em><\/p>\n\n\n\n<ul class=\"wp-block-list\">\n<li><em>Communiquer et pr\u00e9senter \u00e0 l\u2019oral<\/em><\/li>\n<\/ul>\n\n\n\n<ul class=\"wp-block-list\">\n<li><em>Planifier le travail en groupe<\/em><\/li>\n<\/ul>\n\n\n\n<ul class=\"wp-block-list\">\n<li><em>Utiliser des outils de recherche<\/em><\/li>\n<\/ul>\n\n\n\n<ul class=\"wp-block-list\">\n<li><em>Cr\u00e9er des documents num\u00e9riques<\/em><\/li>\n<\/ul>\n\n\n\n<ul class=\"wp-block-list\">\n<li><em>S\u2019auto\u00e9valuer<\/em><\/li>\n<\/ul>\n\n\n\n<ul class=\"wp-block-list\">\n<li><em>D\u00e9velopper son esprit critique<\/em><\/li>\n<\/ul>\n\n\n\n<ul class=\"wp-block-list\">\n<li><em>Sensibiliser au d\u00e9veloppement durable <\/em><\/li>\n\n\n\n<li><em>Inventer une production<\/em> <\/li>\n<\/ul>\n\n\n\n<div style=\"height:100px\" aria-hidden=\"true\" class=\"wp-block-spacer\"><\/div>\n\n\n<a href=\"https:\/\/www.evoluscience.fr\/wp-content\/uploads\/2023\/04\/5-PT-Chp3-Grille-expose.pdf\" class=\"pdfemb-viewer\" style=\"\" data-width=\"max\" data-height=\"max\" data-toolbar=\"top\" data-toolbar-fixed=\"off\">5-PT-Chp3-Grille-expose<\/a>\n<p class=\"wp-block-pdfemb-pdf-embedder-viewer\"><\/p>\n\n\n\n<div style=\"height:100px\" aria-hidden=\"true\" class=\"wp-block-spacer\"><\/div>\n\n\n\n<p>Pendant les pr\u00e9sentations des expos\u00e9s de vos camarades, r\u00e9alisez un tableau pour prendre des notes concernant chacun des sujets.<\/p>\n\n\n\n<figure class=\"wp-block-table\"><table><tbody><tr><td>\n  Marge\n  <\/td><td>\n  Premi\u00e8re colonne\n  <\/td><td>\n  Seconde colonne\n  <\/td><td>\n  Troisi\u00e8me colonne\n  <\/td><\/tr><tr><td>\n  Nom de la ressource\n  Renouvelable ou non&nbsp;?\n  <\/td><td>\n  Besoin pour l\u2019Homme\n  Exploitation\n  <\/td><td>\n  Formation de la ressource\n  <\/td><td>\n  Cons\u00e9quence de l\u2019exploitation de la\n  ressource sur l\u2019\u00e9cosyst\u00e8me local\n  <\/td><\/tr><\/tbody><\/table><\/figure>\n\n\n\n<div style=\"height:100px\" aria-hidden=\"true\" class=\"wp-block-spacer\"><\/div>\n\n\n<div class=\"wp-block-image\">\n<figure class=\"aligncenter size-large is-resized\"><a href=\"http:\/\/evoluscience.fr\/index.php\/cycle-4\/cinquieme\/5e-la-planete-terre-lenvironnement-et-laction-humaine\/chapitre-3-les-ressources-naturelles-regionales\/conclusion\/\" target=\"_blank\" rel=\"noreferrer noopener\"><img loading=\"lazy\" decoding=\"async\" width=\"538\" height=\"538\" src=\"http:\/\/evoluscience.fr\/wp-content\/uploads\/2019\/09\/conclusion.png\" alt=\"\" class=\"wp-image-370\" style=\"width:316px;height:316px\" srcset=\"https:\/\/www.evoluscience.fr\/wp-content\/uploads\/2019\/09\/conclusion.png 538w, https:\/\/www.evoluscience.fr\/wp-content\/uploads\/2019\/09\/conclusion-150x150.png 150w, https:\/\/www.evoluscience.fr\/wp-content\/uploads\/2019\/09\/conclusion-300x300.png 300w, https:\/\/www.evoluscience.fr\/wp-content\/uploads\/2019\/09\/conclusion-520x520.png 520w\" sizes=\"auto, (max-width: 538px) 100vw, 538px\" \/><\/a><\/figure>\n<\/div>\n\n<div class=\"wp-block-image\">\n<figure class=\"aligncenter size-large is-resized\"><a href=\"http:\/\/evoluscience.fr\/index.php\/cycle-4\/cinquieme\/5e-la-planete-terre-lenvironnement-et-laction-humaine\/chapitre-3-les-ressources-naturelles-regionales\/devoirs\/\" target=\"_blank\" rel=\"noreferrer noopener\"><img loading=\"lazy\" decoding=\"async\" width=\"538\" height=\"538\" src=\"http:\/\/evoluscience.fr\/wp-content\/uploads\/2019\/09\/devoirs.png\" alt=\"\" class=\"wp-image-428\" style=\"width:315px;height:315px\" srcset=\"https:\/\/www.evoluscience.fr\/wp-content\/uploads\/2019\/09\/devoirs.png 538w, https:\/\/www.evoluscience.fr\/wp-content\/uploads\/2019\/09\/devoirs-150x150.png 150w, https:\/\/www.evoluscience.fr\/wp-content\/uploads\/2019\/09\/devoirs-300x300.png 300w, https:\/\/www.evoluscience.fr\/wp-content\/uploads\/2019\/09\/devoirs-520x520.png 520w\" sizes=\"auto, (max-width: 538px) 100vw, 538px\" \/><\/a><\/figure>\n<\/div>\n\n<div class=\"wp-block-image\">\n<figure class=\"aligncenter size-large is-resized\"><a href=\"http:\/\/evoluscience.fr\/wp-content\/uploads\/2020\/03\/5-PT-Chp3-Les-ressources-naturelles-r\u00e9gionales-FC.pdf\"><img loading=\"lazy\" decoding=\"async\" width=\"735\" height=\"735\" src=\"http:\/\/evoluscience.fr\/wp-content\/uploads\/2020\/03\/pjiece_jointe-1.png\" alt=\"\" class=\"wp-image-4366\" style=\"width:335px;height:335px\" srcset=\"https:\/\/www.evoluscience.fr\/wp-content\/uploads\/2020\/03\/pjiece_jointe-1.png 735w, https:\/\/www.evoluscience.fr\/wp-content\/uploads\/2020\/03\/pjiece_jointe-1-300x300.png 300w, https:\/\/www.evoluscience.fr\/wp-content\/uploads\/2020\/03\/pjiece_jointe-1-150x150.png 150w, https:\/\/www.evoluscience.fr\/wp-content\/uploads\/2020\/03\/pjiece_jointe-1-520x520.png 520w\" sizes=\"auto, (max-width: 735px) 100vw, 735px\" \/><\/a><figcaption class=\"wp-element-caption\">Impressions demand\u00e9es: fiche de comp\u00e9tences (plan) et conclusion<\/figcaption><\/figure>\n<\/div><\/div>\n<\/div><\/div>\n","protected":false},"excerpt":{"rendered":"","protected":false},"author":1,"featured_media":0,"parent":3330,"menu_order":3,"comment_status":"closed","ping_status":"closed","template":"","meta":{"_monsterinsights_skip_tracking":false,"_monsterinsights_sitenote_active":false,"_monsterinsights_sitenote_note":"","_monsterinsights_sitenote_category":0,"_themeisle_gutenberg_block_has_review":false,"footnotes":""},"class_list":["post-3484","page","type-page","status-publish","hentry"],"_links":{"self":[{"href":"https:\/\/www.evoluscience.fr\/index.php\/wp-json\/wp\/v2\/pages\/3484","targetHints":{"allow":["GET"]}}],"collection":[{"href":"https:\/\/www.evoluscience.fr\/index.php\/wp-json\/wp\/v2\/pages"}],"about":[{"href":"https:\/\/www.evoluscience.fr\/index.php\/wp-json\/wp\/v2\/types\/page"}],"author":[{"embeddable":true,"href":"https:\/\/www.evoluscience.fr\/index.php\/wp-json\/wp\/v2\/users\/1"}],"replies":[{"embeddable":true,"href":"https:\/\/www.evoluscience.fr\/index.php\/wp-json\/wp\/v2\/comments?post=3484"}],"version-history":[{"count":0,"href":"https:\/\/www.evoluscience.fr\/index.php\/wp-json\/wp\/v2\/pages\/3484\/revisions"}],"up":[{"embeddable":true,"href":"https:\/\/www.evoluscience.fr\/index.php\/wp-json\/wp\/v2\/pages\/3330"}],"wp:attachment":[{"href":"https:\/\/www.evoluscience.fr\/index.php\/wp-json\/wp\/v2\/media?parent=3484"}],"curies":[{"name":"wp","href":"https:\/\/api.w.org\/{rel}","templated":true}]}}