{"id":3426,"date":"2020-02-25T21:52:59","date_gmt":"2020-02-25T20:52:59","guid":{"rendered":"http:\/\/evoluscience.fr\/?page_id=3426"},"modified":"2020-04-22T16:45:47","modified_gmt":"2020-04-22T14:45:47","slug":"conclusion","status":"publish","type":"page","link":"https:\/\/www.evoluscience.fr\/index.php\/cycle-4\/cinquieme\/5e-la-planete-terre-lenvironnement-et-laction-humaine\/chapitre-2-le-climat-dans-le-systeme-solaire\/activite-1\/conclusion\/","title":{"rendered":"Conclusion"},"content":{"rendered":"<div id=\"modal-ready\">\n<div class=\"wp-block-themeisle-blocks-advanced-columns has-1-columns has-desktop-equal-layout has-tablet-equal-layout has-mobile-equal-layout has-default-gap has-vertical-unset\" id=\"wp-block-themeisle-blocks-advanced-columns-2a191195\"><div class=\"wp-block-themeisle-blocks-advanced-columns-overlay\"><\/div><div class=\"innerblocks-wrap\">\n<div class=\"wp-block-themeisle-blocks-advanced-column\" id=\"wp-block-themeisle-blocks-advanced-column-33f8d6e3\">\n<p class=\"has-text-color has-luminous-vivid-orange-color\">La <strong>m\u00e9t\u00e9orologie<\/strong>\ncorrespond \u00e0 l&rsquo;observation des conditions (temp\u00e9rature, vent, ensoleillement) m\u00e9t\u00e9o\nen un lieu donn\u00e9 et \u00e0 un instant pr\u00e9cis.<\/p>\n\n\n\n<p class=\"has-text-color has-luminous-vivid-orange-color\">Le <strong>climat<\/strong>\ncorrespond \u00e0 une moyenne sur 30 ans&nbsp; de\ndiff\u00e9rents param\u00e8tres m\u00e9t\u00e9orologiques tels que la temp\u00e9rature, la pluviom\u00e9trie,\nl&rsquo;ensoleillement, le vent&#8230;, en un lieu donn\u00e9.<\/p>\n\n\n\n<div style=\"height:100px\" aria-hidden=\"true\" class=\"wp-block-spacer\"><\/div>\n\n\n\n<p class=\"has-text-color has-drop-cap has-luminous-vivid-orange-color\">Un biome est un ensemble d&rsquo;\u00e9cosyst\u00e8mes\ncaract\u00e9ristique d&rsquo;une aire biog\u00e9ographique.<\/p>\n\n\n\n<p class=\"has-text-color has-vivid-red-color\">Le climat influence la r\u00e9partition de la faune et de\nla flore dans des biomes.<\/p>\n\n\n\n<div style=\"height:100px\" aria-hidden=\"true\" class=\"wp-block-spacer\"><\/div>\n\n\n\n<p class=\"has-text-color has-drop-cap has-vivid-red-color\">Le climat est soumis \u00e0 plusieurs param\u00e8tres&nbsp;:\nla sph\u00e9ricit\u00e9 de la Terre, l\u2019inclinaison de l\u2019axe de rotation de la Terre,\nl\u2019in\u00e9galit\u00e9 de la r\u00e9partition des rayonnements solaires, l\u2019effet de serre et\nles circulations atmosph\u00e9riques et oc\u00e9aniques.<\/p>\n\n\n\n<figure class=\"wp-block-image size-large\"><img loading=\"lazy\" decoding=\"async\" width=\"923\" height=\"676\" src=\"http:\/\/evoluscience.fr\/wp-content\/uploads\/2020\/02\/image-35.png\" alt=\"\" class=\"wp-image-3429\" srcset=\"https:\/\/www.evoluscience.fr\/wp-content\/uploads\/2020\/02\/image-35.png 923w, https:\/\/www.evoluscience.fr\/wp-content\/uploads\/2020\/02\/image-35-300x220.png 300w, https:\/\/www.evoluscience.fr\/wp-content\/uploads\/2020\/02\/image-35-768x562.png 768w, https:\/\/www.evoluscience.fr\/wp-content\/uploads\/2020\/02\/image-35-520x381.png 520w, https:\/\/www.evoluscience.fr\/wp-content\/uploads\/2020\/02\/image-35-740x542.png 740w\" sizes=\"auto, (max-width: 923px) 100vw, 923px\" \/><\/figure>\n\n\n\n<div style=\"height:100px\" aria-hidden=\"true\" class=\"wp-block-spacer\"><\/div>\n<\/div>\n<\/div><\/div>\n<\/div>","protected":false},"excerpt":{"rendered":"","protected":false},"author":1,"featured_media":0,"parent":3418,"menu_order":2,"comment_status":"closed","ping_status":"closed","template":"","meta":{"om_disable_all_campaigns":false,"_monsterinsights_skip_tracking":false,"_monsterinsights_sitenote_active":false,"_monsterinsights_sitenote_note":"","_monsterinsights_sitenote_category":0,"_themeisle_gutenberg_block_has_review":false,"footnotes":""},"c2tw_page_folder":[],"class_list":["post-3426","page","type-page","status-publish","hentry"],"aioseo_notices":[],"_links":{"self":[{"href":"https:\/\/www.evoluscience.fr\/index.php\/wp-json\/wp\/v2\/pages\/3426","targetHints":{"allow":["GET"]}}],"collection":[{"href":"https:\/\/www.evoluscience.fr\/index.php\/wp-json\/wp\/v2\/pages"}],"about":[{"href":"https:\/\/www.evoluscience.fr\/index.php\/wp-json\/wp\/v2\/types\/page"}],"author":[{"embeddable":true,"href":"https:\/\/www.evoluscience.fr\/index.php\/wp-json\/wp\/v2\/users\/1"}],"replies":[{"embeddable":true,"href":"https:\/\/www.evoluscience.fr\/index.php\/wp-json\/wp\/v2\/comments?post=3426"}],"version-history":[{"count":0,"href":"https:\/\/www.evoluscience.fr\/index.php\/wp-json\/wp\/v2\/pages\/3426\/revisions"}],"up":[{"embeddable":true,"href":"https:\/\/www.evoluscience.fr\/index.php\/wp-json\/wp\/v2\/pages\/3418"}],"wp:attachment":[{"href":"https:\/\/www.evoluscience.fr\/index.php\/wp-json\/wp\/v2\/media?parent=3426"}],"wp:term":[{"taxonomy":"c2tw_page_folder","embeddable":true,"href":"https:\/\/www.evoluscience.fr\/index.php\/wp-json\/wp\/v2\/c2tw_page_folder?post=3426"}],"curies":[{"name":"wp","href":"https:\/\/api.w.org\/{rel}","templated":true}]}}