{"id":3414,"date":"2020-02-25T21:30:20","date_gmt":"2020-02-25T20:30:20","guid":{"rendered":"http:\/\/evoluscience.fr\/?page_id=3414"},"modified":"2021-03-20T19:26:57","modified_gmt":"2021-03-20T18:26:57","slug":"chapitre-2-le-climat-dans-le-systeme-solaire","status":"publish","type":"page","link":"https:\/\/www.evoluscience.fr\/index.php\/cycle-4\/cinquieme\/5e-la-planete-terre-lenvironnement-et-laction-humaine\/chapitre-2-le-climat-dans-le-systeme-solaire\/","title":{"rendered":"Chapitre 3 &#8211; Le climat dans le syst\u00e8me solaire"},"content":{"rendered":"\n<div class=\"wp-block-themeisle-blocks-advanced-columns has-1-columns has-desktop-equal-layout has-tablet-equal-layout has-mobile-equal-layout has-default-gap has-vertical-unset\" id=\"wp-block-themeisle-blocks-advanced-columns-07cdca59\"><div class=\"wp-block-themeisle-blocks-advanced-columns-overlay\"><\/div><div class=\"innerblocks-wrap\">\n<div class=\"wp-block-themeisle-blocks-advanced-column\" id=\"wp-block-themeisle-blocks-advanced-column-c318b59b\">\n<p class=\"has-drop-cap\"><em>La Terre est une plan\u00e8te\nsp\u00e9cifique du syst\u00e8me solaire notamment gr\u00e2ce \u00e0 la pr\u00e9sence d\u2019eau permettant l\u2019apparition\nde la vie. Sa situation vis-\u00e0-vis du Soleil entra\u00eene un fonctionnement\np\u00e9riodique. <\/em><\/p>\n\n\n\n<p><em>N\u00e9anmoins, la Terre n\u2019est pas\nhomog\u00e8ne \u00e0 sa surface. Nicolas et No\u00e9mie entendent beaucoup parler du fait que\nle climat change. Ils ne comprennent pas tout \u00e0 fait ce qu\u2019est qu\u2019un climat et\ns\u2019il y en a un sur les autres plan\u00e8tes.<\/em><\/p>\n\n\n\n<div style=\"height:53px\" aria-hidden=\"true\" class=\"wp-block-spacer\"><\/div>\n\n\n\n<p class=\"has-vivid-green-cyan-color has-text-color\">Comment les diff\u00e9rents climats des plan\u00e8tes sont-ils cr\u00e9\u00e9s&nbsp;?<\/p>\n\n\n\n<div style=\"height:100px\" aria-hidden=\"true\" class=\"wp-block-spacer\"><\/div>\n\n\n\n<p><a href=\"http:\/\/evoluscience.fr\/index.php\/cycle-4\/cinquieme\/5e-la-planete-terre-lenvironnement-et-laction-humaine\/chapitre-2-le-climat-dans-le-systeme-solaire\/activite-1\/\">Activit\u00e9 1 &#8211; Quelles sont les diff\u00e9rences entre climat et m\u00e9t\u00e9o&nbsp;? Comment les climats sont-ils mis en place&nbsp;?<\/a><\/p>\n\n\n\n<p><a href=\"http:\/\/evoluscience.fr\/index.php\/cycle-4\/cinquieme\/5e-la-planete-terre-lenvironnement-et-laction-humaine\/chapitre-2-le-climat-dans-le-systeme-solaire\/activite-2\/\">Activit\u00e9 2 &#8211; Comment l\u2019effet de serre influence-t-il le climat sur Terre&nbsp;?<\/a><\/p>\n<\/div>\n<\/div><\/div>\n","protected":false},"excerpt":{"rendered":"","protected":false},"author":1,"featured_media":0,"parent":3330,"menu_order":4,"comment_status":"closed","ping_status":"closed","template":"","meta":{"_monsterinsights_skip_tracking":false,"_monsterinsights_sitenote_active":false,"_monsterinsights_sitenote_note":"","_monsterinsights_sitenote_category":0,"_themeisle_gutenberg_block_has_review":false,"footnotes":""},"class_list":["post-3414","page","type-page","status-publish","hentry"],"_links":{"self":[{"href":"https:\/\/www.evoluscience.fr\/index.php\/wp-json\/wp\/v2\/pages\/3414","targetHints":{"allow":["GET"]}}],"collection":[{"href":"https:\/\/www.evoluscience.fr\/index.php\/wp-json\/wp\/v2\/pages"}],"about":[{"href":"https:\/\/www.evoluscience.fr\/index.php\/wp-json\/wp\/v2\/types\/page"}],"author":[{"embeddable":true,"href":"https:\/\/www.evoluscience.fr\/index.php\/wp-json\/wp\/v2\/users\/1"}],"replies":[{"embeddable":true,"href":"https:\/\/www.evoluscience.fr\/index.php\/wp-json\/wp\/v2\/comments?post=3414"}],"version-history":[{"count":0,"href":"https:\/\/www.evoluscience.fr\/index.php\/wp-json\/wp\/v2\/pages\/3414\/revisions"}],"up":[{"embeddable":true,"href":"https:\/\/www.evoluscience.fr\/index.php\/wp-json\/wp\/v2\/pages\/3330"}],"wp:attachment":[{"href":"https:\/\/www.evoluscience.fr\/index.php\/wp-json\/wp\/v2\/media?parent=3414"}],"curies":[{"name":"wp","href":"https:\/\/api.w.org\/{rel}","templated":true}]}}