{"id":3371,"date":"2020-02-25T15:51:41","date_gmt":"2020-02-25T14:51:41","guid":{"rendered":"http:\/\/evoluscience.fr\/?page_id=3371"},"modified":"2020-02-25T15:57:24","modified_gmt":"2020-02-25T14:57:24","slug":"capsule","status":"publish","type":"page","link":"https:\/\/www.evoluscience.fr\/index.php\/cycle-4\/cinquieme\/5e-la-planete-terre-lenvironnement-et-laction-humaine\/chapitre-1-les-specificites-de-la-terre-au-coeur-du-systeme-solaire\/activite-2\/capsule\/","title":{"rendered":"Capsule"},"content":{"rendered":"<div id=\"modal-ready\">\n<div class=\"wp-block-themeisle-blocks-advanced-columns has-1-columns has-desktop-equal-layout has-tablet-equal-layout has-mobile-equal-layout has-default-gap has-vertical-unset\" id=\"wp-block-themeisle-blocks-advanced-columns-17e1e13b\" style=\"border-width:0px;border-style:solid;border-color:#000000;border-radius:0px;justify-content:unset\"><div class=\"wp-themeisle-block-overlay\" style=\"opacity:0.5;mix-blend-mode:normal\"><\/div><div class=\"innerblocks-wrap\">\n<div class=\"wp-block-themeisle-blocks-advanced-column\" id=\"wp-block-themeisle-blocks-advanced-column-dafd076a\" style=\"border-width:0px;border-style:solid;border-color:#000000;border-radius:0px\">\n<p><strong><em>A partir de la\nvid\u00e9o, r\u00e9pondre aux questions pour comprendre comment est apparue la vie.<\/em><\/strong><\/p>\n\n\n\n<figure class=\"wp-block-embed-youtube wp-block-embed is-type-video is-provider-youtube wp-embed-aspect-4-3 wp-has-aspect-ratio\"><div class=\"wp-block-embed__wrapper\">\n<iframe loading=\"lazy\" title=\"Voyage aux origines de la Terre 2 L apparition de la vie sur Terre\" width=\"1170\" height=\"878\" src=\"https:\/\/www.youtube.com\/embed\/SFibjngYyEg?feature=oembed\" frameborder=\"0\" allow=\"accelerometer; autoplay; clipboard-write; encrypted-media; gyroscope; picture-in-picture\" allowfullscreen><\/iframe>\n<\/div><\/figure>\n\n\n\n<p>Vers 3,9Ga (milliards d\u2019ann\u00e9es), une pluie de m\u00e9t\u00e9orites est tomb\u00e9e sur\nTerre. Ces m\u00e9t\u00e9orites contenaient des mol\u00e9cules d\u2019eau. Ce bombardement d\u2019une\ndur\u00e9e de 20Ma (millions d\u2019ann\u00e9es) a permis la formation des oc\u00e9ans.<\/p>\n\n\n\n<p>La pr\u00e9sence d\u2019eau (issue des m\u00e9t\u00e9orites) est une \u00e9tape essentielle de\nl\u2019apparition de la vie.<\/p>\n\n\n\n<ol class=\"wp-block-list\"><li>Ecrire la phrase pr\u00e9c\u00e9dente.<\/li><\/ol>\n\n\n\n<div style=\"height:100px\" aria-hidden=\"true\" class=\"wp-block-spacer\"><\/div>\n\n\n\n<p><em>Pour les questions suivantes,\nveillez \u00e0 faire des phrases reprenant la question pour comprendre les r\u00e9ponses\nplus tard.<\/em><\/p>\n\n\n\n<ul class=\"wp-block-list\"><li>Quelles sont les deux raisons pour lesquelles la vie ne peut pas appara\u00eetre tout de suite&nbsp;?<\/li><\/ul>\n\n\n\n<ul class=\"wp-block-list\"><li>Que contiennent les m\u00e9t\u00e9orites de la seconde pluie&nbsp;?<\/li><\/ul>\n\n\n\n<ul class=\"wp-block-list\"><li>La vie est apparue au niveau d\u2019une \u00ab&nbsp;soupe primitive&nbsp;\u00bb. Quels en sont les ingr\u00e9dients permettant l\u2019apparition de la vie&nbsp;?<\/li><\/ul>\n\n\n\n<ul class=\"wp-block-list\"><li>Quelles sont les plus anciennes formes de vie sur Terre&nbsp;(il y a environ 3,8Ga)?<\/li><\/ul>\n\n\n\n<ul class=\"wp-block-list\"><li>A partir de -3,5Ga, que produisent les stromatolithes permettant le d\u00e9veloppement de la couche d\u2019ozone et le d\u00e9veloppement de la vie&nbsp;?<\/li><\/ul>\n<\/div>\n<\/div><\/div>\n<\/div>","protected":false},"excerpt":{"rendered":"","protected":false},"author":1,"featured_media":0,"parent":3353,"menu_order":3,"comment_status":"closed","ping_status":"closed","template":"","meta":{"om_disable_all_campaigns":false,"_monsterinsights_skip_tracking":false,"_monsterinsights_sitenote_active":false,"_monsterinsights_sitenote_note":"","_monsterinsights_sitenote_category":0,"_themeisle_gutenberg_block_has_review":false,"footnotes":""},"c2tw_page_folder":[],"class_list":["post-3371","page","type-page","status-publish","hentry"],"aioseo_notices":[],"_links":{"self":[{"href":"https:\/\/www.evoluscience.fr\/index.php\/wp-json\/wp\/v2\/pages\/3371","targetHints":{"allow":["GET"]}}],"collection":[{"href":"https:\/\/www.evoluscience.fr\/index.php\/wp-json\/wp\/v2\/pages"}],"about":[{"href":"https:\/\/www.evoluscience.fr\/index.php\/wp-json\/wp\/v2\/types\/page"}],"author":[{"embeddable":true,"href":"https:\/\/www.evoluscience.fr\/index.php\/wp-json\/wp\/v2\/users\/1"}],"replies":[{"embeddable":true,"href":"https:\/\/www.evoluscience.fr\/index.php\/wp-json\/wp\/v2\/comments?post=3371"}],"version-history":[{"count":0,"href":"https:\/\/www.evoluscience.fr\/index.php\/wp-json\/wp\/v2\/pages\/3371\/revisions"}],"up":[{"embeddable":true,"href":"https:\/\/www.evoluscience.fr\/index.php\/wp-json\/wp\/v2\/pages\/3353"}],"wp:attachment":[{"href":"https:\/\/www.evoluscience.fr\/index.php\/wp-json\/wp\/v2\/media?parent=3371"}],"wp:term":[{"taxonomy":"c2tw_page_folder","embeddable":true,"href":"https:\/\/www.evoluscience.fr\/index.php\/wp-json\/wp\/v2\/c2tw_page_folder?post=3371"}],"curies":[{"name":"wp","href":"https:\/\/api.w.org\/{rel}","templated":true}]}}