{"id":3353,"date":"2020-02-25T15:15:20","date_gmt":"2020-02-25T14:15:20","guid":{"rendered":"http:\/\/evoluscience.fr\/?page_id=3353"},"modified":"2021-03-20T21:50:24","modified_gmt":"2021-03-20T20:50:24","slug":"activite-2","status":"publish","type":"page","link":"https:\/\/www.evoluscience.fr\/index.php\/cycle-4\/cinquieme\/5e-la-planete-terre-lenvironnement-et-laction-humaine\/chapitre-1-les-specificites-de-la-terre-au-coeur-du-systeme-solaire\/activite-2\/","title":{"rendered":"(Ex-Activit\u00e9)"},"content":{"rendered":"<div id=\"modal-ready\">\n<div class=\"wp-block-themeisle-blocks-advanced-columns has-1-columns has-desktop-equal-layout has-tablet-equal-layout has-mobile-equal-layout has-default-gap has-vertical-unset\" id=\"wp-block-themeisle-blocks-advanced-columns-cfa441a2\"><div class=\"wp-block-themeisle-blocks-advanced-columns-overlay\"><\/div><div class=\"innerblocks-wrap\">\n<div class=\"wp-block-themeisle-blocks-advanced-column\" id=\"wp-block-themeisle-blocks-advanced-column-9538ce7b\">\n<p><\/p>\n\n\n\n<p class=\"has-text-align-center\"><iframe loading=\"lazy\" src=\"https:\/\/anchor.fm\/laure-emilie-verkest\/embed\/episodes\/5-PT-Chp1Act2-ec174q\/a-a1pmijg\" height=\"102px\" width=\"400px\" frameborder=\"0\" scrolling=\"no\"><\/iframe><\/p>\n\n\n\n<div style=\"height:100px\" aria-hidden=\"true\" class=\"wp-block-spacer\"><\/div>\n\n\n\n<p class=\"has-drop-cap\"><em>Nicolas a compris la comparaison entre la Terre et les autres plan\u00e8tes. Mais, il s\u2019int\u00e9resse maintenant au lien plus sp\u00e9cifique entre la Terre et le Soleil.<\/em><\/p>\n\n\n\n<p class=\"has-vivid-green-cyan-color has-text-color\">Comment fonctionne la Terre dans le syst\u00e8me solaire&nbsp;?<\/p>\n\n\n\n<div style=\"height:100px\" aria-hidden=\"true\" class=\"wp-block-spacer\"><\/div>\n\n\n\n<p class=\"has-background\" style=\"background-color:#ffebc0\">Activit\u00e9 2&nbsp;: A partir de diff\u00e9rents ateliers, expliquer le fonctionnement de la plan\u00e8te Terre&nbsp; dans le syst\u00e8me solaire sous forme d\u2019un texte ou d\u2019une bande dessin\u00e9e.<\/p>\n\n\n\n<div style=\"height:58px\" aria-hidden=\"true\" class=\"wp-block-spacer\"><\/div>\n\n\n\n<p><em>Comp\u00e9tence travaill\u00e9e&nbsp;:<\/em><\/p>\n\n\n\n<ul class=\"wp-block-list\"><li><em>Planifier le travail en groupe<\/em><\/li><\/ul>\n\n\n\n<div style=\"height:100px\" aria-hidden=\"true\" class=\"wp-block-spacer\"><\/div>\n\n\n\n<p><\/p>\n\n\n\n<p>Capsule : <a rel=\"noreferrer noopener\" aria-label=\"Vid\u00e9o concernant l'histoire des sciences&nbsp;: Position Terre-Soleil (s\u2019ouvre dans un nouvel onglet)\" href=\"https:\/\/www.reseau-canope.fr\/lesfondamentaux\/discipline\/sciences\/le-ciel-et-la-terre\/le-systeme-solaire\/copernic-et-galilee.html\" target=\"_blank\">Vid\u00e9o concernant l&rsquo;histoire des sciences&nbsp;: Position Terre-Soleil<\/a><\/p>\n\n\n\n<div style=\"height:100px\" aria-hidden=\"true\" class=\"wp-block-spacer\"><\/div>\n\n\n<a href=\"https:\/\/evoluscience.fr\/wp-content\/uploads\/2020\/02\/5-PT-Chp1Act2-Atelier-A.pdf\" class=\"pdfemb-viewer\" style=\"\" data-width=\"max\" data-height=\"max\" data-toolbar=\"top\" data-toolbar-fixed=\"off\">5-PT-Chp1Act2-Atelier-A<\/a>\n<p class=\"wp-block-pdfemb-pdf-embedder-viewer\"><\/p>\n\n\n\n<p><a rel=\"noreferrer noopener\" aria-label=\"Vid\u00e9o concernant l'alternance jour et nuit (s\u2019ouvre dans un nouvel onglet)\" href=\"https:\/\/www.reseau-canope.fr\/lesfondamentaux\/discipline\/sciences\/le-ciel-et-la-terre\/la-rotation-de-laterre-  et-lalternance-jour-et-nuit\/laxe-de-rotation-de-la-terre.html\" target=\"_blank\">Vid\u00e9o concernant l&rsquo;alternance jour et nuit<\/a><\/p>\n\n\n\n<div style=\"height:100px\" aria-hidden=\"true\" class=\"wp-block-spacer\"><\/div>\n\n\n<a href=\"https:\/\/evoluscience.fr\/wp-content\/uploads\/2020\/02\/5-PT-Chp1Act2-Atelier-B.pdf\" class=\"pdfemb-viewer\" style=\"\" data-width=\"max\" data-height=\"max\" data-toolbar=\"top\" data-toolbar-fixed=\"off\">5-PT-Chp1Act2-Atelier-B<\/a>\n<p class=\"wp-block-pdfemb-pdf-embedder-viewer\"><\/p>\n\n\n\n<p><a rel=\"noreferrer noopener\" aria-label=\"Vid\u00e9o concernant la r\u00e9volution de la Terre (s\u2019ouvre dans un nouvel onglet)\" href=\"https:\/\/www.lumni.fr\/video\/la-revolution-de-la-terre-autour-du-soleil\" target=\"_blank\">Vid\u00e9o concernant la r\u00e9volution de la Terre<\/a><\/p>\n\n\n\n<p><a rel=\"noreferrer noopener\" aria-label=\"Vid\u00e9o concernant l'\u00e9quinoxe et le solstice  (s\u2019ouvre dans un nouvel onglet)\" href=\"https:\/\/www.lumni.fr\/video\/les-changements-de-saisons\" target=\"_blank\">Vid\u00e9o concernant l&rsquo;\u00e9quinoxe et le solstice <\/a><\/p>\n\n\n\n<div style=\"height:100px\" aria-hidden=\"true\" class=\"wp-block-spacer\"><\/div>\n\n\n<a href=\"https:\/\/evoluscience.fr\/wp-content\/uploads\/2020\/02\/5-PT-Chp1Act2-Atelier-C.pdf\" class=\"pdfemb-viewer\" style=\"\" data-width=\"max\" data-height=\"max\" data-toolbar=\"top\" data-toolbar-fixed=\"off\">5-PT-Chp1Act2-Atelier-C<\/a>\n<p class=\"wp-block-pdfemb-pdf-embedder-viewer\"><\/p>\n\n\n\n<p><a href=\"https:\/\/www.lumni.fr\/video\/pourquoi-y-a-t-il-quatre-saisons\" target=\"_blank\" rel=\"noreferrer noopener\" aria-label=\"Vid\u00e9o concernant les changements de saisons (s\u2019ouvre dans un nouvel onglet)\">Vid\u00e9o concernant les changements de saisons<\/a><\/p>\n\n\n\n<div style=\"height:100px\" aria-hidden=\"true\" class=\"wp-block-spacer\"><\/div>\n\n\n\n<div class=\"wp-block-image\"><figure class=\"aligncenter size-large is-resized\"><a href=\"http:\/\/evoluscience.fr\/index.php\/cycle-4\/cinquieme\/5e-la-planete-terre-lenvironnement-et-laction-humaine\/chapitre-1-les-specificites-de-la-terre-au-coeur-du-systeme-solaire\/activite-2\/conclusion\/\" target=\"_blank\" rel=\"noreferrer noopener\"><img loading=\"lazy\" decoding=\"async\" src=\"http:\/\/evoluscience.fr\/wp-content\/uploads\/2019\/09\/conclusion.png\" alt=\"\" class=\"wp-image-370\" width=\"318\" height=\"318\" srcset=\"https:\/\/www.evoluscience.fr\/wp-content\/uploads\/2019\/09\/conclusion.png 538w, https:\/\/www.evoluscience.fr\/wp-content\/uploads\/2019\/09\/conclusion-150x150.png 150w, https:\/\/www.evoluscience.fr\/wp-content\/uploads\/2019\/09\/conclusion-300x300.png 300w, https:\/\/www.evoluscience.fr\/wp-content\/uploads\/2019\/09\/conclusion-520x520.png 520w\" sizes=\"auto, (max-width: 318px) 100vw, 318px\" \/><\/a><\/figure><\/div>\n\n\n\n<div class=\"wp-block-image\"><figure class=\"aligncenter size-large is-resized\"><a href=\"http:\/\/evoluscience.fr\/index.php\/cycle-4\/cinquieme\/5e-la-planete-terre-lenvironnement-et-laction-humaine\/chapitre-1-les-specificites-de-la-terre-au-coeur-du-systeme-solaire\/activite-2\/capsule\/\" target=\"_blank\" rel=\"noreferrer noopener\"><img loading=\"lazy\" decoding=\"async\" src=\"http:\/\/evoluscience.fr\/wp-content\/uploads\/2019\/09\/capsule.png\" alt=\"\" class=\"wp-image-427\" width=\"304\" height=\"304\" srcset=\"https:\/\/www.evoluscience.fr\/wp-content\/uploads\/2019\/09\/capsule.png 538w, https:\/\/www.evoluscience.fr\/wp-content\/uploads\/2019\/09\/capsule-150x150.png 150w, https:\/\/www.evoluscience.fr\/wp-content\/uploads\/2019\/09\/capsule-300x300.png 300w, https:\/\/www.evoluscience.fr\/wp-content\/uploads\/2019\/09\/capsule-520x520.png 520w\" sizes=\"auto, (max-width: 304px) 100vw, 304px\" \/><\/a><\/figure><\/div>\n\n\n\n<div class=\"wp-block-image\"><figure class=\"aligncenter size-large is-resized\"><a href=\"http:\/\/evoluscience.fr\/index.php\/cycle-4\/cinquieme\/5e-la-planete-terre-lenvironnement-et-laction-humaine\/chapitre-1-les-specificites-de-la-terre-au-coeur-du-systeme-solaire\/activite-1\/bonus-2\/\" target=\"_blank\" rel=\"noreferrer noopener\"><img loading=\"lazy\" decoding=\"async\" src=\"http:\/\/evoluscience.fr\/wp-content\/uploads\/2019\/09\/bonus-1.png\" alt=\"\" class=\"wp-image-372\" width=\"287\" height=\"287\" srcset=\"https:\/\/www.evoluscience.fr\/wp-content\/uploads\/2019\/09\/bonus-1.png 538w, https:\/\/www.evoluscience.fr\/wp-content\/uploads\/2019\/09\/bonus-1-150x150.png 150w, https:\/\/www.evoluscience.fr\/wp-content\/uploads\/2019\/09\/bonus-1-300x300.png 300w, https:\/\/www.evoluscience.fr\/wp-content\/uploads\/2019\/09\/bonus-1-520x520.png 520w\" sizes=\"auto, (max-width: 287px) 100vw, 287px\" \/><\/a><\/figure><\/div>\n\n\n\n<div class=\"wp-block-image\"><figure class=\"aligncenter size-large is-resized\"><a href=\"http:\/\/evoluscience.fr\/wp-content\/uploads\/2020\/03\/5-PT-Chp1Act2-FC.pdf\" target=\"_blank\" rel=\"noreferrer noopener\"><img loading=\"lazy\" decoding=\"async\" src=\"http:\/\/evoluscience.fr\/wp-content\/uploads\/2020\/03\/pjiece_jointe-1.png\" alt=\"\" class=\"wp-image-4366\" width=\"345\" height=\"345\" srcset=\"https:\/\/www.evoluscience.fr\/wp-content\/uploads\/2020\/03\/pjiece_jointe-1.png 735w, https:\/\/www.evoluscience.fr\/wp-content\/uploads\/2020\/03\/pjiece_jointe-1-300x300.png 300w, https:\/\/www.evoluscience.fr\/wp-content\/uploads\/2020\/03\/pjiece_jointe-1-150x150.png 150w, https:\/\/www.evoluscience.fr\/wp-content\/uploads\/2020\/03\/pjiece_jointe-1-520x520.png 520w\" sizes=\"auto, (max-width: 345px) 100vw, 345px\" \/><\/a><\/figure><\/div>\n\n\n\n<div style=\"height:100px\" aria-hidden=\"true\" class=\"wp-block-spacer\"><\/div>\n<\/div>\n<\/div><\/div>\n<\/div>","protected":false},"excerpt":{"rendered":"","protected":false},"author":1,"featured_media":0,"parent":3335,"menu_order":7,"comment_status":"closed","ping_status":"closed","template":"","meta":{"om_disable_all_campaigns":false,"_monsterinsights_skip_tracking":false,"_monsterinsights_sitenote_active":false,"_monsterinsights_sitenote_note":"","_monsterinsights_sitenote_category":0,"_themeisle_gutenberg_block_has_review":false,"footnotes":""},"c2tw_page_folder":[],"class_list":["post-3353","page","type-page","status-publish","hentry"],"aioseo_notices":[],"_links":{"self":[{"href":"https:\/\/www.evoluscience.fr\/index.php\/wp-json\/wp\/v2\/pages\/3353","targetHints":{"allow":["GET"]}}],"collection":[{"href":"https:\/\/www.evoluscience.fr\/index.php\/wp-json\/wp\/v2\/pages"}],"about":[{"href":"https:\/\/www.evoluscience.fr\/index.php\/wp-json\/wp\/v2\/types\/page"}],"author":[{"embeddable":true,"href":"https:\/\/www.evoluscience.fr\/index.php\/wp-json\/wp\/v2\/users\/1"}],"replies":[{"embeddable":true,"href":"https:\/\/www.evoluscience.fr\/index.php\/wp-json\/wp\/v2\/comments?post=3353"}],"version-history":[{"count":0,"href":"https:\/\/www.evoluscience.fr\/index.php\/wp-json\/wp\/v2\/pages\/3353\/revisions"}],"up":[{"embeddable":true,"href":"https:\/\/www.evoluscience.fr\/index.php\/wp-json\/wp\/v2\/pages\/3335"}],"wp:attachment":[{"href":"https:\/\/www.evoluscience.fr\/index.php\/wp-json\/wp\/v2\/media?parent=3353"}],"wp:term":[{"taxonomy":"c2tw_page_folder","embeddable":true,"href":"https:\/\/www.evoluscience.fr\/index.php\/wp-json\/wp\/v2\/c2tw_page_folder?post=3353"}],"curies":[{"name":"wp","href":"https:\/\/api.w.org\/{rel}","templated":true}]}}