{"id":3330,"date":"2020-02-25T14:07:01","date_gmt":"2020-02-25T13:07:01","guid":{"rendered":"http:\/\/evoluscience.fr\/?page_id=3330"},"modified":"2026-03-23T18:53:55","modified_gmt":"2026-03-23T17:53:55","slug":"5e-la-planete-terre-lenvironnement-et-laction-humaine","status":"publish","type":"page","link":"https:\/\/www.evoluscience.fr\/index.php\/cycle-4\/cinquieme\/5e-la-planete-terre-lenvironnement-et-laction-humaine\/","title":{"rendered":"5e &#8211; La plan\u00e8te Terre, l&rsquo;environnement &#038; l&rsquo;action humaine"},"content":{"rendered":"\n<div id=\"wp-block-themeisle-blocks-advanced-columns-b4bed5d3\" class=\"wp-block-themeisle-blocks-advanced-columns has-1-columns has-desktop-equal-layout has-tablet-equal-layout has-mobile-equal-layout has-vertical-unset\"><div class=\"wp-block-themeisle-blocks-advanced-columns-overlay\"><\/div><div class=\"innerblocks-wrap\">\n<div id=\"wp-block-themeisle-blocks-advanced-column-995cd1ec\" class=\"wp-block-themeisle-blocks-advanced-column\">\n<div class=\"wp-block-media-text alignwide\" style=\"grid-template-columns:58% auto\"><figure class=\"wp-block-media-text__media\"><img loading=\"lazy\" decoding=\"async\" width=\"600\" height=\"600\" src=\"https:\/\/evoluscience.fr\/wp-content\/uploads\/2019\/09\/terre_vert.jpg\" alt=\"\" class=\"wp-image-253 size-full\" srcset=\"https:\/\/www.evoluscience.fr\/wp-content\/uploads\/2019\/09\/terre_vert.jpg 600w, https:\/\/www.evoluscience.fr\/wp-content\/uploads\/2019\/09\/terre_vert-150x150.jpg 150w, https:\/\/www.evoluscience.fr\/wp-content\/uploads\/2019\/09\/terre_vert-300x300.jpg 300w, https:\/\/www.evoluscience.fr\/wp-content\/uploads\/2019\/09\/terre_vert-520x520.jpg 520w\" sizes=\"auto, (max-width: 600px) 100vw, 600px\" \/><\/figure><div class=\"wp-block-media-text__content\">\n<p class=\"has-vivid-green-cyan-color has-text-color\" style=\"font-size:30px\"><strong>La plan\u00e8te Terre, l&rsquo;environnement et l&rsquo;action humaine<\/strong><\/p>\n<\/div><\/div>\n<\/div>\n<\/div><\/div>\n\n\n\n<div style=\"height:100px\" aria-hidden=\"true\" class=\"wp-block-spacer\"><\/div>\n\n\n\n<p class=\"has-drop-cap\"><em>No\u00e9mie et Nicolas sont\nimpressionn\u00e9s. Ils ne pensaient pas que la vie \u00e9tait aussi complexe&nbsp;!<\/em><\/p>\n\n\n\n<p><em>Ils s\u2019interrogent sur l\u2019influence\nde l\u2019environnement pr\u00e9sent sur la plan\u00e8te Terre sur la vie.<\/em><\/p>\n\n\n\n<p><em>Mais les scientifiques n\u2019ont\ntoujours pas trouv\u00e9 de traces de vie sur les autres plan\u00e8tes&nbsp;!<\/em><\/p>\n\n\n\n<div style=\"height:57px\" aria-hidden=\"true\" class=\"wp-block-spacer\"><\/div>\n\n\n\n<p class=\"has-vivid-green-cyan-color has-text-color\">Comment les caract\u00e9ristiques de la Terre ont-elles permis la vie et comment continuent-elles de l\u2019influencer&nbsp;?<\/p>\n\n\n\n<div style=\"height:100px\" aria-hidden=\"true\" class=\"wp-block-spacer\"><\/div>\n\n\n\n<p><a href=\"https:\/\/evoluscience.fr\/index.php\/cycle-4\/cinquieme\/5e-la-planete-terre-lenvironnement-et-laction-humaine\/chapitre-1-les-specificites-de-la-terre-au-coeur-du-systeme-solaire\/\">Chapitre 1 &#8211; les sp\u00e9cificit\u00e9s de la Terre au c\u0153ur du syst\u00e8me solaire<\/a><\/p>\n\n\n\n<p><a href=\"https:\/\/evoluscience.fr\/index.php\/cycle-4\/cinquieme\/5e-la-planete-terre-lenvironnement-et-laction-humaine\/chapitre-3-les-ressources-naturelles-regionales\/\">Chapitre 2 &#8211; Les ressources naturelles r\u00e9gionales<\/a><\/p>\n\n\n\n<p><a href=\"https:\/\/evoluscience.fr\/index.php\/cycle-4\/cinquieme\/5e-la-planete-terre-lenvironnement-et-laction-humaine\/chapitre-2-le-climat-dans-le-systeme-solaire\/\">Chapitre 3 &#8211; Le climat dans le syst\u00e8me solaire<\/a><\/p>\n\n\n\n<p><a href=\"https:\/\/evoluscience.fr\/index.php\/cycle-4\/cinquieme\/5e-la-planete-terre-lenvironnement-et-laction-humaine\/chapitre-4-les-indices-de-lactivite-interne-de-la-terre\/\">Chapitre 4 &#8211; Les indices de l&rsquo;activit\u00e9 interne de la Terre<\/a><\/p>\n\n\n\n<div style=\"height:100px\" aria-hidden=\"true\" class=\"wp-block-spacer\"><\/div>\n\n\n\n<p>Acc\u00e8s aux cours de SVT<\/p>\n","protected":false},"excerpt":{"rendered":"<p>No\u00e9mie et Nicolas sont impressionn\u00e9s. Ils ne pensaient pas que la vie \u00e9tait aussi complexe&nbsp;! Ils s\u2019interrogent sur l\u2019influence de l\u2019environnement pr\u00e9sent sur la plan\u00e8te Terre sur la vie. Mais les scientifiques n\u2019ont toujours pas<a class=\"read-more\" href=\"https:\/\/www.evoluscience.fr\/index.php\/cycle-4\/cinquieme\/5e-la-planete-terre-lenvironnement-et-laction-humaine\/\">Continue reading<\/a><\/p>\n","protected":false},"author":1,"featured_media":0,"parent":1333,"menu_order":5,"comment_status":"closed","ping_status":"closed","template":"","meta":{"_monsterinsights_skip_tracking":false,"_monsterinsights_sitenote_active":false,"_monsterinsights_sitenote_note":"","_monsterinsights_sitenote_category":0,"_themeisle_gutenberg_block_has_review":false,"footnotes":""},"class_list":["post-3330","page","type-page","status-publish","hentry"],"_links":{"self":[{"href":"https:\/\/www.evoluscience.fr\/index.php\/wp-json\/wp\/v2\/pages\/3330","targetHints":{"allow":["GET"]}}],"collection":[{"href":"https:\/\/www.evoluscience.fr\/index.php\/wp-json\/wp\/v2\/pages"}],"about":[{"href":"https:\/\/www.evoluscience.fr\/index.php\/wp-json\/wp\/v2\/types\/page"}],"author":[{"embeddable":true,"href":"https:\/\/www.evoluscience.fr\/index.php\/wp-json\/wp\/v2\/users\/1"}],"replies":[{"embeddable":true,"href":"https:\/\/www.evoluscience.fr\/index.php\/wp-json\/wp\/v2\/comments?post=3330"}],"version-history":[{"count":0,"href":"https:\/\/www.evoluscience.fr\/index.php\/wp-json\/wp\/v2\/pages\/3330\/revisions"}],"up":[{"embeddable":true,"href":"https:\/\/www.evoluscience.fr\/index.php\/wp-json\/wp\/v2\/pages\/1333"}],"wp:attachment":[{"href":"https:\/\/www.evoluscience.fr\/index.php\/wp-json\/wp\/v2\/media?parent=3330"}],"curies":[{"name":"wp","href":"https:\/\/api.w.org\/{rel}","templated":true}]}}