{"id":3308,"date":"2020-02-24T18:52:38","date_gmt":"2020-02-24T17:52:38","guid":{"rendered":"http:\/\/evoluscience.fr\/?page_id=3308"},"modified":"2025-02-07T20:53:44","modified_gmt":"2025-02-07T19:53:44","slug":"capsules","status":"publish","type":"page","link":"https:\/\/www.evoluscience.fr\/index.php\/cycle-4\/cinquieme\/5e-le-vivant\/chapitre-4-caracteristiques-de-la-diversite-des-etres-vivants\/activite-1\/capsules\/","title":{"rendered":"Capsules"},"content":{"rendered":"\n<div id=\"wp-block-themeisle-blocks-advanced-columns-ce016427\" class=\"wp-block-themeisle-blocks-advanced-columns has-1-columns has-desktop-equal-layout has-tablet-equal-layout has-mobile-equal-layout has-vertical-unset\"><div class=\"wp-block-themeisle-blocks-advanced-columns-overlay\"><\/div><div class=\"innerblocks-wrap\">\n<div id=\"wp-block-themeisle-blocks-advanced-column-defe7230\" class=\"wp-block-themeisle-blocks-advanced-column\">\n<p>Capsule&nbsp;1: Sch\u00e9matiser ou imprimer la succession des\nplan\u00e8tes du syst\u00e8me solaire par rapport au Soleil.<\/p>\n\n\n\n<p>Pour dans trois s\u00e9ances.<\/p>\n\n\n\n<div style=\"height:48px\" aria-hidden=\"true\" class=\"wp-block-spacer\"><\/div>\n\n\n\n<p class=\"has-text-align-center\"><\/p>\n\n\n\n<p class=\"has-text-align-center\">+<\/p>\n\n\n\n<div style=\"height:46px\" aria-hidden=\"true\" class=\"wp-block-spacer\"><\/div>\n\n\n\n<p>Capsule 2 : A partir de recherches documentaires, r\u00e9aliser une carte d\u2019identit\u00e9 de la Terre comportant les informations&nbsp;: composition de la plan\u00e8te, composition de l\u2019atmosph\u00e8re, placement dans le syst\u00e8me solaire, diam\u00e8tre, satellite et temp\u00e9rature de l\u2019atmosph\u00e8re.<\/p>\n\n\n\n<div style=\"height:76px\" aria-hidden=\"true\" class=\"wp-block-spacer\"><\/div>\n\n\n\n<p>+<\/p>\n\n\n\n<p><\/p>\n\n\n\n<p><\/p>\n\n\n\n<div style=\"height:55px\" aria-hidden=\"true\" class=\"wp-block-spacer\"><\/div>\n\n\n\n<p>Capsule&nbsp;3: A partir de recherches documentaires, r\u00e9aliser un expos\u00e9 pour pr\u00e9senter l\u2019exploitation des ressources naturelles par l\u2019Homme et ses enjeux pour l\u2019Homme et pour la plan\u00e8te. Vous serez par groupe de trois.<\/p>\n\n\n\n<p>Bien utiliser les crit\u00e8res\nd\u2019\u00e9valuation pour pr\u00e9parer votre sujet.<\/p>\n\n\n\n<p class=\"has-text-align-center\"><iframe loading=\"lazy\" src=\"https:\/\/anchor.fm\/laure-emilie-verkest\/embed\/episodes\/Conseils-concernant-les-exposs-5e-ebltjb\/a-a1nd8rg\" height=\"102px\" width=\"400px\" frameborder=\"0\" scrolling=\"no\"><\/iframe><\/p>\n\n\n\n<div style=\"height:59px\" aria-hidden=\"true\" class=\"wp-block-spacer\"><\/div>\n\n\n\n<p><\/p>\n\n\n\n<p>L\u2019expos\u00e9 sera \u00e0 r\u00e9aliser pour la s\u00e9ance de l\u2019activit\u00e9 du Chapitre 3 de la Partie Terre<\/p>\n\n\n\n<p>Groupes \u00e0 d\u00e9terminer directement en classe.<\/p>\n\n\n\n<p><a href=\"https:\/\/evoluscience.fr\/index.php\/methodologie\/fiches-methodologiques\/realiser-un-expose\/\" target=\"_blank\" rel=\"noreferrer noopener\">Fiche m\u00e9thodologique pour la r\u00e9alisation d\u2019un expos\u00e9 ou d\u2019une vid\u00e9o contenant une vid\u00e9o expliquant l\u2019aide apport\u00e9e par l\u2019application Keynote<\/a><\/p>\n\n\n\n<p>Pour dans&nbsp;<strong>5<\/strong>&nbsp;s\u00e9ances<\/p>\n\n\n\n<div class=\"_df_book df-lite\" id=\"df_10897\"  _slug=\"5-pt-chp2-grille-expose-distanciation-covid\" data-title=\"5-pt-chp2-grille-expose-distanciation-covid\" wpoptions=\"true\" thumbtype=\"\" ><\/div><script class=\"df-shortcode-script\" nowprocket type=\"application\/javascript\">window.option_df_10897 = {\"outline\":[],\"autoEnableOutline\":\"false\",\"autoEnableThumbnail\":\"false\",\"overwritePDFOutline\":\"false\",\"enableDownload\":\"false\",\"direction\":\"1\",\"pageSize\":\"0\",\"autoPlay\":\"false\",\"source\":\"https:\\\/\\\/www.evoluscience.fr\\\/wp-content\\\/uploads\\\/2023\\\/02\\\/5-PT-Chp2-Grille-expose-distanciation-COVID.pdf\",\"wpOptions\":\"true\"}; if(window.DFLIP && window.DFLIP.parseBooks){window.DFLIP.parseBooks();}<\/script>\n<\/div>\n<\/div><\/div>\n","protected":false},"excerpt":{"rendered":"","protected":false},"author":1,"featured_media":0,"parent":1557,"menu_order":2,"comment_status":"closed","ping_status":"closed","template":"","meta":{"_monsterinsights_skip_tracking":false,"_monsterinsights_sitenote_active":false,"_monsterinsights_sitenote_note":"","_monsterinsights_sitenote_category":0,"_themeisle_gutenberg_block_has_review":false,"footnotes":""},"class_list":["post-3308","page","type-page","status-publish","hentry"],"_links":{"self":[{"href":"https:\/\/www.evoluscience.fr\/index.php\/wp-json\/wp\/v2\/pages\/3308","targetHints":{"allow":["GET"]}}],"collection":[{"href":"https:\/\/www.evoluscience.fr\/index.php\/wp-json\/wp\/v2\/pages"}],"about":[{"href":"https:\/\/www.evoluscience.fr\/index.php\/wp-json\/wp\/v2\/types\/page"}],"author":[{"embeddable":true,"href":"https:\/\/www.evoluscience.fr\/index.php\/wp-json\/wp\/v2\/users\/1"}],"replies":[{"embeddable":true,"href":"https:\/\/www.evoluscience.fr\/index.php\/wp-json\/wp\/v2\/comments?post=3308"}],"version-history":[{"count":0,"href":"https:\/\/www.evoluscience.fr\/index.php\/wp-json\/wp\/v2\/pages\/3308\/revisions"}],"up":[{"embeddable":true,"href":"https:\/\/www.evoluscience.fr\/index.php\/wp-json\/wp\/v2\/pages\/1557"}],"wp:attachment":[{"href":"https:\/\/www.evoluscience.fr\/index.php\/wp-json\/wp\/v2\/media?parent=3308"}],"curies":[{"name":"wp","href":"https:\/\/api.w.org\/{rel}","templated":true}]}}