{"id":3305,"date":"2020-02-24T18:43:01","date_gmt":"2020-02-24T17:43:01","guid":{"rendered":"http:\/\/evoluscience.fr\/?page_id=3305"},"modified":"2025-03-25T12:57:16","modified_gmt":"2025-03-25T11:57:16","slug":"capsule-2","status":"publish","type":"page","link":"https:\/\/www.evoluscience.fr\/index.php\/cycle-4\/cinquieme\/5e-le-vivant\/chapitre-3-lelimination-des-dechets\/capsule-2\/","title":{"rendered":"Capsule"},"content":{"rendered":"<div id=\"modal-ready\">\n<div id=\"wp-block-themeisle-blocks-advanced-columns-0032f9e7\" class=\"wp-block-themeisle-blocks-advanced-columns has-1-columns has-desktop-equal-layout has-tablet-equal-layout has-mobile-equal-layout has-vertical-unset\"><div class=\"wp-block-themeisle-blocks-advanced-columns-overlay\"><\/div><div class=\"innerblocks-wrap\">\n<div id=\"wp-block-themeisle-blocks-advanced-column-2d9efb38\" class=\"wp-block-themeisle-blocks-advanced-column\">\n<p>A partir de recherches documentaires, r\u00e9aliser un expos\u00e9 pour pr\u00e9senter l\u2019exploitation des ressources naturelles par l\u2019Homme et ses enjeux pour l\u2019Homme et pour la plan\u00e8te. Vous serez par groupe de trois.<\/p>\n\n\n\n<p>Bien utiliser les crit\u00e8res d\u2019\u00e9valuation pour pr\u00e9parer votre sujet.<\/p>\n\n\n\n<p>L\u2019expos\u00e9 sera \u00e0 r\u00e9aliser pour la s\u00e9ance de l\u2019activit\u00e9 1 du Chapitre 3 de la Partie Terre<\/p>\n\n\n\n<div style=\"height:100px\" aria-hidden=\"true\" class=\"wp-block-spacer\"><\/div>\n\n\n\n<p>Groupes \u00e0 d\u00e9terminer directement en classe.<\/p>\n\n\n\n<p><a href=\"https:\/\/evoluscience.fr\/index.php\/methodologie\/fiches-methodologiques\/realiser-un-expose\/\" target=\"_blank\" rel=\"noreferrer noopener\">Fiche m\u00e9thodologique pour la r\u00e9alisation d\u2019un expos\u00e9 ou d\u2019une vid\u00e9o contenant une vid\u00e9o expliquant l\u2019aide apport\u00e9e par l\u2019application Keynote<\/a><\/p>\n\n\n\n<p>Pour dans <strong>6<\/strong> s\u00e9ances<\/p>\n\n\n\n<div class=\"_df_book df-lite\" id=\"df_11666\"  _slug=\"5-pt-chp2-grille-expose-distanciation-covid-2\" data-title=\"5-pt-chp2-grille-expose-distanciation-covid\" wpoptions=\"true\" thumbtype=\"\" ><\/div><script class=\"df-shortcode-script\" nowprocket type=\"application\/javascript\">window.option_df_11666 = {\"outline\":[],\"autoEnableOutline\":\"false\",\"autoEnableThumbnail\":\"false\",\"overwritePDFOutline\":\"false\",\"enableDownload\":\"false\",\"direction\":\"1\",\"pageSize\":\"0\",\"soundEnable\":\"false\",\"autoPlay\":\"false\",\"source\":\"https:\\\/\\\/www.evoluscience.fr\\\/wp-content\\\/uploads\\\/2023\\\/02\\\/5-PT-Chp2-Grille-expose-distanciation-COVID.pdf\",\"wpOptions\":\"true\"}; if(window.DFLIP && window.DFLIP.parseBooks){window.DFLIP.parseBooks();}<\/script>\n\n\n\n<p><\/p>\n<\/div>\n<\/div><\/div>\n\n\n\n<p><\/p>\n<\/div>","protected":false},"excerpt":{"rendered":"","protected":false},"author":1,"featured_media":0,"parent":1540,"menu_order":2,"comment_status":"closed","ping_status":"closed","template":"","meta":{"om_disable_all_campaigns":false,"_monsterinsights_skip_tracking":false,"_monsterinsights_sitenote_active":false,"_monsterinsights_sitenote_note":"","_monsterinsights_sitenote_category":0,"_themeisle_gutenberg_block_has_review":false,"footnotes":""},"c2tw_page_folder":[],"class_list":["post-3305","page","type-page","status-publish","hentry"],"aioseo_notices":[],"_links":{"self":[{"href":"https:\/\/www.evoluscience.fr\/index.php\/wp-json\/wp\/v2\/pages\/3305","targetHints":{"allow":["GET"]}}],"collection":[{"href":"https:\/\/www.evoluscience.fr\/index.php\/wp-json\/wp\/v2\/pages"}],"about":[{"href":"https:\/\/www.evoluscience.fr\/index.php\/wp-json\/wp\/v2\/types\/page"}],"author":[{"embeddable":true,"href":"https:\/\/www.evoluscience.fr\/index.php\/wp-json\/wp\/v2\/users\/1"}],"replies":[{"embeddable":true,"href":"https:\/\/www.evoluscience.fr\/index.php\/wp-json\/wp\/v2\/comments?post=3305"}],"version-history":[{"count":0,"href":"https:\/\/www.evoluscience.fr\/index.php\/wp-json\/wp\/v2\/pages\/3305\/revisions"}],"up":[{"embeddable":true,"href":"https:\/\/www.evoluscience.fr\/index.php\/wp-json\/wp\/v2\/pages\/1540"}],"wp:attachment":[{"href":"https:\/\/www.evoluscience.fr\/index.php\/wp-json\/wp\/v2\/media?parent=3305"}],"wp:term":[{"taxonomy":"c2tw_page_folder","embeddable":true,"href":"https:\/\/www.evoluscience.fr\/index.php\/wp-json\/wp\/v2\/c2tw_page_folder?post=3305"}],"curies":[{"name":"wp","href":"https:\/\/api.w.org\/{rel}","templated":true}]}}