{"id":288,"date":"2019-09-15T16:54:00","date_gmt":"2019-09-15T14:54:00","guid":{"rendered":"http:\/\/evoluscience.fr\/?page_id=288"},"modified":"2026-03-23T19:02:03","modified_gmt":"2026-03-23T18:02:03","slug":"test","status":"publish","type":"page","link":"https:\/\/www.evoluscience.fr\/","title":{"rendered":"Accueil"},"content":{"rendered":"\n<script src=\"https:\/\/cdn.onesignal.com\/sdks\/OneSignalSDK.js\" async=\"\"><\/script>\n<script>\n  var OneSignal = window.OneSignal || [];\n  OneSignal.push(function() {\n    OneSignal.init({\n      appId: \"399a5660-bb2c-4051-a129-0643a6c86fe9\",\n    });\n  });\n<\/script>\n\n\n\n<p><\/p>\n\n\n<p><img loading=\"lazy\" decoding=\"async\" class=\"wp-image-418 aligncenter\" src=\"https:\/\/evoluscience.fr\/wp-content\/uploads\/2019\/09\/banniere-1024x285.jpg\" alt=\"\" width=\"638\" height=\"177\" srcset=\"https:\/\/www.evoluscience.fr\/wp-content\/uploads\/2019\/09\/banniere-1024x285.jpg 1024w, https:\/\/www.evoluscience.fr\/wp-content\/uploads\/2019\/09\/banniere-300x84.jpg 300w, https:\/\/www.evoluscience.fr\/wp-content\/uploads\/2019\/09\/banniere-768x214.jpg 768w, https:\/\/www.evoluscience.fr\/wp-content\/uploads\/2019\/09\/banniere-520x145.jpg 520w, https:\/\/www.evoluscience.fr\/wp-content\/uploads\/2019\/09\/banniere-740x206.jpg 740w, https:\/\/www.evoluscience.fr\/wp-content\/uploads\/2019\/09\/banniere.jpg 1672w\" sizes=\"auto, (max-width: 638px) 100vw, 638px\" \/><\/p>\n\n\n<div style=\"height:43px\" aria-hidden=\"true\" class=\"wp-block-spacer\"><\/div>\n\n\n\n<p class=\"has-text-align-center\">Bienvenue sur Evoluscience!<\/p>\n\n\n\n<div style=\"height:41px\" aria-hidden=\"true\" class=\"wp-block-spacer\"><\/div>\n\n\n\n<p class=\"has-text-align-center\">Ce site internet est un support et une aide en ligne pour mes \u00e9l\u00e8ves.<\/p>\n\n\n\n<p class=\"has-text-align-center\">Bien s\u00fbr, il est aussi \u00e0 votre disposition !<\/p>\n\n\n\n<p class=\"has-text-align-center\"><\/p>\n\n\n\n<div style=\"height:100px\" aria-hidden=\"true\" class=\"wp-block-spacer\"><\/div>\n\n\n\n<p class=\"has-text-align-center\">Je mets ici les cours de Sciences de la Vie et de la Terre de coll\u00e8ge (documents, conclusions, devoirs, capsules) ainsi que des outils et des aides m\u00e9thodologiques vus en classe.<\/p>\n\n\n\n<p class=\"has-text-align-center\">Pour chaque chapitre \u00e9tudi\u00e9, des quiz correspondant aux cours de SVT sont \u00e0 disposition dans la partie Jeux.<\/p>\n\n\n\n<div style=\"height:99px\" aria-hidden=\"true\" class=\"wp-block-spacer\"><\/div>\n\n\n\n<p class=\"has-text-align-center\">L&rsquo;objectif est de pouvoir aider au maximum \u00e0 d\u00e9couvrir des nouvelles connaissances et comp\u00e9tences de Sciences de la Vie et de la Terre (SVT), avec plaisir. <\/p>\n\n\n\n<div style=\"height:55px\" aria-hidden=\"true\" class=\"wp-block-spacer\"><\/div>\n\n\n\n<p class=\"has-text-align-center\">Il sera compl\u00e9t\u00e9 par d&rsquo;autres articles. <\/p>\n\n\n\n<div style=\"height:100px\" aria-hidden=\"true\" class=\"wp-block-spacer\"><\/div>\n\n\n\n<p class=\"has-text-align-center\">N&rsquo;h\u00e9sitez pas \u00e0 circuler dans le site.  <\/p>\n\n\n\n<p class=\"has-text-align-center\">De petites explications sur le fonctionnement du cours :<\/p>\n\n\n\n<figure class=\"wp-block-embed is-type-wp-embed is-provider-contenu-embarqu wp-block-embed-contenu-embarqu\"><div class=\"wp-block-embed__wrapper\">\n<blockquote class=\"wp-embedded-content\" data-secret=\"pozqLzjGFV\"><a href=\"https:\/\/www.evoluscience.fr\/index.php\/methodologie\/\">M\u00e9thodologie<\/a><\/blockquote><iframe loading=\"lazy\" class=\"wp-embedded-content\" sandbox=\"allow-scripts\" security=\"restricted\" style=\"position: absolute; visibility: hidden;\" title=\"\u00ab\u00a0M\u00e9thodologie\u00a0\u00bb &#8212; \" src=\"https:\/\/www.evoluscience.fr\/index.php\/methodologie\/embed\/#?secret=gnjF2Emh0t#?secret=pozqLzjGFV\" data-secret=\"pozqLzjGFV\" width=\"600\" height=\"338\" frameborder=\"0\" marginwidth=\"0\" marginheight=\"0\" scrolling=\"no\"><\/iframe>\n<\/div><\/figure>\n\n\n\n<div style=\"height:100px\" aria-hidden=\"true\" class=\"wp-block-spacer\"><\/div>\n\n\n\n<p class=\"has-text-align-center\">Je vous souhaite beaucoup de plaisir dans les d\u00e9couvertes !<\/p>\n\n\n\n<div style=\"height:58px\" aria-hidden=\"true\" class=\"wp-block-spacer\"><\/div>\n\n\n<div class=\"wp-block-image\">\n<figure class=\"alignleft size-large is-resized\"><img loading=\"lazy\" decoding=\"async\" width=\"1024\" height=\"946\" src=\"https:\/\/evoluscience.fr\/wp-content\/uploads\/2020\/06\/image-93-1024x946.png\" alt=\"\" class=\"wp-image-5462\" style=\"width:291px;height:269px\" srcset=\"https:\/\/www.evoluscience.fr\/wp-content\/uploads\/2020\/06\/image-93-1024x946.png 1024w, https:\/\/www.evoluscience.fr\/wp-content\/uploads\/2020\/06\/image-93-300x277.png 300w, https:\/\/www.evoluscience.fr\/wp-content\/uploads\/2020\/06\/image-93-768x710.png 768w, https:\/\/www.evoluscience.fr\/wp-content\/uploads\/2020\/06\/image-93-520x480.png 520w, https:\/\/www.evoluscience.fr\/wp-content\/uploads\/2020\/06\/image-93-740x684.png 740w, https:\/\/www.evoluscience.fr\/wp-content\/uploads\/2020\/06\/image-93.png 1053w\" sizes=\"auto, (max-width: 1024px) 100vw, 1024px\" \/><\/figure>\n<\/div>\n\n\n<p class=\"has-text-align-right\">Mme Verkest<\/p>\n\n\n<div class=\"wp-block-image\">\n<figure class=\"alignright is-resized\"><img loading=\"lazy\" decoding=\"async\" width=\"258\" height=\"258\" src=\"https:\/\/evoluscience.fr\/wp-content\/uploads\/2019\/07\/logo.png\" alt=\"\" class=\"wp-image-7\" style=\"width:252px;height:auto\" srcset=\"https:\/\/www.evoluscience.fr\/wp-content\/uploads\/2019\/07\/logo.png 258w, https:\/\/www.evoluscience.fr\/wp-content\/uploads\/2019\/07\/logo-150x150.png 150w\" sizes=\"auto, (max-width: 258px) 100vw, 258px\" \/><\/figure>\n<\/div>","protected":false},"excerpt":{"rendered":"<p>Bienvenue sur Evoluscience! Ce site internet est un support et une aide en ligne pour mes \u00e9l\u00e8ves. Bien s\u00fbr, il est aussi \u00e0 votre disposition ! Je mets ici les cours de Sciences de la<a class=\"read-more\" href=\"https:\/\/www.evoluscience.fr\/\">Continue reading<\/a><\/p>\n","protected":false},"author":1,"featured_media":0,"parent":0,"menu_order":4,"comment_status":"closed","ping_status":"closed","template":"","meta":{"_monsterinsights_skip_tracking":false,"_monsterinsights_sitenote_active":false,"_monsterinsights_sitenote_note":"","_monsterinsights_sitenote_category":0,"_themeisle_gutenberg_block_has_review":false,"footnotes":""},"class_list":["post-288","page","type-page","status-publish","hentry"],"_links":{"self":[{"href":"https:\/\/www.evoluscience.fr\/index.php\/wp-json\/wp\/v2\/pages\/288","targetHints":{"allow":["GET"]}}],"collection":[{"href":"https:\/\/www.evoluscience.fr\/index.php\/wp-json\/wp\/v2\/pages"}],"about":[{"href":"https:\/\/www.evoluscience.fr\/index.php\/wp-json\/wp\/v2\/types\/page"}],"author":[{"embeddable":true,"href":"https:\/\/www.evoluscience.fr\/index.php\/wp-json\/wp\/v2\/users\/1"}],"replies":[{"embeddable":true,"href":"https:\/\/www.evoluscience.fr\/index.php\/wp-json\/wp\/v2\/comments?post=288"}],"version-history":[{"count":0,"href":"https:\/\/www.evoluscience.fr\/index.php\/wp-json\/wp\/v2\/pages\/288\/revisions"}],"wp:attachment":[{"href":"https:\/\/www.evoluscience.fr\/index.php\/wp-json\/wp\/v2\/media?parent=288"}],"curies":[{"name":"wp","href":"https:\/\/api.w.org\/{rel}","templated":true}]}}