{"id":269,"date":"2019-09-15T16:09:22","date_gmt":"2019-09-15T14:09:22","guid":{"rendered":"http:\/\/evoluscience.fr\/?page_id=269"},"modified":"2025-03-25T21:16:21","modified_gmt":"2025-03-25T20:16:21","slug":"socle-commun","status":"publish","type":"page","link":"https:\/\/www.evoluscience.fr\/index.php\/methodologie\/socle-commun\/","title":{"rendered":"Socle commun"},"content":{"rendered":"\n<div style=\"height:74px\" aria-hidden=\"true\" class=\"wp-block-spacer\"><\/div>\n\n\n\n<p>En parall\u00e8le des connaissances \u00e0 acqu\u00e9rir, un certain nombre de comp\u00e9tences sont aussi \u00e0 ma\u00eetriser.<\/p>\n\n\n\n<p>Les ann\u00e9es au coll\u00e8ge permettent de d\u00e9couvrir et d&rsquo;apprendre les notions indispensables pour r\u00e9ussir le brevet, r\u00e9ussir sa scolarit\u00e9 au lyc\u00e9e (ajout des connaissances \u00e0 partir de celles du coll\u00e8ge)<\/p>\n\n\n\n<p>&#8230; mais surtout de devenir des citoyens : \u00eatre capable de comprendre les informations,  de d\u00e9velopper sa propre opinion et de faire preuve de r\u00e9flexion par rapport aux informations (entre autres choses).<\/p>\n\n\n\n<div style=\"height:100px\" aria-hidden=\"true\" class=\"wp-block-spacer\"><\/div>\n\n\n\n<p>Pour r\u00e9ussir \u00e0 d\u00e9couvrir et utiliser les notions en classe, il est utile et donc important de ma\u00eetriser  les comp\u00e9tences (savoir-faire) de Sciences de la Vie et de la Terre. <\/p>\n\n\n\n<div style=\"height:100px\" aria-hidden=\"true\" class=\"wp-block-spacer\"><\/div>\n\n\n\n<p><a href=\"http:\/\/evoluscience.fr\/wp-content\/uploads\/2020\/03\/Tableau-de-ma\u00eetrise-des-comp\u00e9tences-SVT_verkest2.pdf\" target=\"_blank\" rel=\"noreferrer noopener\">Voici le tableau de ma\u00eetrise des comp\u00e9tences de SVT (cycle 4)<\/a> :<\/p>\n\n\n\n<div class=\"_df_book df-lite\" id=\"df_11785\"  _slug=\"tableau-de-maitrise-des-competences-svt_verkest2\" data-title=\"tableau-de-maitrise-des-competences-svt_verkest2\" wpoptions=\"true\" thumbtype=\"\" ><\/div><script class=\"df-shortcode-script\" nowprocket type=\"application\/javascript\">window.option_df_11785 = {\"outline\":[],\"autoEnableOutline\":\"false\",\"autoEnableThumbnail\":\"false\",\"overwritePDFOutline\":\"false\",\"enableDownload\":\"false\",\"direction\":\"1\",\"pageSize\":\"0\",\"soundEnable\":\"false\",\"autoPlay\":\"false\",\"source\":\"https:\\\/\\\/www.evoluscience.fr\\\/wp-content\\\/uploads\\\/2022\\\/10\\\/Tableau-de-maitrise-des-competences-SVT_verkest2.pdf\",\"wpOptions\":\"true\"}; if(window.DFLIP && window.DFLIP.parseBooks){window.DFLIP.parseBooks();}<\/script>\n\n\n\n<div style=\"height:100px\" aria-hidden=\"true\" class=\"wp-block-spacer\"><\/div>\n\n\n\n<p>La d\u00e9couverte et l&rsquo;apprentissage des nouvelles notions se r\u00e9alisent toujours en travaillant des comp\u00e9tences. <\/p>\n\n\n\n<p>Celles-ci seront donc utilis\u00e9es r\u00e9guli\u00e8rement permettant un entra\u00eenement sur plusieurs ann\u00e9es. <\/p>\n\n\n\n<p>Les fiches de m\u00e9thodologie sont \u00e0 disposition ainsi que les \u00e9tapes et correction des comp\u00e9tences dans les fiches de comp\u00e9tences donn\u00e9es lors de chaque activit\u00e9.<\/p>\n\n\n\n<div style=\"height:100px\" aria-hidden=\"true\" class=\"wp-block-spacer\"><\/div>\n\n\n\n<p>Voici la grille r\u00e9capitulant les comp\u00e9tences du socle commun.<\/p>\n\n\n\n<div class=\"_df_book df-lite\" id=\"df_11788\"  _slug=\"fiche-eleve-socle-commun-cycle-4-1\" data-title=\"fiche-eleve-socle-commun-cycle-4-1\" wpoptions=\"true\" thumbtype=\"\" ><\/div><script class=\"df-shortcode-script\" nowprocket type=\"application\/javascript\">window.option_df_11788 = {\"outline\":[],\"autoEnableOutline\":\"false\",\"autoEnableThumbnail\":\"false\",\"overwritePDFOutline\":\"false\",\"enableDownload\":\"false\",\"direction\":\"1\",\"pageSize\":\"0\",\"soundEnable\":\"false\",\"autoPlay\":\"false\",\"source\":\"https:\\\/\\\/www.evoluscience.fr\\\/wp-content\\\/uploads\\\/2022\\\/10\\\/Fiche-eleve-socle-commun-cycle-4-1.pdf\",\"wpOptions\":\"true\"}; if(window.DFLIP && window.DFLIP.parseBooks){window.DFLIP.parseBooks();}<\/script>\n","protected":false},"excerpt":{"rendered":"<p>En parall\u00e8le des connaissances \u00e0 acqu\u00e9rir, un certain nombre de comp\u00e9tences sont aussi \u00e0 ma\u00eetriser. Les ann\u00e9es au coll\u00e8ge permettent de d\u00e9couvrir et d&rsquo;apprendre les notions indispensables pour r\u00e9ussir le brevet, r\u00e9ussir sa scolarit\u00e9 au<a class=\"read-more\" href=\"https:\/\/www.evoluscience.fr\/index.php\/methodologie\/socle-commun\/\">Continue reading<\/a><\/p>\n","protected":false},"author":1,"featured_media":0,"parent":14,"menu_order":5,"comment_status":"closed","ping_status":"closed","template":"","meta":{"_monsterinsights_skip_tracking":false,"_monsterinsights_sitenote_active":false,"_monsterinsights_sitenote_note":"","_monsterinsights_sitenote_category":0,"_themeisle_gutenberg_block_has_review":false,"footnotes":""},"c2tw_page_folder":[],"class_list":["post-269","page","type-page","status-publish","hentry"],"_links":{"self":[{"href":"https:\/\/www.evoluscience.fr\/index.php\/wp-json\/wp\/v2\/pages\/269","targetHints":{"allow":["GET"]}}],"collection":[{"href":"https:\/\/www.evoluscience.fr\/index.php\/wp-json\/wp\/v2\/pages"}],"about":[{"href":"https:\/\/www.evoluscience.fr\/index.php\/wp-json\/wp\/v2\/types\/page"}],"author":[{"embeddable":true,"href":"https:\/\/www.evoluscience.fr\/index.php\/wp-json\/wp\/v2\/users\/1"}],"replies":[{"embeddable":true,"href":"https:\/\/www.evoluscience.fr\/index.php\/wp-json\/wp\/v2\/comments?post=269"}],"version-history":[{"count":0,"href":"https:\/\/www.evoluscience.fr\/index.php\/wp-json\/wp\/v2\/pages\/269\/revisions"}],"up":[{"embeddable":true,"href":"https:\/\/www.evoluscience.fr\/index.php\/wp-json\/wp\/v2\/pages\/14"}],"wp:attachment":[{"href":"https:\/\/www.evoluscience.fr\/index.php\/wp-json\/wp\/v2\/media?parent=269"}],"wp:term":[{"taxonomy":"c2tw_page_folder","embeddable":true,"href":"https:\/\/www.evoluscience.fr\/index.php\/wp-json\/wp\/v2\/c2tw_page_folder?post=269"}],"curies":[{"name":"wp","href":"https:\/\/api.w.org\/{rel}","templated":true}]}}