{"id":267,"date":"2019-09-15T16:09:10","date_gmt":"2019-09-15T14:09:10","guid":{"rendered":"http:\/\/evoluscience.fr\/?page_id=267"},"modified":"2024-09-04T17:58:28","modified_gmt":"2024-09-04T15:58:28","slug":"intelligences-multiples","status":"publish","type":"page","link":"https:\/\/www.evoluscience.fr\/index.php\/methodologie\/intelligences-multiples\/","title":{"rendered":"Intelligences multiples"},"content":{"rendered":"\n<p class=\"has-drop-cap has-background has-medium-font-size\" style=\"background-color:#dbf9ed\">Lors de la s\u00e9ance pr\u00e9c\u00e9dente, nous avons fait un r\u00e9capitulatif concernant la mani\u00e8re de m\u00e9moriser ses le\u00e7ons.<\/p>\n\n\n\n<p class=\"has-medium-font-size\">Chacun a un fonctionnement  et des go\u00fbts diff\u00e9rents . <\/p>\n\n\n\n<p class=\"has-medium-font-size\">Il existe donc huit diff\u00e9rentes intelligences.  Cette th\u00e9orie fut pour la premi\u00e8re fois propos\u00e9e par Howard Gardner en 1983. <\/p>\n\n\n\n<figure class=\"wp-block-image size-large\"><a href=\"https:\/\/www.evoluscience.fr\/wp-content\/uploads\/2024\/09\/Les-Intelligences-Multiples.mp4\" target=\"_blank\" rel=\"noreferrer noopener\"><img loading=\"lazy\" decoding=\"async\" width=\"1024\" height=\"580\" src=\"https:\/\/www.evoluscience.fr\/wp-content\/uploads\/2024\/09\/image-14-1024x580.png\" alt=\"\" class=\"wp-image-10379\" srcset=\"https:\/\/www.evoluscience.fr\/wp-content\/uploads\/2024\/09\/image-14-1024x580.png 1024w, https:\/\/www.evoluscience.fr\/wp-content\/uploads\/2024\/09\/image-14-300x170.png 300w, https:\/\/www.evoluscience.fr\/wp-content\/uploads\/2024\/09\/image-14-768x435.png 768w, https:\/\/www.evoluscience.fr\/wp-content\/uploads\/2024\/09\/image-14-520x294.png 520w, https:\/\/www.evoluscience.fr\/wp-content\/uploads\/2024\/09\/image-14-740x419.png 740w, https:\/\/www.evoluscience.fr\/wp-content\/uploads\/2024\/09\/image-14.png 1254w\" sizes=\"auto, (max-width: 1024px) 100vw, 1024px\" \/><\/a><\/figure>\n\n\n\n<p>Source : https:\/\/www.youtube.com\/watch?v=DCanko5Xhys<\/p>\n\n\n\n<div style=\"height:58px\" aria-hidden=\"true\" class=\"wp-block-spacer\"><\/div>\n\n\n\n<p class=\"has-medium-font-size\">Je te propose de d\u00e9terminer quelles intelligences tu utilises le plus au quotidien. Ainsi, tu pourras adapter ta mani\u00e8re de travailler pour m\u00e9moriser plus facilement!<\/p>\n\n\n\n<p class=\"has-x-large-font-size\">Voici le test :<\/p>\n\n\n\n<figure class=\"wp-block-image size-large\"><a href=\"https:\/\/www.evoluscience.fr\/wp-content\/uploads\/2024\/09\/Je-decouvre-mes-intelligences.mp4\" target=\"_blank\" rel=\"noreferrer noopener\"><img loading=\"lazy\" decoding=\"async\" width=\"1024\" height=\"577\" src=\"https:\/\/www.evoluscience.fr\/wp-content\/uploads\/2024\/09\/image-13-1024x577.png\" alt=\"\" class=\"wp-image-10373\" srcset=\"https:\/\/www.evoluscience.fr\/wp-content\/uploads\/2024\/09\/image-13-1024x577.png 1024w, https:\/\/www.evoluscience.fr\/wp-content\/uploads\/2024\/09\/image-13-300x169.png 300w, https:\/\/www.evoluscience.fr\/wp-content\/uploads\/2024\/09\/image-13-768x433.png 768w, https:\/\/www.evoluscience.fr\/wp-content\/uploads\/2024\/09\/image-13-520x293.png 520w, https:\/\/www.evoluscience.fr\/wp-content\/uploads\/2024\/09\/image-13-740x417.png 740w, https:\/\/www.evoluscience.fr\/wp-content\/uploads\/2024\/09\/image-13.png 1250w\" sizes=\"auto, (max-width: 1024px) 100vw, 1024px\" \/><\/a><\/figure>\n\n\n\n<p>Source : https:\/\/www.youtube.com\/watch?v=hXIZGyWafXQ<\/p>\n\n\n\n<p class=\"has-large-font-size\"><\/p>\n\n\n<div class=\"wp-block-image is-style-default\">\n<figure class=\"aligncenter size-large is-resized\"><img loading=\"lazy\" decoding=\"async\" width=\"1024\" height=\"976\" src=\"http:\/\/evoluscience.fr\/wp-content\/uploads\/2020\/06\/image-96-1024x976.png\" alt=\"\" class=\"wp-image-5468\" style=\"width:284px;height:271px\" srcset=\"https:\/\/www.evoluscience.fr\/wp-content\/uploads\/2020\/06\/image-96-1024x976.png 1024w, https:\/\/www.evoluscience.fr\/wp-content\/uploads\/2020\/06\/image-96-300x286.png 300w, https:\/\/www.evoluscience.fr\/wp-content\/uploads\/2020\/06\/image-96-768x732.png 768w, https:\/\/www.evoluscience.fr\/wp-content\/uploads\/2020\/06\/image-96-520x496.png 520w, https:\/\/www.evoluscience.fr\/wp-content\/uploads\/2020\/06\/image-96-740x706.png 740w, https:\/\/www.evoluscience.fr\/wp-content\/uploads\/2020\/06\/image-96.png 1033w\" sizes=\"auto, (max-width: 1024px) 100vw, 1024px\" \/><\/figure>\n<\/div>\n\n\n<p class=\"has-medium-font-size\">Gr\u00e2ce \u00e0 ce test que tu as r\u00e9alis\u00e9, tu peux mieux comprendre comment tu fonctionnes. <\/p>\n\n\n\n<p class=\"has-medium-font-size\">Maintenant, regarde quelles sont tes trois principales intelligences. <\/p>\n\n\n\n<p class=\"has-medium-font-size\">En classe, par groupe d&rsquo;affinit\u00e9s, vous allez r\u00e9fl\u00e9chir \u00e0 deux strat\u00e9gies d&rsquo;apprentissage par type d&rsquo;intelligence  que vous pouvez utiliser.<\/p>\n\n\n\n<p class=\"has-medium-font-size\">Regarde la vid\u00e9o, \u00e9cris dans la colonne sur la partie \u00e0 droite de ta feuille deux strat\u00e9gies par type d&rsquo;intelligence. Ensuite compare en expliquant tes choix avec les camarades de ton groupe.<\/p>\n\n\n\n<p class=\"has-medium-font-size\"><\/p>\n\n\n\n<p><a href=\"https:\/\/spark.adobe.com\/video\/bB3En3ksuWvlk\">Intelligence intrapersonnell<\/a>e<\/p>\n\n\n\n<p><a href=\"https:\/\/spark.adobe.com\/video\/PsXnw4zoOiVqT\">Intelligence musicale-rythmique<\/a><\/p>\n\n\n\n<p><a href=\"https:\/\/spark.adobe.com\/video\/k3KD3zDjpVJ83\">Intelligence verbo-linguistique<\/a><\/p>\n\n\n\n<p><a href=\"https:\/\/spark.adobe.com\/video\/xOjUU3tGROEu8\">Intelligence naturaliste<\/a><\/p>\n\n\n\n<p><a href=\"https:\/\/spark.adobe.com\/video\/jDG2lyrRQipce\">Intelligence logico-math\u00e9matiques<\/a><\/p>\n\n\n\n<p><a href=\"https:\/\/spark.adobe.com\/video\/7oejsnbYJJ8L5\">Intelligence visuelle-spatiale<\/a><\/p>\n\n\n\n<p><a href=\"https:\/\/spark.adobe.com\/video\/jmSJy3k5ggp7g\">Intelligence kinesth\u00e9sique<\/a><\/p>\n\n\n\n<p><a href=\"https:\/\/spark.adobe.com\/video\/MBJsBNHFqozci\">Intelligence interpersonnelle<\/a><\/p>\n\n\n\n<div style=\"height:34px\" aria-hidden=\"true\" class=\"wp-block-spacer\"><\/div>\n\n\n\n<p>Ou <a href=\"https:\/\/prezi.com\/e6xl_0qim70b\/mieux-apprendre-avec-les-intelligences-multiples\/\">l&rsquo;ensemble des vid\u00e9os sur prezi<\/a><\/p>\n\n\n\n<div style=\"height:134px\" aria-hidden=\"true\" class=\"wp-block-spacer\"><\/div>\n\n\n\n<p class=\"has-medium-font-size\">Maintenant, combine les six strat\u00e9gies de travail choisies pour obtenir ta propre m\u00e9thode de travail.<\/p>\n\n\n\n<p class=\"has-medium-font-size\">C&rsquo;est \u00e0 toi de jouer!<\/p>\n\n\n\n<p class=\"has-text-align-right\">Mme VERKEST<\/p>\n\n\n<div class=\"wp-block-image\">\n<figure class=\"alignright\"><img loading=\"lazy\" decoding=\"async\" width=\"258\" height=\"258\" src=\"https:\/\/evoluscience.fr\/wp-content\/uploads\/2019\/07\/logo.png\" alt=\"\" class=\"wp-image-7\" srcset=\"https:\/\/www.evoluscience.fr\/wp-content\/uploads\/2019\/07\/logo.png 258w, https:\/\/www.evoluscience.fr\/wp-content\/uploads\/2019\/07\/logo-150x150.png 150w\" sizes=\"auto, (max-width: 258px) 100vw, 258px\" \/><\/figure>\n<\/div>","protected":false},"excerpt":{"rendered":"<p>Lors de la s\u00e9ance pr\u00e9c\u00e9dente, nous avons fait un r\u00e9capitulatif concernant la mani\u00e8re de m\u00e9moriser ses le\u00e7ons. Chacun a un fonctionnement et des go\u00fbts diff\u00e9rents . Il existe donc huit diff\u00e9rentes intelligences. Cette th\u00e9orie fut<a class=\"read-more\" href=\"https:\/\/www.evoluscience.fr\/index.php\/methodologie\/intelligences-multiples\/\">Continue reading<\/a><\/p>\n","protected":false},"author":1,"featured_media":0,"parent":14,"menu_order":3,"comment_status":"closed","ping_status":"closed","template":"page-templates\/page_fullwidth.php","meta":{"_monsterinsights_skip_tracking":false,"_monsterinsights_sitenote_active":false,"_monsterinsights_sitenote_note":"","_monsterinsights_sitenote_category":0,"_themeisle_gutenberg_block_has_review":false,"footnotes":""},"class_list":["post-267","page","type-page","status-publish","hentry"],"_links":{"self":[{"href":"https:\/\/www.evoluscience.fr\/index.php\/wp-json\/wp\/v2\/pages\/267","targetHints":{"allow":["GET"]}}],"collection":[{"href":"https:\/\/www.evoluscience.fr\/index.php\/wp-json\/wp\/v2\/pages"}],"about":[{"href":"https:\/\/www.evoluscience.fr\/index.php\/wp-json\/wp\/v2\/types\/page"}],"author":[{"embeddable":true,"href":"https:\/\/www.evoluscience.fr\/index.php\/wp-json\/wp\/v2\/users\/1"}],"replies":[{"embeddable":true,"href":"https:\/\/www.evoluscience.fr\/index.php\/wp-json\/wp\/v2\/comments?post=267"}],"version-history":[{"count":0,"href":"https:\/\/www.evoluscience.fr\/index.php\/wp-json\/wp\/v2\/pages\/267\/revisions"}],"up":[{"embeddable":true,"href":"https:\/\/www.evoluscience.fr\/index.php\/wp-json\/wp\/v2\/pages\/14"}],"wp:attachment":[{"href":"https:\/\/www.evoluscience.fr\/index.php\/wp-json\/wp\/v2\/media?parent=267"}],"curies":[{"name":"wp","href":"https:\/\/api.w.org\/{rel}","templated":true}]}}