{"id":265,"date":"2019-09-15T16:08:45","date_gmt":"2019-09-15T14:08:45","guid":{"rendered":"http:\/\/evoluscience.fr\/?page_id=265"},"modified":"2019-10-18T23:36:33","modified_gmt":"2019-10-18T21:36:33","slug":"methodologie-dapprentissage","status":"publish","type":"page","link":"https:\/\/www.evoluscience.fr\/index.php\/methodologie\/methodologie-dapprentissage\/","title":{"rendered":"M\u00e9thodologie d&rsquo;apprentissage"},"content":{"rendered":"\n<p class=\"has-medium-font-size\">Comment apprendre?<\/p>\n\n\n\n<p class=\"has-medium-font-size\">Tout commence en classe! <\/p>\n\n\n\n<p class=\"has-medium-font-size\">Voici un petit rappel concernant la m\u00e9morisation! Nous l&rsquo;avons d\u00e9taill\u00e9 en classe et je remets ici la synth\u00e8se.<\/p>\n\n\n\n<p><\/p>\n\n\n\n<p><\/p>\n\n\n\n<p><\/p>\n\n\n\n<div class=\"wp-block-image\"><figure class=\"aligncenter is-resized\"><a href=\"http:\/\/evoluscience.fr\/wp-content\/uploads\/2019\/09\/BD_methodologie_laure_verkest.jpg\" target=\"_blank\" rel=\"noreferrer noopener\"><img loading=\"lazy\" decoding=\"async\" src=\"http:\/\/evoluscience.fr\/wp-content\/uploads\/2019\/09\/BD_methodologie_laure_verkest-1024x618.jpg\" alt=\"\" class=\"wp-image-301\" width=\"768\" height=\"464\" srcset=\"https:\/\/www.evoluscience.fr\/wp-content\/uploads\/2019\/09\/BD_methodologie_laure_verkest-1024x618.jpg 1024w, https:\/\/www.evoluscience.fr\/wp-content\/uploads\/2019\/09\/BD_methodologie_laure_verkest-300x181.jpg 300w, https:\/\/www.evoluscience.fr\/wp-content\/uploads\/2019\/09\/BD_methodologie_laure_verkest-768x463.jpg 768w, https:\/\/www.evoluscience.fr\/wp-content\/uploads\/2019\/09\/BD_methodologie_laure_verkest-520x314.jpg 520w, https:\/\/www.evoluscience.fr\/wp-content\/uploads\/2019\/09\/BD_methodologie_laure_verkest-740x446.jpg 740w\" sizes=\"auto, (max-width: 768px) 100vw, 768px\" \/><\/a><figcaption>Bande dessin\u00e9e r\u00e9capitulant comment m\u00e9moriser ses le\u00e7ons<\/figcaption><\/figure><\/div>\n\n\n\n<ul class=\"wp-block-gallery columns-0 is-cropped wp-block-gallery-1 is-layout-flex wp-block-gallery-is-layout-flex\"><\/ul>\n\n\n\n<p class=\"has-medium-font-size\">Chaque personne a son propre fonctionnement de m\u00e9morisation: certaines seront plus dans la vision et d&rsquo;autres dans l&rsquo;audition, le ressenti ou le mouvement. <\/p>\n\n\n\n<p class=\"has-medium-font-size\">Ferme les yeux et r\u00e9capitule ce dont on vient de parler pr\u00e9c\u00e9demment. Que se passe-t-il?<\/p>\n\n\n\n<p class=\"has-medium-font-size\">D\u00e9termine \u00e0 l&rsquo;aide du tableau ci-dessous comment tu m\u00e9morises.<\/p>\n\n\n\n<figure class=\"wp-block-image\"><img loading=\"lazy\" decoding=\"async\" width=\"1024\" height=\"554\" src=\"http:\/\/evoluscience.fr\/wp-content\/uploads\/2019\/09\/Tableau-r\u00e9capitulatif-des-diff\u00e9rents-fonctionnements-de-m\u00e9morisation-1024x554.jpg\" alt=\"\" class=\"wp-image-302\" srcset=\"https:\/\/www.evoluscience.fr\/wp-content\/uploads\/2019\/09\/Tableau-r\u00e9capitulatif-des-diff\u00e9rents-fonctionnements-de-m\u00e9morisation-1024x554.jpg 1024w, https:\/\/www.evoluscience.fr\/wp-content\/uploads\/2019\/09\/Tableau-r\u00e9capitulatif-des-diff\u00e9rents-fonctionnements-de-m\u00e9morisation-300x162.jpg 300w, https:\/\/www.evoluscience.fr\/wp-content\/uploads\/2019\/09\/Tableau-r\u00e9capitulatif-des-diff\u00e9rents-fonctionnements-de-m\u00e9morisation-768x415.jpg 768w, https:\/\/www.evoluscience.fr\/wp-content\/uploads\/2019\/09\/Tableau-r\u00e9capitulatif-des-diff\u00e9rents-fonctionnements-de-m\u00e9morisation-520x281.jpg 520w, https:\/\/www.evoluscience.fr\/wp-content\/uploads\/2019\/09\/Tableau-r\u00e9capitulatif-des-diff\u00e9rents-fonctionnements-de-m\u00e9morisation-740x400.jpg 740w, https:\/\/www.evoluscience.fr\/wp-content\/uploads\/2019\/09\/Tableau-r\u00e9capitulatif-des-diff\u00e9rents-fonctionnements-de-m\u00e9morisation.jpg 1263w\" sizes=\"auto, (max-width: 1024px) 100vw, 1024px\" \/><\/figure>\n\n\n\n<p class=\"has-medium-font-size\">J&rsquo;esp\u00e8re que cela te sera utile!<\/p>\n\n\n\n<p class=\"has-medium-font-size\">\n\nMaintenant pour r\u00e9ussir, c&rsquo;est \u00e0 toi de jouer!\n\n<\/p>\n","protected":false},"excerpt":{"rendered":"<p>Comment apprendre? Tout commence en classe! Voici un petit rappel concernant la m\u00e9morisation! Nous l&rsquo;avons d\u00e9taill\u00e9 en classe et je remets ici la synth\u00e8se. Chaque personne a son propre fonctionnement de m\u00e9morisation: certaines seront plus<a class=\"read-more\" href=\"https:\/\/www.evoluscience.fr\/index.php\/methodologie\/methodologie-dapprentissage\/\">Continue reading<\/a><\/p>\n","protected":false},"author":1,"featured_media":0,"parent":14,"menu_order":0,"comment_status":"closed","ping_status":"closed","template":"page-templates\/page_fullwidth.php","meta":{"_monsterinsights_skip_tracking":false,"_monsterinsights_sitenote_active":false,"_monsterinsights_sitenote_note":"","_monsterinsights_sitenote_category":0,"_themeisle_gutenberg_block_has_review":false,"footnotes":""},"c2tw_page_folder":[],"class_list":["post-265","page","type-page","status-publish","hentry"],"_links":{"self":[{"href":"https:\/\/www.evoluscience.fr\/index.php\/wp-json\/wp\/v2\/pages\/265","targetHints":{"allow":["GET"]}}],"collection":[{"href":"https:\/\/www.evoluscience.fr\/index.php\/wp-json\/wp\/v2\/pages"}],"about":[{"href":"https:\/\/www.evoluscience.fr\/index.php\/wp-json\/wp\/v2\/types\/page"}],"author":[{"embeddable":true,"href":"https:\/\/www.evoluscience.fr\/index.php\/wp-json\/wp\/v2\/users\/1"}],"replies":[{"embeddable":true,"href":"https:\/\/www.evoluscience.fr\/index.php\/wp-json\/wp\/v2\/comments?post=265"}],"version-history":[{"count":0,"href":"https:\/\/www.evoluscience.fr\/index.php\/wp-json\/wp\/v2\/pages\/265\/revisions"}],"up":[{"embeddable":true,"href":"https:\/\/www.evoluscience.fr\/index.php\/wp-json\/wp\/v2\/pages\/14"}],"wp:attachment":[{"href":"https:\/\/www.evoluscience.fr\/index.php\/wp-json\/wp\/v2\/media?parent=265"}],"wp:term":[{"taxonomy":"c2tw_page_folder","embeddable":true,"href":"https:\/\/www.evoluscience.fr\/index.php\/wp-json\/wp\/v2\/c2tw_page_folder?post=265"}],"curies":[{"name":"wp","href":"https:\/\/api.w.org\/{rel}","templated":true}]}}