{"id":2350,"date":"2019-10-24T23:14:35","date_gmt":"2019-10-24T21:14:35","guid":{"rendered":"http:\/\/evoluscience.fr\/?page_id=2350"},"modified":"2019-10-25T00:46:57","modified_gmt":"2019-10-24T22:46:57","slug":"competences-sociales-lors-du-travail-en-groupe","status":"publish","type":"page","link":"https:\/\/www.evoluscience.fr\/index.php\/methodologie\/fiches-methodologiques\/competences-sociales-lors-du-travail-en-groupe\/","title":{"rendered":"Comp\u00e9tences sociales lors du travail en groupe"},"content":{"rendered":"\n<div class=\"wp-block-themeisle-blocks-advanced-columns has-1-columns has-desktop-equal-layout has-tablet-equal-layout has-mobile-equal-layout has-default-gap has-vertical-unset\" id=\"wp-block-themeisle-blocks-advanced-columns-f8b83a00\" style=\"border-width:0px;border-style:solid;border-color:#000000;border-radius:0px;justify-content:unset\"><div class=\"wp-themeisle-block-overlay\" style=\"opacity:0.5;mix-blend-mode:normal\"><\/div><div class=\"innerblocks-wrap\">\n<div class=\"wp-block-themeisle-blocks-advanced-column\" id=\"wp-block-themeisle-blocks-advanced-column-e85605a8\" style=\"border-width:0px;border-style:solid;border-color:#000000;border-radius:0px\">\n<div style=\"height:100px\" aria-hidden=\"true\" class=\"wp-block-spacer\"><\/div>\n\n\n\n<p>En classe, nous travaillons beaucoup en groupe en lien avec d&rsquo;autres comp\u00e9tences pour construire les connaissances.<\/p>\n\n\n\n<div style=\"height:73px\" aria-hidden=\"true\" class=\"wp-block-spacer\"><\/div>\n\n\n\n<p>Les comp\u00e9tences sociales utilis\u00e9es lors du travail de groupe en classe sont aussi importantes que les autres.<\/p>\n\n\n\n<div style=\"height:60px\" aria-hidden=\"true\" class=\"wp-block-spacer\"><\/div>\n\n\n\n<p>En effet, nous sommes toujours en interaction les uns et les autres. Nous serons de plus en plus amen\u00e9s \u00e0 collaborer dans le cadre des \u00e9tudes mais surtout dans le monde du travail. <\/p>\n\n\n\n<p>Il est essentiel de s&rsquo;exercer le plus t\u00f4t possible pour que ces comp\u00e9tences sociales soient acquises.<\/p>\n\n\n\n<div style=\"height:100px\" aria-hidden=\"true\" class=\"wp-block-spacer\"><\/div>\n\n\n\n<p>Les \u00e9l\u00e8ves de parcours sciences 5e ont cherch\u00e9 ensemble \u00e0 r\u00e9aliser des petites affiches (pr\u00e9sentes dans le laboratoire) et une petite vid\u00e9o pour r\u00e9capituler les principales comp\u00e9tences sociales.<\/p>\n\n\n\n<p>Je les remercie pour leurs efforts ! <\/p>\n\n\n\n<p><em>(soyez indulgents sur leurs quelques fautes d&rsquo;orthographe restantes)<\/em><\/p>\n\n\n\n<div style=\"height:100px\" aria-hidden=\"true\" class=\"wp-block-spacer\"><\/div>\n\n\n\n<p><a href=\"https:\/\/www.dropbox.com\/s\/edhehsvsomt35sv\/Comp%C3%A9tences%20sociales%20et%20travaux%20de%20groupe.mp4?dl=0\" target=\"_blank\" rel=\"noreferrer noopener\" aria-label=\"Vid\u00e9o concernant les comp\u00e9tences sociales utilis\u00e9es lors des travaux de groupe (s\u2019ouvre dans un nouvel onglet)\">Vid\u00e9o concernant les comp\u00e9tences sociales utilis\u00e9es lors des travaux de groupe<\/a><\/p>\n\n\n\n<div style=\"height:100px\" aria-hidden=\"true\" class=\"wp-block-spacer\"><\/div>\n\n\n\n<div class=\"wp-block-image\"><figure class=\"aligncenter is-resized\"><img loading=\"lazy\" decoding=\"async\" src=\"http:\/\/evoluscience.fr\/wp-content\/uploads\/2019\/10\/Se-fixer-un-objectif-1-1024x1024.jpg\" alt=\"\" class=\"wp-image-2360\" width=\"395\" height=\"395\" srcset=\"https:\/\/www.evoluscience.fr\/wp-content\/uploads\/2019\/10\/Se-fixer-un-objectif-1-1024x1024.jpg 1024w, https:\/\/www.evoluscience.fr\/wp-content\/uploads\/2019\/10\/Se-fixer-un-objectif-1-150x150.jpg 150w, https:\/\/www.evoluscience.fr\/wp-content\/uploads\/2019\/10\/Se-fixer-un-objectif-1-300x300.jpg 300w, https:\/\/www.evoluscience.fr\/wp-content\/uploads\/2019\/10\/Se-fixer-un-objectif-1-768x768.jpg 768w, https:\/\/www.evoluscience.fr\/wp-content\/uploads\/2019\/10\/Se-fixer-un-objectif-1-520x520.jpg 520w, https:\/\/www.evoluscience.fr\/wp-content\/uploads\/2019\/10\/Se-fixer-un-objectif-1-740x740.jpg 740w, https:\/\/www.evoluscience.fr\/wp-content\/uploads\/2019\/10\/Se-fixer-un-objectif-1.jpg 1280w\" sizes=\"auto, (max-width: 395px) 100vw, 395px\" \/><\/figure><\/div>\n\n\n\n<div class=\"wp-block-image\"><figure class=\"aligncenter is-resized\"><img loading=\"lazy\" decoding=\"async\" src=\"http:\/\/evoluscience.fr\/wp-content\/uploads\/2019\/10\/\u00c9couter-1-768x1024.jpg\" alt=\"\" class=\"wp-image-2355\" width=\"396\" height=\"528\" srcset=\"https:\/\/www.evoluscience.fr\/wp-content\/uploads\/2019\/10\/\u00c9couter-1-768x1024.jpg 768w, https:\/\/www.evoluscience.fr\/wp-content\/uploads\/2019\/10\/\u00c9couter-1-225x300.jpg 225w, https:\/\/www.evoluscience.fr\/wp-content\/uploads\/2019\/10\/\u00c9couter-1-520x693.jpg 520w, https:\/\/www.evoluscience.fr\/wp-content\/uploads\/2019\/10\/\u00c9couter-1-740x987.jpg 740w, https:\/\/www.evoluscience.fr\/wp-content\/uploads\/2019\/10\/\u00c9couter-1.jpg 960w\" sizes=\"auto, (max-width: 396px) 100vw, 396px\" \/><\/figure><\/div>\n\n\n\n<div class=\"wp-block-image\"><figure class=\"aligncenter is-resized\"><img loading=\"lazy\" decoding=\"async\" src=\"http:\/\/evoluscience.fr\/wp-content\/uploads\/2019\/10\/Encourager-1-682x1024.jpg\" alt=\"\" class=\"wp-image-2356\" width=\"388\" height=\"582\" srcset=\"https:\/\/www.evoluscience.fr\/wp-content\/uploads\/2019\/10\/Encourager-1-682x1024.jpg 682w, https:\/\/www.evoluscience.fr\/wp-content\/uploads\/2019\/10\/Encourager-1-200x300.jpg 200w, https:\/\/www.evoluscience.fr\/wp-content\/uploads\/2019\/10\/Encourager-1-768x1152.jpg 768w, https:\/\/www.evoluscience.fr\/wp-content\/uploads\/2019\/10\/Encourager-1-520x780.jpg 520w, https:\/\/www.evoluscience.fr\/wp-content\/uploads\/2019\/10\/Encourager-1-740x1110.jpg 740w, https:\/\/www.evoluscience.fr\/wp-content\/uploads\/2019\/10\/Encourager-1.jpg 853w\" sizes=\"auto, (max-width: 388px) 100vw, 388px\" \/><\/figure><\/div>\n\n\n\n<div class=\"wp-block-image\"><figure class=\"aligncenter is-resized\"><img loading=\"lazy\" decoding=\"async\" src=\"http:\/\/evoluscience.fr\/wp-content\/uploads\/2019\/10\/Demander-de-laide-1-768x1024.jpg\" alt=\"\" class=\"wp-image-2354\" width=\"390\" height=\"520\" srcset=\"https:\/\/www.evoluscience.fr\/wp-content\/uploads\/2019\/10\/Demander-de-laide-1-768x1024.jpg 768w, https:\/\/www.evoluscience.fr\/wp-content\/uploads\/2019\/10\/Demander-de-laide-1-225x300.jpg 225w, https:\/\/www.evoluscience.fr\/wp-content\/uploads\/2019\/10\/Demander-de-laide-1-520x693.jpg 520w, https:\/\/www.evoluscience.fr\/wp-content\/uploads\/2019\/10\/Demander-de-laide-1-740x987.jpg 740w, https:\/\/www.evoluscience.fr\/wp-content\/uploads\/2019\/10\/Demander-de-laide-1.jpg 960w\" sizes=\"auto, (max-width: 390px) 100vw, 390px\" \/><\/figure><\/div>\n\n\n\n<div class=\"wp-block-image\"><figure class=\"aligncenter is-resized\"><img loading=\"lazy\" decoding=\"async\" src=\"http:\/\/evoluscience.fr\/wp-content\/uploads\/2019\/10\/Suivre-les-directives-1-768x1024.jpg\" alt=\"\" class=\"wp-image-2361\" width=\"402\" height=\"536\" srcset=\"https:\/\/www.evoluscience.fr\/wp-content\/uploads\/2019\/10\/Suivre-les-directives-1-768x1024.jpg 768w, https:\/\/www.evoluscience.fr\/wp-content\/uploads\/2019\/10\/Suivre-les-directives-1-225x300.jpg 225w, https:\/\/www.evoluscience.fr\/wp-content\/uploads\/2019\/10\/Suivre-les-directives-1-520x693.jpg 520w, https:\/\/www.evoluscience.fr\/wp-content\/uploads\/2019\/10\/Suivre-les-directives-1-740x987.jpg 740w, https:\/\/www.evoluscience.fr\/wp-content\/uploads\/2019\/10\/Suivre-les-directives-1.jpg 960w\" sizes=\"auto, (max-width: 402px) 100vw, 402px\" \/><\/figure><\/div>\n\n\n\n<div class=\"wp-block-image\"><figure class=\"aligncenter is-resized\"><img loading=\"lazy\" decoding=\"async\" src=\"http:\/\/evoluscience.fr\/wp-content\/uploads\/2019\/10\/Exprimer-ses-sentiments-2-768x1024.jpg\" alt=\"\" class=\"wp-image-2358\" width=\"402\" height=\"536\" srcset=\"https:\/\/www.evoluscience.fr\/wp-content\/uploads\/2019\/10\/Exprimer-ses-sentiments-2-768x1024.jpg 768w, https:\/\/www.evoluscience.fr\/wp-content\/uploads\/2019\/10\/Exprimer-ses-sentiments-2-225x300.jpg 225w, https:\/\/www.evoluscience.fr\/wp-content\/uploads\/2019\/10\/Exprimer-ses-sentiments-2-520x693.jpg 520w, https:\/\/www.evoluscience.fr\/wp-content\/uploads\/2019\/10\/Exprimer-ses-sentiments-2-740x987.jpg 740w, https:\/\/www.evoluscience.fr\/wp-content\/uploads\/2019\/10\/Exprimer-ses-sentiments-2.jpg 960w\" sizes=\"auto, (max-width: 402px) 100vw, 402px\" \/><\/figure><\/div>\n\n\n\n<div class=\"wp-block-image\"><figure class=\"aligncenter is-resized\"><img loading=\"lazy\" decoding=\"async\" src=\"http:\/\/evoluscience.fr\/wp-content\/uploads\/2019\/10\/Comprendre-les-sentiments-des-autres-2-768x1024.jpg\" alt=\"\" class=\"wp-image-2352\" width=\"406\" height=\"541\" srcset=\"https:\/\/www.evoluscience.fr\/wp-content\/uploads\/2019\/10\/Comprendre-les-sentiments-des-autres-2-768x1024.jpg 768w, https:\/\/www.evoluscience.fr\/wp-content\/uploads\/2019\/10\/Comprendre-les-sentiments-des-autres-2-225x300.jpg 225w, https:\/\/www.evoluscience.fr\/wp-content\/uploads\/2019\/10\/Comprendre-les-sentiments-des-autres-2-520x693.jpg 520w, https:\/\/www.evoluscience.fr\/wp-content\/uploads\/2019\/10\/Comprendre-les-sentiments-des-autres-2-740x987.jpg 740w, https:\/\/www.evoluscience.fr\/wp-content\/uploads\/2019\/10\/Comprendre-les-sentiments-des-autres-2.jpg 960w\" sizes=\"auto, (max-width: 406px) 100vw, 406px\" \/><\/figure><\/div>\n\n\n\n<div class=\"wp-block-image\"><figure class=\"aligncenter is-resized\"><img loading=\"lazy\" decoding=\"async\" src=\"http:\/\/evoluscience.fr\/wp-content\/uploads\/2019\/10\/Convaincre-1-768x1024.jpg\" alt=\"\" class=\"wp-image-2353\" width=\"410\" height=\"546\" srcset=\"https:\/\/www.evoluscience.fr\/wp-content\/uploads\/2019\/10\/Convaincre-1-768x1024.jpg 768w, https:\/\/www.evoluscience.fr\/wp-content\/uploads\/2019\/10\/Convaincre-1-225x300.jpg 225w, https:\/\/www.evoluscience.fr\/wp-content\/uploads\/2019\/10\/Convaincre-1-520x693.jpg 520w, https:\/\/www.evoluscience.fr\/wp-content\/uploads\/2019\/10\/Convaincre-1-740x987.jpg 740w, https:\/\/www.evoluscience.fr\/wp-content\/uploads\/2019\/10\/Convaincre-1.jpg 960w\" sizes=\"auto, (max-width: 410px) 100vw, 410px\" \/><\/figure><\/div>\n\n\n\n<div class=\"wp-block-image\"><figure class=\"aligncenter is-resized\"><img loading=\"lazy\" decoding=\"async\" src=\"http:\/\/evoluscience.fr\/wp-content\/uploads\/2019\/10\/Entretenir-une-conversation-4-768x1024.jpg\" alt=\"\" class=\"wp-image-2357\" width=\"409\" height=\"545\" srcset=\"https:\/\/www.evoluscience.fr\/wp-content\/uploads\/2019\/10\/Entretenir-une-conversation-4-768x1024.jpg 768w, https:\/\/www.evoluscience.fr\/wp-content\/uploads\/2019\/10\/Entretenir-une-conversation-4-225x300.jpg 225w, https:\/\/www.evoluscience.fr\/wp-content\/uploads\/2019\/10\/Entretenir-une-conversation-4-520x693.jpg 520w, https:\/\/www.evoluscience.fr\/wp-content\/uploads\/2019\/10\/Entretenir-une-conversation-4-740x987.jpg 740w, https:\/\/www.evoluscience.fr\/wp-content\/uploads\/2019\/10\/Entretenir-une-conversation-4.jpg 960w\" sizes=\"auto, (max-width: 409px) 100vw, 409px\" \/><\/figure><\/div>\n\n\n\n<div style=\"height:100px\" aria-hidden=\"true\" class=\"wp-block-spacer\"><\/div>\n\n\n\n<p>C&rsquo;est \u00e0 vous de jouer!<\/p>\n<\/div>\n<\/div><\/div>\n","protected":false},"excerpt":{"rendered":"","protected":false},"author":1,"featured_media":0,"parent":271,"menu_order":14,"comment_status":"closed","ping_status":"closed","template":"","meta":{"_monsterinsights_skip_tracking":false,"_monsterinsights_sitenote_active":false,"_monsterinsights_sitenote_note":"","_monsterinsights_sitenote_category":0,"_themeisle_gutenberg_block_has_review":false,"footnotes":""},"class_list":["post-2350","page","type-page","status-publish","hentry"],"_links":{"self":[{"href":"https:\/\/www.evoluscience.fr\/index.php\/wp-json\/wp\/v2\/pages\/2350","targetHints":{"allow":["GET"]}}],"collection":[{"href":"https:\/\/www.evoluscience.fr\/index.php\/wp-json\/wp\/v2\/pages"}],"about":[{"href":"https:\/\/www.evoluscience.fr\/index.php\/wp-json\/wp\/v2\/types\/page"}],"author":[{"embeddable":true,"href":"https:\/\/www.evoluscience.fr\/index.php\/wp-json\/wp\/v2\/users\/1"}],"replies":[{"embeddable":true,"href":"https:\/\/www.evoluscience.fr\/index.php\/wp-json\/wp\/v2\/comments?post=2350"}],"version-history":[{"count":0,"href":"https:\/\/www.evoluscience.fr\/index.php\/wp-json\/wp\/v2\/pages\/2350\/revisions"}],"up":[{"embeddable":true,"href":"https:\/\/www.evoluscience.fr\/index.php\/wp-json\/wp\/v2\/pages\/271"}],"wp:attachment":[{"href":"https:\/\/www.evoluscience.fr\/index.php\/wp-json\/wp\/v2\/media?parent=2350"}],"curies":[{"name":"wp","href":"https:\/\/api.w.org\/{rel}","templated":true}]}}