{"id":2315,"date":"2019-10-24T17:34:51","date_gmt":"2019-10-24T15:34:51","guid":{"rendered":"http:\/\/evoluscience.fr\/?page_id=2315"},"modified":"2023-05-31T10:16:49","modified_gmt":"2023-05-31T08:16:49","slug":"corriger-le-devoir-surveille","status":"publish","type":"page","link":"https:\/\/www.evoluscience.fr\/index.php\/methodologie\/fiches-methodologiques\/corriger-le-devoir-surveille\/","title":{"rendered":"Corriger le devoir surveill\u00e9"},"content":{"rendered":"\n<p><\/p>\n\n\n\n<div id=\"wp-block-themeisle-blocks-advanced-columns-68c8d3c4\" class=\"wp-block-themeisle-blocks-advanced-columns has-1-columns has-desktop-equal-layout has-tablet-equal-layout has-mobile-equal-layout has-vertical-unset\"><div class=\"wp-block-themeisle-blocks-advanced-columns-overlay\"><\/div><div class=\"innerblocks-wrap\">\n<div id=\"wp-block-themeisle-blocks-advanced-column-55691962\" class=\"wp-block-themeisle-blocks-advanced-column\">\n<p>Bonjour,<\/p>\n\n\n\n<p>Vous avez re\u00e7u&nbsp; votre copie de devoir surveill\u00e9. <\/p>\n\n\n\n<p>J\u2019esp\u00e8re que vous \u00eates satisfaisait(e) de votre production et donc des\nr\u00e9sultats.<\/p>\n\n\n\n<p>Pour chaque \u00e9valuation rendue, celle-ci est \u00e0 corriger et \u00e0 faire signer\npour la prochaine s\u00e9ance.<\/p>\n\n\n\n<div style=\"height:100px\" aria-hidden=\"true\" class=\"wp-block-spacer\"><\/div>\n\n\n\n<p>Pour rappel:<\/p>\n\n\n\n<p>Comme je vous l&rsquo;ai dit en classe, pour corriger votre production aidez-vous\ndu tableau de correction.<\/p>\n\n\n\n<p>De plus, je vous demande de vous cr\u00e9er une \u00ab\u00a0fiche-conseil\u00a0\u00bb. Vous\nprenez une feuille et vous \u00e9crivez \u00ab\u00a0fiche-conseil\u00a0\u00bb puis vous ajoutez\nmes annotations ou vos propres conseils. L&rsquo;objectif est que vous relisiez cette\nfiche avant une \u00e9valuation et que vous puissiez progresser.<\/p>\n\n\n\n<div style=\"height:100px\" aria-hidden=\"true\" class=\"wp-block-spacer\"><\/div>\n\n\n\n<p>Enfin, vous compl\u00e9tez le tableau du socle commun donn\u00e9 en d\u00e9but d&rsquo;ann\u00e9e en\nmettant la couleur correspondant \u00e0 votre niveau de ma\u00eetrise (rouge, orange,\nbleu ou vert) concernant la comp\u00e9tence \u00e9valu\u00e9e. Ici aussi, l&rsquo;objectif est de\nvous rendre compte de votre progression sur les trois ans.<\/p>\n\n\n\n<p>Voici une petite vid\u00e9o synth\u00e9tique :<\/p>\n\n\n<div class=\"wp-block-image\">\n<figure class=\"aligncenter size-full\"><a href=\"https:\/\/spark.adobe.com\/video\/sPrkLqMHfTuAk\" target=\"_blank\" rel=\"noreferrer noopener\"><img loading=\"lazy\" decoding=\"async\" width=\"978\" height=\"550\" src=\"https:\/\/www.evoluscience.fr\/wp-content\/uploads\/2023\/05\/image-10.png\" alt=\"\" class=\"wp-image-8807\" srcset=\"https:\/\/www.evoluscience.fr\/wp-content\/uploads\/2023\/05\/image-10.png 978w, https:\/\/www.evoluscience.fr\/wp-content\/uploads\/2023\/05\/image-10-300x169.png 300w, https:\/\/www.evoluscience.fr\/wp-content\/uploads\/2023\/05\/image-10-768x432.png 768w, https:\/\/www.evoluscience.fr\/wp-content\/uploads\/2023\/05\/image-10-520x292.png 520w, https:\/\/www.evoluscience.fr\/wp-content\/uploads\/2023\/05\/image-10-740x416.png 740w\" sizes=\"auto, (max-width: 978px) 100vw, 978px\" \/><\/a><\/figure>\n<\/div>\n\n\n<p><\/p>\n\n\n\n<div style=\"height:100px\" aria-hidden=\"true\" class=\"wp-block-spacer\"><\/div>\n\n\n<a href=\"https:\/\/www.evoluscience.fr\/wp-content\/uploads\/2022\/10\/Affiche-comment-reutiliser-une-evaluation.pdf\" class=\"pdfemb-viewer\" style=\"\" data-width=\"max\" data-height=\"max\" data-toolbar=\"top\" data-toolbar-fixed=\"off\">Affiche-comment-reutiliser-une-evaluation<\/a>\n<p class=\"wp-block-pdfemb-pdf-embedder-viewer\"><\/p>\n\n\n\n<div style=\"height:20px\" aria-hidden=\"true\" class=\"wp-block-spacer\"><\/div>\n\n\n\n<p>Toute \u00e9valuation \u00e9crite sera sign\u00e9e et corrig\u00e9e puis ramass\u00e9e pour\nv\u00e9rification.<\/p>\n\n\n\n<p>Je ramasserai donc vos copies pour v\u00e9rifier que le travail a \u00e9t\u00e9 r\u00e9alis\u00e9.<\/p>\n\n\n\n<div style=\"height:100px\" aria-hidden=\"true\" class=\"wp-block-spacer\"><\/div>\n\n\n\n<div style=\"height:100px\" aria-hidden=\"true\" class=\"wp-block-spacer\"><\/div>\n\n\n\n<p>Bonne correction!<\/p>\n<\/div>\n<\/div><\/div>\n","protected":false},"excerpt":{"rendered":"","protected":false},"author":1,"featured_media":0,"parent":271,"menu_order":13,"comment_status":"closed","ping_status":"closed","template":"","meta":{"_monsterinsights_skip_tracking":false,"_monsterinsights_sitenote_active":false,"_monsterinsights_sitenote_note":"","_monsterinsights_sitenote_category":0,"_themeisle_gutenberg_block_has_review":false,"footnotes":""},"class_list":["post-2315","page","type-page","status-publish","hentry"],"_links":{"self":[{"href":"https:\/\/www.evoluscience.fr\/index.php\/wp-json\/wp\/v2\/pages\/2315","targetHints":{"allow":["GET"]}}],"collection":[{"href":"https:\/\/www.evoluscience.fr\/index.php\/wp-json\/wp\/v2\/pages"}],"about":[{"href":"https:\/\/www.evoluscience.fr\/index.php\/wp-json\/wp\/v2\/types\/page"}],"author":[{"embeddable":true,"href":"https:\/\/www.evoluscience.fr\/index.php\/wp-json\/wp\/v2\/users\/1"}],"replies":[{"embeddable":true,"href":"https:\/\/www.evoluscience.fr\/index.php\/wp-json\/wp\/v2\/comments?post=2315"}],"version-history":[{"count":0,"href":"https:\/\/www.evoluscience.fr\/index.php\/wp-json\/wp\/v2\/pages\/2315\/revisions"}],"up":[{"embeddable":true,"href":"https:\/\/www.evoluscience.fr\/index.php\/wp-json\/wp\/v2\/pages\/271"}],"wp:attachment":[{"href":"https:\/\/www.evoluscience.fr\/index.php\/wp-json\/wp\/v2\/media?parent=2315"}],"curies":[{"name":"wp","href":"https:\/\/api.w.org\/{rel}","templated":true}]}}