{"id":2302,"date":"2019-10-24T16:58:13","date_gmt":"2019-10-24T14:58:13","guid":{"rendered":"http:\/\/evoluscience.fr\/?page_id=2302"},"modified":"2026-03-23T18:45:39","modified_gmt":"2026-03-23T17:45:39","slug":"brevet","status":"publish","type":"page","link":"https:\/\/www.evoluscience.fr\/index.php\/methodologie\/brevet\/","title":{"rendered":"Brevet"},"content":{"rendered":"\n<div id=\"wp-block-themeisle-blocks-advanced-columns-cd120808\" class=\"wp-block-themeisle-blocks-advanced-columns has-1-columns has-desktop-equal-layout has-tablet-equal-layout has-mobile-equal-layout has-vertical-unset\"><div class=\"wp-block-themeisle-blocks-advanced-columns-overlay\"><\/div><div class=\"innerblocks-wrap\">\n<div id=\"wp-block-themeisle-blocks-advanced-column-c2e3fe81\" class=\"wp-block-themeisle-blocks-advanced-column\">\n<p>Vous avez ici les informations essentielles pour pr\u00e9parer et r\u00e9viser le brevet de Sciences SVT ! <\/p>\n\n\n\n<p>Pensez que vous pouvez aussi, en plus des cours, vous entra\u00eenez sur les quizzes.<\/p>\n\n\n\n<div style=\"height:69px\" aria-hidden=\"true\" class=\"wp-block-spacer\"><\/div>\n\n\n\n<p> Actuellement, les mati\u00e8res pr\u00e9sentes au brevet sont : math\u00e9matiques, fran\u00e7ais, histoire-g\u00e9ographie et sciences (SPC, technologie et\/ou <strong><mark style=\"background-color:rgba(0, 0, 0, 0)\" class=\"has-inline-color has-vivid-green-cyan-color\">SVT<\/mark><\/strong> &#8211; <strong>2 mati\u00e8res sur les 3 seront \u00e9valu\u00e9es<\/strong> au brevet). <\/p>\n\n\n\n<div style=\"height:100px\" aria-hidden=\"true\" class=\"wp-block-spacer\"><\/div>\n\n\n\n<div class=\"_df_book df-lite\" id=\"df_11797\"  _slug=\"brevet-de-sciences\" data-title=\"brevet-de-sciences\" wpoptions=\"true\" thumbtype=\"\" ><\/div><script class=\"df-shortcode-script\" nowprocket type=\"application\/javascript\">window.option_df_11797 = {\"outline\":[],\"autoEnableOutline\":\"false\",\"autoEnableThumbnail\":\"false\",\"overwritePDFOutline\":\"false\",\"enableDownload\":\"false\",\"direction\":\"1\",\"pageSize\":\"0\",\"soundEnable\":\"false\",\"autoPlay\":\"false\",\"source\":\"https:\\\/\\\/www.evoluscience.fr\\\/wp-content\\\/uploads\\\/2022\\\/10\\\/Brevet-de-sciences.pdf\",\"wpOptions\":\"true\"}; if(window.DFLIP && window.DFLIP.parseBooks){window.DFLIP.parseBooks();}<\/script>\n\n\n\n<div style=\"height:69px\" aria-hidden=\"true\" class=\"wp-block-spacer\"><\/div>\n\n\n\n<p class=\"has-pale-ocean-gradient-background has-background has-medium-font-size\">Le programme de SVT s&rsquo;\u00e9tale sur le cycle 4 (5e, 4e et&nbsp;3e). Donc l&rsquo;examen du brevet portera sur les <strong>connaissances du cycle 4<\/strong>.<\/p>\n\n\n\n<p>Ce programme s&rsquo;articule sur <strong>trois parties<\/strong> (d&rsquo;o\u00f9 la pr\u00e9sence de trois cahiers).<\/p>\n\n\n\n<p><\/p>\n\n\n\n<div style=\"height:39px\" aria-hidden=\"true\" class=\"wp-block-spacer\"><\/div>\n\n\n\n<p>Pour pr\u00e9parer l&rsquo;examen sereinement et r\u00e9guli\u00e8rement (cela a d\u00e9j\u00e0 commenc\u00e9 en 5e), le devoir est de r\u00e9aliser une carte d&rsquo;id\u00e9es ou une fiche de r\u00e9vision concernant une notion (\u00e0 commencer, continuer ou finir &#8211; une notion est vue plusieurs fois en compl\u00e9tant les informations) au moment opportun. Ainsi, lors de la r\u00e9vision d&rsquo;un chapitre, l&rsquo;\u00e9l\u00e8ve apprend et commence \u00e0 s&rsquo;aider pour la 3e.&nbsp;<\/p>\n\n\n\n<p class=\"has-large-font-size\"><a href=\"https:\/\/evoluscience.fr\/index.php\/methodologie\/fiches-methodologiques\/realiser-les-fiches-de-revision-pour-le-brevet\/\" target=\"_blank\" rel=\"noreferrer noopener\">Pour en savoir plus concernant la r\u00e9alisation des fiches de r\u00e9vision, cliquer ici!<\/a><\/p>\n\n\n\n<p>Il s&rsquo;agit d&rsquo;un travail autonome.<\/p>\n\n\n\n<div style=\"height:100px\" aria-hidden=\"true\" class=\"wp-block-spacer\"><\/div>\n\n\n\n<p><\/p>\n\n\n\n<p>Les fiches de rappel peuvent \u00eatre sous diff\u00e9rentes formes: carte d&rsquo;id\u00e9es \u00e0 la main ou \u00e0 l&rsquo;aide de la tablette (penser \u00e0 sauvegarder ailleurs) ou fiche de r\u00e9vision. Ces fiches sont \u00e0 stocker  dans le porte-vue de la 5e \u00e0 la 3e .<\/p>\n\n\n\n<div class=\"_df_book df-lite\" id=\"df_11800\"  _slug=\"grille-de-revision-pour-le-brevet-1\" data-title=\"grille-de-revision-pour-le-brevet-1\" wpoptions=\"true\" thumbtype=\"\" ><\/div><script class=\"df-shortcode-script\" nowprocket type=\"application\/javascript\">window.option_df_11800 = {\"outline\":[],\"autoEnableOutline\":\"false\",\"autoEnableThumbnail\":\"false\",\"overwritePDFOutline\":\"false\",\"enableDownload\":\"false\",\"direction\":\"1\",\"pageSize\":\"0\",\"soundEnable\":\"false\",\"autoPlay\":\"false\",\"source\":\"https:\\\/\\\/www.evoluscience.fr\\\/wp-content\\\/uploads\\\/2022\\\/10\\\/Grille-de-revision-pour-le-brevet-1.pdf\",\"wpOptions\":\"true\"}; if(window.DFLIP && window.DFLIP.parseBooks){window.DFLIP.parseBooks();}<\/script>\n\n\n\n<p>Vous avez normalement une fiche de r\u00e9vision par grande notion (ligne de la grille de r\u00e9vision).<\/p>\n\n\n\n<p><\/p>\n\n\n\n<p><em>Remarque : Si vous ne trouvez plus le cours de certaines notions indiqu\u00e9es, il est possible de faire une recherche par mot-cl\u00e9 sur la page d\u2019accueil de ce site.<\/em><\/p>\n\n\n\n<div style=\"height:100px\" aria-hidden=\"true\" class=\"wp-block-spacer\"><\/div>\n\n\n\n<p class=\"has-pale-ocean-gradient-background has-background has-medium-font-size\">De plus, vous pouvez&nbsp;<strong>v\u00e9rifier aussi vos comp\u00e9tences<\/strong>.<\/p>\n\n\n\n<p>Au brevet, il y aura une \u00e9tude de documents, mais il est aussi possible qu\u2019on vous demande d\u2019utiliser la d\u00e9marche scientifique, de faire un dessin d\u2019observation, d\u2019expliquer comment utiliser le microscope optique\u2026<\/p>\n\n\n\n<p>Pour v\u00e9rifier vos comp\u00e9tences, vous avez le livret de SVT donn\u00e9 en 5e,<\/p>\n\n\n\n<p>les&nbsp;<a rel=\"noreferrer noopener\" href=\"https:\/\/evoluscience.fr\/index.php\/methodologie\/fiches-methodologiques\/\" target=\"_blank\">Fiches m\u00e9thodologiques<\/a><\/p>\n\n\n\n<p>et vous pouvez \u00ab&nbsp;checker&nbsp;\u00bb avec le tableau de ma\u00eetrise des comp\u00e9tences :<\/p>\n\n\n\n<p><a rel=\"noreferrer noopener\" href=\"https:\/\/evoluscience.fr\/wp-content\/uploads\/2020\/03\/Tableau-de-ma%C3%AEtrise-des-comp%C3%A9tences-SVT_verkest2.pdf\" target=\"_blank\">Tableau de ma\u00eetrise des comp\u00e9tences<\/a><\/p>\n\n\n\n<p><em>Rappelez-vous de g\u00e9rer votre temps entre les deux sujets en r\u00e9pondant efficacement sans attendre.<\/em><\/p>\n\n\n\n<div style=\"height:100px\" aria-hidden=\"true\" class=\"wp-block-spacer\"><\/div>\n\n\n\n<p class=\"has-pale-ocean-gradient-background has-background has-medium-font-size\">Pour vous entra\u00eener, voici les&nbsp;<strong>sujets de brevet<\/strong>&nbsp;depuis l\u2019introduction de la SVT dans l\u2019examen :<\/p>\n\n\n\n<p class=\"has-text-align-center has-large-font-size\"><a rel=\"noreferrer noopener\" href=\"http:\/\/svt.ac-besancon.fr\/sujets-dnb\/\" target=\"_blank\">Banque de sujets de brevet comportant la SVT<\/a><\/p>\n\n\n\n<p><a rel=\"noreferrer noopener\" href=\"https:\/\/pedagogie.ac-toulouse.fr\/sbssa\/s-informer\/informations-pour-les-svt\/ressources-pour-les-svt\" target=\"_blank\">Banque de sujets du brevet professionnel<\/a><\/p>\n\n\n\n<p><a href=\"https:\/\/eduscol.education.fr\/711\/preparer-le-dnb-avec-les-sujets-des-annales\" target=\"_blank\" rel=\"noreferrer noopener\">Si les sites sont restreints, voici une autre alternative.<\/a><\/p>\n\n\n\n<div style=\"height:100px\" aria-hidden=\"true\" class=\"wp-block-spacer\"><\/div>\n\n\n\n<p>Il est aussi important de g\u00e9rer votre stress sinon ce sera contre-productif !<\/p>\n\n\n\n<p>Petit rappel pour vous aider :<\/p>\n\n\n\n<figure class=\"wp-block-embed is-type-wp-embed is-provider-contenu-embarqu wp-block-embed-contenu-embarqu\"><div class=\"wp-block-embed__wrapper\">\n<blockquote class=\"wp-embedded-content\" data-secret=\"5xqQuf7dta\"><a href=\"https:\/\/www.evoluscience.fr\/index.php\/2021\/01\/07\/la-gestion-du-stress\/\">La gestion du stress<\/a><\/blockquote><iframe loading=\"lazy\" class=\"wp-embedded-content\" sandbox=\"allow-scripts\" security=\"restricted\" style=\"position: absolute; visibility: hidden;\" title=\"\u00ab\u00a0La gestion du stress\u00a0\u00bb &#8212; \" src=\"https:\/\/www.evoluscience.fr\/index.php\/2021\/01\/07\/la-gestion-du-stress\/embed\/#?secret=mmDVdWWJv0#?secret=5xqQuf7dta\" data-secret=\"5xqQuf7dta\" width=\"600\" height=\"338\" frameborder=\"0\" marginwidth=\"0\" marginheight=\"0\" scrolling=\"no\"><\/iframe>\n<\/div><\/figure>\n\n\n\n<p>La pr\u00e9paration du brevet sert surtout \u00e0 se pr\u00e9parer pour le lyc\u00e9e.<\/p>\n\n\n\n<div style=\"height:100px\" aria-hidden=\"true\" class=\"wp-block-spacer\"><\/div>\n\n\n\n<p>Pour en savoir plus, on en parle aussi ici :<\/p>\n\n\n\n<figure class=\"wp-block-embed is-type-wp-embed is-provider-contenu-embarqu wp-block-embed-contenu-embarqu\"><div class=\"wp-block-embed__wrapper\">\n<blockquote class=\"wp-embedded-content\" data-secret=\"FA67u5qhou\"><a href=\"https:\/\/www.evoluscience.fr\/index.php\/2020\/11\/28\/se-preparer-au-brevet-tout-au-long-du-cycle-4\/\">Se pr\u00e9parer au brevet tout au long du cycle 4<\/a><\/blockquote><iframe loading=\"lazy\" class=\"wp-embedded-content\" sandbox=\"allow-scripts\" security=\"restricted\" style=\"position: absolute; visibility: hidden;\" title=\"\u00ab\u00a0Se pr\u00e9parer au brevet tout au long du cycle 4\u00a0\u00bb &#8212; \" src=\"https:\/\/www.evoluscience.fr\/index.php\/2020\/11\/28\/se-preparer-au-brevet-tout-au-long-du-cycle-4\/embed\/#?secret=bBtnziSHvD#?secret=FA67u5qhou\" data-secret=\"FA67u5qhou\" width=\"600\" height=\"338\" frameborder=\"0\" marginwidth=\"0\" marginheight=\"0\" scrolling=\"no\"><\/iframe>\n<\/div><\/figure>\n\n\n\n<figure class=\"wp-block-embed is-type-wp-embed is-provider-contenu-embarqu wp-block-embed-contenu-embarqu\"><div class=\"wp-block-embed__wrapper\">\n<blockquote class=\"wp-embedded-content\" data-secret=\"mBKpKOLmYs\"><a href=\"https:\/\/www.evoluscience.fr\/index.php\/methodologie\/fiches-methodologiques\/realiser-les-fiches-de-revision-pour-le-brevet\/\">R\u00e9aliser les fiches de r\u00e9vision pour le brevet<\/a><\/blockquote><iframe loading=\"lazy\" class=\"wp-embedded-content\" sandbox=\"allow-scripts\" security=\"restricted\" style=\"position: absolute; visibility: hidden;\" title=\"\u00ab\u00a0R\u00e9aliser les fiches de r\u00e9vision pour le brevet\u00a0\u00bb &#8212; \" src=\"https:\/\/www.evoluscience.fr\/index.php\/methodologie\/fiches-methodologiques\/realiser-les-fiches-de-revision-pour-le-brevet\/embed\/#?secret=jJDqvdhz5x#?secret=mBKpKOLmYs\" data-secret=\"mBKpKOLmYs\" width=\"600\" height=\"338\" frameborder=\"0\" marginwidth=\"0\" marginheight=\"0\" scrolling=\"no\"><\/iframe>\n<\/div><\/figure>\n\n\n\n<figure class=\"wp-block-embed is-type-wp-embed is-provider-contenu-embarqu wp-block-embed-contenu-embarqu\"><div class=\"wp-block-embed__wrapper\">\n<blockquote class=\"wp-embedded-content\" data-secret=\"LxVSZOwvQn\"><a href=\"https:\/\/www.evoluscience.fr\/index.php\/2020\/11\/28\/se-preparer-pour-le-lycee\/\">Se pr\u00e9parer pour le lyc\u00e9e<\/a><\/blockquote><iframe loading=\"lazy\" class=\"wp-embedded-content\" sandbox=\"allow-scripts\" security=\"restricted\" style=\"position: absolute; visibility: hidden;\" title=\"\u00ab\u00a0Se pr\u00e9parer pour le lyc\u00e9e\u00a0\u00bb &#8212; \" src=\"https:\/\/www.evoluscience.fr\/index.php\/2020\/11\/28\/se-preparer-pour-le-lycee\/embed\/#?secret=iwJM4r0tcf#?secret=LxVSZOwvQn\" data-secret=\"LxVSZOwvQn\" width=\"600\" height=\"338\" frameborder=\"0\" marginwidth=\"0\" marginheight=\"0\" scrolling=\"no\"><\/iframe>\n<\/div><\/figure>\n\n\n\n<div style=\"height:100px\" aria-hidden=\"true\" class=\"wp-block-spacer\"><\/div>\n\n\n\n<p>Bonne pr\u00e9paration \u00e0 tous !<\/p>\n\n\n\n<p>Vive la curiosit\u00e9 !<\/p>\n\n\n\n<p class=\"has-text-align-right\">Mme VERKEST<\/p>\n\n\n<div class=\"wp-block-image\">\n<figure class=\"alignright is-resized\"><img loading=\"lazy\" decoding=\"async\" width=\"258\" height=\"258\" src=\"https:\/\/evoluscience.fr\/wp-content\/uploads\/2019\/07\/logo.png\" alt=\"\" class=\"wp-image-7\" style=\"width:192px;height:auto\" srcset=\"https:\/\/www.evoluscience.fr\/wp-content\/uploads\/2019\/07\/logo.png 258w, https:\/\/www.evoluscience.fr\/wp-content\/uploads\/2019\/07\/logo-150x150.png 150w\" sizes=\"auto, (max-width: 258px) 100vw, 258px\" \/><\/figure>\n<\/div>\n\n\n<p class=\"has-text-align-center has-huge-font-size\"><\/p>\n\n\n\n<p><\/p>\n\n\n\n<p class=\"has-text-align-right\"><\/p>\n<\/div>\n<\/div><\/div>\n","protected":false},"excerpt":{"rendered":"","protected":false},"author":1,"featured_media":0,"parent":14,"menu_order":6,"comment_status":"closed","ping_status":"closed","template":"","meta":{"_monsterinsights_skip_tracking":false,"_monsterinsights_sitenote_active":false,"_monsterinsights_sitenote_note":"","_monsterinsights_sitenote_category":0,"_themeisle_gutenberg_block_has_review":false,"footnotes":""},"c2tw_page_folder":[],"class_list":["post-2302","page","type-page","status-publish","hentry"],"_links":{"self":[{"href":"https:\/\/www.evoluscience.fr\/index.php\/wp-json\/wp\/v2\/pages\/2302","targetHints":{"allow":["GET"]}}],"collection":[{"href":"https:\/\/www.evoluscience.fr\/index.php\/wp-json\/wp\/v2\/pages"}],"about":[{"href":"https:\/\/www.evoluscience.fr\/index.php\/wp-json\/wp\/v2\/types\/page"}],"author":[{"embeddable":true,"href":"https:\/\/www.evoluscience.fr\/index.php\/wp-json\/wp\/v2\/users\/1"}],"replies":[{"embeddable":true,"href":"https:\/\/www.evoluscience.fr\/index.php\/wp-json\/wp\/v2\/comments?post=2302"}],"version-history":[{"count":0,"href":"https:\/\/www.evoluscience.fr\/index.php\/wp-json\/wp\/v2\/pages\/2302\/revisions"}],"up":[{"embeddable":true,"href":"https:\/\/www.evoluscience.fr\/index.php\/wp-json\/wp\/v2\/pages\/14"}],"wp:attachment":[{"href":"https:\/\/www.evoluscience.fr\/index.php\/wp-json\/wp\/v2\/media?parent=2302"}],"wp:term":[{"taxonomy":"c2tw_page_folder","embeddable":true,"href":"https:\/\/www.evoluscience.fr\/index.php\/wp-json\/wp\/v2\/c2tw_page_folder?post=2302"}],"curies":[{"name":"wp","href":"https:\/\/api.w.org\/{rel}","templated":true}]}}