{"id":2290,"date":"2019-10-18T23:50:38","date_gmt":"2019-10-18T21:50:38","guid":{"rendered":"http:\/\/evoluscience.fr\/?page_id=2290"},"modified":"2022-10-06T21:20:02","modified_gmt":"2022-10-06T19:20:02","slug":"realiser-un-expose","status":"publish","type":"page","link":"https:\/\/www.evoluscience.fr\/index.php\/methodologie\/fiches-methodologiques\/realiser-un-expose\/","title":{"rendered":"R\u00e9aliser un expos\u00e9 ou une vid\u00e9o"},"content":{"rendered":"\n<div id=\"wp-block-themeisle-blocks-advanced-columns-18de7b64\" class=\"wp-block-themeisle-blocks-advanced-columns has-1-columns has-desktop-equal-layout has-tablet-equal-layout has-mobile-equal-layout has-vertical-unset\"><div class=\"wp-block-themeisle-blocks-advanced-columns-overlay\"><\/div><div class=\"innerblocks-wrap\">\n<div id=\"wp-block-themeisle-blocks-advanced-column-a9e7e236\" class=\"wp-block-themeisle-blocks-advanced-column\"><a href=\"https:\/\/www.evoluscience.fr\/wp-content\/uploads\/2022\/10\/Fiche-methode-Realisation-dun-expose.pdf\" class=\"pdfemb-viewer\" style=\"\" data-width=\"max\" data-height=\"max\" data-toolbar=\"top\" data-toolbar-fixed=\"off\">Fiche-methode-Realisation-dun-expose<\/a>\n<p class=\"wp-block-pdfemb-pdf-embedder-viewer\"><\/p>\n\n\n\n<figure class=\"wp-block-image\"><img loading=\"lazy\" decoding=\"async\" width=\"784\" height=\"517\" src=\"http:\/\/evoluscience.fr\/wp-content\/uploads\/2019\/10\/Crit\u00e8res-soleil-R\u00e9aliser-un-expos\u00e9.jpg\" alt=\"\" class=\"wp-image-2250\" srcset=\"https:\/\/www.evoluscience.fr\/wp-content\/uploads\/2019\/10\/Crit\u00e8res-soleil-R\u00e9aliser-un-expos\u00e9.jpg 784w, https:\/\/www.evoluscience.fr\/wp-content\/uploads\/2019\/10\/Crit\u00e8res-soleil-R\u00e9aliser-un-expos\u00e9-300x198.jpg 300w, https:\/\/www.evoluscience.fr\/wp-content\/uploads\/2019\/10\/Crit\u00e8res-soleil-R\u00e9aliser-un-expos\u00e9-768x506.jpg 768w, https:\/\/www.evoluscience.fr\/wp-content\/uploads\/2019\/10\/Crit\u00e8res-soleil-R\u00e9aliser-un-expos\u00e9-520x343.jpg 520w, https:\/\/www.evoluscience.fr\/wp-content\/uploads\/2019\/10\/Crit\u00e8res-soleil-R\u00e9aliser-un-expos\u00e9-740x488.jpg 740w\" sizes=\"auto, (max-width: 784px) 100vw, 784px\" \/><\/figure>\n\n\n\n<div style=\"height:41px\" aria-hidden=\"true\" class=\"wp-block-spacer\"><\/div>\n\n\n\n<p>Conseils pour r\u00e9aliser un expos\u00e9 ou une vid\u00e9o en groupe \u00e0 l&rsquo;aide de l&rsquo;application Keynote<\/p>\n\n\n<div class=\"wp-block-image\">\n<figure class=\"aligncenter size-large\"><a href=\"https:\/\/evoluscience.fr\/wp-content\/uploads\/2020\/03\/RPReplay_Final16146274111.mp4\" target=\"_blank\" rel=\"noopener noreferrer\"><img loading=\"lazy\" decoding=\"async\" width=\"635\" height=\"479\" src=\"https:\/\/evoluscience.fr\/wp-content\/uploads\/2021\/03\/image.png\" alt=\"\" class=\"wp-image-6271\" srcset=\"https:\/\/www.evoluscience.fr\/wp-content\/uploads\/2021\/03\/image.png 635w, https:\/\/www.evoluscience.fr\/wp-content\/uploads\/2021\/03\/image-300x226.png 300w, https:\/\/www.evoluscience.fr\/wp-content\/uploads\/2021\/03\/image-520x392.png 520w\" sizes=\"auto, (max-width: 635px) 100vw, 635px\" \/><\/a><\/figure>\n<\/div>\n\n\n<p><\/p>\n\n\n\n<div style=\"height:100px\" aria-hidden=\"true\" class=\"wp-block-spacer\"><\/div>\n\n\n\n<p>Quelques liens utiles:<\/p>\n\n\n\n<figure class=\"wp-block-embed is-type-wp-embed is-provider-wordpress wp-block-embed-wordpress\"><div class=\"wp-block-embed__wrapper\">\n<blockquote class=\"wp-embedded-content\" data-secret=\"gqHJf2RQES\"><a href=\"https:\/\/www.evoluscience.fr\/index.php\/liens-utiles\/\">Liens utiles<\/a><\/blockquote><iframe loading=\"lazy\" class=\"wp-embedded-content\" sandbox=\"allow-scripts\" security=\"restricted\" style=\"position: absolute; clip: rect(1px, 1px, 1px, 1px);\" title=\"\u00ab\u00a0Liens utiles\u00a0\u00bb &#8212; EVOLUSCIENCE\" src=\"https:\/\/www.evoluscience.fr\/index.php\/liens-utiles\/embed\/#?secret=mw0fG0sK8D#?secret=gqHJf2RQES\" data-secret=\"gqHJf2RQES\" width=\"600\" height=\"338\" frameborder=\"0\" marginwidth=\"0\" marginheight=\"0\" scrolling=\"no\"><\/iframe>\n<\/div><\/figure>\n<\/div>\n<\/div><\/div>\n\n\n\n<p><\/p>\n\n\n\n<p><\/p>\n","protected":false},"excerpt":{"rendered":"","protected":false},"author":1,"featured_media":0,"parent":271,"menu_order":10,"comment_status":"closed","ping_status":"closed","template":"","meta":{"_monsterinsights_skip_tracking":false,"_monsterinsights_sitenote_active":false,"_monsterinsights_sitenote_note":"","_monsterinsights_sitenote_category":0,"_themeisle_gutenberg_block_has_review":false,"footnotes":""},"class_list":["post-2290","page","type-page","status-publish","hentry"],"_links":{"self":[{"href":"https:\/\/www.evoluscience.fr\/index.php\/wp-json\/wp\/v2\/pages\/2290","targetHints":{"allow":["GET"]}}],"collection":[{"href":"https:\/\/www.evoluscience.fr\/index.php\/wp-json\/wp\/v2\/pages"}],"about":[{"href":"https:\/\/www.evoluscience.fr\/index.php\/wp-json\/wp\/v2\/types\/page"}],"author":[{"embeddable":true,"href":"https:\/\/www.evoluscience.fr\/index.php\/wp-json\/wp\/v2\/users\/1"}],"replies":[{"embeddable":true,"href":"https:\/\/www.evoluscience.fr\/index.php\/wp-json\/wp\/v2\/comments?post=2290"}],"version-history":[{"count":0,"href":"https:\/\/www.evoluscience.fr\/index.php\/wp-json\/wp\/v2\/pages\/2290\/revisions"}],"up":[{"embeddable":true,"href":"https:\/\/www.evoluscience.fr\/index.php\/wp-json\/wp\/v2\/pages\/271"}],"wp:attachment":[{"href":"https:\/\/www.evoluscience.fr\/index.php\/wp-json\/wp\/v2\/media?parent=2290"}],"curies":[{"name":"wp","href":"https:\/\/api.w.org\/{rel}","templated":true}]}}