{"id":2285,"date":"2019-10-18T23:49:42","date_gmt":"2019-10-18T21:49:42","guid":{"rendered":"http:\/\/evoluscience.fr\/?page_id=2285"},"modified":"2026-02-06T13:42:20","modified_gmt":"2026-02-06T12:42:20","slug":"etudier-un-document","status":"publish","type":"page","link":"https:\/\/www.evoluscience.fr\/index.php\/methodologie\/fiches-methodologiques\/etudier-un-document\/","title":{"rendered":"Etudier un document"},"content":{"rendered":"<a href=\"https:\/\/www.evoluscience.fr\/wp-content\/uploads\/2026\/02\/Fiche-methode-Etude-de-document.pdf\" class=\"pdfemb-viewer\" style=\"\" data-width=\"max\" data-height=\"max\" data-toolbar=\"top\" data-toolbar-fixed=\"off\">Fiche-methode-Etude-de-document<\/a>\n\n\n<div id=\"wp-block-themeisle-blocks-advanced-columns-a5b1ad6e\" class=\"wp-block-themeisle-blocks-advanced-columns has-1-columns has-desktop-equal-layout has-tablet-equal-layout has-mobile-equal-layout has-vertical-unset\"><div class=\"wp-block-themeisle-blocks-advanced-columns-overlay\"><\/div><div class=\"innerblocks-wrap\">\n<div id=\"wp-block-themeisle-blocks-advanced-column-50098d60\" class=\"wp-block-themeisle-blocks-advanced-column\">\n<p>Pour rappel, \u00e0 partir de la 3e (et au lyc\u00e9e), on s&rsquo;attend \u00e0 ce que vous r\u00e9alisiez des \u00e9tudes de documents plus structur\u00e9es. Le correcteur doit pouvoir suivre votre raisonnement.<\/p>\n\n\n\n<p>En effet, vous devez r\u00e9pondre \u00e0 une question \u00e0 partir d&rsquo;un ou plusieurs documents.<\/p>\n\n\n\n<p>Je vous redonne les mots de la consigne qui vous indiquent que vous devez bien structurer votre \u00e9tude de documents :<\/p>\n\n\n\n<ul class=\"wp-block-list\">\n<li>A partir de &#8230; plusieurs documents<\/li>\n\n\n\n<li>Expliquer<\/li>\n\n\n\n<li>Justifier<\/li>\n\n\n\n<li>Argumenter<\/li>\n\n\n\n<li>Donner des valeurs chiffr\u00e9es&#8230;<\/li>\n\n\n\n<li>Comparer&#8230;<\/li>\n<\/ul>\n\n\n\n<p><\/p>\n\n\n\n<p>(L&rsquo;aide en r\u00e9alisant un tableau ne peut \u00eatre fait que lors des entra\u00eenements en classe, au d\u00e9part)<\/p>\n\n\n\n<div style=\"height:75px\" aria-hidden=\"true\" class=\"wp-block-spacer\"><\/div>\n\n\n\n<figure class=\"wp-block-image\"><img loading=\"lazy\" decoding=\"async\" width=\"712\" height=\"525\" src=\"https:\/\/evoluscience.fr\/wp-content\/uploads\/2019\/10\/Crit\u00e8res-soleil-Etudier-un-document.jpg\" alt=\"\" class=\"wp-image-2246\" srcset=\"https:\/\/www.evoluscience.fr\/wp-content\/uploads\/2019\/10\/Crit\u00e8res-soleil-Etudier-un-document.jpg 712w, https:\/\/www.evoluscience.fr\/wp-content\/uploads\/2019\/10\/Crit\u00e8res-soleil-Etudier-un-document-300x221.jpg 300w, https:\/\/www.evoluscience.fr\/wp-content\/uploads\/2019\/10\/Crit\u00e8res-soleil-Etudier-un-document-520x383.jpg 520w\" sizes=\"auto, (max-width: 712px) 100vw, 712px\" \/><\/figure>\n\n\n\n<div style=\"height:100px\" aria-hidden=\"true\" class=\"wp-block-spacer\"><\/div>\n\n\n\n<p class=\"has-text-align-center has-medium-font-size\"><\/p>\n\n\n\n<p><\/p>\n<\/div>\n<\/div><\/div>\n","protected":false},"excerpt":{"rendered":"","protected":false},"author":1,"featured_media":0,"parent":271,"menu_order":9,"comment_status":"closed","ping_status":"closed","template":"","meta":{"_monsterinsights_skip_tracking":false,"_monsterinsights_sitenote_active":false,"_monsterinsights_sitenote_note":"","_monsterinsights_sitenote_category":0,"_themeisle_gutenberg_block_has_review":false,"footnotes":""},"class_list":["post-2285","page","type-page","status-publish","hentry"],"_links":{"self":[{"href":"https:\/\/www.evoluscience.fr\/index.php\/wp-json\/wp\/v2\/pages\/2285","targetHints":{"allow":["GET"]}}],"collection":[{"href":"https:\/\/www.evoluscience.fr\/index.php\/wp-json\/wp\/v2\/pages"}],"about":[{"href":"https:\/\/www.evoluscience.fr\/index.php\/wp-json\/wp\/v2\/types\/page"}],"author":[{"embeddable":true,"href":"https:\/\/www.evoluscience.fr\/index.php\/wp-json\/wp\/v2\/users\/1"}],"replies":[{"embeddable":true,"href":"https:\/\/www.evoluscience.fr\/index.php\/wp-json\/wp\/v2\/comments?post=2285"}],"version-history":[{"count":0,"href":"https:\/\/www.evoluscience.fr\/index.php\/wp-json\/wp\/v2\/pages\/2285\/revisions"}],"up":[{"embeddable":true,"href":"https:\/\/www.evoluscience.fr\/index.php\/wp-json\/wp\/v2\/pages\/271"}],"wp:attachment":[{"href":"https:\/\/www.evoluscience.fr\/index.php\/wp-json\/wp\/v2\/media?parent=2285"}],"curies":[{"name":"wp","href":"https:\/\/api.w.org\/{rel}","templated":true}]}}